{"id":20519,"date":"2024-12-16T08:24:56","date_gmt":"2024-12-16T07:24:56","guid":{"rendered":"https:\/\/www.leopoldaueralm.at\/politica-de-cancelacion\/"},"modified":"2024-12-16T08:24:56","modified_gmt":"2024-12-16T07:24:56","slug":"politica-de-cancelacion","status":"publish","type":"page","link":"https:\/\/www.leopoldaueralm.at\/es\/politica-de-cancelacion\/","title":{"rendered":"Pol\u00edtica de cancelaci\u00f3n"},"content":{"rendered":"<h3>Derecho de desistimiento para consumidores<\/h3>\n<p>(Se entiende por consumidor toda persona f\u00edsica que realiza un negocio jur\u00eddico con fines que no pueden atribuirse predominantemente ni a su actividad comercial ni a su actividad profesional independiente).<\/p>\n<h1>Pol\u00edtica de cancelaci\u00f3n<\/h1>\n<h3>Derecho de desistimiento<\/h3>\n<p>Tiene derecho a rescindir este contrato en un plazo de catorce d\u00edas sin necesidad de justificaci\u00f3n.<\/p>\n<p>El plazo de desistimiento es de catorce d\u00edas a partir del d\u00eda<\/p>\n<ul>\n<li>en que usted o un tercero designado por usted, que no sea el transportista, haya tomado posesi\u00f3n de la mercanc\u00eda, siempre que haya solicitado una o varias mercanc\u00edas en el marco de un pedido \u00fanico y esta(s) se entregue(n) de forma conjunta, o<\/li>\n<li>en que usted o un tercero designado por usted, que no sea el transportista, haya tomado posesi\u00f3n de la \u00faltima mercanc\u00eda, siempre que haya solicitado varias mercanc\u00edas en el marco de un pedido \u00fanico y estas se entreguen por separado, o<\/li>\n<li>en que usted o un tercero designado por usted, que no sea el transportista, haya tomado posesi\u00f3n del \u00faltimo env\u00edo parcial o de la \u00faltima pieza, siempre que haya solicitado una mercanc\u00eda que se entregue en varios env\u00edos parciales o piezas, o<\/li>\n<li>en que usted o un tercero designado por usted, que no sea el transportista, haya tomado posesi\u00f3n de la primera mercanc\u00eda, siempre que haya celebrado un contrato para la entrega peri\u00f3dica de mercanc\u00edas durante un per\u00edodo de tiempo determinado.<\/li>\n<\/ul>\n<p>Para ejercer su derecho de desistimiento, debe informarnos a nosotros (\u00abLeopoldauer Alm\u00bb Gastronomiebetriebsgesellschaft m.b.H., Wagramer Stra\u00dfe 205, 1210 Viena, Austria, n\u00famero de tel\u00e9fono: +43 1 25 98 380, direcci\u00f3n de correo electr\u00f3nico: office@leopoldaueralm.at) mediante una declaraci\u00f3n inequ\u00edvoca (por ejemplo, una carta enviada por correo postal o correo electr\u00f3nico) de su decisi\u00f3n de desistir de este contrato. Puede utilizar para ello el modelo de formulario de desistimiento adjunto, aunque no es obligatorio. <\/p>\n<p>Para cumplir el plazo de desistimiento, basta con que env\u00ede la comunicaci\u00f3n relativa al ejercicio de este derecho antes de que finalice el plazo correspondiente.<\/p>\n<h3>Consecuencias del desistimiento<\/h3>\n<p>En caso de que rescinda este contrato, deberemos reembolsarle todos los pagos que hayamos recibido de usted, incluidos los gastos de env\u00edo (con la excepci\u00f3n de los costes adicionales derivados de que haya elegido un tipo de env\u00edo diferente al env\u00edo est\u00e1ndar m\u00e1s econ\u00f3mico que ofrezcamos) de forma inmediata y, a m\u00e1s tardar, en un plazo de catorce d\u00edas a partir de la fecha en que recibamos la notificaci\u00f3n de su desistimiento de este contrato. Para dicho reembolso, utilizaremos el mismo medio de pago que utiliz\u00f3 usted en la transacci\u00f3n original, a menos que se acuerde expresamente otra cosa con usted; en ning\u00fan caso se le cobrar\u00e1n comisiones por dicho reembolso. <\/p>\n<p>Podemos negarnos a realizar el reembolso hasta que hayamos recibido la mercanc\u00eda de vuelta o hasta que usted haya demostrado que ha devuelto la mercanc\u00eda, lo que ocurra primero.<\/p>\n<p>Deber\u00e1 devolvernos o entregarnos la mercanc\u00eda de forma inmediata y, en cualquier caso, a m\u00e1s tardar en un plazo de catorce d\u00edas a partir de la fecha en que nos informe de su desistimiento de este contrato. El plazo se considerar\u00e1 cumplido si env\u00eda la mercanc\u00eda antes de que finalice el plazo de catorce d\u00edas. <\/p>\n<p>Nosotros correremos con los gastos de la devoluci\u00f3n de la mercanc\u00eda.<\/p>\n<p>Usted solo deber\u00e1 responder por la p\u00e9rdida de valor de la mercanc\u00eda si dicha p\u00e9rdida de valor se debe a una manipulaci\u00f3n innecesaria para la comprobaci\u00f3n de la naturaleza, las caracter\u00edsticas y el funcionamiento de la mercanc\u00eda.<\/p>\n<h3>Exclusi\u00f3n del derecho de desistimiento<\/h3>\n<p>De acuerdo con el art\u00edculo 312g, apartado 2, del C\u00f3digo Civil alem\u00e1n (BGB), el derecho de desistimiento no se aplica a: <\/p>\n<ul>\n<li>contratos de suministro de bebidas alcoh\u00f3licas cuyo precio se haya acordado en el momento de la celebraci\u00f3n del contrato, pero que no puedan entregarse hasta 30 d\u00edas despu\u00e9s de la celebraci\u00f3n del contrato y cuyo valor actual dependa de las fluctuaciones del mercado sobre las que el empresario no tiene ninguna influencia<\/li>\n<li>contratos de suministro de bienes que puedan deteriorarse r\u00e1pidamente o cuya fecha de caducidad se supere r\u00e1pidamente<\/li>\n<\/ul>\n<h2>Modelo de formulario de desistimiento<\/h2>\n<p>(Si desea rescindir el contrato, rellene este formulario y env\u00edelo de vuelta).<\/p>\n<p>\u2013 A<\/p>\n<p>\u00abLeopoldauer Alm\u00bb Gastronomiebetriebsgesellschaft m.b.H., Wagramer Stra\u00dfe 205, 1210 Viena, Austria, n\u00famero de tel\u00e9fono: +43 1 25 98 380, direcci\u00f3n de correo electr\u00f3nico: office@leopoldaueralm.at<\/p>\n<p>\u2013 Por la presente, yo\/nosotros (*) desisto\/desistimos (*) del contrato celebrado por m\u00ed\/nosotros (*) para la compra de los siguientes bienes (*)\/ la prestaci\u00f3n del siguiente servicio (*)<\/p>\n<p>\u2013 Pedido el (*)\/recibido el (*)<\/p>\n<p>\u2013 Nombre del\/de los consumidor(es)<\/p>\n<p>\u2013 Direcci\u00f3n del\/de los consumidor(es)<\/p>\n<p>\u2013 Firma del\/de los consumidor(es) (solo en caso de notificaci\u00f3n en papel)<\/p>\n<p>\u2013 Fecha<\/p>\n<p>___________<br \/>\n(*) T\u00e1chese lo que no proceda.<\/p>\n","protected":false},"excerpt":{"rendered":"<p>Derecho de desistimiento para consumidores (Se entiende por consumidor toda persona f\u00edsica que realiza un negocio jur\u00eddico con fines que no pueden atribuirse predominantemente ni a su actividad comercial ni a su actividad profesional independiente). Pol\u00edtica de cancelaci\u00f3n Derecho de desistimiento Tiene derecho a rescindir este contrato en un plazo de catorce d\u00edas sin necesidad [&hellip;]<\/p>\n","protected":false},"author":4,"featured_media":0,"parent":0,"menu_order":0,"comment_status":"closed","ping_status":"closed","template":"","meta":{"ocean_post_layout":"","ocean_both_sidebars_style":"","ocean_both_sidebars_content_width":0,"ocean_both_sidebars_sidebars_width":0,"ocean_sidebar":"","ocean_second_sidebar":"","ocean_disable_margins":"enable","ocean_add_body_class":"","ocean_shortcode_before_top_bar":"","ocean_shortcode_after_top_bar":"","ocean_shortcode_before_header":"","ocean_shortcode_after_header":"","ocean_has_shortcode":"","ocean_shortcode_after_title":"","ocean_shortcode_before_footer_widgets":"","ocean_shortcode_after_footer_widgets":"","ocean_shortcode_before_footer_bottom":"","ocean_shortcode_after_footer_bottom":"","ocean_display_top_bar":"default","ocean_display_header":"default","ocean_header_style":"","ocean_center_header_left_menu":"","ocean_custom_header_template":"","ocean_custom_logo":0,"ocean_custom_retina_logo":0,"ocean_custom_logo_max_width":0,"ocean_custom_logo_tablet_max_width":0,"ocean_custom_logo_mobile_max_width":0,"ocean_custom_logo_max_height":0,"ocean_custom_logo_tablet_max_height":0,"ocean_custom_logo_mobile_max_height":0,"ocean_header_custom_menu":"","ocean_menu_typo_font_family":"","ocean_menu_typo_font_subset":"","ocean_menu_typo_font_size":0,"ocean_menu_typo_font_size_tablet":0,"ocean_menu_typo_font_size_mobile":0,"ocean_menu_typo_font_size_unit":"px","ocean_menu_typo_font_weight":"","ocean_menu_typo_font_weight_tablet":"","ocean_menu_typo_font_weight_mobile":"","ocean_menu_typo_transform":"","ocean_menu_typo_transform_tablet":"","ocean_menu_typo_transform_mobile":"","ocean_menu_typo_line_height":0,"ocean_menu_typo_line_height_tablet":0,"ocean_menu_typo_line_height_mobile":0,"ocean_menu_typo_line_height_unit":"","ocean_menu_typo_spacing":0,"ocean_menu_typo_spacing_tablet":0,"ocean_menu_typo_spacing_mobile":0,"ocean_menu_typo_spacing_unit":"","ocean_menu_link_color":"","ocean_menu_link_color_hover":"","ocean_menu_link_color_active":"","ocean_menu_link_background":"","ocean_menu_link_hover_background":"","ocean_menu_link_active_background":"","ocean_menu_social_links_bg":"","ocean_menu_social_hover_links_bg":"","ocean_menu_social_links_color":"","ocean_menu_social_hover_links_color":"","ocean_disable_title":"default","ocean_disable_heading":"default","ocean_post_title":"","ocean_post_subheading":"","ocean_post_title_style":"","ocean_post_title_background_color":"","ocean_post_title_background":0,"ocean_post_title_bg_image_position":"","ocean_post_title_bg_image_attachment":"","ocean_post_title_bg_image_repeat":"","ocean_post_title_bg_image_size":"","ocean_post_title_height":0,"ocean_post_title_bg_overlay":0.5,"ocean_post_title_bg_overlay_color":"","ocean_disable_breadcrumbs":"default","ocean_breadcrumbs_color":"","ocean_breadcrumbs_separator_color":"","ocean_breadcrumbs_links_color":"","ocean_breadcrumbs_links_hover_color":"","ocean_display_footer_widgets":"default","ocean_display_footer_bottom":"default","ocean_custom_footer_template":"","osh_disable_topbar_sticky":"default","osh_disable_header_sticky":"default","osh_sticky_header_style":"default","osh_sticky_header_effect":"","osh_custom_sticky_logo":0,"osh_custom_retina_sticky_logo":0,"osh_custom_sticky_logo_height":0,"osh_background_color":"","osh_links_color":"","osh_links_hover_color":"","osh_links_active_color":"","osh_links_bg_color":"","osh_links_hover_bg_color":"","osh_links_active_bg_color":"","osh_menu_social_links_color":"","osh_menu_social_hover_links_color":"","footnotes":""},"class_list":["post-20519","page","type-page","status-publish","hentry","entry","owp-thumbs-layout-horizontal","owp-btn-normal","owp-tabs-layout-horizontal","has-no-thumbnails","has-product-nav"],"yoast_head":"<!-- This site is optimized with the Yoast SEO plugin v27.2 - https:\/\/yoast.com\/product\/yoast-seo-wordpress\/ -->\n<title>Pol\u00edtica de cancelaci\u00f3n - XXL Restaurant Leopoldauer Alm<\/title>\n<meta name=\"robots\" content=\"index, follow, max-snippet:-1, max-image-preview:large, max-video-preview:-1\" \/>\n<link rel=\"canonical\" href=\"https:\/\/www.leopoldaueralm.at\/es\/politica-de-cancelacion\/\" \/>\n<meta property=\"og:locale\" content=\"es_ES\" \/>\n<meta property=\"og:type\" content=\"article\" \/>\n<meta property=\"og:title\" content=\"Pol\u00edtica de cancelaci\u00f3n - XXL Restaurant Leopoldauer Alm\" \/>\n<meta property=\"og:description\" content=\"Derecho de desistimiento para consumidores (Se entiende por consumidor toda persona f\u00edsica que realiza un negocio jur\u00eddico con fines que no pueden atribuirse predominantemente ni a su actividad comercial ni a su actividad profesional independiente). Pol\u00edtica de cancelaci\u00f3n Derecho de desistimiento Tiene derecho a rescindir este contrato en un plazo de catorce d\u00edas sin necesidad [&hellip;]\" \/>\n<meta property=\"og:url\" content=\"https:\/\/www.leopoldaueralm.at\/es\/politica-de-cancelacion\/\" \/>\n<meta property=\"og:site_name\" content=\"XXL Restaurant Leopoldauer Alm\" \/>\n<meta property=\"article:publisher\" content=\"https:\/\/www.facebook.com\/LeopoldauerAlm\" \/>\n<meta property=\"og:image\" content=\"https:\/\/www.leopoldaueralm.at\/wp-content\/uploads\/2019\/12\/20158035_10155839340550695_3329554186564426925_o_10155839340550695.jpg\" \/>\n\t<meta property=\"og:image:width\" content=\"1200\" \/>\n\t<meta property=\"og:image:height\" content=\"792\" \/>\n\t<meta property=\"og:image:type\" content=\"image\/jpeg\" \/>\n<meta name=\"twitter:card\" content=\"summary_large_image\" \/>\n<meta name=\"twitter:label1\" content=\"Tiempo de lectura\" \/>\n\t<meta name=\"twitter:data1\" content=\"4 minutos\" \/>\n<script type=\"application\/ld+json\" class=\"yoast-schema-graph\">{\"@context\":\"https:\/\/schema.org\",\"@graph\":[{\"@type\":\"WebPage\",\"@id\":\"https:\/\/www.leopoldaueralm.at\/es\/politica-de-cancelacion\/\",\"url\":\"https:\/\/www.leopoldaueralm.at\/es\/politica-de-cancelacion\/\",\"name\":\"Pol\u00edtica de cancelaci\u00f3n - XXL Restaurant Leopoldauer Alm\",\"isPartOf\":{\"@id\":\"https:\/\/www.leopoldaueralm.at\/es\/#website\"},\"datePublished\":\"2024-12-16T07:24:56+00:00\",\"breadcrumb\":{\"@id\":\"https:\/\/www.leopoldaueralm.at\/es\/politica-de-cancelacion\/#breadcrumb\"},\"inLanguage\":\"es\",\"potentialAction\":[{\"@type\":\"ReadAction\",\"target\":[\"https:\/\/www.leopoldaueralm.at\/es\/politica-de-cancelacion\/\"]}]},{\"@type\":\"BreadcrumbList\",\"@id\":\"https:\/\/www.leopoldaueralm.at\/es\/politica-de-cancelacion\/#breadcrumb\",\"itemListElement\":[{\"@type\":\"ListItem\",\"position\":1,\"name\":\"Startseite\",\"item\":\"https:\/\/www.leopoldaueralm.at\/es\/pagina-de-inicio\/\"},{\"@type\":\"ListItem\",\"position\":2,\"name\":\"Pol\u00edtica de cancelaci\u00f3n\"}]},{\"@type\":\"WebSite\",\"@id\":\"https:\/\/www.leopoldaueralm.at\/es\/#website\",\"url\":\"https:\/\/www.leopoldaueralm.at\/es\/\",\"name\":\"XXL Restaurant Leopoldauer Alm\",\"description\":\"Das XXL Restaurant in Wien\",\"publisher\":{\"@id\":\"https:\/\/www.leopoldaueralm.at\/es\/#organization\"},\"potentialAction\":[{\"@type\":\"SearchAction\",\"target\":{\"@type\":\"EntryPoint\",\"urlTemplate\":\"https:\/\/www.leopoldaueralm.at\/es\/?s={search_term_string}\"},\"query-input\":{\"@type\":\"PropertyValueSpecification\",\"valueRequired\":true,\"valueName\":\"search_term_string\"}}],\"inLanguage\":\"es\"},{\"@type\":\"Organization\",\"@id\":\"https:\/\/www.leopoldaueralm.at\/es\/#organization\",\"name\":\"XXL Restaurant Leopoldauer Alm\",\"url\":\"https:\/\/www.leopoldaueralm.at\/es\/\",\"logo\":{\"@type\":\"ImageObject\",\"inLanguage\":\"es\",\"@id\":\"https:\/\/www.leopoldaueralm.at\/es\/#\/schema\/logo\/image\/\",\"url\":\"https:\/\/www.leopoldaueralm.at\/wp-content\/uploads\/2019\/12\/leo-logo.png\",\"contentUrl\":\"https:\/\/www.leopoldaueralm.at\/wp-content\/uploads\/2019\/12\/leo-logo.png\",\"width\":250,\"height\":250,\"caption\":\"XXL Restaurant Leopoldauer Alm\"},\"image\":{\"@id\":\"https:\/\/www.leopoldaueralm.at\/es\/#\/schema\/logo\/image\/\"},\"sameAs\":[\"https:\/\/www.facebook.com\/LeopoldauerAlm\"]}]}<\/script>\n<!-- \/ Yoast SEO plugin. -->","yoast_head_json":{"title":"Pol\u00edtica de cancelaci\u00f3n - XXL Restaurant Leopoldauer Alm","robots":{"index":"index","follow":"follow","max-snippet":"max-snippet:-1","max-image-preview":"max-image-preview:large","max-video-preview":"max-video-preview:-1"},"canonical":"https:\/\/www.leopoldaueralm.at\/es\/politica-de-cancelacion\/","og_locale":"es_ES","og_type":"article","og_title":"Pol\u00edtica de cancelaci\u00f3n - XXL Restaurant Leopoldauer Alm","og_description":"Derecho de desistimiento para consumidores (Se entiende por consumidor toda persona f\u00edsica que realiza un negocio jur\u00eddico con fines que no pueden atribuirse predominantemente ni a su actividad comercial ni a su actividad profesional independiente). Pol\u00edtica de cancelaci\u00f3n Derecho de desistimiento Tiene derecho a rescindir este contrato en un plazo de catorce d\u00edas sin necesidad [&hellip;]","og_url":"https:\/\/www.leopoldaueralm.at\/es\/politica-de-cancelacion\/","og_site_name":"XXL Restaurant Leopoldauer Alm","article_publisher":"https:\/\/www.facebook.com\/LeopoldauerAlm","og_image":[{"width":1200,"height":792,"url":"https:\/\/www.leopoldaueralm.at\/wp-content\/uploads\/2019\/12\/20158035_10155839340550695_3329554186564426925_o_10155839340550695.jpg","type":"image\/jpeg"}],"twitter_card":"summary_large_image","twitter_misc":{"Tiempo de lectura":"4 minutos"},"schema":{"@context":"https:\/\/schema.org","@graph":[{"@type":"WebPage","@id":"https:\/\/www.leopoldaueralm.at\/es\/politica-de-cancelacion\/","url":"https:\/\/www.leopoldaueralm.at\/es\/politica-de-cancelacion\/","name":"Pol\u00edtica de cancelaci\u00f3n - XXL Restaurant Leopoldauer Alm","isPartOf":{"@id":"https:\/\/www.leopoldaueralm.at\/es\/#website"},"datePublished":"2024-12-16T07:24:56+00:00","breadcrumb":{"@id":"https:\/\/www.leopoldaueralm.at\/es\/politica-de-cancelacion\/#breadcrumb"},"inLanguage":"es","potentialAction":[{"@type":"ReadAction","target":["https:\/\/www.leopoldaueralm.at\/es\/politica-de-cancelacion\/"]}]},{"@type":"BreadcrumbList","@id":"https:\/\/www.leopoldaueralm.at\/es\/politica-de-cancelacion\/#breadcrumb","itemListElement":[{"@type":"ListItem","position":1,"name":"Startseite","item":"https:\/\/www.leopoldaueralm.at\/es\/pagina-de-inicio\/"},{"@type":"ListItem","position":2,"name":"Pol\u00edtica de cancelaci\u00f3n"}]},{"@type":"WebSite","@id":"https:\/\/www.leopoldaueralm.at\/es\/#website","url":"https:\/\/www.leopoldaueralm.at\/es\/","name":"XXL Restaurant Leopoldauer Alm","description":"Das XXL Restaurant in Wien","publisher":{"@id":"https:\/\/www.leopoldaueralm.at\/es\/#organization"},"potentialAction":[{"@type":"SearchAction","target":{"@type":"EntryPoint","urlTemplate":"https:\/\/www.leopoldaueralm.at\/es\/?s={search_term_string}"},"query-input":{"@type":"PropertyValueSpecification","valueRequired":true,"valueName":"search_term_string"}}],"inLanguage":"es"},{"@type":"Organization","@id":"https:\/\/www.leopoldaueralm.at\/es\/#organization","name":"XXL Restaurant Leopoldauer Alm","url":"https:\/\/www.leopoldaueralm.at\/es\/","logo":{"@type":"ImageObject","inLanguage":"es","@id":"https:\/\/www.leopoldaueralm.at\/es\/#\/schema\/logo\/image\/","url":"https:\/\/www.leopoldaueralm.at\/wp-content\/uploads\/2019\/12\/leo-logo.png","contentUrl":"https:\/\/www.leopoldaueralm.at\/wp-content\/uploads\/2019\/12\/leo-logo.png","width":250,"height":250,"caption":"XXL Restaurant Leopoldauer Alm"},"image":{"@id":"https:\/\/www.leopoldaueralm.at\/es\/#\/schema\/logo\/image\/"},"sameAs":["https:\/\/www.facebook.com\/LeopoldauerAlm"]}]}},"_links":{"self":[{"href":"https:\/\/www.leopoldaueralm.at\/es\/wp-json\/wp\/v2\/pages\/20519","targetHints":{"allow":["GET"]}}],"collection":[{"href":"https:\/\/www.leopoldaueralm.at\/es\/wp-json\/wp\/v2\/pages"}],"about":[{"href":"https:\/\/www.leopoldaueralm.at\/es\/wp-json\/wp\/v2\/types\/page"}],"author":[{"embeddable":true,"href":"https:\/\/www.leopoldaueralm.at\/es\/wp-json\/wp\/v2\/users\/4"}],"replies":[{"embeddable":true,"href":"https:\/\/www.leopoldaueralm.at\/es\/wp-json\/wp\/v2\/comments?post=20519"}],"version-history":[{"count":0,"href":"https:\/\/www.leopoldaueralm.at\/es\/wp-json\/wp\/v2\/pages\/20519\/revisions"}],"wp:attachment":[{"href":"https:\/\/www.leopoldaueralm.at\/es\/wp-json\/wp\/v2\/media?parent=20519"}],"curies":[{"name":"wp","href":"https:\/\/api.w.org\/{rel}","templated":true}]}}