{"id":22556,"date":"2019-12-03T17:59:15","date_gmt":"2019-12-03T16:59:15","guid":{"rendered":"https:\/\/www.leopoldaueralm.at\/condiciones-de-entrega\/"},"modified":"2025-12-15T10:43:28","modified_gmt":"2025-12-15T09:43:28","slug":"condiciones-de-entrega","status":"publish","type":"page","link":"https:\/\/www.leopoldaueralm.at\/es\/condiciones-de-entrega\/","title":{"rendered":"Condiciones de entrega"},"content":{"rendered":"\t\t<div data-elementor-type=\"wp-post\" data-elementor-id=\"22556\" class=\"elementor elementor-22556 elementor-2086\" data-elementor-post-type=\"page\">\n\t\t\t\t\t\t<section class=\"elementor-section elementor-top-section elementor-element elementor-element-8a792dd elementor-section-boxed elementor-section-height-default elementor-section-height-default\" data-id=\"8a792dd\" data-element_type=\"section\" data-e-type=\"section\" data-settings=\"{&quot;background_background&quot;:&quot;classic&quot;}\">\n\t\t\t\t\t\t<div class=\"elementor-container elementor-column-gap-default\">\n\t\t\t\t\t<div class=\"elementor-column elementor-col-100 elementor-top-column elementor-element elementor-element-081fa66\" data-id=\"081fa66\" data-element_type=\"column\" data-e-type=\"column\">\n\t\t\t<div class=\"elementor-widget-wrap elementor-element-populated\">\n\t\t\t\t\t\t<div class=\"elementor-element elementor-element-3a7adb7 elementor-widget elementor-widget-heading\" data-id=\"3a7adb7\" data-element_type=\"widget\" data-e-type=\"widget\" data-widget_type=\"heading.default\">\n\t\t\t\t<div class=\"elementor-widget-container\">\n\t\t\t\t\t<h1 class=\"elementor-heading-title elementor-size-default\">Condiciones de pago y<br><span style=\"color: #bc906b\">env\u00edo<\/span><\/h1>\t\t\t\t<\/div>\n\t\t\t\t<\/div>\n\t\t\t\t\t<\/div>\n\t\t<\/div>\n\t\t\t\t\t<\/div>\n\t\t<\/section>\n\t\t\t\t<section class=\"elementor-section elementor-top-section elementor-element elementor-element-c8b5b9f elementor-section-boxed elementor-section-height-default elementor-section-height-default\" data-id=\"c8b5b9f\" data-element_type=\"section\" data-e-type=\"section\">\n\t\t\t\t\t\t<div class=\"elementor-container elementor-column-gap-default\">\n\t\t\t\t\t<div class=\"elementor-column elementor-col-100 elementor-top-column elementor-element elementor-element-1ca1ce6\" data-id=\"1ca1ce6\" data-element_type=\"column\" data-e-type=\"column\">\n\t\t\t<div class=\"elementor-widget-wrap elementor-element-populated\">\n\t\t\t\t\t\t<div class=\"elementor-element elementor-element-78da9b1 elementor-widget elementor-widget-text-editor\" data-id=\"78da9b1\" data-element_type=\"widget\" data-e-type=\"widget\" data-widget_type=\"text-editor.default\">\n\t\t\t\t<div class=\"elementor-widget-container\">\n\t\t\t\t\t\t\t\t\t<p>&#8212;&#8212;&#8212;&#8212;&#8212;&#8212;&#8212;&#8212;&#8212;&#8212;&#8212;&#8212;&#8212;&#8212;&#8212;&#8212;&#8212;&#8212;-<br><strong>Condiciones de pago y entrega<\/strong><br>&#8212;&#8212;&#8212;&#8212;&#8212;&#8212;&#8212;&#8212;&#8212;&#8212;&#8212;&#8212;&#8212;&#8212;&#8212;&#8212;&#8212;&#8212;-<\/p><p><strong>Plazo de entrega<\/strong><br>Dado que las camisetas se fabrican directamente para ti, el plazo de entrega es de 3 a 7 d\u00edas laborables.<\/p><p><strong>Env\u00edo dentro de Austria<\/strong><br>El env\u00edo est\u00e1ndar dentro de Austria cuesta 4,99 \u20ac<\/p><p><strong>Env\u00edo a Alemania<\/strong><br>El env\u00edo est\u00e1ndar a Alemania cuesta 9,99 \u20ac<\/p><p><strong>Env\u00edo gratuito<\/strong><br>A partir de un valor de compra de 80 \u20ac, enviamos tu paquete gratis dentro de Austria<br>y a partir de 100 \u20ac gratis a Alemania.<\/p><p><strong>L\u00ednea de atenci\u00f3n al cliente<\/strong><br>Si tienes preguntas sobre tu pedido o sobre nuestra tienda online, tambi\u00e9n puedes ponerte en contacto con nuestra l\u00ednea de atenci\u00f3n telef\u00f3nica<br>de lunes a viernes de 10:00 a 20:00 horas en el <a href=\"tel:+4312598380\">+43 1 25 98 380<\/a>.<\/p><p><strong>Derecho de devoluci\u00f3n<\/strong><br>Puedes devolvernos la mercanc\u00eda sin abrir en un plazo de 14 d\u00edas sin franqueo. Por favor, ten en cuenta el punto correspondiente en nuestros t\u00e9rminos y condiciones generales. <\/p><p><strong>Condiciones de pago<\/strong><br>Selecciona el m\u00e9todo de pago correspondiente en el carrito de la compra.<br>&#8211; por PayPal<br>&#8211; con tarjeta de cr\u00e9dito<br>&#8211; por EPS (transferencia bancaria inmediata).<\/p>\t\t\t\t\t\t\t\t<\/div>\n\t\t\t\t<\/div>\n\t\t\t\t\t<\/div>\n\t\t<\/div>\n\t\t\t\t\t<\/div>\n\t\t<\/section>\n\t\t\t\t<section class=\"elementor-section elementor-top-section elementor-element elementor-element-134a2ce elementor-section-stretched elementor-section-full_width elementor-section-height-default elementor-section-height-default\" data-id=\"134a2ce\" data-element_type=\"section\" data-e-type=\"section\" data-settings=\"{&quot;stretch_section&quot;:&quot;section-stretched&quot;,&quot;background_background&quot;:&quot;classic&quot;}\">\n\t\t\t\t\t\t<div class=\"elementor-container elementor-column-gap-default\">\n\t\t\t\t\t<div class=\"elementor-column elementor-col-100 elementor-top-column elementor-element elementor-element-900421b\" data-id=\"900421b\" data-element_type=\"column\" data-e-type=\"column\">\n\t\t\t<div class=\"elementor-widget-wrap elementor-element-populated\">\n\t\t\t\t\t\t<div class=\"elementor-element elementor-element-5ed9aee elementor-widget elementor-widget-template\" data-id=\"5ed9aee\" data-element_type=\"widget\" data-e-type=\"widget\" data-widget_type=\"template.default\">\n\t\t\t\t<div class=\"elementor-widget-container\">\n\t\t\t\t\t\t\t<div class=\"elementor-template\">\n\t\t\t\t\t<div data-elementor-type=\"section\" data-elementor-id=\"22604\" class=\"elementor elementor-22604 elementor-1859 elementor-1859\" data-elementor-post-type=\"elementor_library\">\n\t\t\t\t\t<section class=\"elementor-section elementor-top-section elementor-element elementor-element-d96df18 elementor-section-boxed elementor-section-height-default elementor-section-height-default\" data-id=\"d96df18\" data-element_type=\"section\" data-e-type=\"section\" data-settings=\"{&quot;background_background&quot;:&quot;classic&quot;}\">\n\t\t\t\t\t\t<div class=\"elementor-container elementor-column-gap-default\">\n\t\t\t\t\t<div class=\"elementor-column elementor-col-33 elementor-top-column elementor-element elementor-element-1109e0f1\" data-id=\"1109e0f1\" data-element_type=\"column\" data-e-type=\"column\" data-settings=\"{&quot;background_background&quot;:&quot;classic&quot;}\">\n\t\t\t<div class=\"elementor-widget-wrap elementor-element-populated\">\n\t\t\t\t\t\t<div class=\"elementor-element elementor-element-46264def elementor-widget elementor-widget-heading\" data-id=\"46264def\" data-element_type=\"widget\" data-e-type=\"widget\" data-widget_type=\"heading.default\">\n\t\t\t\t<div class=\"elementor-widget-container\">\n\t\t\t\t\t<h3 class=\"elementor-heading-title elementor-size-default\">\u00a1Cont\u00e1ctanos!<\/h3>\t\t\t\t<\/div>\n\t\t\t\t<\/div>\n\t\t\t\t<div class=\"elementor-element elementor-element-3df5895a elementor-align-center elementor-icon-list--layout-traditional elementor-list-item-link-full_width elementor-widget elementor-widget-icon-list\" data-id=\"3df5895a\" data-element_type=\"widget\" data-e-type=\"widget\" data-widget_type=\"icon-list.default\">\n\t\t\t\t<div class=\"elementor-widget-container\">\n\t\t\t\t\t\t\t<ul class=\"elementor-icon-list-items\">\n\t\t\t\t\t\t\t<li class=\"elementor-icon-list-item\">\n\t\t\t\t\t\t\t\t\t\t\t<span class=\"elementor-icon-list-icon\">\n\t\t\t\t\t\t\t\t\t\t\t\t\t\t\t\t<i class=\"icon icon-phone2\" aria-hidden=\"true\"><\/i>\n\t\t\t\t\t\t\t\t\t\t\t\t\t<\/span>\n\t\t\t\t\t\t\t\t\t\t<span class=\"elementor-icon-list-text\">+43 1 25 98 380<\/span>\n\t\t\t\t\t\t\t\t\t<\/li>\n\t\t\t\t\t\t<\/ul>\n\t\t\t\t\t\t<\/div>\n\t\t\t\t<\/div>\n\t\t\t\t<div class=\"elementor-element elementor-element-1b22965d elementor-widget elementor-widget-text-editor\" data-id=\"1b22965d\" data-element_type=\"widget\" data-e-type=\"widget\" data-widget_type=\"text-editor.default\">\n\t\t\t\t<div class=\"elementor-widget-container\">\n\t\t\t\t\t\t\t\t\t<p>Correo electr\u00f3nico: <a href=\"mailto:office@leopoldaueralm.at\" target=\"_blank\" rel=\"noopener\">office@leopoldaueralm.at<\/a><\/p>\t\t\t\t\t\t\t\t<\/div>\n\t\t\t\t<\/div>\n\t\t\t\t\t<\/div>\n\t\t<\/div>\n\t\t\t\t<div class=\"elementor-column elementor-col-33 elementor-top-column elementor-element elementor-element-1b99aa22\" data-id=\"1b99aa22\" data-element_type=\"column\" data-e-type=\"column\" data-settings=\"{&quot;background_background&quot;:&quot;classic&quot;}\">\n\t\t\t<div class=\"elementor-widget-wrap elementor-element-populated\">\n\t\t\t\t\t\t<div class=\"elementor-element elementor-element-57ae686b elementor-widget elementor-widget-image\" data-id=\"57ae686b\" data-element_type=\"widget\" data-e-type=\"widget\" data-widget_type=\"image.default\">\n\t\t\t\t<div class=\"elementor-widget-container\">\n\t\t\t\t\t\t\t\t\t\t\t\t\t\t\t<img decoding=\"async\" width=\"77\" height=\"77\" src=\"https:\/\/www.leopoldaueralm.at\/wp-content\/uploads\/2019\/06\/icon.png\" class=\"attachment-large size-large wp-image-21966\" alt=\"\" \/>\t\t\t\t\t\t\t\t\t\t\t\t\t\t\t<\/div>\n\t\t\t\t<\/div>\n\t\t\t\t<div class=\"elementor-element elementor-element-4dd0bbb8 elementor-widget elementor-widget-heading\" data-id=\"4dd0bbb8\" data-element_type=\"widget\" data-e-type=\"widget\" data-widget_type=\"heading.default\">\n\t\t\t\t<div class=\"elementor-widget-container\">\n\t\t\t\t\t<h3 class=\"elementor-heading-title elementor-size-default\">\u00bfC\u00f3mo nos encuentras?<\/h3>\t\t\t\t<\/div>\n\t\t\t\t<\/div>\n\t\t\t\t<div class=\"elementor-element elementor-element-7b99cfdb elementor-widget elementor-widget-text-editor\" data-id=\"7b99cfdb\" data-element_type=\"widget\" data-e-type=\"widget\" data-widget_type=\"text-editor.default\">\n\t\t\t\t<div class=\"elementor-widget-container\">\n\t\t\t\t\t\t\t\t\t<p>Wagramer Stra\u00dfe 205<br>A-1210 Viena<\/p>\t\t\t\t\t\t\t\t<\/div>\n\t\t\t\t<\/div>\n\t\t\t\t<div class=\"elementor-element elementor-element-51d014a7 elementor-align-center elementor-widget elementor-widget-button\" data-id=\"51d014a7\" data-element_type=\"widget\" data-e-type=\"widget\" data-widget_type=\"button.default\">\n\t\t\t\t<div class=\"elementor-widget-container\">\n\t\t\t\t\t\t\t\t\t<div class=\"elementor-button-wrapper\">\n\t\t\t\t\t<a class=\"elementor-button elementor-button-link elementor-size-md\" href=\"https:\/\/www.google.at\/maps\/place\/XXL+Restaurant+Leopoldauer+Alm\/@48.265233,16.4542821,17z\/data=!3m1!4b1!4m5!3m4!1s0x476d0404ba6b9ffb:0x9b5bd0a47e11e5d9!8m2!3d48.265233!4d16.4564708\">\n\t\t\t\t\t\t<span class=\"elementor-button-content-wrapper\">\n\t\t\t\t\t\t\t\t\t<span class=\"elementor-button-text\">Google Maps<\/span>\n\t\t\t\t\t<\/span>\n\t\t\t\t\t<\/a>\n\t\t\t\t<\/div>\n\t\t\t\t\t\t\t\t<\/div>\n\t\t\t\t<\/div>\n\t\t\t\t\t<\/div>\n\t\t<\/div>\n\t\t\t\t<div class=\"elementor-column elementor-col-33 elementor-top-column elementor-element elementor-element-5e53c599\" data-id=\"5e53c599\" data-element_type=\"column\" data-e-type=\"column\" data-settings=\"{&quot;background_background&quot;:&quot;classic&quot;}\">\n\t\t\t<div class=\"elementor-widget-wrap elementor-element-populated\">\n\t\t\t\t\t\t<div class=\"elementor-element elementor-element-239339de elementor-widget elementor-widget-heading\" data-id=\"239339de\" data-element_type=\"widget\" data-e-type=\"widget\" data-widget_type=\"heading.default\">\n\t\t\t\t<div class=\"elementor-widget-container\">\n\t\t\t\t\t<h3 class=\"elementor-heading-title elementor-size-default\">Horario de apertura<\/h3>\t\t\t\t<\/div>\n\t\t\t\t<\/div>\n\t\t\t\t<div class=\"elementor-element elementor-element-2b3532bd elementor-widget elementor-widget-text-editor\" data-id=\"2b3532bd\" data-element_type=\"widget\" data-e-type=\"widget\" data-widget_type=\"text-editor.default\">\n\t\t\t\t<div class=\"elementor-widget-container\">\n\t\t\t\t\t\t\t\t\t<p>Lunes &#8211; Domingo: 09:00 &#8211; 24:00<br>Festivos: 09:00 &#8211; 24:00<\/p>\n<p>Cocina caliente: 11:00 &#8211; 21:00<\/p>\t\t\t\t\t\t\t\t<\/div>\n\t\t\t\t<\/div>\n\t\t\t\t\t<\/div>\n\t\t<\/div>\n\t\t\t\t\t<\/div>\n\t\t<\/section>\n\t\t\t\t<\/div>\n\t\t\t\t<\/div>\n\t\t\t\t\t\t<\/div>\n\t\t\t\t<\/div>\n\t\t\t\t\t<\/div>\n\t\t<\/div>\n\t\t\t\t\t<\/div>\n\t\t<\/section>\n\t\t\t\t<\/div>\n\t\t","protected":false},"excerpt":{"rendered":"<p>Condiciones de pago yenv\u00edo &#8212;&#8212;&#8212;&#8212;&#8212;&#8212;&#8212;&#8212;&#8212;&#8212;&#8212;&#8212;&#8212;&#8212;&#8212;&#8212;&#8212;&#8212;-Condiciones de pago y entrega&#8212;&#8212;&#8212;&#8212;&#8212;&#8212;&#8212;&#8212;&#8212;&#8212;&#8212;&#8212;&#8212;&#8212;&#8212;&#8212;&#8212;&#8212;- Plazo de entregaDado que las camisetas se fabrican directamente para ti, el plazo de entrega es de 3 a 7 d\u00edas laborables. Env\u00edo dentro de AustriaEl env\u00edo est\u00e1ndar dentro de Austria cuesta 4,99 \u20ac Env\u00edo a AlemaniaEl env\u00edo est\u00e1ndar a Alemania cuesta 9,99 \u20ac Env\u00edo gratuitoA [&hellip;]<\/p>\n","protected":false},"author":4,"featured_media":0,"parent":0,"menu_order":0,"comment_status":"closed","ping_status":"closed","template":"","meta":{"ocean_post_layout":"","ocean_both_sidebars_style":"","ocean_both_sidebars_content_width":0,"ocean_both_sidebars_sidebars_width":0,"ocean_sidebar":"","ocean_second_sidebar":"","ocean_disable_margins":"enable","ocean_add_body_class":"","ocean_shortcode_before_top_bar":"","ocean_shortcode_after_top_bar":"","ocean_shortcode_before_header":"","ocean_shortcode_after_header":"","ocean_has_shortcode":"","ocean_shortcode_after_title":"","ocean_shortcode_before_footer_widgets":"","ocean_shortcode_after_footer_widgets":"","ocean_shortcode_before_footer_bottom":"","ocean_shortcode_after_footer_bottom":"","ocean_display_top_bar":"default","ocean_display_header":"default","ocean_header_style":"","ocean_center_header_left_menu":"","ocean_custom_header_template":"","ocean_custom_logo":0,"ocean_custom_retina_logo":0,"ocean_custom_logo_max_width":0,"ocean_custom_logo_tablet_max_width":0,"ocean_custom_logo_mobile_max_width":0,"ocean_custom_logo_max_height":0,"ocean_custom_logo_tablet_max_height":0,"ocean_custom_logo_mobile_max_height":0,"ocean_header_custom_menu":"","ocean_menu_typo_font_family":"","ocean_menu_typo_font_subset":"","ocean_menu_typo_font_size":0,"ocean_menu_typo_font_size_tablet":0,"ocean_menu_typo_font_size_mobile":0,"ocean_menu_typo_font_size_unit":"px","ocean_menu_typo_font_weight":"","ocean_menu_typo_font_weight_tablet":"","ocean_menu_typo_font_weight_mobile":"","ocean_menu_typo_transform":"","ocean_menu_typo_transform_tablet":"","ocean_menu_typo_transform_mobile":"","ocean_menu_typo_line_height":0,"ocean_menu_typo_line_height_tablet":0,"ocean_menu_typo_line_height_mobile":0,"ocean_menu_typo_line_height_unit":"","ocean_menu_typo_spacing":0,"ocean_menu_typo_spacing_tablet":0,"ocean_menu_typo_spacing_mobile":0,"ocean_menu_typo_spacing_unit":"","ocean_menu_link_color":"","ocean_menu_link_color_hover":"","ocean_menu_link_color_active":"","ocean_menu_link_background":"","ocean_menu_link_hover_background":"","ocean_menu_link_active_background":"","ocean_menu_social_links_bg":"","ocean_menu_social_hover_links_bg":"","ocean_menu_social_links_color":"","ocean_menu_social_hover_links_color":"","ocean_disable_title":"default","ocean_disable_heading":"default","ocean_post_title":"","ocean_post_subheading":"","ocean_post_title_style":"","ocean_post_title_background_color":"","ocean_post_title_background":0,"ocean_post_title_bg_image_position":"","ocean_post_title_bg_image_attachment":"","ocean_post_title_bg_image_repeat":"","ocean_post_title_bg_image_size":"","ocean_post_title_height":0,"ocean_post_title_bg_overlay":0.5,"ocean_post_title_bg_overlay_color":"","ocean_disable_breadcrumbs":"default","ocean_breadcrumbs_color":"","ocean_breadcrumbs_separator_color":"","ocean_breadcrumbs_links_color":"","ocean_breadcrumbs_links_hover_color":"","ocean_display_footer_widgets":"default","ocean_display_footer_bottom":"default","ocean_custom_footer_template":"","osh_disable_topbar_sticky":"default","osh_disable_header_sticky":"default","osh_sticky_header_style":"default","osh_sticky_header_effect":"","osh_custom_sticky_logo":0,"osh_custom_retina_sticky_logo":0,"osh_custom_sticky_logo_height":0,"osh_background_color":"","osh_links_color":"","osh_links_hover_color":"","osh_links_active_color":"","osh_links_bg_color":"","osh_links_hover_bg_color":"","osh_links_active_bg_color":"","osh_menu_social_links_color":"","osh_menu_social_hover_links_color":"","footnotes":""},"class_list":["post-22556","page","type-page","status-publish","hentry","entry","owp-thumbs-layout-horizontal","owp-btn-normal","owp-tabs-layout-horizontal","has-no-thumbnails","has-product-nav"],"yoast_head":"<!-- This site is optimized with the Yoast SEO plugin v27.2 - https:\/\/yoast.com\/product\/yoast-seo-wordpress\/ -->\n<title>Condiciones de entrega - XXL Restaurant Leopoldauer Alm<\/title>\n<meta name=\"robots\" content=\"index, follow, max-snippet:-1, max-image-preview:large, max-video-preview:-1\" \/>\n<link rel=\"canonical\" href=\"https:\/\/www.leopoldaueralm.at\/es\/condiciones-de-entrega\/\" \/>\n<meta property=\"og:locale\" content=\"es_ES\" \/>\n<meta property=\"og:type\" content=\"article\" \/>\n<meta property=\"og:title\" content=\"Condiciones de entrega - XXL Restaurant Leopoldauer Alm\" \/>\n<meta property=\"og:description\" content=\"Condiciones de pago yenv\u00edo &#8212;&#8212;&#8212;&#8212;&#8212;&#8212;&#8212;&#8212;&#8212;&#8212;&#8212;&#8212;&#8212;&#8212;&#8212;&#8212;&#8212;&#8212;-Condiciones de pago y entrega&#8212;&#8212;&#8212;&#8212;&#8212;&#8212;&#8212;&#8212;&#8212;&#8212;&#8212;&#8212;&#8212;&#8212;&#8212;&#8212;&#8212;&#8212;- Plazo de entregaDado que las camisetas se fabrican directamente para ti, el plazo de entrega es de 3 a 7 d\u00edas laborables. Env\u00edo dentro de AustriaEl env\u00edo est\u00e1ndar dentro de Austria cuesta 4,99 \u20ac Env\u00edo a AlemaniaEl env\u00edo est\u00e1ndar a Alemania cuesta 9,99 \u20ac Env\u00edo gratuitoA [&hellip;]\" \/>\n<meta property=\"og:url\" content=\"https:\/\/www.leopoldaueralm.at\/es\/condiciones-de-entrega\/\" \/>\n<meta property=\"og:site_name\" content=\"XXL Restaurant Leopoldauer Alm\" \/>\n<meta property=\"article:publisher\" content=\"https:\/\/www.facebook.com\/LeopoldauerAlm\" \/>\n<meta property=\"article:modified_time\" content=\"2025-12-15T09:43:28+00:00\" \/>\n<meta property=\"og:image\" content=\"https:\/\/www.leopoldaueralm.at\/wp-content\/uploads\/2019\/12\/20158035_10155839340550695_3329554186564426925_o_10155839340550695.jpg\" \/>\n\t<meta property=\"og:image:width\" content=\"1200\" \/>\n\t<meta property=\"og:image:height\" content=\"792\" \/>\n\t<meta property=\"og:image:type\" content=\"image\/jpeg\" \/>\n<meta name=\"twitter:card\" content=\"summary_large_image\" \/>\n<meta name=\"twitter:label1\" content=\"Tiempo de lectura\" \/>\n\t<meta name=\"twitter:data1\" content=\"1 minuto\" \/>\n<script type=\"application\/ld+json\" class=\"yoast-schema-graph\">{\"@context\":\"https:\/\/schema.org\",\"@graph\":[{\"@type\":\"WebPage\",\"@id\":\"https:\/\/www.leopoldaueralm.at\/es\/condiciones-de-entrega\/\",\"url\":\"https:\/\/www.leopoldaueralm.at\/es\/condiciones-de-entrega\/\",\"name\":\"Condiciones de entrega - XXL Restaurant Leopoldauer Alm\",\"isPartOf\":{\"@id\":\"https:\/\/www.leopoldaueralm.at\/es\/#website\"},\"datePublished\":\"2019-12-03T16:59:15+00:00\",\"dateModified\":\"2025-12-15T09:43:28+00:00\",\"breadcrumb\":{\"@id\":\"https:\/\/www.leopoldaueralm.at\/es\/condiciones-de-entrega\/#breadcrumb\"},\"inLanguage\":\"es\",\"potentialAction\":[{\"@type\":\"ReadAction\",\"target\":[\"https:\/\/www.leopoldaueralm.at\/es\/condiciones-de-entrega\/\"]}]},{\"@type\":\"BreadcrumbList\",\"@id\":\"https:\/\/www.leopoldaueralm.at\/es\/condiciones-de-entrega\/#breadcrumb\",\"itemListElement\":[{\"@type\":\"ListItem\",\"position\":1,\"name\":\"Startseite\",\"item\":\"https:\/\/www.leopoldaueralm.at\/es\/pagina-de-inicio\/\"},{\"@type\":\"ListItem\",\"position\":2,\"name\":\"Condiciones de entrega\"}]},{\"@type\":\"WebSite\",\"@id\":\"https:\/\/www.leopoldaueralm.at\/es\/#website\",\"url\":\"https:\/\/www.leopoldaueralm.at\/es\/\",\"name\":\"XXL Restaurant Leopoldauer Alm\",\"description\":\"Das XXL Restaurant in Wien\",\"publisher\":{\"@id\":\"https:\/\/www.leopoldaueralm.at\/es\/#organization\"},\"potentialAction\":[{\"@type\":\"SearchAction\",\"target\":{\"@type\":\"EntryPoint\",\"urlTemplate\":\"https:\/\/www.leopoldaueralm.at\/es\/?s={search_term_string}\"},\"query-input\":{\"@type\":\"PropertyValueSpecification\",\"valueRequired\":true,\"valueName\":\"search_term_string\"}}],\"inLanguage\":\"es\"},{\"@type\":\"Organization\",\"@id\":\"https:\/\/www.leopoldaueralm.at\/es\/#organization\",\"name\":\"XXL Restaurant Leopoldauer Alm\",\"url\":\"https:\/\/www.leopoldaueralm.at\/es\/\",\"logo\":{\"@type\":\"ImageObject\",\"inLanguage\":\"es\",\"@id\":\"https:\/\/www.leopoldaueralm.at\/es\/#\/schema\/logo\/image\/\",\"url\":\"https:\/\/www.leopoldaueralm.at\/wp-content\/uploads\/2019\/12\/leo-logo.png\",\"contentUrl\":\"https:\/\/www.leopoldaueralm.at\/wp-content\/uploads\/2019\/12\/leo-logo.png\",\"width\":250,\"height\":250,\"caption\":\"XXL Restaurant Leopoldauer Alm\"},\"image\":{\"@id\":\"https:\/\/www.leopoldaueralm.at\/es\/#\/schema\/logo\/image\/\"},\"sameAs\":[\"https:\/\/www.facebook.com\/LeopoldauerAlm\"]}]}<\/script>\n<!-- \/ Yoast SEO plugin. -->","yoast_head_json":{"title":"Condiciones de entrega - XXL Restaurant Leopoldauer Alm","robots":{"index":"index","follow":"follow","max-snippet":"max-snippet:-1","max-image-preview":"max-image-preview:large","max-video-preview":"max-video-preview:-1"},"canonical":"https:\/\/www.leopoldaueralm.at\/es\/condiciones-de-entrega\/","og_locale":"es_ES","og_type":"article","og_title":"Condiciones de entrega - XXL Restaurant Leopoldauer Alm","og_description":"Condiciones de pago yenv\u00edo &#8212;&#8212;&#8212;&#8212;&#8212;&#8212;&#8212;&#8212;&#8212;&#8212;&#8212;&#8212;&#8212;&#8212;&#8212;&#8212;&#8212;&#8212;-Condiciones de pago y entrega&#8212;&#8212;&#8212;&#8212;&#8212;&#8212;&#8212;&#8212;&#8212;&#8212;&#8212;&#8212;&#8212;&#8212;&#8212;&#8212;&#8212;&#8212;- Plazo de entregaDado que las camisetas se fabrican directamente para ti, el plazo de entrega es de 3 a 7 d\u00edas laborables. Env\u00edo dentro de AustriaEl env\u00edo est\u00e1ndar dentro de Austria cuesta 4,99 \u20ac Env\u00edo a AlemaniaEl env\u00edo est\u00e1ndar a Alemania cuesta 9,99 \u20ac Env\u00edo gratuitoA [&hellip;]","og_url":"https:\/\/www.leopoldaueralm.at\/es\/condiciones-de-entrega\/","og_site_name":"XXL Restaurant Leopoldauer Alm","article_publisher":"https:\/\/www.facebook.com\/LeopoldauerAlm","article_modified_time":"2025-12-15T09:43:28+00:00","og_image":[{"width":1200,"height":792,"url":"https:\/\/www.leopoldaueralm.at\/wp-content\/uploads\/2019\/12\/20158035_10155839340550695_3329554186564426925_o_10155839340550695.jpg","type":"image\/jpeg"}],"twitter_card":"summary_large_image","twitter_misc":{"Tiempo de lectura":"1 minuto"},"schema":{"@context":"https:\/\/schema.org","@graph":[{"@type":"WebPage","@id":"https:\/\/www.leopoldaueralm.at\/es\/condiciones-de-entrega\/","url":"https:\/\/www.leopoldaueralm.at\/es\/condiciones-de-entrega\/","name":"Condiciones de entrega - XXL Restaurant Leopoldauer Alm","isPartOf":{"@id":"https:\/\/www.leopoldaueralm.at\/es\/#website"},"datePublished":"2019-12-03T16:59:15+00:00","dateModified":"2025-12-15T09:43:28+00:00","breadcrumb":{"@id":"https:\/\/www.leopoldaueralm.at\/es\/condiciones-de-entrega\/#breadcrumb"},"inLanguage":"es","potentialAction":[{"@type":"ReadAction","target":["https:\/\/www.leopoldaueralm.at\/es\/condiciones-de-entrega\/"]}]},{"@type":"BreadcrumbList","@id":"https:\/\/www.leopoldaueralm.at\/es\/condiciones-de-entrega\/#breadcrumb","itemListElement":[{"@type":"ListItem","position":1,"name":"Startseite","item":"https:\/\/www.leopoldaueralm.at\/es\/pagina-de-inicio\/"},{"@type":"ListItem","position":2,"name":"Condiciones de entrega"}]},{"@type":"WebSite","@id":"https:\/\/www.leopoldaueralm.at\/es\/#website","url":"https:\/\/www.leopoldaueralm.at\/es\/","name":"XXL Restaurant Leopoldauer Alm","description":"Das XXL Restaurant in Wien","publisher":{"@id":"https:\/\/www.leopoldaueralm.at\/es\/#organization"},"potentialAction":[{"@type":"SearchAction","target":{"@type":"EntryPoint","urlTemplate":"https:\/\/www.leopoldaueralm.at\/es\/?s={search_term_string}"},"query-input":{"@type":"PropertyValueSpecification","valueRequired":true,"valueName":"search_term_string"}}],"inLanguage":"es"},{"@type":"Organization","@id":"https:\/\/www.leopoldaueralm.at\/es\/#organization","name":"XXL Restaurant Leopoldauer Alm","url":"https:\/\/www.leopoldaueralm.at\/es\/","logo":{"@type":"ImageObject","inLanguage":"es","@id":"https:\/\/www.leopoldaueralm.at\/es\/#\/schema\/logo\/image\/","url":"https:\/\/www.leopoldaueralm.at\/wp-content\/uploads\/2019\/12\/leo-logo.png","contentUrl":"https:\/\/www.leopoldaueralm.at\/wp-content\/uploads\/2019\/12\/leo-logo.png","width":250,"height":250,"caption":"XXL Restaurant Leopoldauer Alm"},"image":{"@id":"https:\/\/www.leopoldaueralm.at\/es\/#\/schema\/logo\/image\/"},"sameAs":["https:\/\/www.facebook.com\/LeopoldauerAlm"]}]}},"_links":{"self":[{"href":"https:\/\/www.leopoldaueralm.at\/es\/wp-json\/wp\/v2\/pages\/22556","targetHints":{"allow":["GET"]}}],"collection":[{"href":"https:\/\/www.leopoldaueralm.at\/es\/wp-json\/wp\/v2\/pages"}],"about":[{"href":"https:\/\/www.leopoldaueralm.at\/es\/wp-json\/wp\/v2\/types\/page"}],"author":[{"embeddable":true,"href":"https:\/\/www.leopoldaueralm.at\/es\/wp-json\/wp\/v2\/users\/4"}],"replies":[{"embeddable":true,"href":"https:\/\/www.leopoldaueralm.at\/es\/wp-json\/wp\/v2\/comments?post=22556"}],"version-history":[{"count":2,"href":"https:\/\/www.leopoldaueralm.at\/es\/wp-json\/wp\/v2\/pages\/22556\/revisions"}],"predecessor-version":[{"id":27389,"href":"https:\/\/www.leopoldaueralm.at\/es\/wp-json\/wp\/v2\/pages\/22556\/revisions\/27389"}],"wp:attachment":[{"href":"https:\/\/www.leopoldaueralm.at\/es\/wp-json\/wp\/v2\/media?parent=22556"}],"curies":[{"name":"wp","href":"https:\/\/api.w.org\/{rel}","templated":true}]}}