{"id":26073,"date":"2024-04-15T15:33:32","date_gmt":"2024-04-15T13:33:32","guid":{"rendered":"https:\/\/www.leopoldaueralm.at\/shop\/desafio-de-comida-xxl\/"},"modified":"2026-02-20T11:33:57","modified_gmt":"2026-02-20T10:33:57","slug":"desafio-de-comida-xxl","status":"publish","type":"product","link":"https:\/\/www.leopoldaueralm.at\/es\/shop\/desafio-de-comida-xxl\/","title":{"rendered":"Desaf\u00edo de comida XXL"},"content":{"rendered":"<p>Esto es lo que te espera:<\/p>\n<p><strong>Big \u00abMAMAS\u00bb Burger para 4-5<\/strong><br \/>\nla hamburguesa m\u00e1s grande de Austria, aproximadamente 1,5 kg de carne 100% pura, gratinada con queso cheddar yamp; beicon ahumado, rellena de tomates, pepinos, lechuga crujiente, cebolla roja, acompa\u00f1ada de patatas fritas, salsas y aros de cebolla<\/p>\n","protected":false},"excerpt":{"rendered":"<h3 class=\"public-DraftStyleDefault-block public-DraftStyleDefault-ltr\" data-offset-key=\"2n95n-0-0\"><span style=\"color: #339966;\">\u00a1\u00a1\u00a1ATENCI\u00d3N!!!<\/span><br \/>\n<span style=\"font-size: 16px; color: #339966;\">\u00a1La XXL FOOD CHALLENGE est\u00e1 en pausa ahora mismo y pronto volver\u00e1 a estar disponible!<\/span><\/h3>\n<p>\u00bf\u00a1\u00bfAPOSTAMOS !?? <strong>\u00a1HA VUELTO NUESTRA LOCA APUESTA DE HAMBURGUESAS<\/strong>!<br \/>\n\u00bfT\u00fa contra m\u00ed, el due\u00f1o del XXL?<\/p>\n<p>As\u00ed que, hombres de Flake, \u00bfd\u00f3nde est\u00e1n los mataberenes entre vosotros? Apuesto a que no sois capaces de zamparos nuestra BIG MAMAS BURGER en 60 minutos (el cron\u00f3metro est\u00e1 en marcha)<\/p>\n<p>La <strong>inscripci\u00f3n cuesta 75 \u20ac<\/strong> (que es lo que vale la \u00abBig Mamas Burger\u00bb) \u2013 si te comes la hamburguesa, \u00a1la casa invita y<br \/>\nrecibes un <strong>vale de 300 \u20ac<\/strong> para la Alm!<\/p>\n<p>Si no te la comes, pagas la hamburguesa y donas 20 \u20ac a la hucha para el Hospital Infantil St. Anna,<br \/>\nadem\u00e1s, \u00a1recibes una <strong>camiseta GRATIS de ganador o perdedor de la Leopoldauer ALM<\/strong>!<\/p>\n<p>As\u00ed que, \u00a1empecemos! \u00bfQui\u00e9n se enfrenta a la tarea \u00abcasi\u00bb imposible?<\/p>\n<p>Tel\u00e9fono para la apuesta de la hamburguesa: 01 25 98 380 <strong>(Por favor, anunciar la apuesta con 48 horas de antelaci\u00f3n)<\/strong><\/p>\n<p>&nbsp;<\/p>\n<p>*si se gana la apuesta, \u00a1se devuelve el dinero de la inscripci\u00f3n, por supuesto!<\/p>\n","protected":false},"featured_media":22264,"template":"","meta":{"ocean_post_layout":"","ocean_both_sidebars_style":"","ocean_both_sidebars_content_width":0,"ocean_both_sidebars_sidebars_width":0,"ocean_sidebar":"0","ocean_second_sidebar":"0","ocean_disable_margins":"enable","ocean_add_body_class":"","ocean_shortcode_before_top_bar":"","ocean_shortcode_after_top_bar":"","ocean_shortcode_before_header":"","ocean_shortcode_after_header":"","ocean_has_shortcode":"","ocean_shortcode_after_title":"","ocean_shortcode_before_footer_widgets":"","ocean_shortcode_after_footer_widgets":"","ocean_shortcode_before_footer_bottom":"","ocean_shortcode_after_footer_bottom":"","ocean_display_top_bar":"default","ocean_display_header":"default","ocean_header_style":"","ocean_center_header_left_menu":"0","ocean_custom_header_template":"0","ocean_custom_logo":0,"ocean_custom_retina_logo":0,"ocean_custom_logo_max_width":0,"ocean_custom_logo_tablet_max_width":0,"ocean_custom_logo_mobile_max_width":0,"ocean_custom_logo_max_height":0,"ocean_custom_logo_tablet_max_height":0,"ocean_custom_logo_mobile_max_height":0,"ocean_header_custom_menu":"0","ocean_menu_typo_font_family":"0","ocean_menu_typo_font_subset":"","ocean_menu_typo_font_size":0,"ocean_menu_typo_font_size_tablet":0,"ocean_menu_typo_font_size_mobile":0,"ocean_menu_typo_font_size_unit":"px","ocean_menu_typo_font_weight":"","ocean_menu_typo_font_weight_tablet":"","ocean_menu_typo_font_weight_mobile":"","ocean_menu_typo_transform":"","ocean_menu_typo_transform_tablet":"","ocean_menu_typo_transform_mobile":"","ocean_menu_typo_line_height":0,"ocean_menu_typo_line_height_tablet":0,"ocean_menu_typo_line_height_mobile":0,"ocean_menu_typo_line_height_unit":"","ocean_menu_typo_spacing":0,"ocean_menu_typo_spacing_tablet":0,"ocean_menu_typo_spacing_mobile":0,"ocean_menu_typo_spacing_unit":"","ocean_menu_link_color":"","ocean_menu_link_color_hover":"","ocean_menu_link_color_active":"","ocean_menu_link_background":"","ocean_menu_link_hover_background":"","ocean_menu_link_active_background":"","ocean_menu_social_links_bg":"","ocean_menu_social_hover_links_bg":"","ocean_menu_social_links_color":"","ocean_menu_social_hover_links_color":"","ocean_disable_title":"default","ocean_disable_heading":"default","ocean_post_title":"","ocean_post_subheading":"","ocean_post_title_style":"","ocean_post_title_background_color":"","ocean_post_title_background":0,"ocean_post_title_bg_image_position":"","ocean_post_title_bg_image_attachment":"","ocean_post_title_bg_image_repeat":"","ocean_post_title_bg_image_size":"","ocean_post_title_height":0,"ocean_post_title_bg_overlay":0.5,"ocean_post_title_bg_overlay_color":"","ocean_disable_breadcrumbs":"default","ocean_breadcrumbs_color":"","ocean_breadcrumbs_separator_color":"","ocean_breadcrumbs_links_color":"","ocean_breadcrumbs_links_hover_color":"","ocean_display_footer_widgets":"default","ocean_display_footer_bottom":"default","ocean_custom_footer_template":"0","osh_disable_topbar_sticky":"default","osh_disable_header_sticky":"default","osh_sticky_header_style":"default","osh_sticky_header_effect":"","osh_custom_sticky_logo":0,"osh_custom_retina_sticky_logo":0,"osh_custom_sticky_logo_height":0,"osh_background_color":"","osh_links_color":"","osh_links_hover_color":"","osh_links_active_color":"","osh_links_bg_color":"","osh_links_hover_bg_color":"","osh_links_active_bg_color":"","osh_menu_social_links_color":"","osh_menu_social_hover_links_color":""},"product_brand":[],"product_cat":[512],"product_tag":[601,602],"class_list":{"0":"post-26073","1":"product","2":"type-product","3":"status-publish","4":"has-post-thumbnail","6":"product_cat-evento","7":"product_tag-foodchallenge","8":"product_tag-hamburguesas","9":"product_shipping_class-solo-en-alm","11":"entry","12":"has-media","13":"wcpa_has_options","15":"first","16":"outofstock","17":"taxable","18":"shipping-taxable","19":"purchasable","20":"product-type-simple","21":"has-product-nav","22":"col","23":"span_1_of_3","24":"owp-content-center","25":"owp-thumbs-layout-horizontal","26":"owp-btn-normal","27":"owp-tabs-layout-horizontal"},"group_of_quantity":0,"min_quantity":0,"max_quantity":"","exclude_order_quantity_value_rules":"no","exclude_category_quantity_rules":"no","combine_variations":"no","yoast_head":"<!-- This site is optimized with the Yoast SEO plugin v27.2 - https:\/\/yoast.com\/product\/yoast-seo-wordpress\/ -->\n<title>Desaf\u00edo de comida XXL XXL Restaurant Leopoldauer Alm<\/title>\n<meta name=\"robots\" content=\"index, follow, max-snippet:-1, max-image-preview:large, max-video-preview:-1\" \/>\n<link rel=\"canonical\" href=\"https:\/\/www.leopoldaueralm.at\/es\/shop\/desafio-de-comida-xxl\/\" \/>\n<meta property=\"og:locale\" content=\"es_ES\" \/>\n<meta property=\"og:type\" content=\"article\" \/>\n<meta property=\"og:title\" content=\"Desaf\u00edo de comida XXL XXL Restaurant Leopoldauer Alm\" \/>\n<meta property=\"og:description\" content=\"\u00a1\u00a1\u00a1ATENCI\u00d3N!!! \u00a1La XXL FOOD CHALLENGE est\u00e1 en pausa ahora mismo y pronto volver\u00e1 a estar disponible! \u00bf\u00a1\u00bfAPOSTAMOS !?? \u00a1HA VUELTO NUESTRA LOCA APUESTA DE HAMBURGUESAS! \u00bfT\u00fa contra m\u00ed, el due\u00f1o del XXL? As\u00ed que, hombres de Flake, \u00bfd\u00f3nde est\u00e1n los mataberenes entre vosotros? Apuesto a que no sois capaces de zamparos nuestra BIG MAMAS BURGER en 60 minutos (el cron\u00f3metro est\u00e1 en marcha) La inscripci\u00f3n cuesta 75 \u20ac (que es lo que vale la &quot;Big Mamas Burger&quot;) \u2013 si te comes la hamburguesa, \u00a1la casa invita y recibes un vale de 300 \u20ac para la Alm! Si no te la comes, pagas la hamburguesa y donas 20 \u20ac a la hucha para el Hospital Infantil St. Anna, adem\u00e1s, \u00a1recibes una camiseta GRATIS de ganador o perdedor de la Leopoldauer ALM! As\u00ed que, \u00a1empecemos! \u00bfQui\u00e9n se enfrenta a la tarea &quot;casi&quot; imposible? Tel\u00e9fono para la apuesta de la hamburguesa: 01 25 98 380 (Por favor, anunciar la apuesta con 48 horas de antelaci\u00f3n) &nbsp; *si se gana la apuesta, \u00a1se devuelve el dinero de la inscripci\u00f3n, por supuesto!\" \/>\n<meta property=\"og:url\" content=\"https:\/\/www.leopoldaueralm.at\/es\/shop\/desafio-de-comida-xxl\/\" \/>\n<meta property=\"og:site_name\" content=\"XXL Restaurant Leopoldauer Alm\" \/>\n<meta property=\"article:publisher\" content=\"https:\/\/www.facebook.com\/LeopoldauerAlm\" \/>\n<meta property=\"article:modified_time\" content=\"2026-02-20T10:33:57+00:00\" \/>\n<meta property=\"og:image\" content=\"https:\/\/www.leopoldaueralm.at\/wp-content\/uploads\/2024\/04\/big-mama-burger.jpg\" \/>\n\t<meta property=\"og:image:width\" content=\"1363\" \/>\n\t<meta property=\"og:image:height\" content=\"1830\" \/>\n\t<meta property=\"og:image:type\" content=\"image\/jpeg\" \/>\n<meta name=\"twitter:card\" content=\"summary_large_image\" \/>\n<script type=\"application\/ld+json\" class=\"yoast-schema-graph\">{\"@context\":\"https:\/\/schema.org\",\"@graph\":[{\"@type\":\"WebPage\",\"@id\":\"https:\/\/www.leopoldaueralm.at\/es\/shop\/desafio-de-comida-xxl\/\",\"url\":\"https:\/\/www.leopoldaueralm.at\/es\/shop\/desafio-de-comida-xxl\/\",\"name\":\"Desaf\u00edo de comida XXL XXL Restaurant Leopoldauer Alm\",\"isPartOf\":{\"@id\":\"https:\/\/www.leopoldaueralm.at\/es\/#website\"},\"primaryImageOfPage\":{\"@id\":\"https:\/\/www.leopoldaueralm.at\/es\/shop\/desafio-de-comida-xxl\/#primaryimage\"},\"image\":{\"@id\":\"https:\/\/www.leopoldaueralm.at\/es\/shop\/desafio-de-comida-xxl\/#primaryimage\"},\"thumbnailUrl\":\"https:\/\/www.leopoldaueralm.at\/wp-content\/uploads\/2024\/04\/big-mama-burger.jpg\",\"datePublished\":\"2024-04-15T13:33:32+00:00\",\"dateModified\":\"2026-02-20T10:33:57+00:00\",\"breadcrumb\":{\"@id\":\"https:\/\/www.leopoldaueralm.at\/es\/shop\/desafio-de-comida-xxl\/#breadcrumb\"},\"inLanguage\":\"es\",\"potentialAction\":[{\"@type\":\"ReadAction\",\"target\":[\"https:\/\/www.leopoldaueralm.at\/es\/shop\/desafio-de-comida-xxl\/\"]}]},{\"@type\":\"ImageObject\",\"inLanguage\":\"es\",\"@id\":\"https:\/\/www.leopoldaueralm.at\/es\/shop\/desafio-de-comida-xxl\/#primaryimage\",\"url\":\"https:\/\/www.leopoldaueralm.at\/wp-content\/uploads\/2024\/04\/big-mama-burger.jpg\",\"contentUrl\":\"https:\/\/www.leopoldaueralm.at\/wp-content\/uploads\/2024\/04\/big-mama-burger.jpg\",\"width\":1363,\"height\":1830},{\"@type\":\"BreadcrumbList\",\"@id\":\"https:\/\/www.leopoldaueralm.at\/es\/shop\/desafio-de-comida-xxl\/#breadcrumb\",\"itemListElement\":[{\"@type\":\"ListItem\",\"position\":1,\"name\":\"Startseite\",\"item\":\"https:\/\/www.leopoldaueralm.at\/es\/pagina-de-inicio\/\"},{\"@type\":\"ListItem\",\"position\":2,\"name\":\"Tienda\",\"item\":\"https:\/\/www.leopoldaueralm.at\/es\/tienda\/\"},{\"@type\":\"ListItem\",\"position\":3,\"name\":\"Evento\",\"item\":\"https:\/\/www.leopoldaueralm.at\/es\/product-category\/evento\/\"},{\"@type\":\"ListItem\",\"position\":4,\"name\":\"Desaf\u00edo de comida XXL\"}]},{\"@type\":\"WebSite\",\"@id\":\"https:\/\/www.leopoldaueralm.at\/es\/#website\",\"url\":\"https:\/\/www.leopoldaueralm.at\/es\/\",\"name\":\"XXL Restaurant Leopoldauer Alm\",\"description\":\"Das XXL Restaurant in Wien\",\"publisher\":{\"@id\":\"https:\/\/www.leopoldaueralm.at\/es\/#organization\"},\"potentialAction\":[{\"@type\":\"SearchAction\",\"target\":{\"@type\":\"EntryPoint\",\"urlTemplate\":\"https:\/\/www.leopoldaueralm.at\/es\/?s={search_term_string}\"},\"query-input\":{\"@type\":\"PropertyValueSpecification\",\"valueRequired\":true,\"valueName\":\"search_term_string\"}}],\"inLanguage\":\"es\"},{\"@type\":\"Organization\",\"@id\":\"https:\/\/www.leopoldaueralm.at\/es\/#organization\",\"name\":\"XXL Restaurant Leopoldauer Alm\",\"url\":\"https:\/\/www.leopoldaueralm.at\/es\/\",\"logo\":{\"@type\":\"ImageObject\",\"inLanguage\":\"es\",\"@id\":\"https:\/\/www.leopoldaueralm.at\/es\/#\/schema\/logo\/image\/\",\"url\":\"https:\/\/www.leopoldaueralm.at\/wp-content\/uploads\/2019\/12\/leo-logo.png\",\"contentUrl\":\"https:\/\/www.leopoldaueralm.at\/wp-content\/uploads\/2019\/12\/leo-logo.png\",\"width\":250,\"height\":250,\"caption\":\"XXL Restaurant Leopoldauer Alm\"},\"image\":{\"@id\":\"https:\/\/www.leopoldaueralm.at\/es\/#\/schema\/logo\/image\/\"},\"sameAs\":[\"https:\/\/www.facebook.com\/LeopoldauerAlm\"]}]}<\/script>\n<!-- \/ Yoast SEO plugin. -->","yoast_head_json":{"title":"Desaf\u00edo de comida XXL XXL Restaurant Leopoldauer Alm","robots":{"index":"index","follow":"follow","max-snippet":"max-snippet:-1","max-image-preview":"max-image-preview:large","max-video-preview":"max-video-preview:-1"},"canonical":"https:\/\/www.leopoldaueralm.at\/es\/shop\/desafio-de-comida-xxl\/","og_locale":"es_ES","og_type":"article","og_title":"Desaf\u00edo de comida XXL XXL Restaurant Leopoldauer Alm","og_description":"\u00a1\u00a1\u00a1ATENCI\u00d3N!!! \u00a1La XXL FOOD CHALLENGE est\u00e1 en pausa ahora mismo y pronto volver\u00e1 a estar disponible! \u00bf\u00a1\u00bfAPOSTAMOS !?? \u00a1HA VUELTO NUESTRA LOCA APUESTA DE HAMBURGUESAS! \u00bfT\u00fa contra m\u00ed, el due\u00f1o del XXL? As\u00ed que, hombres de Flake, \u00bfd\u00f3nde est\u00e1n los mataberenes entre vosotros? Apuesto a que no sois capaces de zamparos nuestra BIG MAMAS BURGER en 60 minutos (el cron\u00f3metro est\u00e1 en marcha) La inscripci\u00f3n cuesta 75 \u20ac (que es lo que vale la \"Big Mamas Burger\") \u2013 si te comes la hamburguesa, \u00a1la casa invita y recibes un vale de 300 \u20ac para la Alm! Si no te la comes, pagas la hamburguesa y donas 20 \u20ac a la hucha para el Hospital Infantil St. Anna, adem\u00e1s, \u00a1recibes una camiseta GRATIS de ganador o perdedor de la Leopoldauer ALM! As\u00ed que, \u00a1empecemos! \u00bfQui\u00e9n se enfrenta a la tarea \"casi\" imposible? Tel\u00e9fono para la apuesta de la hamburguesa: 01 25 98 380 (Por favor, anunciar la apuesta con 48 horas de antelaci\u00f3n) &nbsp; *si se gana la apuesta, \u00a1se devuelve el dinero de la inscripci\u00f3n, por supuesto!","og_url":"https:\/\/www.leopoldaueralm.at\/es\/shop\/desafio-de-comida-xxl\/","og_site_name":"XXL Restaurant Leopoldauer Alm","article_publisher":"https:\/\/www.facebook.com\/LeopoldauerAlm","article_modified_time":"2026-02-20T10:33:57+00:00","og_image":[{"width":1363,"height":1830,"url":"https:\/\/www.leopoldaueralm.at\/wp-content\/uploads\/2024\/04\/big-mama-burger.jpg","type":"image\/jpeg"}],"twitter_card":"summary_large_image","schema":{"@context":"https:\/\/schema.org","@graph":[{"@type":"WebPage","@id":"https:\/\/www.leopoldaueralm.at\/es\/shop\/desafio-de-comida-xxl\/","url":"https:\/\/www.leopoldaueralm.at\/es\/shop\/desafio-de-comida-xxl\/","name":"Desaf\u00edo de comida XXL XXL Restaurant Leopoldauer Alm","isPartOf":{"@id":"https:\/\/www.leopoldaueralm.at\/es\/#website"},"primaryImageOfPage":{"@id":"https:\/\/www.leopoldaueralm.at\/es\/shop\/desafio-de-comida-xxl\/#primaryimage"},"image":{"@id":"https:\/\/www.leopoldaueralm.at\/es\/shop\/desafio-de-comida-xxl\/#primaryimage"},"thumbnailUrl":"https:\/\/www.leopoldaueralm.at\/wp-content\/uploads\/2024\/04\/big-mama-burger.jpg","datePublished":"2024-04-15T13:33:32+00:00","dateModified":"2026-02-20T10:33:57+00:00","breadcrumb":{"@id":"https:\/\/www.leopoldaueralm.at\/es\/shop\/desafio-de-comida-xxl\/#breadcrumb"},"inLanguage":"es","potentialAction":[{"@type":"ReadAction","target":["https:\/\/www.leopoldaueralm.at\/es\/shop\/desafio-de-comida-xxl\/"]}]},{"@type":"ImageObject","inLanguage":"es","@id":"https:\/\/www.leopoldaueralm.at\/es\/shop\/desafio-de-comida-xxl\/#primaryimage","url":"https:\/\/www.leopoldaueralm.at\/wp-content\/uploads\/2024\/04\/big-mama-burger.jpg","contentUrl":"https:\/\/www.leopoldaueralm.at\/wp-content\/uploads\/2024\/04\/big-mama-burger.jpg","width":1363,"height":1830},{"@type":"BreadcrumbList","@id":"https:\/\/www.leopoldaueralm.at\/es\/shop\/desafio-de-comida-xxl\/#breadcrumb","itemListElement":[{"@type":"ListItem","position":1,"name":"Startseite","item":"https:\/\/www.leopoldaueralm.at\/es\/pagina-de-inicio\/"},{"@type":"ListItem","position":2,"name":"Tienda","item":"https:\/\/www.leopoldaueralm.at\/es\/tienda\/"},{"@type":"ListItem","position":3,"name":"Evento","item":"https:\/\/www.leopoldaueralm.at\/es\/product-category\/evento\/"},{"@type":"ListItem","position":4,"name":"Desaf\u00edo de comida XXL"}]},{"@type":"WebSite","@id":"https:\/\/www.leopoldaueralm.at\/es\/#website","url":"https:\/\/www.leopoldaueralm.at\/es\/","name":"XXL Restaurant Leopoldauer Alm","description":"Das XXL Restaurant in Wien","publisher":{"@id":"https:\/\/www.leopoldaueralm.at\/es\/#organization"},"potentialAction":[{"@type":"SearchAction","target":{"@type":"EntryPoint","urlTemplate":"https:\/\/www.leopoldaueralm.at\/es\/?s={search_term_string}"},"query-input":{"@type":"PropertyValueSpecification","valueRequired":true,"valueName":"search_term_string"}}],"inLanguage":"es"},{"@type":"Organization","@id":"https:\/\/www.leopoldaueralm.at\/es\/#organization","name":"XXL Restaurant Leopoldauer Alm","url":"https:\/\/www.leopoldaueralm.at\/es\/","logo":{"@type":"ImageObject","inLanguage":"es","@id":"https:\/\/www.leopoldaueralm.at\/es\/#\/schema\/logo\/image\/","url":"https:\/\/www.leopoldaueralm.at\/wp-content\/uploads\/2019\/12\/leo-logo.png","contentUrl":"https:\/\/www.leopoldaueralm.at\/wp-content\/uploads\/2019\/12\/leo-logo.png","width":250,"height":250,"caption":"XXL Restaurant Leopoldauer Alm"},"image":{"@id":"https:\/\/www.leopoldaueralm.at\/es\/#\/schema\/logo\/image\/"},"sameAs":["https:\/\/www.facebook.com\/LeopoldauerAlm"]}]}},"wcpa_form_fields":null,"_links":{"self":[{"href":"https:\/\/www.leopoldaueralm.at\/es\/wp-json\/wp\/v2\/product\/26073","targetHints":{"allow":["GET"]}}],"collection":[{"href":"https:\/\/www.leopoldaueralm.at\/es\/wp-json\/wp\/v2\/product"}],"about":[{"href":"https:\/\/www.leopoldaueralm.at\/es\/wp-json\/wp\/v2\/types\/product"}],"wp:featuredmedia":[{"embeddable":true,"href":"https:\/\/www.leopoldaueralm.at\/es\/wp-json\/wp\/v2\/media\/22264"}],"wp:attachment":[{"href":"https:\/\/www.leopoldaueralm.at\/es\/wp-json\/wp\/v2\/media?parent=26073"}],"wp:term":[{"taxonomy":"product_brand","embeddable":true,"href":"https:\/\/www.leopoldaueralm.at\/es\/wp-json\/wp\/v2\/product_brand?post=26073"},{"taxonomy":"product_cat","embeddable":true,"href":"https:\/\/www.leopoldaueralm.at\/es\/wp-json\/wp\/v2\/product_cat?post=26073"},{"taxonomy":"product_tag","embeddable":true,"href":"https:\/\/www.leopoldaueralm.at\/es\/wp-json\/wp\/v2\/product_tag?post=26073"}],"curies":[{"name":"wp","href":"https:\/\/api.w.org\/{rel}","templated":true}]}}