{"id":26093,"date":"2023-12-29T08:39:33","date_gmt":"2023-12-29T07:39:33","guid":{"rendered":"https:\/\/www.leopoldaueralm.at\/shop\/paquete-de-magia-de-cabana-alpina-te-quiero\/"},"modified":"2026-01-23T12:53:00","modified_gmt":"2026-01-23T11:53:00","slug":"paquete-de-magia-de-cabana-alpina-te-quiero","status":"publish","type":"product","link":"https:\/\/www.leopoldaueralm.at\/es\/shop\/paquete-de-magia-de-cabana-alpina-te-quiero\/","title":{"rendered":"Paquete de magia de caba\u00f1a alpina \u00abTe quiero\u00bb"},"content":{"rendered":"<p style=\"font-weight: 400;\"><strong><u>Aperitivos:<\/u><\/strong><\/p>\n<p style=\"font-weight: 400;\">Sopa de crema de ajo<br \/>\nSopa de fideos<br \/>\nPeque\u00f1o tartar de ternera con pan blanco tostado y huevo de codorniz frito<\/p>\n<p><strong><u>Platos principales:<\/u><\/strong><\/p>\n<p style=\"font-weight: 400;\">Escalope vien\u00e9s original de ternera con guarnici\u00f3n a elegir<br \/>\nCordon Bleu de cerdo con guarnici\u00f3n a elegir<br \/>\nEscalope de pollo con guarnici\u00f3n a elegir<br \/>\nRosbif con cebolla, patatas asadas y cebolla frita<br \/>\nGoulash original de ternera de Alm con alb\u00f3ndigas<br \/>\nHamburguesa Dirndl con pan casero y 200 g de carne Angus, cheddar, patatas fritas con bacon, aros de cebolla<br \/>\nCostillas peque\u00f1as con gajos, salsas y cebolla<br \/>\nPlatija al horno con ensalada de patata<br \/>\nEnsalada Backhendl, filetes frescos de pechuga de pollo rebozados crujientes con semillas de calabaza sobre ensalada de patata con aderezo de aceite de semilla de calabaza y cebolla<br \/>\nK\u00e4sesp\u00e4tzle con ensalada verde Opcionalmente tambi\u00e9n con bacon  <\/p>\n<p><strong><u>Postres:<\/u><\/strong><\/p>\n<p style=\"font-weight: 400;\">Palatschinke de chocolate<br \/>\nAlb\u00f3ndigas de albaricoque heladas con nata<br \/>\no<\/p>\n<p style=\"font-weight: 400;\">\u00abPastel de chocolate Te quiero\u00bb para 2 con helado de vainilla y nata<br \/>\no<\/p>\n<p style=\"font-weight: 400;\">Kaiserschmarren para 2 servido en la sart\u00e9n con compota de manzana y ciruelas pasas<\/p>\n<p><strong>Y para casa, tambi\u00e9n os regalamos una botella de Sekt <\/strong><\/p>\n<p style=\"font-weight: 400;\"><strong>para terminar la velada rom\u00e1ntica <\/strong><strong>?\u2764<\/strong><strong>\ufe0f<\/strong><strong>?<\/strong><strong>\ufe0f<\/strong><\/p>\n","protected":false},"excerpt":{"rendered":"<p>para 2 personas<\/p>\n<p style=\"font-weight: 400;\">\u00a12026 ser\u00e1 vuestro y nuestro a\u00f1o, queridos clientes!<\/p>\n<p style=\"font-weight: 400;\">A partir de enero, nuestra cena \u00abTe quiero\u00bb para 2 y para cualquier ocasi\u00f3n \u2764\ufe0f<\/p>\n<p><strong>De lunes a viernes de 11:00 a 20:30<\/strong> (excepto festivos)<\/p>\n<p>\u00abTe quiero\u00bb, nuestra nueva magia de caba\u00f1a alpina, el paquete ideal para enamorados recientes y veteranos, \u00a1ideal para el d\u00eda de la boda, el aniversario o cualquier otra ocasi\u00f3n para dos!<\/p>\n<p>\u00a1Os espera una preciosa mesa festivamente decorada a la luz de las velas!<\/p>\n<p>\u00a1Todas las bebidas como vino, cerveza, refrescos, caf\u00e9, Hugo, Aperol, etc., incluido el recibimiento con Frizzante para vosotros! \u00a1Y un men\u00fa de 3 platos a vuestra elecci\u00f3n!  <\/p>\n<p style=\"font-weight: 400;\"><strong>Almh\u00fctten Zauber Precio por persona: 69,00 \u20ac<\/strong><\/p>\n<div class=\"_3d-flip-book  fb3d-fullscreen-mode full-size\" data-id=\"29055\" data-mode=\"fullscreen\" data-title=\"false\" data-template=\"short-white-book-view\" data-lightbox=\"dark-shadow\" data-urlparam=\"fb3d-page\" data-page-n=\"0\" data-pdf=\"\" data-tax=\"null\" data-thumbnail=\"\" data-cols=\"3\" data-book-template=\"default\" data-trigger=\"\"><\/div><script type=\"text\/javascript\">window.FB3D_CLIENT_DATA = window.FB3D_CLIENT_DATA || [];FB3D_CLIENT_DATA.push('eyJwb3N0cyI6eyIyOTA1NSI6eyJJRCI6MjkwNTUsInRpdGxlIjoiSGFiIGRpY2ggbGllYiBQYWtldCIsInR5cGUiOiJwZGYiLCJyZWFkeV9mdW5jdGlvbiI6IiIsImJvb2tfc3R5bGUiOiJmbGF0IiwiYm9va190ZW1wbGF0ZSI6Im5vbmUiLCJvdXRsaW5lIjpbXSwiZGF0YSI6eyJwb3N0X0lEIjoiLTEiLCJndWlkIjoiaHR0cHM6XC9cL3d3dy5sZW9wb2xkYXVlcmFsbS5hdFwvd3AtY29udGVudFwvdXBsb2Fkc1wvMjAyNlwvMDFcL2hhYl9kaWNoX2xpZWJfbWVudV9KYW5fMjAyNl9XZWIucGRmIiwicGRmX3BhZ2VzIjoiMiIsInBhZ2VzX2N1c3RvbWl6YXRpb24iOiJub25lIn0sInRodW1ibmFpbCI6eyJkYXRhIjp7InBvc3RfSUQiOiIwIn0sInR5cGUiOiJhdXRvIn0sInByb3BzIjp7ImJhY2tncm91bmRDb2xvciI6ImF1dG8iLCJiYWNrZ3JvdW5kSW1hZ2UiOiJhdXRvIiwiYmFja2dyb3VuZFN0eWxlIjoiYXV0byIsImhpZ2hsaWdodExpbmtzIjoiYXV0byIsImxpZ2h0aW5nIjoiYXV0byIsInNpbmdsZVBhZ2VNb2RlIjoiYXV0byIsImNhY2hlZFBhZ2VzIjoiYXV0byIsInJlbmRlckluYWN0aXZlUGFnZXMiOiJhdXRvIiwicmVuZGVySW5hY3RpdmVQYWdlc09uTW9iaWxlIjoiYXV0byIsInJlbmRlcldoaWxlRmxpcHBpbmciOiJhdXRvIiwicHJlbG9hZFBhZ2VzIjoiYXV0byIsImF1dG9QbGF5RHVyYXRpb24iOiJhdXRvIiwicnRsIjoiYXV0byIsImludGVyYWN0aXZlQ29ybmVycyI6ImF1dG8iLCJtYXhEZXB0aCI6ImF1dG8iLCJzaGVldCI6eyJzdGFydFZlbG9jaXR5IjoiYXV0byIsIndhdmUiOiJhdXRvIiwic2hhcGUiOiJhdXRvIiwid2lkdGhUZXhlbHMiOiJhdXRvIiwiY29sb3IiOiJhdXRvIiwic2lkZSI6ImF1dG8iLCJzdHJldGNoSW1hZ2VzIjoiYXV0byIsImNvcm5lckRldmlhdGlvbiI6ImF1dG8iLCJmbGV4aWJpbGl0eSI6ImF1dG8iLCJmbGV4aWJsZUNvcm5lciI6ImF1dG8iLCJiZW5kaW5nIjoiYXV0byIsImhlaWdodFRleGVscyI6ImF1dG8ifSwiY292ZXIiOnsid2F2ZSI6ImF1dG8iLCJjb2xvciI6ImF1dG8iLCJzaWRlIjoiYXV0byIsInN0cmV0Y2hJbWFnZXMiOiJhdXRvIiwiYmluZGVyVGV4dHVyZSI6ImF1dG8iLCJkZXB0aCI6ImF1dG8iLCJwYWRkaW5nIjoiYXV0byIsInN0YXJ0VmVsb2NpdHkiOiJhdXRvIiwiZmxleGliaWxpdHkiOiJhdXRvIiwiZmxleGlibGVDb3JuZXIiOiJhdXRvIiwiYmVuZGluZyI6ImF1dG8iLCJ3aWR0aFRleGVscyI6ImF1dG8iLCJoZWlnaHRUZXhlbHMiOiJhdXRvIiwibWFzcyI6ImF1dG8iLCJzaGFwZSI6ImF1dG8ifSwicGFnZSI6eyJ3YXZlIjoiYXV0byIsImNvbG9yIjoiYXV0byIsInNpZGUiOiJhdXRvIiwic3RyZXRjaEltYWdlcyI6ImF1dG8iLCJkZXB0aCI6ImF1dG8iLCJzdGFydFZlbG9jaXR5IjoiYXV0byIsImZsZXhpYmlsaXR5IjoiYXV0byIsImZsZXhpYmxlQ29ybmVyIjoiYXV0byIsImJlbmRpbmciOiJhdXRvIiwid2lkdGhUZXhlbHMiOiJhdXRvIiwiaGVpZ2h0VGV4ZWxzIjoiYXV0byIsIm1hc3MiOiJhdXRvIiwic2hhcGUiOiJhdXRvIn0sImhlaWdodCI6ImF1dG8iLCJ3aWR0aCI6ImF1dG8iLCJncmF2aXR5IjoiYXV0byIsInBhZ2VzRm9yUHJlZGljdGluZyI6ImF1dG8ifSwiY29udHJvbFByb3BzIjp7ImFjdGlvbnMiOnsiY21kVG9jIjp7ImVuYWJsZWQiOiJhdXRvIiwiZW5hYmxlZEluTmFycm93IjoiYXV0byIsImFjdGl2ZSI6ImF1dG8iLCJkZWZhdWx0VGFiIjoiYXV0byJ9LCJjbWRBdXRvUGxheSI6eyJlbmFibGVkIjoiYXV0byIsImVuYWJsZWRJbk5hcnJvdyI6ImF1dG8iLCJhY3RpdmUiOiJhdXRvIn0sImNtZFNhdmUiOnsiZW5hYmxlZCI6ImF1dG8iLCJlbmFibGVkSW5OYXJyb3ciOiJhdXRvIn0sImNtZFByaW50Ijp7ImVuYWJsZWQiOiJhdXRvIiwiZW5hYmxlZEluTmFycm93IjoiYXV0byJ9LCJjbWRTaW5nbGVQYWdlIjp7ImVuYWJsZWQiOiJhdXRvIiwiZW5hYmxlZEluTmFycm93IjoiYXV0byIsImFjdGl2ZSI6ImF1dG8iLCJhY3RpdmVGb3JNb2JpbGUiOiJhdXRvIn0sIndpZFRvb2xiYXIiOnsiZW5hYmxlZCI6ImF1dG8iLCJlbmFibGVkSW5OYXJyb3ciOiJhdXRvIn19fSwiYXV0b1RodW1ibmFpbCI6Imh0dHBzOlwvXC93d3cubGVvcG9sZGF1ZXJhbG0uYXRcL3dwLWNvbnRlbnRcL3VwbG9hZHNcLzNkLWZsaXAtYm9va1wvYXV0by10aHVtYm5haWxzXC8yOTA1NS5wbmciLCJwb3N0X25hbWUiOiJoYWItZGljaC1saWViLXBha2V0IiwicG9zdF90eXBlIjoiM2QtZmxpcC1ib29rIn19LCJwYWdlcyI6W10sImZpcnN0UGFnZXMiOltdfQ==');window.FB3D_CLIENT_LOCALE && FB3D_CLIENT_LOCALE.render && FB3D_CLIENT_LOCALE.render();<\/script>\n","protected":false},"featured_media":26099,"template":"","meta":{"ocean_post_layout":"","ocean_both_sidebars_style":"","ocean_both_sidebars_content_width":0,"ocean_both_sidebars_sidebars_width":0,"ocean_sidebar":"0","ocean_second_sidebar":"0","ocean_disable_margins":"enable","ocean_add_body_class":"","ocean_shortcode_before_top_bar":"","ocean_shortcode_after_top_bar":"","ocean_shortcode_before_header":"","ocean_shortcode_after_header":"","ocean_has_shortcode":"","ocean_shortcode_after_title":"","ocean_shortcode_before_footer_widgets":"","ocean_shortcode_after_footer_widgets":"","ocean_shortcode_before_footer_bottom":"","ocean_shortcode_after_footer_bottom":"","ocean_display_top_bar":"default","ocean_display_header":"default","ocean_header_style":"","ocean_center_header_left_menu":"0","ocean_custom_header_template":"0","ocean_custom_logo":0,"ocean_custom_retina_logo":0,"ocean_custom_logo_max_width":0,"ocean_custom_logo_tablet_max_width":0,"ocean_custom_logo_mobile_max_width":0,"ocean_custom_logo_max_height":0,"ocean_custom_logo_tablet_max_height":0,"ocean_custom_logo_mobile_max_height":0,"ocean_header_custom_menu":"0","ocean_menu_typo_font_family":"0","ocean_menu_typo_font_subset":"","ocean_menu_typo_font_size":0,"ocean_menu_typo_font_size_tablet":0,"ocean_menu_typo_font_size_mobile":0,"ocean_menu_typo_font_size_unit":"px","ocean_menu_typo_font_weight":"","ocean_menu_typo_font_weight_tablet":"","ocean_menu_typo_font_weight_mobile":"","ocean_menu_typo_transform":"","ocean_menu_typo_transform_tablet":"","ocean_menu_typo_transform_mobile":"","ocean_menu_typo_line_height":0,"ocean_menu_typo_line_height_tablet":0,"ocean_menu_typo_line_height_mobile":0,"ocean_menu_typo_line_height_unit":"","ocean_menu_typo_spacing":0,"ocean_menu_typo_spacing_tablet":0,"ocean_menu_typo_spacing_mobile":0,"ocean_menu_typo_spacing_unit":"","ocean_menu_link_color":"","ocean_menu_link_color_hover":"","ocean_menu_link_color_active":"","ocean_menu_link_background":"","ocean_menu_link_hover_background":"","ocean_menu_link_active_background":"","ocean_menu_social_links_bg":"","ocean_menu_social_hover_links_bg":"","ocean_menu_social_links_color":"","ocean_menu_social_hover_links_color":"","ocean_disable_title":"default","ocean_disable_heading":"default","ocean_post_title":"","ocean_post_subheading":"","ocean_post_title_style":"","ocean_post_title_background_color":"","ocean_post_title_background":0,"ocean_post_title_bg_image_position":"","ocean_post_title_bg_image_attachment":"","ocean_post_title_bg_image_repeat":"","ocean_post_title_bg_image_size":"","ocean_post_title_height":0,"ocean_post_title_bg_overlay":0.5,"ocean_post_title_bg_overlay_color":"","ocean_disable_breadcrumbs":"default","ocean_breadcrumbs_color":"","ocean_breadcrumbs_separator_color":"","ocean_breadcrumbs_links_color":"","ocean_breadcrumbs_links_hover_color":"","ocean_display_footer_widgets":"default","ocean_display_footer_bottom":"default","ocean_custom_footer_template":"0","osh_disable_topbar_sticky":"default","osh_disable_header_sticky":"default","osh_sticky_header_style":"default","osh_sticky_header_effect":"","osh_custom_sticky_logo":0,"osh_custom_retina_sticky_logo":0,"osh_custom_sticky_logo_height":0,"osh_background_color":"","osh_links_color":"","osh_links_hover_color":"","osh_links_active_color":"","osh_links_bg_color":"","osh_links_hover_bg_color":"","osh_links_active_bg_color":"","osh_menu_social_links_color":"","osh_menu_social_hover_links_color":""},"product_brand":[],"product_cat":[512],"product_tag":[610,611,612,609],"class_list":{"0":"post-26093","1":"product","2":"type-product","3":"status-publish","4":"has-post-thumbnail","6":"product_cat-evento","7":"product_tag-magia-de-la-cabana-alpina","8":"product_tag-romantico","9":"product_tag-amor","10":"product_tag-te-quiero","11":"product_shipping_class-solo-en-alm","13":"entry","14":"has-media","15":"wcpa_has_options","17":"first","18":"instock","19":"taxable","20":"shipping-taxable","21":"purchasable","22":"product-type-simple","23":"has-product-nav","24":"col","25":"span_1_of_3","26":"owp-content-center","27":"owp-thumbs-layout-horizontal","28":"owp-btn-normal","29":"owp-tabs-layout-horizontal"},"group_of_quantity":0,"min_quantity":0,"max_quantity":"","exclude_order_quantity_value_rules":"no","exclude_category_quantity_rules":"no","combine_variations":"no","yoast_head":"<!-- This site is optimized with the Yoast SEO plugin v27.2 - https:\/\/yoast.com\/product\/yoast-seo-wordpress\/ -->\n<title>Paquete de magia de caba\u00f1a alpina &quot;Te quiero&quot; XXL Restaurant Leopoldauer Alm<\/title>\n<meta name=\"robots\" content=\"index, follow, max-snippet:-1, max-image-preview:large, max-video-preview:-1\" \/>\n<link rel=\"canonical\" href=\"https:\/\/www.leopoldaueralm.at\/es\/shop\/paquete-de-magia-de-cabana-alpina-te-quiero\/\" \/>\n<meta property=\"og:locale\" content=\"es_ES\" \/>\n<meta property=\"og:type\" content=\"article\" \/>\n<meta property=\"og:title\" content=\"Paquete de magia de caba\u00f1a alpina &quot;Te quiero&quot; XXL Restaurant Leopoldauer Alm\" \/>\n<meta property=\"og:description\" content=\"para 2 personas \u00a12026 ser\u00e1 vuestro y nuestro a\u00f1o, queridos clientes! A partir de enero, nuestra cena &quot;Te quiero&quot; para 2 y para cualquier ocasi\u00f3n \u2764\ufe0f De lunes a viernes de 11:00 a 20:30 (excepto festivos) &quot;Te quiero&quot;, nuestra nueva magia de caba\u00f1a alpina, el paquete ideal para enamorados recientes y veteranos, \u00a1ideal para el d\u00eda de la boda, el aniversario o cualquier otra ocasi\u00f3n para dos! \u00a1Os espera una preciosa mesa festivamente decorada a la luz de las velas! \u00a1Todas las bebidas como vino, cerveza, refrescos, caf\u00e9, Hugo, Aperol, etc., incluido el recibimiento con Frizzante para vosotros! \u00a1Y un men\u00fa de 3 platos a vuestra elecci\u00f3n!  Almh\u00fctten Zauber Precio por persona: 69,00 \u20ac\" \/>\n<meta property=\"og:url\" content=\"https:\/\/www.leopoldaueralm.at\/es\/shop\/paquete-de-magia-de-cabana-alpina-te-quiero\/\" \/>\n<meta property=\"og:site_name\" content=\"XXL Restaurant Leopoldauer Alm\" \/>\n<meta property=\"article:publisher\" content=\"https:\/\/www.facebook.com\/LeopoldauerAlm\" \/>\n<meta property=\"article:modified_time\" content=\"2026-01-23T11:53:00+00:00\" \/>\n<meta property=\"og:image\" content=\"https:\/\/www.leopoldaueralm.at\/wp-content\/uploads\/2024\/01\/hab_dich_lieb_menu_Jan_2025.jpg\" \/>\n\t<meta property=\"og:image:width\" content=\"1200\" \/>\n\t<meta property=\"og:image:height\" content=\"848\" \/>\n\t<meta property=\"og:image:type\" content=\"image\/jpeg\" \/>\n<meta name=\"twitter:card\" content=\"summary_large_image\" \/>\n<meta name=\"twitter:label1\" content=\"Tiempo de lectura\" \/>\n\t<meta name=\"twitter:data1\" content=\"1 minuto\" \/>\n<script type=\"application\/ld+json\" class=\"yoast-schema-graph\">{\"@context\":\"https:\/\/schema.org\",\"@graph\":[{\"@type\":\"WebPage\",\"@id\":\"https:\/\/www.leopoldaueralm.at\/es\/shop\/paquete-de-magia-de-cabana-alpina-te-quiero\/\",\"url\":\"https:\/\/www.leopoldaueralm.at\/es\/shop\/paquete-de-magia-de-cabana-alpina-te-quiero\/\",\"name\":\"Paquete de magia de caba\u00f1a alpina \\\"Te quiero\\\" XXL Restaurant Leopoldauer Alm\",\"isPartOf\":{\"@id\":\"https:\/\/www.leopoldaueralm.at\/es\/#website\"},\"primaryImageOfPage\":{\"@id\":\"https:\/\/www.leopoldaueralm.at\/es\/shop\/paquete-de-magia-de-cabana-alpina-te-quiero\/#primaryimage\"},\"image\":{\"@id\":\"https:\/\/www.leopoldaueralm.at\/es\/shop\/paquete-de-magia-de-cabana-alpina-te-quiero\/#primaryimage\"},\"thumbnailUrl\":\"https:\/\/www.leopoldaueralm.at\/wp-content\/uploads\/2024\/01\/hab_dich_lieb_menu_Jan_2025.jpg\",\"datePublished\":\"2023-12-29T07:39:33+00:00\",\"dateModified\":\"2026-01-23T11:53:00+00:00\",\"breadcrumb\":{\"@id\":\"https:\/\/www.leopoldaueralm.at\/es\/shop\/paquete-de-magia-de-cabana-alpina-te-quiero\/#breadcrumb\"},\"inLanguage\":\"es\",\"potentialAction\":[{\"@type\":\"ReadAction\",\"target\":[\"https:\/\/www.leopoldaueralm.at\/es\/shop\/paquete-de-magia-de-cabana-alpina-te-quiero\/\"]}]},{\"@type\":\"ImageObject\",\"inLanguage\":\"es\",\"@id\":\"https:\/\/www.leopoldaueralm.at\/es\/shop\/paquete-de-magia-de-cabana-alpina-te-quiero\/#primaryimage\",\"url\":\"https:\/\/www.leopoldaueralm.at\/wp-content\/uploads\/2024\/01\/hab_dich_lieb_menu_Jan_2025.jpg\",\"contentUrl\":\"https:\/\/www.leopoldaueralm.at\/wp-content\/uploads\/2024\/01\/hab_dich_lieb_menu_Jan_2025.jpg\",\"width\":1200,\"height\":848},{\"@type\":\"BreadcrumbList\",\"@id\":\"https:\/\/www.leopoldaueralm.at\/es\/shop\/paquete-de-magia-de-cabana-alpina-te-quiero\/#breadcrumb\",\"itemListElement\":[{\"@type\":\"ListItem\",\"position\":1,\"name\":\"Startseite\",\"item\":\"https:\/\/www.leopoldaueralm.at\/es\/pagina-de-inicio\/\"},{\"@type\":\"ListItem\",\"position\":2,\"name\":\"Tienda\",\"item\":\"https:\/\/www.leopoldaueralm.at\/es\/tienda\/\"},{\"@type\":\"ListItem\",\"position\":3,\"name\":\"Evento\",\"item\":\"https:\/\/www.leopoldaueralm.at\/es\/product-category\/evento\/\"},{\"@type\":\"ListItem\",\"position\":4,\"name\":\"Paquete de magia de caba\u00f1a alpina \u00abTe quiero\u00bb\"}]},{\"@type\":\"WebSite\",\"@id\":\"https:\/\/www.leopoldaueralm.at\/es\/#website\",\"url\":\"https:\/\/www.leopoldaueralm.at\/es\/\",\"name\":\"XXL Restaurant Leopoldauer Alm\",\"description\":\"Das XXL Restaurant in Wien\",\"publisher\":{\"@id\":\"https:\/\/www.leopoldaueralm.at\/es\/#organization\"},\"potentialAction\":[{\"@type\":\"SearchAction\",\"target\":{\"@type\":\"EntryPoint\",\"urlTemplate\":\"https:\/\/www.leopoldaueralm.at\/es\/?s={search_term_string}\"},\"query-input\":{\"@type\":\"PropertyValueSpecification\",\"valueRequired\":true,\"valueName\":\"search_term_string\"}}],\"inLanguage\":\"es\"},{\"@type\":\"Organization\",\"@id\":\"https:\/\/www.leopoldaueralm.at\/es\/#organization\",\"name\":\"XXL Restaurant Leopoldauer Alm\",\"url\":\"https:\/\/www.leopoldaueralm.at\/es\/\",\"logo\":{\"@type\":\"ImageObject\",\"inLanguage\":\"es\",\"@id\":\"https:\/\/www.leopoldaueralm.at\/es\/#\/schema\/logo\/image\/\",\"url\":\"https:\/\/www.leopoldaueralm.at\/wp-content\/uploads\/2019\/12\/leo-logo.png\",\"contentUrl\":\"https:\/\/www.leopoldaueralm.at\/wp-content\/uploads\/2019\/12\/leo-logo.png\",\"width\":250,\"height\":250,\"caption\":\"XXL Restaurant Leopoldauer Alm\"},\"image\":{\"@id\":\"https:\/\/www.leopoldaueralm.at\/es\/#\/schema\/logo\/image\/\"},\"sameAs\":[\"https:\/\/www.facebook.com\/LeopoldauerAlm\"]}]}<\/script>\n<!-- \/ Yoast SEO plugin. -->","yoast_head_json":{"title":"Paquete de magia de caba\u00f1a alpina \"Te quiero\" XXL Restaurant Leopoldauer Alm","robots":{"index":"index","follow":"follow","max-snippet":"max-snippet:-1","max-image-preview":"max-image-preview:large","max-video-preview":"max-video-preview:-1"},"canonical":"https:\/\/www.leopoldaueralm.at\/es\/shop\/paquete-de-magia-de-cabana-alpina-te-quiero\/","og_locale":"es_ES","og_type":"article","og_title":"Paquete de magia de caba\u00f1a alpina \"Te quiero\" XXL Restaurant Leopoldauer Alm","og_description":"para 2 personas \u00a12026 ser\u00e1 vuestro y nuestro a\u00f1o, queridos clientes! A partir de enero, nuestra cena \"Te quiero\" para 2 y para cualquier ocasi\u00f3n \u2764\ufe0f De lunes a viernes de 11:00 a 20:30 (excepto festivos) \"Te quiero\", nuestra nueva magia de caba\u00f1a alpina, el paquete ideal para enamorados recientes y veteranos, \u00a1ideal para el d\u00eda de la boda, el aniversario o cualquier otra ocasi\u00f3n para dos! \u00a1Os espera una preciosa mesa festivamente decorada a la luz de las velas! \u00a1Todas las bebidas como vino, cerveza, refrescos, caf\u00e9, Hugo, Aperol, etc., incluido el recibimiento con Frizzante para vosotros! \u00a1Y un men\u00fa de 3 platos a vuestra elecci\u00f3n!  Almh\u00fctten Zauber Precio por persona: 69,00 \u20ac","og_url":"https:\/\/www.leopoldaueralm.at\/es\/shop\/paquete-de-magia-de-cabana-alpina-te-quiero\/","og_site_name":"XXL Restaurant Leopoldauer Alm","article_publisher":"https:\/\/www.facebook.com\/LeopoldauerAlm","article_modified_time":"2026-01-23T11:53:00+00:00","og_image":[{"width":1200,"height":848,"url":"https:\/\/www.leopoldaueralm.at\/wp-content\/uploads\/2024\/01\/hab_dich_lieb_menu_Jan_2025.jpg","type":"image\/jpeg"}],"twitter_card":"summary_large_image","twitter_misc":{"Tiempo de lectura":"1 minuto"},"schema":{"@context":"https:\/\/schema.org","@graph":[{"@type":"WebPage","@id":"https:\/\/www.leopoldaueralm.at\/es\/shop\/paquete-de-magia-de-cabana-alpina-te-quiero\/","url":"https:\/\/www.leopoldaueralm.at\/es\/shop\/paquete-de-magia-de-cabana-alpina-te-quiero\/","name":"Paquete de magia de caba\u00f1a alpina \"Te quiero\" XXL Restaurant Leopoldauer Alm","isPartOf":{"@id":"https:\/\/www.leopoldaueralm.at\/es\/#website"},"primaryImageOfPage":{"@id":"https:\/\/www.leopoldaueralm.at\/es\/shop\/paquete-de-magia-de-cabana-alpina-te-quiero\/#primaryimage"},"image":{"@id":"https:\/\/www.leopoldaueralm.at\/es\/shop\/paquete-de-magia-de-cabana-alpina-te-quiero\/#primaryimage"},"thumbnailUrl":"https:\/\/www.leopoldaueralm.at\/wp-content\/uploads\/2024\/01\/hab_dich_lieb_menu_Jan_2025.jpg","datePublished":"2023-12-29T07:39:33+00:00","dateModified":"2026-01-23T11:53:00+00:00","breadcrumb":{"@id":"https:\/\/www.leopoldaueralm.at\/es\/shop\/paquete-de-magia-de-cabana-alpina-te-quiero\/#breadcrumb"},"inLanguage":"es","potentialAction":[{"@type":"ReadAction","target":["https:\/\/www.leopoldaueralm.at\/es\/shop\/paquete-de-magia-de-cabana-alpina-te-quiero\/"]}]},{"@type":"ImageObject","inLanguage":"es","@id":"https:\/\/www.leopoldaueralm.at\/es\/shop\/paquete-de-magia-de-cabana-alpina-te-quiero\/#primaryimage","url":"https:\/\/www.leopoldaueralm.at\/wp-content\/uploads\/2024\/01\/hab_dich_lieb_menu_Jan_2025.jpg","contentUrl":"https:\/\/www.leopoldaueralm.at\/wp-content\/uploads\/2024\/01\/hab_dich_lieb_menu_Jan_2025.jpg","width":1200,"height":848},{"@type":"BreadcrumbList","@id":"https:\/\/www.leopoldaueralm.at\/es\/shop\/paquete-de-magia-de-cabana-alpina-te-quiero\/#breadcrumb","itemListElement":[{"@type":"ListItem","position":1,"name":"Startseite","item":"https:\/\/www.leopoldaueralm.at\/es\/pagina-de-inicio\/"},{"@type":"ListItem","position":2,"name":"Tienda","item":"https:\/\/www.leopoldaueralm.at\/es\/tienda\/"},{"@type":"ListItem","position":3,"name":"Evento","item":"https:\/\/www.leopoldaueralm.at\/es\/product-category\/evento\/"},{"@type":"ListItem","position":4,"name":"Paquete de magia de caba\u00f1a alpina \u00abTe quiero\u00bb"}]},{"@type":"WebSite","@id":"https:\/\/www.leopoldaueralm.at\/es\/#website","url":"https:\/\/www.leopoldaueralm.at\/es\/","name":"XXL Restaurant Leopoldauer Alm","description":"Das XXL Restaurant in Wien","publisher":{"@id":"https:\/\/www.leopoldaueralm.at\/es\/#organization"},"potentialAction":[{"@type":"SearchAction","target":{"@type":"EntryPoint","urlTemplate":"https:\/\/www.leopoldaueralm.at\/es\/?s={search_term_string}"},"query-input":{"@type":"PropertyValueSpecification","valueRequired":true,"valueName":"search_term_string"}}],"inLanguage":"es"},{"@type":"Organization","@id":"https:\/\/www.leopoldaueralm.at\/es\/#organization","name":"XXL Restaurant Leopoldauer Alm","url":"https:\/\/www.leopoldaueralm.at\/es\/","logo":{"@type":"ImageObject","inLanguage":"es","@id":"https:\/\/www.leopoldaueralm.at\/es\/#\/schema\/logo\/image\/","url":"https:\/\/www.leopoldaueralm.at\/wp-content\/uploads\/2019\/12\/leo-logo.png","contentUrl":"https:\/\/www.leopoldaueralm.at\/wp-content\/uploads\/2019\/12\/leo-logo.png","width":250,"height":250,"caption":"XXL Restaurant Leopoldauer Alm"},"image":{"@id":"https:\/\/www.leopoldaueralm.at\/es\/#\/schema\/logo\/image\/"},"sameAs":["https:\/\/www.facebook.com\/LeopoldauerAlm"]}]}},"wcpa_form_fields":null,"_links":{"self":[{"href":"https:\/\/www.leopoldaueralm.at\/es\/wp-json\/wp\/v2\/product\/26093","targetHints":{"allow":["GET"]}}],"collection":[{"href":"https:\/\/www.leopoldaueralm.at\/es\/wp-json\/wp\/v2\/product"}],"about":[{"href":"https:\/\/www.leopoldaueralm.at\/es\/wp-json\/wp\/v2\/types\/product"}],"wp:featuredmedia":[{"embeddable":true,"href":"https:\/\/www.leopoldaueralm.at\/es\/wp-json\/wp\/v2\/media\/26099"}],"wp:attachment":[{"href":"https:\/\/www.leopoldaueralm.at\/es\/wp-json\/wp\/v2\/media?parent=26093"}],"wp:term":[{"taxonomy":"product_brand","embeddable":true,"href":"https:\/\/www.leopoldaueralm.at\/es\/wp-json\/wp\/v2\/product_brand?post=26093"},{"taxonomy":"product_cat","embeddable":true,"href":"https:\/\/www.leopoldaueralm.at\/es\/wp-json\/wp\/v2\/product_cat?post=26093"},{"taxonomy":"product_tag","embeddable":true,"href":"https:\/\/www.leopoldaueralm.at\/es\/wp-json\/wp\/v2\/product_tag?post=26093"}],"curies":[{"name":"wp","href":"https:\/\/api.w.org\/{rel}","templated":true}]}}