{"id":26125,"date":"2024-01-15T14:38:31","date_gmt":"2024-01-15T13:38:31","guid":{"rendered":"https:\/\/www.leopoldaueralm.at\/shop\/paquete-de-feliz-cumpleanos\/"},"modified":"2026-02-20T11:34:10","modified_gmt":"2026-02-20T10:34:10","slug":"paquete-de-feliz-cumpleanos","status":"publish","type":"product","link":"https:\/\/www.leopoldaueralm.at\/es\/shop\/paquete-de-feliz-cumpleanos\/","title":{"rendered":"Paquete de feliz cumplea\u00f1os"},"content":{"rendered":"<p><strong><u>Aperitivos:<\/u><\/strong><\/p>\n<ul>\n<li>Sopa de crema de ajo<\/li>\n<li>Sopa de Frittaten<\/li>\n<li>Peque\u00f1o tartar de ternera con pan blanco tostado y huevo de codorniz frito<\/li>\n<\/ul>\n<p>&nbsp;<\/p>\n<p><strong><u>Platos principales:<\/u><\/strong><\/p>\n<ul>\n<li>Escalope vien\u00e9s de ternera con guarnici\u00f3n a elegir<\/li>\n<li>Escalope vien\u00e9s de cerdo con guarnici\u00f3n a elegir<\/li>\n<li>Cordon Bleu de cerdo con guarnici\u00f3n a elegir<\/li>\n<li>Escalope de pollo con guarnici\u00f3n a elegir<\/li>\n<li>Asado de cerdo con chucrut y alb\u00f3ndigas<\/li>\n<li>Rosbif a la jardinera con patatas asadas y cebolla frita<\/li>\n<li>Goulash Alm de ternera con alb\u00f3ndigas<\/li>\n<li>Hamburguesa Dirndl con pan casero y 200 g de carne Angus, cheddar, bacon, patatas fritas, aros de cebolla<\/li>\n<li>Costillas peque\u00f1as con gajos, salsas y cebolla<\/li>\n<li>Platija frita con ensalada de patata<\/li>\n<li>Ensalada Backhendl con filetes frescos de pechuga de pollo rebozados crujientes con semillas de calabaza sobre ensalada de patata con aderezo de aceite de semilla de cebolla<\/li>\n<li>K\u00e4sesp\u00e4tzle con ensalada mixta Opcionalmente tambi\u00e9n con bacon<\/li>\n<\/ul>\n<p>&nbsp;<\/p>\n<p><strong><u>Postre:  <\/u><\/strong><\/p>\n<ul>\n<li>Pastel de chocolate XL \u00abHab di lieb\u00bb con vela (2-3 personas)<\/li>\n<\/ul>\n<p>o<\/p>\n<ul>\n<li style=\"font-weight: 400;\">Kaiserschmarren para 4 personas servido en sart\u00e9n con compota de manzana y ciruelas<\/li>\n<\/ul>\n","protected":false},"excerpt":{"rendered":"<p><strong>\u00a1Reservable a partir de 4 personas!<\/strong><\/p>\n<div><strong>PRECIOS NI\u00d1OS:<\/strong><\/div>\n<div><\/div>\n<div><span style=\"color: #ff0000;\"><strong>0 &#8211; 3 a\u00f1os GRATIS<\/strong><\/span><\/div>\n<div><span style=\"color: #ff0000;\"><strong>3 &#8211; 6 a\u00f1os 35,00 \u20ac por ni\u00f1o<\/strong><\/span><\/div>\n<div><span style=\"color: #ff0000;\"><strong>A partir de 7 a\u00f1os 69 \u20ac por ni\u00f1o\/a<\/strong><\/span><\/div>\n<p>El n\u00famero final de personas debe comunicarse al menos 5 d\u00edas h\u00e1biles antes de la reserva. \u00a1Se facturar\u00e1 seg\u00fan este n\u00famero de personas! \u00a1Gracias por su comprensi\u00f3n! <\/p>\n<p>Celebra tu cumplea\u00f1os con nosotros a partir de 4 personas y recibir\u00e1s de nosotros:<\/p>\n<p>Un Frizzante o Pfiff \u201eBier\u201c de bienvenida para ti y tus invitados, 3 horas todas las bebidas abiertas como cerveza, vino, Frizzante, Hugo, Aperol, caf\u00e9, sin alcohol, etc.<\/p>\n<p>Men\u00fa de 3 platos a tu elecci\u00f3n (ver carta)<\/p>\n<p>Mesa de cumplea\u00f1os festivamente decorada, como postre pastel de chocolate XL o Kaiserschmarren para 4.<\/p>\n<p>Adem\u00e1s, te regalamos <strong>4000 Edelwei\u00df en tu cuenta de puntos<\/strong> de nuestra app Alm y un <strong>vale de 20 \u20ac<\/strong> de Alm para tu pr\u00f3xima visita.<\/p>\n<p><strong>A partir de una reserva de 20 personas, te regalamos incluso <\/strong><strong>TU PAQUETE de cumplea\u00f1os por valor de 69,00 \u20ac* <\/strong>(el cumplea\u00f1ero\/a entra GRATIS, por valor de 69,00 \u20ac)<\/p>\n<p><strong>69,00 \u20ac por persona <\/strong>(se aceptan pedidos <strong>a partir de 4 personas<\/strong>)<\/p>\n<p>&nbsp;<\/p>\n<p>*V\u00e1lido para 15 adultos de pago: 69,00 \u20ac<\/p>\n","protected":false},"featured_media":28635,"template":"","meta":{"ocean_post_layout":"","ocean_both_sidebars_style":"","ocean_both_sidebars_content_width":0,"ocean_both_sidebars_sidebars_width":0,"ocean_sidebar":"0","ocean_second_sidebar":"0","ocean_disable_margins":"enable","ocean_add_body_class":"","ocean_shortcode_before_top_bar":"","ocean_shortcode_after_top_bar":"","ocean_shortcode_before_header":"","ocean_shortcode_after_header":"","ocean_has_shortcode":"","ocean_shortcode_after_title":"","ocean_shortcode_before_footer_widgets":"","ocean_shortcode_after_footer_widgets":"","ocean_shortcode_before_footer_bottom":"","ocean_shortcode_after_footer_bottom":"","ocean_display_top_bar":"default","ocean_display_header":"default","ocean_header_style":"","ocean_center_header_left_menu":"0","ocean_custom_header_template":"0","ocean_custom_logo":0,"ocean_custom_retina_logo":0,"ocean_custom_logo_max_width":0,"ocean_custom_logo_tablet_max_width":0,"ocean_custom_logo_mobile_max_width":0,"ocean_custom_logo_max_height":0,"ocean_custom_logo_tablet_max_height":0,"ocean_custom_logo_mobile_max_height":0,"ocean_header_custom_menu":"0","ocean_menu_typo_font_family":"0","ocean_menu_typo_font_subset":"","ocean_menu_typo_font_size":0,"ocean_menu_typo_font_size_tablet":0,"ocean_menu_typo_font_size_mobile":0,"ocean_menu_typo_font_size_unit":"px","ocean_menu_typo_font_weight":"","ocean_menu_typo_font_weight_tablet":"","ocean_menu_typo_font_weight_mobile":"","ocean_menu_typo_transform":"","ocean_menu_typo_transform_tablet":"","ocean_menu_typo_transform_mobile":"","ocean_menu_typo_line_height":0,"ocean_menu_typo_line_height_tablet":0,"ocean_menu_typo_line_height_mobile":0,"ocean_menu_typo_line_height_unit":"","ocean_menu_typo_spacing":0,"ocean_menu_typo_spacing_tablet":0,"ocean_menu_typo_spacing_mobile":0,"ocean_menu_typo_spacing_unit":"","ocean_menu_link_color":"","ocean_menu_link_color_hover":"","ocean_menu_link_color_active":"","ocean_menu_link_background":"","ocean_menu_link_hover_background":"","ocean_menu_link_active_background":"","ocean_menu_social_links_bg":"","ocean_menu_social_hover_links_bg":"","ocean_menu_social_links_color":"","ocean_menu_social_hover_links_color":"","ocean_disable_title":"default","ocean_disable_heading":"default","ocean_post_title":"","ocean_post_subheading":"","ocean_post_title_style":"","ocean_post_title_background_color":"","ocean_post_title_background":0,"ocean_post_title_bg_image_position":"","ocean_post_title_bg_image_attachment":"","ocean_post_title_bg_image_repeat":"","ocean_post_title_bg_image_size":"","ocean_post_title_height":0,"ocean_post_title_bg_overlay":0.5,"ocean_post_title_bg_overlay_color":"","ocean_disable_breadcrumbs":"default","ocean_breadcrumbs_color":"","ocean_breadcrumbs_separator_color":"","ocean_breadcrumbs_links_color":"","ocean_breadcrumbs_links_hover_color":"","ocean_display_footer_widgets":"default","ocean_display_footer_bottom":"default","ocean_custom_footer_template":"0","osh_disable_topbar_sticky":"default","osh_disable_header_sticky":"default","osh_sticky_header_style":"default","osh_sticky_header_effect":"","osh_custom_sticky_logo":0,"osh_custom_retina_sticky_logo":0,"osh_custom_sticky_logo_height":0,"osh_background_color":"","osh_links_color":"","osh_links_hover_color":"","osh_links_active_color":"","osh_links_bg_color":"","osh_links_hover_bg_color":"","osh_links_active_bg_color":"","osh_menu_social_links_color":"","osh_menu_social_hover_links_color":""},"product_brand":[],"product_cat":[512],"product_tag":[625,626,627],"class_list":{"0":"post-26125","1":"product","2":"type-product","3":"status-publish","4":"has-post-thumbnail","6":"product_cat-evento","7":"product_tag-cumpleanos","8":"product_tag-feliz-cumpleanos","9":"product_tag-celebracion","10":"product_shipping_class-solo-en-alm","12":"entry","13":"has-media","14":"wcpa_has_options","16":"first","17":"instock","18":"taxable","19":"shipping-taxable","20":"purchasable","21":"product-type-variable","22":"has-product-nav","23":"col","24":"span_1_of_3","25":"owp-content-center","26":"owp-thumbs-layout-horizontal","27":"owp-btn-normal","28":"owp-tabs-layout-horizontal"},"group_of_quantity":0,"min_quantity":0,"max_quantity":"","exclude_order_quantity_value_rules":"no","exclude_category_quantity_rules":"no","combine_variations":"no","yoast_head":"<!-- This site is optimized with the Yoast SEO plugin v27.2 - https:\/\/yoast.com\/product\/yoast-seo-wordpress\/ -->\n<title>Paquete de feliz cumplea\u00f1os XXL Restaurant Leopoldauer Alm<\/title>\n<meta name=\"robots\" content=\"index, follow, max-snippet:-1, max-image-preview:large, max-video-preview:-1\" \/>\n<link rel=\"canonical\" href=\"https:\/\/www.leopoldaueralm.at\/es\/shop\/paquete-de-feliz-cumpleanos\/\" \/>\n<meta property=\"og:locale\" content=\"es_ES\" \/>\n<meta property=\"og:type\" content=\"article\" \/>\n<meta property=\"og:title\" content=\"Paquete de feliz cumplea\u00f1os XXL Restaurant Leopoldauer Alm\" \/>\n<meta property=\"og:description\" content=\"\u00a1Reservable a partir de 4 personas! PRECIOS NI\u00d1OS: 0 - 3 a\u00f1os GRATIS 3 - 6 a\u00f1os 35,00 \u20ac por ni\u00f1o A partir de 7 a\u00f1os 69 \u20ac por ni\u00f1o\/a El n\u00famero final de personas debe comunicarse al menos 5 d\u00edas h\u00e1biles antes de la reserva. \u00a1Se facturar\u00e1 seg\u00fan este n\u00famero de personas! \u00a1Gracias por su comprensi\u00f3n!  Celebra tu cumplea\u00f1os con nosotros a partir de 4 personas y recibir\u00e1s de nosotros: Un Frizzante o Pfiff \u201eBier\u201c de bienvenida para ti y tus invitados, 3 horas todas las bebidas abiertas como cerveza, vino, Frizzante, Hugo, Aperol, caf\u00e9, sin alcohol, etc. Men\u00fa de 3 platos a tu elecci\u00f3n (ver carta) Mesa de cumplea\u00f1os festivamente decorada, como postre pastel de chocolate XL o Kaiserschmarren para 4. Adem\u00e1s, te regalamos 4000 Edelwei\u00df en tu cuenta de puntos de nuestra app Alm y un vale de 20 \u20ac de Alm para tu pr\u00f3xima visita. A partir de una reserva de 20 personas, te regalamos incluso TU PAQUETE de cumplea\u00f1os por valor de 69,00 \u20ac* (el cumplea\u00f1ero\/a entra GRATIS, por valor de 69,00 \u20ac) 69,00 \u20ac por persona (se aceptan pedidos a partir de 4 personas) &nbsp; *V\u00e1lido para 15 adultos de pago: 69,00 \u20ac\" \/>\n<meta property=\"og:url\" content=\"https:\/\/www.leopoldaueralm.at\/es\/shop\/paquete-de-feliz-cumpleanos\/\" \/>\n<meta property=\"og:site_name\" content=\"XXL Restaurant Leopoldauer Alm\" \/>\n<meta property=\"article:publisher\" content=\"https:\/\/www.facebook.com\/LeopoldauerAlm\" \/>\n<meta property=\"article:modified_time\" content=\"2026-02-20T10:34:10+00:00\" \/>\n<meta property=\"og:image\" content=\"https:\/\/www.leopoldaueralm.at\/wp-content\/uploads\/2024\/01\/NEU_2026_Jan_birthday_flyer_Final-web.jpg\" \/>\n\t<meta property=\"og:image:width\" content=\"902\" \/>\n\t<meta property=\"og:image:height\" content=\"1280\" \/>\n\t<meta property=\"og:image:type\" content=\"image\/jpeg\" \/>\n<meta name=\"twitter:card\" content=\"summary_large_image\" \/>\n<meta name=\"twitter:label1\" content=\"Tiempo de lectura\" \/>\n\t<meta name=\"twitter:data1\" content=\"1 minuto\" \/>\n<script type=\"application\/ld+json\" class=\"yoast-schema-graph\">{\"@context\":\"https:\/\/schema.org\",\"@graph\":[{\"@type\":\"WebPage\",\"@id\":\"https:\/\/www.leopoldaueralm.at\/es\/shop\/paquete-de-feliz-cumpleanos\/\",\"url\":\"https:\/\/www.leopoldaueralm.at\/es\/shop\/paquete-de-feliz-cumpleanos\/\",\"name\":\"Paquete de feliz cumplea\u00f1os XXL Restaurant Leopoldauer Alm\",\"isPartOf\":{\"@id\":\"https:\/\/www.leopoldaueralm.at\/es\/#website\"},\"primaryImageOfPage\":{\"@id\":\"https:\/\/www.leopoldaueralm.at\/es\/shop\/paquete-de-feliz-cumpleanos\/#primaryimage\"},\"image\":{\"@id\":\"https:\/\/www.leopoldaueralm.at\/es\/shop\/paquete-de-feliz-cumpleanos\/#primaryimage\"},\"thumbnailUrl\":\"https:\/\/www.leopoldaueralm.at\/wp-content\/uploads\/2024\/01\/NEU_2026_Jan_birthday_flyer_Final-web.jpg\",\"datePublished\":\"2024-01-15T13:38:31+00:00\",\"dateModified\":\"2026-02-20T10:34:10+00:00\",\"breadcrumb\":{\"@id\":\"https:\/\/www.leopoldaueralm.at\/es\/shop\/paquete-de-feliz-cumpleanos\/#breadcrumb\"},\"inLanguage\":\"es\",\"potentialAction\":[{\"@type\":\"ReadAction\",\"target\":[\"https:\/\/www.leopoldaueralm.at\/es\/shop\/paquete-de-feliz-cumpleanos\/\"]}]},{\"@type\":\"ImageObject\",\"inLanguage\":\"es\",\"@id\":\"https:\/\/www.leopoldaueralm.at\/es\/shop\/paquete-de-feliz-cumpleanos\/#primaryimage\",\"url\":\"https:\/\/www.leopoldaueralm.at\/wp-content\/uploads\/2024\/01\/NEU_2026_Jan_birthday_flyer_Final-web.jpg\",\"contentUrl\":\"https:\/\/www.leopoldaueralm.at\/wp-content\/uploads\/2024\/01\/NEU_2026_Jan_birthday_flyer_Final-web.jpg\",\"width\":902,\"height\":1280},{\"@type\":\"BreadcrumbList\",\"@id\":\"https:\/\/www.leopoldaueralm.at\/es\/shop\/paquete-de-feliz-cumpleanos\/#breadcrumb\",\"itemListElement\":[{\"@type\":\"ListItem\",\"position\":1,\"name\":\"Startseite\",\"item\":\"https:\/\/www.leopoldaueralm.at\/es\/pagina-de-inicio\/\"},{\"@type\":\"ListItem\",\"position\":2,\"name\":\"Tienda\",\"item\":\"https:\/\/www.leopoldaueralm.at\/es\/tienda\/\"},{\"@type\":\"ListItem\",\"position\":3,\"name\":\"Evento\",\"item\":\"https:\/\/www.leopoldaueralm.at\/es\/product-category\/evento\/\"},{\"@type\":\"ListItem\",\"position\":4,\"name\":\"Paquete de feliz cumplea\u00f1os\"}]},{\"@type\":\"WebSite\",\"@id\":\"https:\/\/www.leopoldaueralm.at\/es\/#website\",\"url\":\"https:\/\/www.leopoldaueralm.at\/es\/\",\"name\":\"XXL Restaurant Leopoldauer Alm\",\"description\":\"Das XXL Restaurant in Wien\",\"publisher\":{\"@id\":\"https:\/\/www.leopoldaueralm.at\/es\/#organization\"},\"potentialAction\":[{\"@type\":\"SearchAction\",\"target\":{\"@type\":\"EntryPoint\",\"urlTemplate\":\"https:\/\/www.leopoldaueralm.at\/es\/?s={search_term_string}\"},\"query-input\":{\"@type\":\"PropertyValueSpecification\",\"valueRequired\":true,\"valueName\":\"search_term_string\"}}],\"inLanguage\":\"es\"},{\"@type\":\"Organization\",\"@id\":\"https:\/\/www.leopoldaueralm.at\/es\/#organization\",\"name\":\"XXL Restaurant Leopoldauer Alm\",\"url\":\"https:\/\/www.leopoldaueralm.at\/es\/\",\"logo\":{\"@type\":\"ImageObject\",\"inLanguage\":\"es\",\"@id\":\"https:\/\/www.leopoldaueralm.at\/es\/#\/schema\/logo\/image\/\",\"url\":\"https:\/\/www.leopoldaueralm.at\/wp-content\/uploads\/2019\/12\/leo-logo.png\",\"contentUrl\":\"https:\/\/www.leopoldaueralm.at\/wp-content\/uploads\/2019\/12\/leo-logo.png\",\"width\":250,\"height\":250,\"caption\":\"XXL Restaurant Leopoldauer Alm\"},\"image\":{\"@id\":\"https:\/\/www.leopoldaueralm.at\/es\/#\/schema\/logo\/image\/\"},\"sameAs\":[\"https:\/\/www.facebook.com\/LeopoldauerAlm\"]}]}<\/script>\n<!-- \/ Yoast SEO plugin. -->","yoast_head_json":{"title":"Paquete de feliz cumplea\u00f1os XXL Restaurant Leopoldauer Alm","robots":{"index":"index","follow":"follow","max-snippet":"max-snippet:-1","max-image-preview":"max-image-preview:large","max-video-preview":"max-video-preview:-1"},"canonical":"https:\/\/www.leopoldaueralm.at\/es\/shop\/paquete-de-feliz-cumpleanos\/","og_locale":"es_ES","og_type":"article","og_title":"Paquete de feliz cumplea\u00f1os XXL Restaurant Leopoldauer Alm","og_description":"\u00a1Reservable a partir de 4 personas! PRECIOS NI\u00d1OS: 0 - 3 a\u00f1os GRATIS 3 - 6 a\u00f1os 35,00 \u20ac por ni\u00f1o A partir de 7 a\u00f1os 69 \u20ac por ni\u00f1o\/a El n\u00famero final de personas debe comunicarse al menos 5 d\u00edas h\u00e1biles antes de la reserva. \u00a1Se facturar\u00e1 seg\u00fan este n\u00famero de personas! \u00a1Gracias por su comprensi\u00f3n!  Celebra tu cumplea\u00f1os con nosotros a partir de 4 personas y recibir\u00e1s de nosotros: Un Frizzante o Pfiff \u201eBier\u201c de bienvenida para ti y tus invitados, 3 horas todas las bebidas abiertas como cerveza, vino, Frizzante, Hugo, Aperol, caf\u00e9, sin alcohol, etc. Men\u00fa de 3 platos a tu elecci\u00f3n (ver carta) Mesa de cumplea\u00f1os festivamente decorada, como postre pastel de chocolate XL o Kaiserschmarren para 4. Adem\u00e1s, te regalamos 4000 Edelwei\u00df en tu cuenta de puntos de nuestra app Alm y un vale de 20 \u20ac de Alm para tu pr\u00f3xima visita. A partir de una reserva de 20 personas, te regalamos incluso TU PAQUETE de cumplea\u00f1os por valor de 69,00 \u20ac* (el cumplea\u00f1ero\/a entra GRATIS, por valor de 69,00 \u20ac) 69,00 \u20ac por persona (se aceptan pedidos a partir de 4 personas) &nbsp; *V\u00e1lido para 15 adultos de pago: 69,00 \u20ac","og_url":"https:\/\/www.leopoldaueralm.at\/es\/shop\/paquete-de-feliz-cumpleanos\/","og_site_name":"XXL Restaurant Leopoldauer Alm","article_publisher":"https:\/\/www.facebook.com\/LeopoldauerAlm","article_modified_time":"2026-02-20T10:34:10+00:00","og_image":[{"width":902,"height":1280,"url":"https:\/\/www.leopoldaueralm.at\/wp-content\/uploads\/2024\/01\/NEU_2026_Jan_birthday_flyer_Final-web.jpg","type":"image\/jpeg"}],"twitter_card":"summary_large_image","twitter_misc":{"Tiempo de lectura":"1 minuto"},"schema":{"@context":"https:\/\/schema.org","@graph":[{"@type":"WebPage","@id":"https:\/\/www.leopoldaueralm.at\/es\/shop\/paquete-de-feliz-cumpleanos\/","url":"https:\/\/www.leopoldaueralm.at\/es\/shop\/paquete-de-feliz-cumpleanos\/","name":"Paquete de feliz cumplea\u00f1os XXL Restaurant Leopoldauer Alm","isPartOf":{"@id":"https:\/\/www.leopoldaueralm.at\/es\/#website"},"primaryImageOfPage":{"@id":"https:\/\/www.leopoldaueralm.at\/es\/shop\/paquete-de-feliz-cumpleanos\/#primaryimage"},"image":{"@id":"https:\/\/www.leopoldaueralm.at\/es\/shop\/paquete-de-feliz-cumpleanos\/#primaryimage"},"thumbnailUrl":"https:\/\/www.leopoldaueralm.at\/wp-content\/uploads\/2024\/01\/NEU_2026_Jan_birthday_flyer_Final-web.jpg","datePublished":"2024-01-15T13:38:31+00:00","dateModified":"2026-02-20T10:34:10+00:00","breadcrumb":{"@id":"https:\/\/www.leopoldaueralm.at\/es\/shop\/paquete-de-feliz-cumpleanos\/#breadcrumb"},"inLanguage":"es","potentialAction":[{"@type":"ReadAction","target":["https:\/\/www.leopoldaueralm.at\/es\/shop\/paquete-de-feliz-cumpleanos\/"]}]},{"@type":"ImageObject","inLanguage":"es","@id":"https:\/\/www.leopoldaueralm.at\/es\/shop\/paquete-de-feliz-cumpleanos\/#primaryimage","url":"https:\/\/www.leopoldaueralm.at\/wp-content\/uploads\/2024\/01\/NEU_2026_Jan_birthday_flyer_Final-web.jpg","contentUrl":"https:\/\/www.leopoldaueralm.at\/wp-content\/uploads\/2024\/01\/NEU_2026_Jan_birthday_flyer_Final-web.jpg","width":902,"height":1280},{"@type":"BreadcrumbList","@id":"https:\/\/www.leopoldaueralm.at\/es\/shop\/paquete-de-feliz-cumpleanos\/#breadcrumb","itemListElement":[{"@type":"ListItem","position":1,"name":"Startseite","item":"https:\/\/www.leopoldaueralm.at\/es\/pagina-de-inicio\/"},{"@type":"ListItem","position":2,"name":"Tienda","item":"https:\/\/www.leopoldaueralm.at\/es\/tienda\/"},{"@type":"ListItem","position":3,"name":"Evento","item":"https:\/\/www.leopoldaueralm.at\/es\/product-category\/evento\/"},{"@type":"ListItem","position":4,"name":"Paquete de feliz cumplea\u00f1os"}]},{"@type":"WebSite","@id":"https:\/\/www.leopoldaueralm.at\/es\/#website","url":"https:\/\/www.leopoldaueralm.at\/es\/","name":"XXL Restaurant Leopoldauer Alm","description":"Das XXL Restaurant in Wien","publisher":{"@id":"https:\/\/www.leopoldaueralm.at\/es\/#organization"},"potentialAction":[{"@type":"SearchAction","target":{"@type":"EntryPoint","urlTemplate":"https:\/\/www.leopoldaueralm.at\/es\/?s={search_term_string}"},"query-input":{"@type":"PropertyValueSpecification","valueRequired":true,"valueName":"search_term_string"}}],"inLanguage":"es"},{"@type":"Organization","@id":"https:\/\/www.leopoldaueralm.at\/es\/#organization","name":"XXL Restaurant Leopoldauer Alm","url":"https:\/\/www.leopoldaueralm.at\/es\/","logo":{"@type":"ImageObject","inLanguage":"es","@id":"https:\/\/www.leopoldaueralm.at\/es\/#\/schema\/logo\/image\/","url":"https:\/\/www.leopoldaueralm.at\/wp-content\/uploads\/2019\/12\/leo-logo.png","contentUrl":"https:\/\/www.leopoldaueralm.at\/wp-content\/uploads\/2019\/12\/leo-logo.png","width":250,"height":250,"caption":"XXL Restaurant Leopoldauer Alm"},"image":{"@id":"https:\/\/www.leopoldaueralm.at\/es\/#\/schema\/logo\/image\/"},"sameAs":["https:\/\/www.facebook.com\/LeopoldauerAlm"]}]}},"wcpa_form_fields":null,"_links":{"self":[{"href":"https:\/\/www.leopoldaueralm.at\/es\/wp-json\/wp\/v2\/product\/26125","targetHints":{"allow":["GET"]}}],"collection":[{"href":"https:\/\/www.leopoldaueralm.at\/es\/wp-json\/wp\/v2\/product"}],"about":[{"href":"https:\/\/www.leopoldaueralm.at\/es\/wp-json\/wp\/v2\/types\/product"}],"wp:featuredmedia":[{"embeddable":true,"href":"https:\/\/www.leopoldaueralm.at\/es\/wp-json\/wp\/v2\/media\/28635"}],"wp:attachment":[{"href":"https:\/\/www.leopoldaueralm.at\/es\/wp-json\/wp\/v2\/media?parent=26125"}],"wp:term":[{"taxonomy":"product_brand","embeddable":true,"href":"https:\/\/www.leopoldaueralm.at\/es\/wp-json\/wp\/v2\/product_brand?post=26125"},{"taxonomy":"product_cat","embeddable":true,"href":"https:\/\/www.leopoldaueralm.at\/es\/wp-json\/wp\/v2\/product_cat?post=26125"},{"taxonomy":"product_tag","embeddable":true,"href":"https:\/\/www.leopoldaueralm.at\/es\/wp-json\/wp\/v2\/product_tag?post=26125"}],"curies":[{"name":"wp","href":"https:\/\/api.w.org\/{rel}","templated":true}]}}