{"id":26163,"date":"2024-01-18T07:40:56","date_gmt":"2024-01-18T06:40:56","guid":{"rendered":"https:\/\/www.leopoldaueralm.at\/shop\/fiesta-de-navidad-2025\/"},"modified":"2026-02-02T08:05:16","modified_gmt":"2026-02-02T07:05:16","slug":"fiesta-de-navidad-2025","status":"publish","type":"product","link":"https:\/\/www.leopoldaueralm.at\/es\/shop\/fiesta-de-navidad-2025\/","title":{"rendered":"Fiesta de Navidad 2026"},"content":{"rendered":"<p>&nbsp;<\/p>\n<p style=\"font-weight: 400;\"><strong>\ufe0f<\/strong><\/p>\n","protected":false},"excerpt":{"rendered":"<div class=\"elementor-element elementor-element-dee7631 elementor-widget elementor-widget-heading\" data-id=\"dee7631\" data-element_type=\"widget\" data-widget_type=\"heading.default\">\n<div class=\"elementor-widget-container\">\n<div><span style=\"font-size: large;\">Ampliaci\u00f3n del paquete por hora: 20,00 \u20ac<\/span><\/div>\n<div>\n<p>&nbsp;<\/p>\n<\/div>\n<\/div>\n<div><strong>69,00 \u20ac por persona<\/strong><\/div>\n<div class=\"elementor-widget-container\">\n<p><strong>\u00a1Reservable a partir de 20 personas!<\/strong><\/p>\n<h3 class=\"section-title \">Celebra tu fiesta de Navidad, pero a lo XXL<\/h3>\n<\/div>\n<\/div>\n<div class=\"elementor-element elementor-element-12300a5 elementor-widget elementor-widget-wp-widget-text\" data-id=\"12300a5\" data-element_type=\"widget\" data-widget_type=\"wp-widget-text.default\">\n<div class=\"elementor-widget-container\">\n<div class=\"textwidget\">\n<p><strong>Tu fiesta de Navidad 2026 en Alm, con el mejor y m\u00e1s econ\u00f3mico paquete de la ciudad en uno de los restaurantes m\u00e1s bonitos de Viena.<\/strong><\/p>\n<p>\u00a1Espacios disponibles hasta para 280 personas!<\/p>\n<p><strong>\u00a15 horas de comida y bebida por solo 69 \u20ac por persona!<\/strong><\/p>\n<\/div>\n<\/div>\n<\/div>\n<p>Todas las bebidas como vino, cerveza, radler, cerveza mezclada Zwickl, cerveza negra, sin alcohol como cola, Almdudler, zumo de manzana, zumo de naranja, soda, caf\u00e9, Hugo, Aperol, etc. \u00a1Incluida recepci\u00f3n con Frizzante para vosotros! \u00a1Y men\u00fa de 3 platos a elegir o nuestras bandejas!  <\/p>\n<p><strong>Toda la comida<\/strong>: carta peque\u00f1a (men\u00fa de Navidad con entrantes, platos principales y postres) o nuestras bandejas XXL como \u00abHorca del terror, bandeja de granjero de monta\u00f1a, fest\u00edn de caba\u00f1a alpina o bandeja de cochinillo\u00bb \u00a1o lo mezclamos todo! Por supuesto, tambi\u00e9n bandejas o platos para vuestros empleados musulmanes o veganos. <\/p>\n<p style=\"font-weight: 400;\"><strong>Puesto de ponche navide\u00f1o<\/strong> frente al refugio de monta\u00f1a y m\u00fasica de fiesta<br \/>\nDe jueves a s\u00e1bado de 16:00 a 22:00<\/p>\n<p>Opcionalmente, tambi\u00e9n puede reservar un Pap\u00e1 Noel con saxof\u00f3n para llevar el ambiente navide\u00f1o al m\u00e1ximo.<\/p>\n<p>El n\u00famero exacto de personas de vuestra fiesta debe comunicarse al menos 14 d\u00edas antes de la fecha reservada; a partir de entonces, el n\u00famero de personas que hay\u00e1is reservado se cobrar\u00e1 al 100 %.<br \/>\nSe puede a\u00f1adir propina para los camareros a la factura, \u00a1muchas gracias!<\/p>\n<div id='gallery-1' class='gallery galleryid-26163 gallery-columns-3 gallery-size-medium'><figure class='gallery-item'>\n\t\t\t<div class='gallery-icon portrait'>\n\t\t\t\t<a href='https:\/\/www.leopoldaueralm.at\/es\/?attachment_id=26176'><img fetchpriority=\"high\" width=\"244\" height=\"300\" src=\"https:\/\/www.leopoldaueralm.at\/wp-content\/uploads\/2024\/01\/weihnachtsmann-mit-saxophon-4-244x300.jpg\" class=\"attachment-medium size-medium\" alt=\"\" decoding=\"async\" srcset=\"https:\/\/www.leopoldaueralm.at\/wp-content\/uploads\/2024\/01\/weihnachtsmann-mit-saxophon-4-244x300.jpg 244w, https:\/\/www.leopoldaueralm.at\/wp-content\/uploads\/2024\/01\/weihnachtsmann-mit-saxophon-4-833x1024.jpg 833w, https:\/\/www.leopoldaueralm.at\/wp-content\/uploads\/2024\/01\/weihnachtsmann-mit-saxophon-4-768x944.jpg 768w, https:\/\/www.leopoldaueralm.at\/wp-content\/uploads\/2024\/01\/weihnachtsmann-mit-saxophon-4-600x738.jpg 600w, https:\/\/www.leopoldaueralm.at\/wp-content\/uploads\/2024\/01\/weihnachtsmann-mit-saxophon-4.jpg 1041w\" sizes=\"(max-width: 244px) 100vw, 244px\" \/><\/a>\n\t\t\t<\/div><\/figure><figure class='gallery-item'>\n\t\t\t<div class='gallery-icon landscape'>\n\t\t\t\t<a href='https:\/\/www.leopoldaueralm.at\/es\/?attachment_id=26175'><img width=\"300\" height=\"225\" src=\"https:\/\/www.leopoldaueralm.at\/wp-content\/uploads\/2024\/01\/weihnachtsmann-mit-saxophon-3-300x225.jpg\" class=\"attachment-medium size-medium\" alt=\"\" decoding=\"async\" srcset=\"https:\/\/www.leopoldaueralm.at\/wp-content\/uploads\/2024\/01\/weihnachtsmann-mit-saxophon-3-300x225.jpg 300w, https:\/\/www.leopoldaueralm.at\/wp-content\/uploads\/2024\/01\/weihnachtsmann-mit-saxophon-3-1024x768.jpg 1024w, https:\/\/www.leopoldaueralm.at\/wp-content\/uploads\/2024\/01\/weihnachtsmann-mit-saxophon-3-768x576.jpg 768w, https:\/\/www.leopoldaueralm.at\/wp-content\/uploads\/2024\/01\/weihnachtsmann-mit-saxophon-3-1536x1152.jpg 1536w, https:\/\/www.leopoldaueralm.at\/wp-content\/uploads\/2024\/01\/weihnachtsmann-mit-saxophon-3-600x450.jpg 600w, https:\/\/www.leopoldaueralm.at\/wp-content\/uploads\/2024\/01\/weihnachtsmann-mit-saxophon-3.jpg 1600w\" sizes=\"(max-width: 300px) 100vw, 300px\" \/><\/a>\n\t\t\t<\/div><\/figure><figure class='gallery-item'>\n\t\t\t<div class='gallery-icon portrait'>\n\t\t\t\t<a href='https:\/\/www.leopoldaueralm.at\/es\/?attachment_id=26174'><img width=\"228\" height=\"300\" src=\"https:\/\/www.leopoldaueralm.at\/wp-content\/uploads\/2024\/01\/weihnachtsmann-mit-saxophon-2-228x300.jpg\" class=\"attachment-medium size-medium\" alt=\"\" decoding=\"async\" srcset=\"https:\/\/www.leopoldaueralm.at\/wp-content\/uploads\/2024\/01\/weihnachtsmann-mit-saxophon-2-228x300.jpg 228w, https:\/\/www.leopoldaueralm.at\/wp-content\/uploads\/2024\/01\/weihnachtsmann-mit-saxophon-2-780x1024.jpg 780w, https:\/\/www.leopoldaueralm.at\/wp-content\/uploads\/2024\/01\/weihnachtsmann-mit-saxophon-2-768x1009.jpg 768w, https:\/\/www.leopoldaueralm.at\/wp-content\/uploads\/2024\/01\/weihnachtsmann-mit-saxophon-2-1169x1536.jpg 1169w, https:\/\/www.leopoldaueralm.at\/wp-content\/uploads\/2024\/01\/weihnachtsmann-mit-saxophon-2-600x788.jpg 600w, https:\/\/www.leopoldaueralm.at\/wp-content\/uploads\/2024\/01\/weihnachtsmann-mit-saxophon-2.jpg 1218w\" sizes=\"(max-width: 228px) 100vw, 228px\" \/><\/a>\n\t\t\t<\/div><\/figure>\n\t\t<\/div>\n\n<div id=\"audioigniter-18592\" class=\"audioigniter-root \" data-player-type=\"full\" data-tracks-url=\"https:\/\/www.leopoldaueralm.at\/es\/?audioigniter_playlist_id=18592\" data-display-track-no=\"true\" data-reverse-track-order=\"false\" data-display-tracklist-covers=\"false\" data-display-active-cover=\"false\" data-display-artist-names=\"false\" data-display-buy-buttons=\"true\" data-buy-buttons-target=\"false\" data-cycle-tracks=\"false\" data-display-credits=\"false\" data-display-tracklist=\"false\" data-allow-tracklist-toggle=\"true\" data-allow-tracklist-loop=\"false\" data-limit-tracklist-height=\"false\" data-volume=\"70\" data-tracklist-height=\"30\" ><\/div>\n<p><strong>\u00bfQuieres reservar una fiesta de Navidad para tu empresa?<br \/>\nAqu\u00ed tienes el formulario de solicitud:<\/strong><\/p>\n<p><a style=\"display: inline-block; background-color: #bc906b; color: #ffffff; padding: 8px 12px; text-decoration: none; font-size: 16px; font-weight: bold; border-radius: 3px; text-align: center; transition: background-color 0.3s ease;\" href=\"https:\/\/www.leopoldaueralm.at\/es\/fiesta-de-navidad-para-empresas\/\">Fiesta de Navidad para empresas<\/a><\/p>\n","protected":false},"featured_media":23858,"template":"","meta":{"ocean_post_layout":"","ocean_both_sidebars_style":"","ocean_both_sidebars_content_width":0,"ocean_both_sidebars_sidebars_width":0,"ocean_sidebar":"0","ocean_second_sidebar":"0","ocean_disable_margins":"enable","ocean_add_body_class":"","ocean_shortcode_before_top_bar":"","ocean_shortcode_after_top_bar":"","ocean_shortcode_before_header":"","ocean_shortcode_after_header":"","ocean_has_shortcode":"","ocean_shortcode_after_title":"","ocean_shortcode_before_footer_widgets":"","ocean_shortcode_after_footer_widgets":"","ocean_shortcode_before_footer_bottom":"","ocean_shortcode_after_footer_bottom":"","ocean_display_top_bar":"default","ocean_display_header":"default","ocean_header_style":"","ocean_center_header_left_menu":"0","ocean_custom_header_template":"0","ocean_custom_logo":0,"ocean_custom_retina_logo":0,"ocean_custom_logo_max_width":0,"ocean_custom_logo_tablet_max_width":0,"ocean_custom_logo_mobile_max_width":0,"ocean_custom_logo_max_height":0,"ocean_custom_logo_tablet_max_height":0,"ocean_custom_logo_mobile_max_height":0,"ocean_header_custom_menu":"0","ocean_menu_typo_font_family":"0","ocean_menu_typo_font_subset":"","ocean_menu_typo_font_size":0,"ocean_menu_typo_font_size_tablet":0,"ocean_menu_typo_font_size_mobile":0,"ocean_menu_typo_font_size_unit":"px","ocean_menu_typo_font_weight":"","ocean_menu_typo_font_weight_tablet":"","ocean_menu_typo_font_weight_mobile":"","ocean_menu_typo_transform":"","ocean_menu_typo_transform_tablet":"","ocean_menu_typo_transform_mobile":"","ocean_menu_typo_line_height":0,"ocean_menu_typo_line_height_tablet":0,"ocean_menu_typo_line_height_mobile":0,"ocean_menu_typo_line_height_unit":"","ocean_menu_typo_spacing":0,"ocean_menu_typo_spacing_tablet":0,"ocean_menu_typo_spacing_mobile":0,"ocean_menu_typo_spacing_unit":"","ocean_menu_link_color":"","ocean_menu_link_color_hover":"","ocean_menu_link_color_active":"","ocean_menu_link_background":"","ocean_menu_link_hover_background":"","ocean_menu_link_active_background":"","ocean_menu_social_links_bg":"","ocean_menu_social_hover_links_bg":"","ocean_menu_social_links_color":"","ocean_menu_social_hover_links_color":"","ocean_disable_title":"default","ocean_disable_heading":"default","ocean_post_title":"","ocean_post_subheading":"","ocean_post_title_style":"","ocean_post_title_background_color":"","ocean_post_title_background":0,"ocean_post_title_bg_image_position":"","ocean_post_title_bg_image_attachment":"","ocean_post_title_bg_image_repeat":"","ocean_post_title_bg_image_size":"","ocean_post_title_height":0,"ocean_post_title_bg_overlay":0.5,"ocean_post_title_bg_overlay_color":"","ocean_disable_breadcrumbs":"default","ocean_breadcrumbs_color":"","ocean_breadcrumbs_separator_color":"","ocean_breadcrumbs_links_color":"","ocean_breadcrumbs_links_hover_color":"","ocean_display_footer_widgets":"default","ocean_display_footer_bottom":"default","ocean_custom_footer_template":"0","osh_disable_topbar_sticky":"default","osh_disable_header_sticky":"default","osh_sticky_header_style":"default","osh_sticky_header_effect":"","osh_custom_sticky_logo":0,"osh_custom_retina_sticky_logo":0,"osh_custom_sticky_logo_height":0,"osh_background_color":"","osh_links_color":"","osh_links_hover_color":"","osh_links_active_color":"","osh_links_bg_color":"","osh_links_hover_bg_color":"","osh_links_active_bg_color":"","osh_menu_social_links_color":"","osh_menu_social_hover_links_color":""},"product_brand":[],"product_cat":[512],"product_tag":[641],"class_list":{"0":"post-26163","1":"product","2":"type-product","3":"status-publish","4":"has-post-thumbnail","6":"product_cat-evento","7":"product_tag-navidad","8":"product_shipping_class-solo-en-alm","10":"entry","11":"has-media","12":"wcpa_has_options","14":"first","15":"instock","16":"taxable","17":"shipping-taxable","18":"purchasable","19":"product-type-simple","20":"has-product-nav","21":"col","22":"span_1_of_3","23":"owp-content-center","24":"owp-thumbs-layout-horizontal","25":"owp-btn-normal","26":"owp-tabs-layout-horizontal"},"group_of_quantity":0,"min_quantity":0,"max_quantity":"","exclude_order_quantity_value_rules":"no","exclude_category_quantity_rules":"no","combine_variations":"no","yoast_head":"<!-- This site is optimized with the Yoast SEO plugin v27.2 - https:\/\/yoast.com\/product\/yoast-seo-wordpress\/ -->\n<title>Fiesta de Navidad 2026 XXL Restaurant Leopoldauer Alm<\/title>\n<meta name=\"robots\" content=\"index, follow, max-snippet:-1, max-image-preview:large, max-video-preview:-1\" \/>\n<link rel=\"canonical\" href=\"https:\/\/www.leopoldaueralm.at\/es\/shop\/fiesta-de-navidad-2025\/\" \/>\n<meta property=\"og:locale\" content=\"es_ES\" \/>\n<meta property=\"og:type\" content=\"article\" \/>\n<meta property=\"og:title\" content=\"Fiesta de Navidad 2026 XXL Restaurant Leopoldauer Alm\" \/>\n<meta property=\"og:description\" content=\"Ampliaci\u00f3n del paquete por hora: 20,00 \u20ac  &nbsp;  69,00 \u20ac por persona  \u00a1Reservable a partir de 20 personas! Celebra tu fiesta de Navidad, pero a lo XXL    Tu fiesta de Navidad 2026 en Alm, con el mejor y m\u00e1s econ\u00f3mico paquete de la ciudad en uno de los restaurantes m\u00e1s bonitos de Viena. \u00a1Espacios disponibles hasta para 280 personas! \u00a15 horas de comida y bebida por solo 69 \u20ac por persona!   Todas las bebidas como vino, cerveza, radler, cerveza mezclada Zwickl, cerveza negra, sin alcohol como cola, Almdudler, zumo de manzana, zumo de naranja, soda, caf\u00e9, Hugo, Aperol, etc. \u00a1Incluida recepci\u00f3n con Frizzante para vosotros! \u00a1Y men\u00fa de 3 platos a elegir o nuestras bandejas!  Toda la comida: carta peque\u00f1a (men\u00fa de Navidad con entrantes, platos principales y postres) o nuestras bandejas XXL como &quot;Horca del terror, bandeja de granjero de monta\u00f1a, fest\u00edn de caba\u00f1a alpina o bandeja de cochinillo&quot; \u00a1o lo mezclamos todo! Por supuesto, tambi\u00e9n bandejas o platos para vuestros empleados musulmanes o veganos. Puesto de ponche navide\u00f1o frente al refugio de monta\u00f1a y m\u00fasica de fiesta De jueves a s\u00e1bado de 16:00 a 22:00 Opcionalmente, tambi\u00e9n puede reservar un Pap\u00e1 Noel con saxof\u00f3n para llevar el ambiente navide\u00f1o al m\u00e1ximo. El n\u00famero exacto de personas de vuestra fiesta debe comunicarse al menos 14 d\u00edas antes de la fecha reservada; a partir de entonces, el n\u00famero de personas que hay\u00e1is reservado se cobrar\u00e1 al 100 %. Se puede a\u00f1adir propina para los camareros a la factura, \u00a1muchas gracias!   \u00bfQuieres reservar una fiesta de Navidad para tu empresa? Aqu\u00ed tienes el formulario de solicitud: Fiesta de Navidad para empresas\" \/>\n<meta property=\"og:url\" content=\"https:\/\/www.leopoldaueralm.at\/es\/shop\/fiesta-de-navidad-2025\/\" \/>\n<meta property=\"og:site_name\" content=\"XXL Restaurant Leopoldauer Alm\" \/>\n<meta property=\"article:publisher\" content=\"https:\/\/www.facebook.com\/LeopoldauerAlm\" \/>\n<meta property=\"article:modified_time\" content=\"2026-02-02T07:05:16+00:00\" \/>\n<meta property=\"og:image\" content=\"https:\/\/www.leopoldaueralm.at\/wp-content\/uploads\/2023\/12\/pouring-champagne-group-cheerful-friends-celebrating-new-year-indoors-with-drinks-hands.jpg\" \/>\n\t<meta property=\"og:image:width\" content=\"1200\" \/>\n\t<meta property=\"og:image:height\" content=\"801\" \/>\n\t<meta property=\"og:image:type\" content=\"image\/jpeg\" \/>\n<meta name=\"twitter:card\" content=\"summary_large_image\" \/>\n<script type=\"application\/ld+json\" class=\"yoast-schema-graph\">{\"@context\":\"https:\/\/schema.org\",\"@graph\":[{\"@type\":\"WebPage\",\"@id\":\"https:\/\/www.leopoldaueralm.at\/es\/shop\/fiesta-de-navidad-2025\/\",\"url\":\"https:\/\/www.leopoldaueralm.at\/es\/shop\/fiesta-de-navidad-2025\/\",\"name\":\"Fiesta de Navidad 2026 XXL Restaurant Leopoldauer Alm\",\"isPartOf\":{\"@id\":\"https:\/\/www.leopoldaueralm.at\/es\/#website\"},\"primaryImageOfPage\":{\"@id\":\"https:\/\/www.leopoldaueralm.at\/es\/shop\/fiesta-de-navidad-2025\/#primaryimage\"},\"image\":{\"@id\":\"https:\/\/www.leopoldaueralm.at\/es\/shop\/fiesta-de-navidad-2025\/#primaryimage\"},\"thumbnailUrl\":\"https:\/\/www.leopoldaueralm.at\/wp-content\/uploads\/2023\/12\/pouring-champagne-group-cheerful-friends-celebrating-new-year-indoors-with-drinks-hands.jpg\",\"datePublished\":\"2024-01-18T06:40:56+00:00\",\"dateModified\":\"2026-02-02T07:05:16+00:00\",\"breadcrumb\":{\"@id\":\"https:\/\/www.leopoldaueralm.at\/es\/shop\/fiesta-de-navidad-2025\/#breadcrumb\"},\"inLanguage\":\"es\",\"potentialAction\":[{\"@type\":\"ReadAction\",\"target\":[\"https:\/\/www.leopoldaueralm.at\/es\/shop\/fiesta-de-navidad-2025\/\"]}]},{\"@type\":\"ImageObject\",\"inLanguage\":\"es\",\"@id\":\"https:\/\/www.leopoldaueralm.at\/es\/shop\/fiesta-de-navidad-2025\/#primaryimage\",\"url\":\"https:\/\/www.leopoldaueralm.at\/wp-content\/uploads\/2023\/12\/pouring-champagne-group-cheerful-friends-celebrating-new-year-indoors-with-drinks-hands.jpg\",\"contentUrl\":\"https:\/\/www.leopoldaueralm.at\/wp-content\/uploads\/2023\/12\/pouring-champagne-group-cheerful-friends-celebrating-new-year-indoors-with-drinks-hands.jpg\",\"width\":1200,\"height\":801},{\"@type\":\"BreadcrumbList\",\"@id\":\"https:\/\/www.leopoldaueralm.at\/es\/shop\/fiesta-de-navidad-2025\/#breadcrumb\",\"itemListElement\":[{\"@type\":\"ListItem\",\"position\":1,\"name\":\"Startseite\",\"item\":\"https:\/\/www.leopoldaueralm.at\/es\/pagina-de-inicio\/\"},{\"@type\":\"ListItem\",\"position\":2,\"name\":\"Tienda\",\"item\":\"https:\/\/www.leopoldaueralm.at\/es\/tienda\/\"},{\"@type\":\"ListItem\",\"position\":3,\"name\":\"Evento\",\"item\":\"https:\/\/www.leopoldaueralm.at\/es\/product-category\/evento\/\"},{\"@type\":\"ListItem\",\"position\":4,\"name\":\"Fiesta de Navidad 2026\"}]},{\"@type\":\"WebSite\",\"@id\":\"https:\/\/www.leopoldaueralm.at\/es\/#website\",\"url\":\"https:\/\/www.leopoldaueralm.at\/es\/\",\"name\":\"XXL Restaurant Leopoldauer Alm\",\"description\":\"Das XXL Restaurant in Wien\",\"publisher\":{\"@id\":\"https:\/\/www.leopoldaueralm.at\/es\/#organization\"},\"potentialAction\":[{\"@type\":\"SearchAction\",\"target\":{\"@type\":\"EntryPoint\",\"urlTemplate\":\"https:\/\/www.leopoldaueralm.at\/es\/?s={search_term_string}\"},\"query-input\":{\"@type\":\"PropertyValueSpecification\",\"valueRequired\":true,\"valueName\":\"search_term_string\"}}],\"inLanguage\":\"es\"},{\"@type\":\"Organization\",\"@id\":\"https:\/\/www.leopoldaueralm.at\/es\/#organization\",\"name\":\"XXL Restaurant Leopoldauer Alm\",\"url\":\"https:\/\/www.leopoldaueralm.at\/es\/\",\"logo\":{\"@type\":\"ImageObject\",\"inLanguage\":\"es\",\"@id\":\"https:\/\/www.leopoldaueralm.at\/es\/#\/schema\/logo\/image\/\",\"url\":\"https:\/\/www.leopoldaueralm.at\/wp-content\/uploads\/2019\/12\/leo-logo.png\",\"contentUrl\":\"https:\/\/www.leopoldaueralm.at\/wp-content\/uploads\/2019\/12\/leo-logo.png\",\"width\":250,\"height\":250,\"caption\":\"XXL Restaurant Leopoldauer Alm\"},\"image\":{\"@id\":\"https:\/\/www.leopoldaueralm.at\/es\/#\/schema\/logo\/image\/\"},\"sameAs\":[\"https:\/\/www.facebook.com\/LeopoldauerAlm\"]}]}<\/script>\n<!-- \/ Yoast SEO plugin. -->","yoast_head_json":{"title":"Fiesta de Navidad 2026 XXL Restaurant Leopoldauer Alm","robots":{"index":"index","follow":"follow","max-snippet":"max-snippet:-1","max-image-preview":"max-image-preview:large","max-video-preview":"max-video-preview:-1"},"canonical":"https:\/\/www.leopoldaueralm.at\/es\/shop\/fiesta-de-navidad-2025\/","og_locale":"es_ES","og_type":"article","og_title":"Fiesta de Navidad 2026 XXL Restaurant Leopoldauer Alm","og_description":"Ampliaci\u00f3n del paquete por hora: 20,00 \u20ac  &nbsp;  69,00 \u20ac por persona  \u00a1Reservable a partir de 20 personas! Celebra tu fiesta de Navidad, pero a lo XXL    Tu fiesta de Navidad 2026 en Alm, con el mejor y m\u00e1s econ\u00f3mico paquete de la ciudad en uno de los restaurantes m\u00e1s bonitos de Viena. \u00a1Espacios disponibles hasta para 280 personas! \u00a15 horas de comida y bebida por solo 69 \u20ac por persona!   Todas las bebidas como vino, cerveza, radler, cerveza mezclada Zwickl, cerveza negra, sin alcohol como cola, Almdudler, zumo de manzana, zumo de naranja, soda, caf\u00e9, Hugo, Aperol, etc. \u00a1Incluida recepci\u00f3n con Frizzante para vosotros! \u00a1Y men\u00fa de 3 platos a elegir o nuestras bandejas!  Toda la comida: carta peque\u00f1a (men\u00fa de Navidad con entrantes, platos principales y postres) o nuestras bandejas XXL como \"Horca del terror, bandeja de granjero de monta\u00f1a, fest\u00edn de caba\u00f1a alpina o bandeja de cochinillo\" \u00a1o lo mezclamos todo! Por supuesto, tambi\u00e9n bandejas o platos para vuestros empleados musulmanes o veganos. Puesto de ponche navide\u00f1o frente al refugio de monta\u00f1a y m\u00fasica de fiesta De jueves a s\u00e1bado de 16:00 a 22:00 Opcionalmente, tambi\u00e9n puede reservar un Pap\u00e1 Noel con saxof\u00f3n para llevar el ambiente navide\u00f1o al m\u00e1ximo. El n\u00famero exacto de personas de vuestra fiesta debe comunicarse al menos 14 d\u00edas antes de la fecha reservada; a partir de entonces, el n\u00famero de personas que hay\u00e1is reservado se cobrar\u00e1 al 100 %. Se puede a\u00f1adir propina para los camareros a la factura, \u00a1muchas gracias!   \u00bfQuieres reservar una fiesta de Navidad para tu empresa? Aqu\u00ed tienes el formulario de solicitud: Fiesta de Navidad para empresas","og_url":"https:\/\/www.leopoldaueralm.at\/es\/shop\/fiesta-de-navidad-2025\/","og_site_name":"XXL Restaurant Leopoldauer Alm","article_publisher":"https:\/\/www.facebook.com\/LeopoldauerAlm","article_modified_time":"2026-02-02T07:05:16+00:00","og_image":[{"width":1200,"height":801,"url":"https:\/\/www.leopoldaueralm.at\/wp-content\/uploads\/2023\/12\/pouring-champagne-group-cheerful-friends-celebrating-new-year-indoors-with-drinks-hands.jpg","type":"image\/jpeg"}],"twitter_card":"summary_large_image","schema":{"@context":"https:\/\/schema.org","@graph":[{"@type":"WebPage","@id":"https:\/\/www.leopoldaueralm.at\/es\/shop\/fiesta-de-navidad-2025\/","url":"https:\/\/www.leopoldaueralm.at\/es\/shop\/fiesta-de-navidad-2025\/","name":"Fiesta de Navidad 2026 XXL Restaurant Leopoldauer Alm","isPartOf":{"@id":"https:\/\/www.leopoldaueralm.at\/es\/#website"},"primaryImageOfPage":{"@id":"https:\/\/www.leopoldaueralm.at\/es\/shop\/fiesta-de-navidad-2025\/#primaryimage"},"image":{"@id":"https:\/\/www.leopoldaueralm.at\/es\/shop\/fiesta-de-navidad-2025\/#primaryimage"},"thumbnailUrl":"https:\/\/www.leopoldaueralm.at\/wp-content\/uploads\/2023\/12\/pouring-champagne-group-cheerful-friends-celebrating-new-year-indoors-with-drinks-hands.jpg","datePublished":"2024-01-18T06:40:56+00:00","dateModified":"2026-02-02T07:05:16+00:00","breadcrumb":{"@id":"https:\/\/www.leopoldaueralm.at\/es\/shop\/fiesta-de-navidad-2025\/#breadcrumb"},"inLanguage":"es","potentialAction":[{"@type":"ReadAction","target":["https:\/\/www.leopoldaueralm.at\/es\/shop\/fiesta-de-navidad-2025\/"]}]},{"@type":"ImageObject","inLanguage":"es","@id":"https:\/\/www.leopoldaueralm.at\/es\/shop\/fiesta-de-navidad-2025\/#primaryimage","url":"https:\/\/www.leopoldaueralm.at\/wp-content\/uploads\/2023\/12\/pouring-champagne-group-cheerful-friends-celebrating-new-year-indoors-with-drinks-hands.jpg","contentUrl":"https:\/\/www.leopoldaueralm.at\/wp-content\/uploads\/2023\/12\/pouring-champagne-group-cheerful-friends-celebrating-new-year-indoors-with-drinks-hands.jpg","width":1200,"height":801},{"@type":"BreadcrumbList","@id":"https:\/\/www.leopoldaueralm.at\/es\/shop\/fiesta-de-navidad-2025\/#breadcrumb","itemListElement":[{"@type":"ListItem","position":1,"name":"Startseite","item":"https:\/\/www.leopoldaueralm.at\/es\/pagina-de-inicio\/"},{"@type":"ListItem","position":2,"name":"Tienda","item":"https:\/\/www.leopoldaueralm.at\/es\/tienda\/"},{"@type":"ListItem","position":3,"name":"Evento","item":"https:\/\/www.leopoldaueralm.at\/es\/product-category\/evento\/"},{"@type":"ListItem","position":4,"name":"Fiesta de Navidad 2026"}]},{"@type":"WebSite","@id":"https:\/\/www.leopoldaueralm.at\/es\/#website","url":"https:\/\/www.leopoldaueralm.at\/es\/","name":"XXL Restaurant Leopoldauer Alm","description":"Das XXL Restaurant in Wien","publisher":{"@id":"https:\/\/www.leopoldaueralm.at\/es\/#organization"},"potentialAction":[{"@type":"SearchAction","target":{"@type":"EntryPoint","urlTemplate":"https:\/\/www.leopoldaueralm.at\/es\/?s={search_term_string}"},"query-input":{"@type":"PropertyValueSpecification","valueRequired":true,"valueName":"search_term_string"}}],"inLanguage":"es"},{"@type":"Organization","@id":"https:\/\/www.leopoldaueralm.at\/es\/#organization","name":"XXL Restaurant Leopoldauer Alm","url":"https:\/\/www.leopoldaueralm.at\/es\/","logo":{"@type":"ImageObject","inLanguage":"es","@id":"https:\/\/www.leopoldaueralm.at\/es\/#\/schema\/logo\/image\/","url":"https:\/\/www.leopoldaueralm.at\/wp-content\/uploads\/2019\/12\/leo-logo.png","contentUrl":"https:\/\/www.leopoldaueralm.at\/wp-content\/uploads\/2019\/12\/leo-logo.png","width":250,"height":250,"caption":"XXL Restaurant Leopoldauer Alm"},"image":{"@id":"https:\/\/www.leopoldaueralm.at\/es\/#\/schema\/logo\/image\/"},"sameAs":["https:\/\/www.facebook.com\/LeopoldauerAlm"]}]}},"wcpa_form_fields":null,"_links":{"self":[{"href":"https:\/\/www.leopoldaueralm.at\/es\/wp-json\/wp\/v2\/product\/26163","targetHints":{"allow":["GET"]}}],"collection":[{"href":"https:\/\/www.leopoldaueralm.at\/es\/wp-json\/wp\/v2\/product"}],"about":[{"href":"https:\/\/www.leopoldaueralm.at\/es\/wp-json\/wp\/v2\/types\/product"}],"wp:featuredmedia":[{"embeddable":true,"href":"https:\/\/www.leopoldaueralm.at\/es\/wp-json\/wp\/v2\/media\/23858"}],"wp:attachment":[{"href":"https:\/\/www.leopoldaueralm.at\/es\/wp-json\/wp\/v2\/media?parent=26163"}],"wp:term":[{"taxonomy":"product_brand","embeddable":true,"href":"https:\/\/www.leopoldaueralm.at\/es\/wp-json\/wp\/v2\/product_brand?post=26163"},{"taxonomy":"product_cat","embeddable":true,"href":"https:\/\/www.leopoldaueralm.at\/es\/wp-json\/wp\/v2\/product_cat?post=26163"},{"taxonomy":"product_tag","embeddable":true,"href":"https:\/\/www.leopoldaueralm.at\/es\/wp-json\/wp\/v2\/product_tag?post=26163"}],"curies":[{"name":"wp","href":"https:\/\/api.w.org\/{rel}","templated":true}]}}