{"id":26252,"date":"2023-08-29T08:48:08","date_gmt":"2023-08-29T06:48:08","guid":{"rendered":"https:\/\/www.leopoldaueralm.at\/shop\/depositos\/"},"modified":"2023-08-29T08:48:08","modified_gmt":"2023-08-29T06:48:08","slug":"depositos","status":"publish","type":"product","link":"https:\/\/www.leopoldaueralm.at\/es\/shop\/depositos\/","title":{"rendered":"Dep\u00f3sitos"},"content":{"rendered":"","protected":false},"excerpt":{"rendered":"<p>\u00a1Dep\u00f3sitos para reservas, paquete Alm, etc.!<\/p>\n<p style=\"font-weight: 400;\">\u201c<em>El dep\u00f3sito anterior sirve como pago inicial seg\u00fan el art\u00edculo 910 del C\u00f3digo Civil austriaco (ABGB) como garant\u00eda de consumo m\u00ednimo del hu\u00e9sped que realiza la reserva, que se pierde y no se reembolsa en caso de cancelaci\u00f3n de la reserva o no presentaci\u00f3n del hu\u00e9sped. En caso de que se cumpla la reserva, este importe se compensar\u00e1 con la factura resultante.<\/em><\/p>\n<p style=\"font-weight: 400;\"><em>La reserva solo ser\u00e1 efectiva una vez recibido el pago inicial<\/em>\u201d<\/p>\n<div>\n<div class=\"elementToProof\"><\/div>\n<\/div>\n<div><\/div>\n<div><strong>Informaci\u00f3n bancaria para <b>transferencias de empresas que no pueden realizar pagos con tarjeta de cr\u00e9dito, etc.:<\/b><\/strong><\/div>\n<div>Leopoldauer Alm<\/div>\n<div>Raiffeisenbank Weinviertel Nordost<\/div>\n<div>BIC: RLNWATWWZDF<\/div>\n<div>IBAN: AT72 3298 5000 0910 7400<\/div>\n<div><\/div>\n","protected":false},"featured_media":12071,"template":"","meta":{"ocean_post_layout":"","ocean_both_sidebars_style":"","ocean_both_sidebars_content_width":0,"ocean_both_sidebars_sidebars_width":0,"ocean_sidebar":"","ocean_second_sidebar":"","ocean_disable_margins":"enable","ocean_add_body_class":"","ocean_shortcode_before_top_bar":"","ocean_shortcode_after_top_bar":"","ocean_shortcode_before_header":"","ocean_shortcode_after_header":"","ocean_has_shortcode":"","ocean_shortcode_after_title":"","ocean_shortcode_before_footer_widgets":"","ocean_shortcode_after_footer_widgets":"","ocean_shortcode_before_footer_bottom":"","ocean_shortcode_after_footer_bottom":"","ocean_display_top_bar":"default","ocean_display_header":"default","ocean_header_style":"","ocean_center_header_left_menu":"","ocean_custom_header_template":"","ocean_custom_logo":0,"ocean_custom_retina_logo":0,"ocean_custom_logo_max_width":0,"ocean_custom_logo_tablet_max_width":0,"ocean_custom_logo_mobile_max_width":0,"ocean_custom_logo_max_height":0,"ocean_custom_logo_tablet_max_height":0,"ocean_custom_logo_mobile_max_height":0,"ocean_header_custom_menu":"","ocean_menu_typo_font_family":"","ocean_menu_typo_font_subset":"","ocean_menu_typo_font_size":0,"ocean_menu_typo_font_size_tablet":0,"ocean_menu_typo_font_size_mobile":0,"ocean_menu_typo_font_size_unit":"px","ocean_menu_typo_font_weight":"","ocean_menu_typo_font_weight_tablet":"","ocean_menu_typo_font_weight_mobile":"","ocean_menu_typo_transform":"","ocean_menu_typo_transform_tablet":"","ocean_menu_typo_transform_mobile":"","ocean_menu_typo_line_height":0,"ocean_menu_typo_line_height_tablet":0,"ocean_menu_typo_line_height_mobile":0,"ocean_menu_typo_line_height_unit":"","ocean_menu_typo_spacing":0,"ocean_menu_typo_spacing_tablet":0,"ocean_menu_typo_spacing_mobile":0,"ocean_menu_typo_spacing_unit":"","ocean_menu_link_color":"","ocean_menu_link_color_hover":"","ocean_menu_link_color_active":"","ocean_menu_link_background":"","ocean_menu_link_hover_background":"","ocean_menu_link_active_background":"","ocean_menu_social_links_bg":"","ocean_menu_social_hover_links_bg":"","ocean_menu_social_links_color":"","ocean_menu_social_hover_links_color":"","ocean_disable_title":"default","ocean_disable_heading":"default","ocean_post_title":"","ocean_post_subheading":"","ocean_post_title_style":"","ocean_post_title_background_color":"","ocean_post_title_background":0,"ocean_post_title_bg_image_position":"","ocean_post_title_bg_image_attachment":"","ocean_post_title_bg_image_repeat":"","ocean_post_title_bg_image_size":"","ocean_post_title_height":0,"ocean_post_title_bg_overlay":0.5,"ocean_post_title_bg_overlay_color":"","ocean_disable_breadcrumbs":"default","ocean_breadcrumbs_color":"","ocean_breadcrumbs_separator_color":"","ocean_breadcrumbs_links_color":"","ocean_breadcrumbs_links_hover_color":"","ocean_display_footer_widgets":"default","ocean_display_footer_bottom":"default","ocean_custom_footer_template":"","osh_disable_topbar_sticky":"default","osh_disable_header_sticky":"default","osh_sticky_header_style":"default","osh_sticky_header_effect":"","osh_custom_sticky_logo":0,"osh_custom_retina_sticky_logo":0,"osh_custom_sticky_logo_height":0,"osh_background_color":"","osh_links_color":"","osh_links_hover_color":"","osh_links_active_color":"","osh_links_bg_color":"","osh_links_hover_bg_color":"","osh_links_active_bg_color":"","osh_menu_social_links_color":"","osh_menu_social_hover_links_color":""},"product_brand":[],"product_cat":[512],"product_tag":[],"class_list":{"0":"post-26252","1":"product","2":"type-product","3":"status-publish","4":"has-post-thumbnail","6":"product_cat-evento","7":"product_shipping_class-solo-en-alm","9":"entry","10":"has-media","11":"wcpa_has_options","13":"first","14":"instock","15":"taxable","16":"shipping-taxable","17":"purchasable","18":"product-type-variable","19":"has-product-nav","20":"col","21":"span_1_of_3","22":"owp-content-center","23":"owp-thumbs-layout-horizontal","24":"owp-btn-normal","25":"owp-tabs-layout-horizontal","26":"has-no-thumbnails"},"group_of_quantity":0,"min_quantity":0,"max_quantity":"","exclude_order_quantity_value_rules":"no","exclude_category_quantity_rules":"no","combine_variations":"no","yoast_head":"<!-- This site is optimized with the Yoast SEO plugin v27.2 - https:\/\/yoast.com\/product\/yoast-seo-wordpress\/ -->\n<title>Dep\u00f3sitos XXL Restaurant Leopoldauer Alm<\/title>\n<meta name=\"robots\" content=\"index, follow, max-snippet:-1, max-image-preview:large, max-video-preview:-1\" \/>\n<link rel=\"canonical\" href=\"https:\/\/www.leopoldaueralm.at\/es\/shop\/depositos\/\" \/>\n<meta property=\"og:locale\" content=\"es_ES\" \/>\n<meta property=\"og:type\" content=\"article\" \/>\n<meta property=\"og:title\" content=\"Dep\u00f3sitos XXL Restaurant Leopoldauer Alm\" \/>\n<meta property=\"og:description\" content=\"\u00a1Dep\u00f3sitos para reservas, paquete Alm, etc.! \u201cEl dep\u00f3sito anterior sirve como pago inicial seg\u00fan el art\u00edculo 910 del C\u00f3digo Civil austriaco (ABGB) como garant\u00eda de consumo m\u00ednimo del hu\u00e9sped que realiza la reserva, que se pierde y no se reembolsa en caso de cancelaci\u00f3n de la reserva o no presentaci\u00f3n del hu\u00e9sped. En caso de que se cumpla la reserva, este importe se compensar\u00e1 con la factura resultante. La reserva solo ser\u00e1 efectiva una vez recibido el pago inicial\u201d   Informaci\u00f3n bancaria para transferencias de empresas que no pueden realizar pagos con tarjeta de cr\u00e9dito, etc.: Leopoldauer Alm Raiffeisenbank Weinviertel Nordost BIC: RLNWATWWZDF IBAN: AT72 3298 5000 0910 7400\" \/>\n<meta property=\"og:url\" content=\"https:\/\/www.leopoldaueralm.at\/es\/shop\/depositos\/\" \/>\n<meta property=\"og:site_name\" content=\"XXL Restaurant Leopoldauer Alm\" \/>\n<meta property=\"article:publisher\" content=\"https:\/\/www.facebook.com\/LeopoldauerAlm\" \/>\n<meta property=\"og:image\" content=\"https:\/\/www.leopoldaueralm.at\/wp-content\/uploads\/2023\/12\/happy-people-celebrating-winter-holiday-together-with-champagne-party-celebration-birthday-concept.jpg\" \/>\n\t<meta property=\"og:image:width\" content=\"1200\" \/>\n\t<meta property=\"og:image:height\" content=\"801\" \/>\n\t<meta property=\"og:image:type\" content=\"image\/jpeg\" \/>\n<meta name=\"twitter:card\" content=\"summary_large_image\" \/>\n<script type=\"application\/ld+json\" class=\"yoast-schema-graph\">{\"@context\":\"https:\/\/schema.org\",\"@graph\":[{\"@type\":\"WebPage\",\"@id\":\"https:\/\/www.leopoldaueralm.at\/es\/shop\/depositos\/\",\"url\":\"https:\/\/www.leopoldaueralm.at\/es\/shop\/depositos\/\",\"name\":\"Dep\u00f3sitos XXL Restaurant Leopoldauer Alm\",\"isPartOf\":{\"@id\":\"https:\/\/www.leopoldaueralm.at\/es\/#website\"},\"primaryImageOfPage\":{\"@id\":\"https:\/\/www.leopoldaueralm.at\/es\/shop\/depositos\/#primaryimage\"},\"image\":{\"@id\":\"https:\/\/www.leopoldaueralm.at\/es\/shop\/depositos\/#primaryimage\"},\"thumbnailUrl\":\"https:\/\/www.leopoldaueralm.at\/wp-content\/uploads\/2023\/12\/happy-people-celebrating-winter-holiday-together-with-champagne-party-celebration-birthday-concept.jpg\",\"datePublished\":\"2023-08-29T06:48:08+00:00\",\"breadcrumb\":{\"@id\":\"https:\/\/www.leopoldaueralm.at\/es\/shop\/depositos\/#breadcrumb\"},\"inLanguage\":\"es\",\"potentialAction\":[{\"@type\":\"ReadAction\",\"target\":[\"https:\/\/www.leopoldaueralm.at\/es\/shop\/depositos\/\"]}]},{\"@type\":\"ImageObject\",\"inLanguage\":\"es\",\"@id\":\"https:\/\/www.leopoldaueralm.at\/es\/shop\/depositos\/#primaryimage\",\"url\":\"https:\/\/www.leopoldaueralm.at\/wp-content\/uploads\/2023\/12\/happy-people-celebrating-winter-holiday-together-with-champagne-party-celebration-birthday-concept.jpg\",\"contentUrl\":\"https:\/\/www.leopoldaueralm.at\/wp-content\/uploads\/2023\/12\/happy-people-celebrating-winter-holiday-together-with-champagne-party-celebration-birthday-concept.jpg\",\"width\":1200,\"height\":801},{\"@type\":\"BreadcrumbList\",\"@id\":\"https:\/\/www.leopoldaueralm.at\/es\/shop\/depositos\/#breadcrumb\",\"itemListElement\":[{\"@type\":\"ListItem\",\"position\":1,\"name\":\"Startseite\",\"item\":\"https:\/\/www.leopoldaueralm.at\/es\/pagina-de-inicio\/\"},{\"@type\":\"ListItem\",\"position\":2,\"name\":\"Tienda\",\"item\":\"https:\/\/www.leopoldaueralm.at\/es\/tienda\/\"},{\"@type\":\"ListItem\",\"position\":3,\"name\":\"Evento\",\"item\":\"https:\/\/www.leopoldaueralm.at\/es\/product-category\/evento\/\"},{\"@type\":\"ListItem\",\"position\":4,\"name\":\"Dep\u00f3sitos\"}]},{\"@type\":\"WebSite\",\"@id\":\"https:\/\/www.leopoldaueralm.at\/es\/#website\",\"url\":\"https:\/\/www.leopoldaueralm.at\/es\/\",\"name\":\"XXL Restaurant Leopoldauer Alm\",\"description\":\"Das XXL Restaurant in Wien\",\"publisher\":{\"@id\":\"https:\/\/www.leopoldaueralm.at\/es\/#organization\"},\"potentialAction\":[{\"@type\":\"SearchAction\",\"target\":{\"@type\":\"EntryPoint\",\"urlTemplate\":\"https:\/\/www.leopoldaueralm.at\/es\/?s={search_term_string}\"},\"query-input\":{\"@type\":\"PropertyValueSpecification\",\"valueRequired\":true,\"valueName\":\"search_term_string\"}}],\"inLanguage\":\"es\"},{\"@type\":\"Organization\",\"@id\":\"https:\/\/www.leopoldaueralm.at\/es\/#organization\",\"name\":\"XXL Restaurant Leopoldauer Alm\",\"url\":\"https:\/\/www.leopoldaueralm.at\/es\/\",\"logo\":{\"@type\":\"ImageObject\",\"inLanguage\":\"es\",\"@id\":\"https:\/\/www.leopoldaueralm.at\/es\/#\/schema\/logo\/image\/\",\"url\":\"https:\/\/www.leopoldaueralm.at\/wp-content\/uploads\/2019\/12\/leo-logo.png\",\"contentUrl\":\"https:\/\/www.leopoldaueralm.at\/wp-content\/uploads\/2019\/12\/leo-logo.png\",\"width\":250,\"height\":250,\"caption\":\"XXL Restaurant Leopoldauer Alm\"},\"image\":{\"@id\":\"https:\/\/www.leopoldaueralm.at\/es\/#\/schema\/logo\/image\/\"},\"sameAs\":[\"https:\/\/www.facebook.com\/LeopoldauerAlm\"]}]}<\/script>\n<!-- \/ Yoast SEO plugin. -->","yoast_head_json":{"title":"Dep\u00f3sitos XXL Restaurant Leopoldauer Alm","robots":{"index":"index","follow":"follow","max-snippet":"max-snippet:-1","max-image-preview":"max-image-preview:large","max-video-preview":"max-video-preview:-1"},"canonical":"https:\/\/www.leopoldaueralm.at\/es\/shop\/depositos\/","og_locale":"es_ES","og_type":"article","og_title":"Dep\u00f3sitos XXL Restaurant Leopoldauer Alm","og_description":"\u00a1Dep\u00f3sitos para reservas, paquete Alm, etc.! \u201cEl dep\u00f3sito anterior sirve como pago inicial seg\u00fan el art\u00edculo 910 del C\u00f3digo Civil austriaco (ABGB) como garant\u00eda de consumo m\u00ednimo del hu\u00e9sped que realiza la reserva, que se pierde y no se reembolsa en caso de cancelaci\u00f3n de la reserva o no presentaci\u00f3n del hu\u00e9sped. En caso de que se cumpla la reserva, este importe se compensar\u00e1 con la factura resultante. La reserva solo ser\u00e1 efectiva una vez recibido el pago inicial\u201d   Informaci\u00f3n bancaria para transferencias de empresas que no pueden realizar pagos con tarjeta de cr\u00e9dito, etc.: Leopoldauer Alm Raiffeisenbank Weinviertel Nordost BIC: RLNWATWWZDF IBAN: AT72 3298 5000 0910 7400","og_url":"https:\/\/www.leopoldaueralm.at\/es\/shop\/depositos\/","og_site_name":"XXL Restaurant Leopoldauer Alm","article_publisher":"https:\/\/www.facebook.com\/LeopoldauerAlm","og_image":[{"width":1200,"height":801,"url":"https:\/\/www.leopoldaueralm.at\/wp-content\/uploads\/2023\/12\/happy-people-celebrating-winter-holiday-together-with-champagne-party-celebration-birthday-concept.jpg","type":"image\/jpeg"}],"twitter_card":"summary_large_image","schema":{"@context":"https:\/\/schema.org","@graph":[{"@type":"WebPage","@id":"https:\/\/www.leopoldaueralm.at\/es\/shop\/depositos\/","url":"https:\/\/www.leopoldaueralm.at\/es\/shop\/depositos\/","name":"Dep\u00f3sitos XXL Restaurant Leopoldauer Alm","isPartOf":{"@id":"https:\/\/www.leopoldaueralm.at\/es\/#website"},"primaryImageOfPage":{"@id":"https:\/\/www.leopoldaueralm.at\/es\/shop\/depositos\/#primaryimage"},"image":{"@id":"https:\/\/www.leopoldaueralm.at\/es\/shop\/depositos\/#primaryimage"},"thumbnailUrl":"https:\/\/www.leopoldaueralm.at\/wp-content\/uploads\/2023\/12\/happy-people-celebrating-winter-holiday-together-with-champagne-party-celebration-birthday-concept.jpg","datePublished":"2023-08-29T06:48:08+00:00","breadcrumb":{"@id":"https:\/\/www.leopoldaueralm.at\/es\/shop\/depositos\/#breadcrumb"},"inLanguage":"es","potentialAction":[{"@type":"ReadAction","target":["https:\/\/www.leopoldaueralm.at\/es\/shop\/depositos\/"]}]},{"@type":"ImageObject","inLanguage":"es","@id":"https:\/\/www.leopoldaueralm.at\/es\/shop\/depositos\/#primaryimage","url":"https:\/\/www.leopoldaueralm.at\/wp-content\/uploads\/2023\/12\/happy-people-celebrating-winter-holiday-together-with-champagne-party-celebration-birthday-concept.jpg","contentUrl":"https:\/\/www.leopoldaueralm.at\/wp-content\/uploads\/2023\/12\/happy-people-celebrating-winter-holiday-together-with-champagne-party-celebration-birthday-concept.jpg","width":1200,"height":801},{"@type":"BreadcrumbList","@id":"https:\/\/www.leopoldaueralm.at\/es\/shop\/depositos\/#breadcrumb","itemListElement":[{"@type":"ListItem","position":1,"name":"Startseite","item":"https:\/\/www.leopoldaueralm.at\/es\/pagina-de-inicio\/"},{"@type":"ListItem","position":2,"name":"Tienda","item":"https:\/\/www.leopoldaueralm.at\/es\/tienda\/"},{"@type":"ListItem","position":3,"name":"Evento","item":"https:\/\/www.leopoldaueralm.at\/es\/product-category\/evento\/"},{"@type":"ListItem","position":4,"name":"Dep\u00f3sitos"}]},{"@type":"WebSite","@id":"https:\/\/www.leopoldaueralm.at\/es\/#website","url":"https:\/\/www.leopoldaueralm.at\/es\/","name":"XXL Restaurant Leopoldauer Alm","description":"Das XXL Restaurant in Wien","publisher":{"@id":"https:\/\/www.leopoldaueralm.at\/es\/#organization"},"potentialAction":[{"@type":"SearchAction","target":{"@type":"EntryPoint","urlTemplate":"https:\/\/www.leopoldaueralm.at\/es\/?s={search_term_string}"},"query-input":{"@type":"PropertyValueSpecification","valueRequired":true,"valueName":"search_term_string"}}],"inLanguage":"es"},{"@type":"Organization","@id":"https:\/\/www.leopoldaueralm.at\/es\/#organization","name":"XXL Restaurant Leopoldauer Alm","url":"https:\/\/www.leopoldaueralm.at\/es\/","logo":{"@type":"ImageObject","inLanguage":"es","@id":"https:\/\/www.leopoldaueralm.at\/es\/#\/schema\/logo\/image\/","url":"https:\/\/www.leopoldaueralm.at\/wp-content\/uploads\/2019\/12\/leo-logo.png","contentUrl":"https:\/\/www.leopoldaueralm.at\/wp-content\/uploads\/2019\/12\/leo-logo.png","width":250,"height":250,"caption":"XXL Restaurant Leopoldauer Alm"},"image":{"@id":"https:\/\/www.leopoldaueralm.at\/es\/#\/schema\/logo\/image\/"},"sameAs":["https:\/\/www.facebook.com\/LeopoldauerAlm"]}]}},"wcpa_form_fields":null,"_links":{"self":[{"href":"https:\/\/www.leopoldaueralm.at\/es\/wp-json\/wp\/v2\/product\/26252","targetHints":{"allow":["GET"]}}],"collection":[{"href":"https:\/\/www.leopoldaueralm.at\/es\/wp-json\/wp\/v2\/product"}],"about":[{"href":"https:\/\/www.leopoldaueralm.at\/es\/wp-json\/wp\/v2\/types\/product"}],"wp:featuredmedia":[{"embeddable":true,"href":"https:\/\/www.leopoldaueralm.at\/es\/wp-json\/wp\/v2\/media\/12071"}],"wp:attachment":[{"href":"https:\/\/www.leopoldaueralm.at\/es\/wp-json\/wp\/v2\/media?parent=26252"}],"wp:term":[{"taxonomy":"product_brand","embeddable":true,"href":"https:\/\/www.leopoldaueralm.at\/es\/wp-json\/wp\/v2\/product_brand?post=26252"},{"taxonomy":"product_cat","embeddable":true,"href":"https:\/\/www.leopoldaueralm.at\/es\/wp-json\/wp\/v2\/product_cat?post=26252"},{"taxonomy":"product_tag","embeddable":true,"href":"https:\/\/www.leopoldaueralm.at\/es\/wp-json\/wp\/v2\/product_tag?post=26252"}],"curies":[{"name":"wp","href":"https:\/\/api.w.org\/{rel}","templated":true}]}}