{"id":26394,"date":"2024-02-23T09:11:05","date_gmt":"2024-02-23T08:11:05","guid":{"rendered":"https:\/\/www.leopoldaueralm.at\/shop\/paquete-make-my-day\/"},"modified":"2024-02-23T09:11:05","modified_gmt":"2024-02-23T08:11:05","slug":"paquete-make-my-day","status":"publish","type":"product","link":"https:\/\/www.leopoldaueralm.at\/es\/shop\/paquete-make-my-day\/","title":{"rendered":"Paquete Make My Day"},"content":{"rendered":"<div class=\"elementor-element elementor-element-12300a5 elementor-widget elementor-widget-wp-widget-text\" data-id=\"12300a5\" data-element_type=\"widget\" data-widget_type=\"wp-widget-text.default\">\n<div class=\"elementor-widget-container\">\n<div class=\"textwidget\">\n<p>Elige entre un men\u00fa de varios platos de tu elecci\u00f3n, nuestros famosos platos combinados o nuestro r\u00fastico fest\u00edn de caba\u00f1a alpina. T\u00fa eliges (el aperitivo y el postre tambi\u00e9n est\u00e1n incluidos en los platos combinados).<\/p>\n<p><strong>Nuestra carta Made My Day:<\/strong><\/p>\n<p>* Sopa de crema de ajo<br \/>\n* Sopa de fideos Frittaten<br \/>\n* Peque\u00f1o tartar de ternera con pan blanco tostado y huevo de codorniz frito<\/p>\n<p>********<\/p>\n<p>* Escalope vien\u00e9s original de ternera con guarnici\u00f3n a elegir<x id=\"gid_0\"><\/x>* Escalope vien\u00e9s con guarnici\u00f3n<x id=\"gid_1\"><\/x>* Asado de cerdo con chucrut y alb\u00f3ndigas<x id=\"gid_2\"><\/x>* Cordon Bleu de cerdo con guarnici\u00f3n a elegir<x id=\"gid_3\"><\/x>* Escalope de pollo con guarnici\u00f3n a elegir<x id=\"gid_4\"><\/x>* Rostbraten a la Zwiebel con patatas asadas y cebolla asada<x id=\"gid_5\"><\/x>* Goulash original de Alm de ternera de pasto con alb\u00f3ndigas (solo en oto\u00f1o e invierno)<br \/>\n* Dirndl Burger con pan casero y 200 g de carne Angus, cheddar, bacon, patatas fritas, aros de cebolla<br \/>\n* Costillas de cerdo con gajos, salsas y cebolla<br \/>\n* Platija frita con ensalada de patata<br \/>\n* Ensalada Backhendl, filetes frescos de pechuga de pollo rebozados crujientes con semillas de calabaza sobre ensalada de patata con aderezo de aceite de semilla de cebolla<br \/>\n* K\u00e4sesp\u00e4tzle con ensalada de hojas Opcionalmente tambi\u00e9n con bacon  <\/p>\n<p>********<\/p>\n<p>* Palatschinken de chocolate<br \/>\n* Palatschinken de mermelada de albaricoque<br \/>\n* Alb\u00f3ndigas de albaricoque heladas con nata<\/p>\n<p>&nbsp;<\/p>\n<\/div>\n<p><strong>Para nuestros peque\u00f1os hu\u00e9spedes de Alm:<\/strong><\/p>\n<p><strong>1 sopa a elegir:<\/strong><br \/>\n* Sopa de crema de ajo<br \/>\n* Sopa de fideos Frittaten<\/p>\n<p><strong>1 plato principal a elegir:<\/strong><br \/>\n* Salchichas Berner con patatas fritas<br \/>\n* Costillas peque\u00f1as con guarniciones<br \/>\n* Escalope infantil (cerdo o pollo) con patatas fritas o ensalada de patata<br \/>\n* Fish &amp; Chips, trozos crujientes de lucioperca en tempura, con patatas fritas, salsa t\u00e1rtara, abundantemente adornado<\/p>\n<p><strong>1 postre a elegir:<\/strong><br \/>\n* 1 Palatschinke de chocolate con nata<br \/>\n* 1 Palatschinke de mermelada con nata  <\/p>\n<p>incluye bebidas no alcoh\u00f3licas ilimitadas (durante 5 horas)<\/p>\n<p>&nbsp;<\/p>\n<\/div>\n<\/div>\n","protected":false},"excerpt":{"rendered":"<div class=\"elementor-element elementor-element-dee7631 elementor-widget elementor-widget-heading\" data-id=\"dee7631\" data-element_type=\"widget\" data-widget_type=\"heading.default\">\n<div class=\"elementor-widget-container\">\n<p><strong>\u00a1Reservable a partir de 20 personas!<\/strong><\/p>\n<p>\u00a1Celebra con tus seres queridos tu d\u00eda especial en Leopoldauer Alm!<\/p>\n<p>Todo cubierto de blanco, ya sea en el Kaiserst\u00fcberl, Brunnengarten, etc.<\/p>\n<p>\u00a1Recepci\u00f3n con Sekt\/Sekt Orange!<\/p>\n<p>Elige entre un men\u00fa de 3 platos o nuestros famosos platos XXL: Almh\u00fcttenschmaus, Spanferkelplatte, Mistgabel o Bergbauernplatte.<\/p>\n<p>5 horas incl. todas las bebidas abiertas como vino, cerveza, refrescos, caf\u00e9, Hugo, Aperol, Frizzante y \u00a1y mucho m\u00e1s! <\/p>\n<p>Perfecto para baby shower, confirmaci\u00f3n, bautizo, primera comuni\u00f3n, boda, aniversario, etc.<\/p>\n<\/div>\n<div class=\"elementor-widget-container\">\n<p>Ni\u00f1os a partir de 6 a\u00f1os 35,00 \u20ac por ni\u00f1o<\/p>\n<\/div>\n<p><strong>69,00 \u20ac<\/strong> por persona<\/p>\n<\/div>\n","protected":false},"featured_media":18755,"template":"","meta":{"ocean_post_layout":"","ocean_both_sidebars_style":"","ocean_both_sidebars_content_width":0,"ocean_both_sidebars_sidebars_width":0,"ocean_sidebar":"","ocean_second_sidebar":"","ocean_disable_margins":"enable","ocean_add_body_class":"","ocean_shortcode_before_top_bar":"","ocean_shortcode_after_top_bar":"","ocean_shortcode_before_header":"","ocean_shortcode_after_header":"","ocean_has_shortcode":"","ocean_shortcode_after_title":"","ocean_shortcode_before_footer_widgets":"","ocean_shortcode_after_footer_widgets":"","ocean_shortcode_before_footer_bottom":"","ocean_shortcode_after_footer_bottom":"","ocean_display_top_bar":"default","ocean_display_header":"default","ocean_header_style":"","ocean_center_header_left_menu":"","ocean_custom_header_template":"","ocean_custom_logo":0,"ocean_custom_retina_logo":0,"ocean_custom_logo_max_width":0,"ocean_custom_logo_tablet_max_width":0,"ocean_custom_logo_mobile_max_width":0,"ocean_custom_logo_max_height":0,"ocean_custom_logo_tablet_max_height":0,"ocean_custom_logo_mobile_max_height":0,"ocean_header_custom_menu":"","ocean_menu_typo_font_family":"","ocean_menu_typo_font_subset":"","ocean_menu_typo_font_size":0,"ocean_menu_typo_font_size_tablet":0,"ocean_menu_typo_font_size_mobile":0,"ocean_menu_typo_font_size_unit":"px","ocean_menu_typo_font_weight":"","ocean_menu_typo_font_weight_tablet":"","ocean_menu_typo_font_weight_mobile":"","ocean_menu_typo_transform":"","ocean_menu_typo_transform_tablet":"","ocean_menu_typo_transform_mobile":"","ocean_menu_typo_line_height":0,"ocean_menu_typo_line_height_tablet":0,"ocean_menu_typo_line_height_mobile":0,"ocean_menu_typo_line_height_unit":"","ocean_menu_typo_spacing":0,"ocean_menu_typo_spacing_tablet":0,"ocean_menu_typo_spacing_mobile":0,"ocean_menu_typo_spacing_unit":"","ocean_menu_link_color":"","ocean_menu_link_color_hover":"","ocean_menu_link_color_active":"","ocean_menu_link_background":"","ocean_menu_link_hover_background":"","ocean_menu_link_active_background":"","ocean_menu_social_links_bg":"","ocean_menu_social_hover_links_bg":"","ocean_menu_social_links_color":"","ocean_menu_social_hover_links_color":"","ocean_disable_title":"default","ocean_disable_heading":"default","ocean_post_title":"","ocean_post_subheading":"","ocean_post_title_style":"","ocean_post_title_background_color":"","ocean_post_title_background":0,"ocean_post_title_bg_image_position":"","ocean_post_title_bg_image_attachment":"","ocean_post_title_bg_image_repeat":"","ocean_post_title_bg_image_size":"","ocean_post_title_height":0,"ocean_post_title_bg_overlay":0.5,"ocean_post_title_bg_overlay_color":"","ocean_disable_breadcrumbs":"default","ocean_breadcrumbs_color":"","ocean_breadcrumbs_separator_color":"","ocean_breadcrumbs_links_color":"","ocean_breadcrumbs_links_hover_color":"","ocean_display_footer_widgets":"default","ocean_display_footer_bottom":"default","ocean_custom_footer_template":"","osh_disable_topbar_sticky":"default","osh_disable_header_sticky":"default","osh_sticky_header_style":"default","osh_sticky_header_effect":"","osh_custom_sticky_logo":0,"osh_custom_retina_sticky_logo":0,"osh_custom_sticky_logo_height":0,"osh_background_color":"","osh_links_color":"","osh_links_hover_color":"","osh_links_active_color":"","osh_links_bg_color":"","osh_links_hover_bg_color":"","osh_links_active_bg_color":"","osh_menu_social_links_color":"","osh_menu_social_hover_links_color":""},"product_brand":[],"product_cat":[512],"product_tag":[684],"class_list":{"0":"post-26394","1":"product","2":"type-product","3":"status-publish","4":"has-post-thumbnail","6":"product_cat-evento","7":"product_tag-boda","8":"product_shipping_class-solo-en-alm","10":"entry","11":"has-media","12":"wcpa_has_options","14":"first","15":"instock","16":"taxable","17":"shipping-taxable","18":"purchasable","19":"product-type-simple","20":"has-product-nav","21":"col","22":"span_1_of_3","23":"owp-content-center","24":"owp-thumbs-layout-horizontal","25":"owp-btn-normal","26":"owp-tabs-layout-horizontal"},"group_of_quantity":0,"min_quantity":0,"max_quantity":"","exclude_order_quantity_value_rules":"no","exclude_category_quantity_rules":"no","combine_variations":"no","yoast_head":"<!-- This site is optimized with the Yoast SEO plugin v27.2 - https:\/\/yoast.com\/product\/yoast-seo-wordpress\/ -->\n<title>Paquete Make My Day XXL Restaurant Leopoldauer Alm<\/title>\n<meta name=\"robots\" content=\"index, follow, max-snippet:-1, max-image-preview:large, max-video-preview:-1\" \/>\n<link rel=\"canonical\" href=\"https:\/\/www.leopoldaueralm.at\/es\/shop\/paquete-make-my-day\/\" \/>\n<meta property=\"og:locale\" content=\"es_ES\" \/>\n<meta property=\"og:type\" content=\"article\" \/>\n<meta property=\"og:title\" content=\"Paquete Make My Day XXL Restaurant Leopoldauer Alm\" \/>\n<meta property=\"og:description\" content=\"\u00a1Reservable a partir de 20 personas! \u00a1Celebra con tus seres queridos tu d\u00eda especial en Leopoldauer Alm! Todo cubierto de blanco, ya sea en el Kaiserst\u00fcberl, Brunnengarten, etc. \u00a1Recepci\u00f3n con Sekt\/Sekt Orange! Elige entre un men\u00fa de 3 platos o nuestros famosos platos XXL: Almh\u00fcttenschmaus, Spanferkelplatte, Mistgabel o Bergbauernplatte. 5 horas incl. todas las bebidas abiertas como vino, cerveza, refrescos, caf\u00e9, Hugo, Aperol, Frizzante y \u00a1y mucho m\u00e1s!  Perfecto para baby shower, confirmaci\u00f3n, bautizo, primera comuni\u00f3n, boda, aniversario, etc.   Ni\u00f1os a partir de 6 a\u00f1os 35,00 \u20ac por ni\u00f1o  69,00 \u20ac por persona\" \/>\n<meta property=\"og:url\" content=\"https:\/\/www.leopoldaueralm.at\/es\/shop\/paquete-make-my-day\/\" \/>\n<meta property=\"og:site_name\" content=\"XXL Restaurant Leopoldauer Alm\" \/>\n<meta property=\"article:publisher\" content=\"https:\/\/www.facebook.com\/LeopoldauerAlm\" \/>\n<meta property=\"og:image\" content=\"https:\/\/www.leopoldaueralm.at\/wp-content\/uploads\/2024\/02\/make-my-day-package-image.jpg\" \/>\n\t<meta property=\"og:image:width\" content=\"1280\" \/>\n\t<meta property=\"og:image:height\" content=\"819\" \/>\n\t<meta property=\"og:image:type\" content=\"image\/jpeg\" \/>\n<meta name=\"twitter:card\" content=\"summary_large_image\" \/>\n<meta name=\"twitter:label1\" content=\"Tiempo de lectura\" \/>\n\t<meta name=\"twitter:data1\" content=\"2 minutos\" \/>\n<script type=\"application\/ld+json\" class=\"yoast-schema-graph\">{\"@context\":\"https:\/\/schema.org\",\"@graph\":[{\"@type\":\"WebPage\",\"@id\":\"https:\/\/www.leopoldaueralm.at\/es\/shop\/paquete-make-my-day\/\",\"url\":\"https:\/\/www.leopoldaueralm.at\/es\/shop\/paquete-make-my-day\/\",\"name\":\"Paquete Make My Day XXL Restaurant Leopoldauer Alm\",\"isPartOf\":{\"@id\":\"https:\/\/www.leopoldaueralm.at\/es\/#website\"},\"primaryImageOfPage\":{\"@id\":\"https:\/\/www.leopoldaueralm.at\/es\/shop\/paquete-make-my-day\/#primaryimage\"},\"image\":{\"@id\":\"https:\/\/www.leopoldaueralm.at\/es\/shop\/paquete-make-my-day\/#primaryimage\"},\"thumbnailUrl\":\"https:\/\/www.leopoldaueralm.at\/wp-content\/uploads\/2024\/02\/make-my-day-package-image.jpg\",\"datePublished\":\"2024-02-23T08:11:05+00:00\",\"breadcrumb\":{\"@id\":\"https:\/\/www.leopoldaueralm.at\/es\/shop\/paquete-make-my-day\/#breadcrumb\"},\"inLanguage\":\"es\",\"potentialAction\":[{\"@type\":\"ReadAction\",\"target\":[\"https:\/\/www.leopoldaueralm.at\/es\/shop\/paquete-make-my-day\/\"]}]},{\"@type\":\"ImageObject\",\"inLanguage\":\"es\",\"@id\":\"https:\/\/www.leopoldaueralm.at\/es\/shop\/paquete-make-my-day\/#primaryimage\",\"url\":\"https:\/\/www.leopoldaueralm.at\/wp-content\/uploads\/2024\/02\/make-my-day-package-image.jpg\",\"contentUrl\":\"https:\/\/www.leopoldaueralm.at\/wp-content\/uploads\/2024\/02\/make-my-day-package-image.jpg\",\"width\":1280,\"height\":819},{\"@type\":\"BreadcrumbList\",\"@id\":\"https:\/\/www.leopoldaueralm.at\/es\/shop\/paquete-make-my-day\/#breadcrumb\",\"itemListElement\":[{\"@type\":\"ListItem\",\"position\":1,\"name\":\"Startseite\",\"item\":\"https:\/\/www.leopoldaueralm.at\/es\/pagina-de-inicio\/\"},{\"@type\":\"ListItem\",\"position\":2,\"name\":\"Tienda\",\"item\":\"https:\/\/www.leopoldaueralm.at\/es\/tienda\/\"},{\"@type\":\"ListItem\",\"position\":3,\"name\":\"Evento\",\"item\":\"https:\/\/www.leopoldaueralm.at\/es\/product-category\/evento\/\"},{\"@type\":\"ListItem\",\"position\":4,\"name\":\"Paquete Make My Day\"}]},{\"@type\":\"WebSite\",\"@id\":\"https:\/\/www.leopoldaueralm.at\/es\/#website\",\"url\":\"https:\/\/www.leopoldaueralm.at\/es\/\",\"name\":\"XXL Restaurant Leopoldauer Alm\",\"description\":\"Das XXL Restaurant in Wien\",\"publisher\":{\"@id\":\"https:\/\/www.leopoldaueralm.at\/es\/#organization\"},\"potentialAction\":[{\"@type\":\"SearchAction\",\"target\":{\"@type\":\"EntryPoint\",\"urlTemplate\":\"https:\/\/www.leopoldaueralm.at\/es\/?s={search_term_string}\"},\"query-input\":{\"@type\":\"PropertyValueSpecification\",\"valueRequired\":true,\"valueName\":\"search_term_string\"}}],\"inLanguage\":\"es\"},{\"@type\":\"Organization\",\"@id\":\"https:\/\/www.leopoldaueralm.at\/es\/#organization\",\"name\":\"XXL Restaurant Leopoldauer Alm\",\"url\":\"https:\/\/www.leopoldaueralm.at\/es\/\",\"logo\":{\"@type\":\"ImageObject\",\"inLanguage\":\"es\",\"@id\":\"https:\/\/www.leopoldaueralm.at\/es\/#\/schema\/logo\/image\/\",\"url\":\"https:\/\/www.leopoldaueralm.at\/wp-content\/uploads\/2019\/12\/leo-logo.png\",\"contentUrl\":\"https:\/\/www.leopoldaueralm.at\/wp-content\/uploads\/2019\/12\/leo-logo.png\",\"width\":250,\"height\":250,\"caption\":\"XXL Restaurant Leopoldauer Alm\"},\"image\":{\"@id\":\"https:\/\/www.leopoldaueralm.at\/es\/#\/schema\/logo\/image\/\"},\"sameAs\":[\"https:\/\/www.facebook.com\/LeopoldauerAlm\"]}]}<\/script>\n<!-- \/ Yoast SEO plugin. -->","yoast_head_json":{"title":"Paquete Make My Day XXL Restaurant Leopoldauer Alm","robots":{"index":"index","follow":"follow","max-snippet":"max-snippet:-1","max-image-preview":"max-image-preview:large","max-video-preview":"max-video-preview:-1"},"canonical":"https:\/\/www.leopoldaueralm.at\/es\/shop\/paquete-make-my-day\/","og_locale":"es_ES","og_type":"article","og_title":"Paquete Make My Day XXL Restaurant Leopoldauer Alm","og_description":"\u00a1Reservable a partir de 20 personas! \u00a1Celebra con tus seres queridos tu d\u00eda especial en Leopoldauer Alm! Todo cubierto de blanco, ya sea en el Kaiserst\u00fcberl, Brunnengarten, etc. \u00a1Recepci\u00f3n con Sekt\/Sekt Orange! Elige entre un men\u00fa de 3 platos o nuestros famosos platos XXL: Almh\u00fcttenschmaus, Spanferkelplatte, Mistgabel o Bergbauernplatte. 5 horas incl. todas las bebidas abiertas como vino, cerveza, refrescos, caf\u00e9, Hugo, Aperol, Frizzante y \u00a1y mucho m\u00e1s!  Perfecto para baby shower, confirmaci\u00f3n, bautizo, primera comuni\u00f3n, boda, aniversario, etc.   Ni\u00f1os a partir de 6 a\u00f1os 35,00 \u20ac por ni\u00f1o  69,00 \u20ac por persona","og_url":"https:\/\/www.leopoldaueralm.at\/es\/shop\/paquete-make-my-day\/","og_site_name":"XXL Restaurant Leopoldauer Alm","article_publisher":"https:\/\/www.facebook.com\/LeopoldauerAlm","og_image":[{"width":1280,"height":819,"url":"https:\/\/www.leopoldaueralm.at\/wp-content\/uploads\/2024\/02\/make-my-day-package-image.jpg","type":"image\/jpeg"}],"twitter_card":"summary_large_image","twitter_misc":{"Tiempo de lectura":"2 minutos"},"schema":{"@context":"https:\/\/schema.org","@graph":[{"@type":"WebPage","@id":"https:\/\/www.leopoldaueralm.at\/es\/shop\/paquete-make-my-day\/","url":"https:\/\/www.leopoldaueralm.at\/es\/shop\/paquete-make-my-day\/","name":"Paquete Make My Day XXL Restaurant Leopoldauer Alm","isPartOf":{"@id":"https:\/\/www.leopoldaueralm.at\/es\/#website"},"primaryImageOfPage":{"@id":"https:\/\/www.leopoldaueralm.at\/es\/shop\/paquete-make-my-day\/#primaryimage"},"image":{"@id":"https:\/\/www.leopoldaueralm.at\/es\/shop\/paquete-make-my-day\/#primaryimage"},"thumbnailUrl":"https:\/\/www.leopoldaueralm.at\/wp-content\/uploads\/2024\/02\/make-my-day-package-image.jpg","datePublished":"2024-02-23T08:11:05+00:00","breadcrumb":{"@id":"https:\/\/www.leopoldaueralm.at\/es\/shop\/paquete-make-my-day\/#breadcrumb"},"inLanguage":"es","potentialAction":[{"@type":"ReadAction","target":["https:\/\/www.leopoldaueralm.at\/es\/shop\/paquete-make-my-day\/"]}]},{"@type":"ImageObject","inLanguage":"es","@id":"https:\/\/www.leopoldaueralm.at\/es\/shop\/paquete-make-my-day\/#primaryimage","url":"https:\/\/www.leopoldaueralm.at\/wp-content\/uploads\/2024\/02\/make-my-day-package-image.jpg","contentUrl":"https:\/\/www.leopoldaueralm.at\/wp-content\/uploads\/2024\/02\/make-my-day-package-image.jpg","width":1280,"height":819},{"@type":"BreadcrumbList","@id":"https:\/\/www.leopoldaueralm.at\/es\/shop\/paquete-make-my-day\/#breadcrumb","itemListElement":[{"@type":"ListItem","position":1,"name":"Startseite","item":"https:\/\/www.leopoldaueralm.at\/es\/pagina-de-inicio\/"},{"@type":"ListItem","position":2,"name":"Tienda","item":"https:\/\/www.leopoldaueralm.at\/es\/tienda\/"},{"@type":"ListItem","position":3,"name":"Evento","item":"https:\/\/www.leopoldaueralm.at\/es\/product-category\/evento\/"},{"@type":"ListItem","position":4,"name":"Paquete Make My Day"}]},{"@type":"WebSite","@id":"https:\/\/www.leopoldaueralm.at\/es\/#website","url":"https:\/\/www.leopoldaueralm.at\/es\/","name":"XXL Restaurant Leopoldauer Alm","description":"Das XXL Restaurant in Wien","publisher":{"@id":"https:\/\/www.leopoldaueralm.at\/es\/#organization"},"potentialAction":[{"@type":"SearchAction","target":{"@type":"EntryPoint","urlTemplate":"https:\/\/www.leopoldaueralm.at\/es\/?s={search_term_string}"},"query-input":{"@type":"PropertyValueSpecification","valueRequired":true,"valueName":"search_term_string"}}],"inLanguage":"es"},{"@type":"Organization","@id":"https:\/\/www.leopoldaueralm.at\/es\/#organization","name":"XXL Restaurant Leopoldauer Alm","url":"https:\/\/www.leopoldaueralm.at\/es\/","logo":{"@type":"ImageObject","inLanguage":"es","@id":"https:\/\/www.leopoldaueralm.at\/es\/#\/schema\/logo\/image\/","url":"https:\/\/www.leopoldaueralm.at\/wp-content\/uploads\/2019\/12\/leo-logo.png","contentUrl":"https:\/\/www.leopoldaueralm.at\/wp-content\/uploads\/2019\/12\/leo-logo.png","width":250,"height":250,"caption":"XXL Restaurant Leopoldauer Alm"},"image":{"@id":"https:\/\/www.leopoldaueralm.at\/es\/#\/schema\/logo\/image\/"},"sameAs":["https:\/\/www.facebook.com\/LeopoldauerAlm"]}]}},"wcpa_form_fields":null,"_links":{"self":[{"href":"https:\/\/www.leopoldaueralm.at\/es\/wp-json\/wp\/v2\/product\/26394","targetHints":{"allow":["GET"]}}],"collection":[{"href":"https:\/\/www.leopoldaueralm.at\/es\/wp-json\/wp\/v2\/product"}],"about":[{"href":"https:\/\/www.leopoldaueralm.at\/es\/wp-json\/wp\/v2\/types\/product"}],"wp:featuredmedia":[{"embeddable":true,"href":"https:\/\/www.leopoldaueralm.at\/es\/wp-json\/wp\/v2\/media\/18755"}],"wp:attachment":[{"href":"https:\/\/www.leopoldaueralm.at\/es\/wp-json\/wp\/v2\/media?parent=26394"}],"wp:term":[{"taxonomy":"product_brand","embeddable":true,"href":"https:\/\/www.leopoldaueralm.at\/es\/wp-json\/wp\/v2\/product_brand?post=26394"},{"taxonomy":"product_cat","embeddable":true,"href":"https:\/\/www.leopoldaueralm.at\/es\/wp-json\/wp\/v2\/product_cat?post=26394"},{"taxonomy":"product_tag","embeddable":true,"href":"https:\/\/www.leopoldaueralm.at\/es\/wp-json\/wp\/v2\/product_tag?post=26394"}],"curies":[{"name":"wp","href":"https:\/\/api.w.org\/{rel}","templated":true}]}}