{"id":26487,"date":"2024-06-10T11:57:03","date_gmt":"2024-06-10T09:57:03","guid":{"rendered":"https:\/\/www.leopoldaueralm.at\/shop\/catering\/"},"modified":"2026-04-17T12:26:44","modified_gmt":"2026-04-17T10:26:44","slug":"catering","status":"publish","type":"product","link":"https:\/\/www.leopoldaueralm.at\/es\/shop\/catering\/","title":{"rendered":"Catering"},"content":{"rendered":"<p style=\"font-weight: 400;\">Aqu\u00ed tiene un peque\u00f1o extracto de nuestra oferta de platos (dependiendo del catering y el n\u00famero de personas):<\/p>\n<p style=\"font-weight: 400;\"><strong>ENTRANTES A ELEGIR:<\/strong><\/p>\n<ul>\n<li style=\"font-weight: 400;\">Sopa de ajo (tambi\u00e9n posible en pan)<\/li>\n<li style=\"font-weight: 400;\">Sopa de Frittaten<\/li>\n<li style=\"font-weight: 400;\">Sopa de alb\u00f3ndigas de h\u00edgado<\/li>\n<li style=\"font-weight: 400;\">Platos de entrantes (variedades de jam\u00f3n)<\/li>\n<li style=\"font-weight: 400;\">Platos de queso<\/li>\n<li style=\"font-weight: 400;\">Platos de pescado\/salm\u00f3n<\/li>\n<\/ul>\n<p style=\"font-weight: 400;\"><strong>PLATOS PRINCIPALES A ELEGIR:<\/strong><\/p>\n<ul>\n<li style=\"font-weight: 400;\">Asado de cerdo con alcaravea, col y alb\u00f3ndigas<\/li>\n<li style=\"font-weight: 400;\">Asado de cerdo con col y alb\u00f3ndigas<\/li>\n<li style=\"font-weight: 400;\">Plato de granja (plato mixto: col, alb\u00f3ndigas, jugo de asado, alb\u00f3ndigas de chicharrones, carne curada, morcilla, asado de cerdo)<\/li>\n<li style=\"font-weight: 400;\">Escalope (de pollo o cerdo con ensalada de patata, patatas fritas o patatas asadas)<\/li>\n<li style=\"font-weight: 400;\">Pastel de carne picada<\/li>\n<li style=\"font-weight: 400;\">Pollo frito con guarniciones<\/li>\n<li style=\"font-weight: 400;\">Goulash con alb\u00f3ndigas<\/li>\n<li style=\"font-weight: 400;\">Krautfleckerl (pasta con col)<\/li>\n<li style=\"font-weight: 400;\">K\u00e4sesp\u00e4tzle, tagliatelle con champi\u00f1ones y parmesano<\/li>\n<li style=\"font-weight: 400;\">Strudel de espinacas con salsa de gorgonzola<\/li>\n<li style=\"font-weight: 400;\">Verduras rebozadas y salsa t\u00e1rtara<\/li>\n<\/ul>\n<p style=\"font-weight: 400;\"><strong>POSTRES A ELEGIR:<\/strong><\/p>\n<ul>\n<li style=\"font-weight: 400;\">Strudel de manzana<\/li>\n<li style=\"font-weight: 400;\">Strudel de reques\u00f3n con salsa de vainilla<\/li>\n<li style=\"font-weight: 400;\">Tarta de bandeja<\/li>\n<li style=\"font-weight: 400;\">Alb\u00f3ndigas de albaricoque<\/li>\n<li style=\"font-weight: 400;\">Peque\u00f1os pasteles de chocolate<\/li>\n<\/ul>\n<h4 style=\"font-weight: 400;\"><\/h4>\n<h4>INCLUIDO GRATIS EN SU CATERING:<\/h4>\n<p style=\"font-weight: 400;\"><strong>Entrega + Montaje + Desmontaje + Material de embalaje<\/strong><\/p>\n<p>PERSONAL: COCINEROS o Camareros 150,00 \u20ac por hora<\/p>\n<p>Por supuesto, estos son solo peque\u00f1os ejemplos. Usted desea, nosotros entregamos. \u00a1Tambi\u00e9n puede variar, ampliar y extender cada variante como desee!  <\/p>\n<p>Consultar ahora por correo electr\u00f3nico:<br \/>\n<a href=\"mailto:office@leopoldaueralm.at\">office@leopoldaueralm.at<\/a><br \/>\n \u00a1Estaremos encantados de asesorarle!<\/p>\n","protected":false},"excerpt":{"rendered":"<h3 class=\"elementor-heading-title elementor-size-default\">\u00a1Organizamos tu celebraci\u00f3n para 20 a 2.000 o m\u00e1s personas!<\/h3>\n<div class=\"default-style\">La entrega, el montaje y la recogida son siempre <strong>GRATIS<\/strong>.<\/div>\n<div class=\"default-style\">\u00a1Elaboramos su buf\u00e9 seg\u00fan sus deseos, requisitos y presupuesto!<\/div>\n<div class=\"default-style\">Ya sean eventos de empresa, bodas o celebraciones privadas, \u00a1le llevamos nuestra galardonada cocina directamente a su mesa!<\/div>\n<div><\/div>\n<div>\u00a1Nuestros buffets empiezan en 35,00 \u20ac por persona y llegan hasta unos 65,00 \u20ac por persona!<\/div>\n<div><\/div>\n<div>A continuaci\u00f3n, encontrar\u00e1 un extracto de nuestra oferta de platos.<\/div>\n<div><\/div>\n<div>\n<p style=\"font-weight: 400;\"><strong>\u00a1\u00a1\u00a1CATERING POSIBLE A PARTIR DE 20 PERSONAS!!!<\/strong><\/p>\n<p style=\"font-weight: 400;\"><strong>Precio por persona a partir de 35 \u20ac<br \/>\n<\/strong><strong>(dependiendo de la selecci\u00f3n de platos, n\u00famero de personas, etc., el precio var\u00eda)<\/strong><\/p>\n<p><strong>Anticipo:<\/strong><\/p>\n<\/div>\n","protected":false},"featured_media":20811,"template":"","meta":{"ocean_post_layout":"","ocean_both_sidebars_style":"","ocean_both_sidebars_content_width":0,"ocean_both_sidebars_sidebars_width":0,"ocean_sidebar":"0","ocean_second_sidebar":"0","ocean_disable_margins":"enable","ocean_add_body_class":"","ocean_shortcode_before_top_bar":"","ocean_shortcode_after_top_bar":"","ocean_shortcode_before_header":"","ocean_shortcode_after_header":"","ocean_has_shortcode":"","ocean_shortcode_after_title":"","ocean_shortcode_before_footer_widgets":"","ocean_shortcode_after_footer_widgets":"","ocean_shortcode_before_footer_bottom":"","ocean_shortcode_after_footer_bottom":"","ocean_display_top_bar":"default","ocean_display_header":"default","ocean_header_style":"","ocean_center_header_left_menu":"0","ocean_custom_header_template":"0","ocean_custom_logo":0,"ocean_custom_retina_logo":0,"ocean_custom_logo_max_width":0,"ocean_custom_logo_tablet_max_width":0,"ocean_custom_logo_mobile_max_width":0,"ocean_custom_logo_max_height":0,"ocean_custom_logo_tablet_max_height":0,"ocean_custom_logo_mobile_max_height":0,"ocean_header_custom_menu":"0","ocean_menu_typo_font_family":"0","ocean_menu_typo_font_subset":"","ocean_menu_typo_font_size":0,"ocean_menu_typo_font_size_tablet":0,"ocean_menu_typo_font_size_mobile":0,"ocean_menu_typo_font_size_unit":"px","ocean_menu_typo_font_weight":"","ocean_menu_typo_font_weight_tablet":"","ocean_menu_typo_font_weight_mobile":"","ocean_menu_typo_transform":"","ocean_menu_typo_transform_tablet":"","ocean_menu_typo_transform_mobile":"","ocean_menu_typo_line_height":0,"ocean_menu_typo_line_height_tablet":0,"ocean_menu_typo_line_height_mobile":0,"ocean_menu_typo_line_height_unit":"","ocean_menu_typo_spacing":0,"ocean_menu_typo_spacing_tablet":0,"ocean_menu_typo_spacing_mobile":0,"ocean_menu_typo_spacing_unit":"","ocean_menu_link_color":"","ocean_menu_link_color_hover":"","ocean_menu_link_color_active":"","ocean_menu_link_background":"","ocean_menu_link_hover_background":"","ocean_menu_link_active_background":"","ocean_menu_social_links_bg":"","ocean_menu_social_hover_links_bg":"","ocean_menu_social_links_color":"","ocean_menu_social_hover_links_color":"","ocean_disable_title":"default","ocean_disable_heading":"default","ocean_post_title":"","ocean_post_subheading":"","ocean_post_title_style":"","ocean_post_title_background_color":"","ocean_post_title_background":0,"ocean_post_title_bg_image_position":"","ocean_post_title_bg_image_attachment":"","ocean_post_title_bg_image_repeat":"","ocean_post_title_bg_image_size":"","ocean_post_title_height":0,"ocean_post_title_bg_overlay":0.5,"ocean_post_title_bg_overlay_color":"","ocean_disable_breadcrumbs":"default","ocean_breadcrumbs_color":"","ocean_breadcrumbs_separator_color":"","ocean_breadcrumbs_links_color":"","ocean_breadcrumbs_links_hover_color":"","ocean_display_footer_widgets":"default","ocean_display_footer_bottom":"default","ocean_custom_footer_template":"0","osh_disable_topbar_sticky":"default","osh_disable_header_sticky":"default","osh_sticky_header_style":"default","osh_sticky_header_effect":"","osh_custom_sticky_logo":0,"osh_custom_retina_sticky_logo":0,"osh_custom_sticky_logo_height":0,"osh_background_color":"","osh_links_color":"","osh_links_hover_color":"","osh_links_active_color":"","osh_links_bg_color":"","osh_links_hover_bg_color":"","osh_links_active_bg_color":"","osh_menu_social_links_color":"","osh_menu_social_hover_links_color":""},"product_brand":[],"product_cat":[512],"product_tag":[],"class_list":{"0":"post-26487","1":"product","2":"type-product","3":"status-publish","4":"has-post-thumbnail","6":"product_cat-evento","7":"product_shipping_class-solo-en-alm","9":"entry","10":"has-media","11":"wcpa_has_options","13":"first","14":"instock","15":"taxable","16":"shipping-taxable","17":"purchasable","18":"product-type-variable","19":"has-product-nav","20":"col","21":"span_1_of_3","22":"owp-content-center","23":"owp-thumbs-layout-horizontal","24":"owp-btn-normal","25":"owp-tabs-layout-horizontal"},"group_of_quantity":0,"min_quantity":0,"max_quantity":"","exclude_order_quantity_value_rules":"no","exclude_category_quantity_rules":"no","combine_variations":"no","yoast_head":"<!-- This site is optimized with the Yoast SEO plugin v27.2 - https:\/\/yoast.com\/product\/yoast-seo-wordpress\/ -->\n<title>Catering XXL Restaurant Leopoldauer Alm<\/title>\n<meta name=\"robots\" content=\"index, follow, max-snippet:-1, max-image-preview:large, max-video-preview:-1\" \/>\n<link rel=\"canonical\" href=\"https:\/\/www.leopoldaueralm.at\/es\/shop\/catering\/\" \/>\n<meta property=\"og:locale\" content=\"es_ES\" \/>\n<meta property=\"og:type\" content=\"article\" \/>\n<meta property=\"og:title\" content=\"Catering XXL Restaurant Leopoldauer Alm\" \/>\n<meta property=\"og:description\" content=\"\u00a1Organizamos tu celebraci\u00f3n para 20 a 2.000 o m\u00e1s personas! La entrega, el montaje y la recogida son siempre GRATIS. \u00a1Elaboramos su buf\u00e9 seg\u00fan sus deseos, requisitos y presupuesto! Ya sean eventos de empresa, bodas o celebraciones privadas, \u00a1le llevamos nuestra galardonada cocina directamente a su mesa! \u00a1Nuestros buffets empiezan en 35,00 \u20ac por persona y llegan hasta unos 65,00 \u20ac por persona! A continuaci\u00f3n, encontrar\u00e1 un extracto de nuestra oferta de platos.  \u00a1\u00a1\u00a1CATERING POSIBLE A PARTIR DE 20 PERSONAS!!! Precio por persona a partir de 35 \u20ac (dependiendo de la selecci\u00f3n de platos, n\u00famero de personas, etc., el precio var\u00eda) Anticipo:\" \/>\n<meta property=\"og:url\" content=\"https:\/\/www.leopoldaueralm.at\/es\/shop\/catering\/\" \/>\n<meta property=\"og:site_name\" content=\"XXL Restaurant Leopoldauer Alm\" \/>\n<meta property=\"article:publisher\" content=\"https:\/\/www.facebook.com\/LeopoldauerAlm\" \/>\n<meta property=\"article:modified_time\" content=\"2026-04-17T10:26:44+00:00\" \/>\n<meta property=\"og:image\" content=\"https:\/\/www.leopoldaueralm.at\/wp-content\/uploads\/2024\/05\/catering3.jpg\" \/>\n\t<meta property=\"og:image:width\" content=\"1000\" \/>\n\t<meta property=\"og:image:height\" content=\"667\" \/>\n\t<meta property=\"og:image:type\" content=\"image\/jpeg\" \/>\n<meta name=\"twitter:card\" content=\"summary_large_image\" \/>\n<meta name=\"twitter:label1\" content=\"Tiempo de lectura\" \/>\n\t<meta name=\"twitter:data1\" content=\"1 minuto\" \/>\n<script type=\"application\/ld+json\" class=\"yoast-schema-graph\">{\"@context\":\"https:\/\/schema.org\",\"@graph\":[{\"@type\":\"WebPage\",\"@id\":\"https:\/\/www.leopoldaueralm.at\/es\/shop\/catering\/\",\"url\":\"https:\/\/www.leopoldaueralm.at\/es\/shop\/catering\/\",\"name\":\"Catering XXL Restaurant Leopoldauer Alm\",\"isPartOf\":{\"@id\":\"https:\/\/www.leopoldaueralm.at\/es\/#website\"},\"primaryImageOfPage\":{\"@id\":\"https:\/\/www.leopoldaueralm.at\/es\/shop\/catering\/#primaryimage\"},\"image\":{\"@id\":\"https:\/\/www.leopoldaueralm.at\/es\/shop\/catering\/#primaryimage\"},\"thumbnailUrl\":\"https:\/\/www.leopoldaueralm.at\/wp-content\/uploads\/2024\/05\/catering3.jpg\",\"datePublished\":\"2024-06-10T09:57:03+00:00\",\"dateModified\":\"2026-04-17T10:26:44+00:00\",\"breadcrumb\":{\"@id\":\"https:\/\/www.leopoldaueralm.at\/es\/shop\/catering\/#breadcrumb\"},\"inLanguage\":\"es\",\"potentialAction\":[{\"@type\":\"ReadAction\",\"target\":[\"https:\/\/www.leopoldaueralm.at\/es\/shop\/catering\/\"]}]},{\"@type\":\"ImageObject\",\"inLanguage\":\"es\",\"@id\":\"https:\/\/www.leopoldaueralm.at\/es\/shop\/catering\/#primaryimage\",\"url\":\"https:\/\/www.leopoldaueralm.at\/wp-content\/uploads\/2024\/05\/catering3.jpg\",\"contentUrl\":\"https:\/\/www.leopoldaueralm.at\/wp-content\/uploads\/2024\/05\/catering3.jpg\",\"width\":1000,\"height\":667},{\"@type\":\"BreadcrumbList\",\"@id\":\"https:\/\/www.leopoldaueralm.at\/es\/shop\/catering\/#breadcrumb\",\"itemListElement\":[{\"@type\":\"ListItem\",\"position\":1,\"name\":\"Startseite\",\"item\":\"https:\/\/www.leopoldaueralm.at\/es\/pagina-de-inicio\/\"},{\"@type\":\"ListItem\",\"position\":2,\"name\":\"Tienda\",\"item\":\"https:\/\/www.leopoldaueralm.at\/es\/tienda\/\"},{\"@type\":\"ListItem\",\"position\":3,\"name\":\"Evento\",\"item\":\"https:\/\/www.leopoldaueralm.at\/es\/product-category\/evento\/\"},{\"@type\":\"ListItem\",\"position\":4,\"name\":\"Catering\"}]},{\"@type\":\"WebSite\",\"@id\":\"https:\/\/www.leopoldaueralm.at\/es\/#website\",\"url\":\"https:\/\/www.leopoldaueralm.at\/es\/\",\"name\":\"XXL Restaurant Leopoldauer Alm\",\"description\":\"Das XXL Restaurant in Wien\",\"publisher\":{\"@id\":\"https:\/\/www.leopoldaueralm.at\/es\/#organization\"},\"potentialAction\":[{\"@type\":\"SearchAction\",\"target\":{\"@type\":\"EntryPoint\",\"urlTemplate\":\"https:\/\/www.leopoldaueralm.at\/es\/?s={search_term_string}\"},\"query-input\":{\"@type\":\"PropertyValueSpecification\",\"valueRequired\":true,\"valueName\":\"search_term_string\"}}],\"inLanguage\":\"es\"},{\"@type\":\"Organization\",\"@id\":\"https:\/\/www.leopoldaueralm.at\/es\/#organization\",\"name\":\"XXL Restaurant Leopoldauer Alm\",\"url\":\"https:\/\/www.leopoldaueralm.at\/es\/\",\"logo\":{\"@type\":\"ImageObject\",\"inLanguage\":\"es\",\"@id\":\"https:\/\/www.leopoldaueralm.at\/es\/#\/schema\/logo\/image\/\",\"url\":\"https:\/\/www.leopoldaueralm.at\/wp-content\/uploads\/2019\/12\/leo-logo.png\",\"contentUrl\":\"https:\/\/www.leopoldaueralm.at\/wp-content\/uploads\/2019\/12\/leo-logo.png\",\"width\":250,\"height\":250,\"caption\":\"XXL Restaurant Leopoldauer Alm\"},\"image\":{\"@id\":\"https:\/\/www.leopoldaueralm.at\/es\/#\/schema\/logo\/image\/\"},\"sameAs\":[\"https:\/\/www.facebook.com\/LeopoldauerAlm\"]}]}<\/script>\n<!-- \/ Yoast SEO plugin. -->","yoast_head_json":{"title":"Catering XXL Restaurant Leopoldauer Alm","robots":{"index":"index","follow":"follow","max-snippet":"max-snippet:-1","max-image-preview":"max-image-preview:large","max-video-preview":"max-video-preview:-1"},"canonical":"https:\/\/www.leopoldaueralm.at\/es\/shop\/catering\/","og_locale":"es_ES","og_type":"article","og_title":"Catering XXL Restaurant Leopoldauer Alm","og_description":"\u00a1Organizamos tu celebraci\u00f3n para 20 a 2.000 o m\u00e1s personas! La entrega, el montaje y la recogida son siempre GRATIS. \u00a1Elaboramos su buf\u00e9 seg\u00fan sus deseos, requisitos y presupuesto! Ya sean eventos de empresa, bodas o celebraciones privadas, \u00a1le llevamos nuestra galardonada cocina directamente a su mesa! \u00a1Nuestros buffets empiezan en 35,00 \u20ac por persona y llegan hasta unos 65,00 \u20ac por persona! A continuaci\u00f3n, encontrar\u00e1 un extracto de nuestra oferta de platos.  \u00a1\u00a1\u00a1CATERING POSIBLE A PARTIR DE 20 PERSONAS!!! Precio por persona a partir de 35 \u20ac (dependiendo de la selecci\u00f3n de platos, n\u00famero de personas, etc., el precio var\u00eda) Anticipo:","og_url":"https:\/\/www.leopoldaueralm.at\/es\/shop\/catering\/","og_site_name":"XXL Restaurant Leopoldauer Alm","article_publisher":"https:\/\/www.facebook.com\/LeopoldauerAlm","article_modified_time":"2026-04-17T10:26:44+00:00","og_image":[{"width":1000,"height":667,"url":"https:\/\/www.leopoldaueralm.at\/wp-content\/uploads\/2024\/05\/catering3.jpg","type":"image\/jpeg"}],"twitter_card":"summary_large_image","twitter_misc":{"Tiempo de lectura":"1 minuto"},"schema":{"@context":"https:\/\/schema.org","@graph":[{"@type":"WebPage","@id":"https:\/\/www.leopoldaueralm.at\/es\/shop\/catering\/","url":"https:\/\/www.leopoldaueralm.at\/es\/shop\/catering\/","name":"Catering XXL Restaurant Leopoldauer Alm","isPartOf":{"@id":"https:\/\/www.leopoldaueralm.at\/es\/#website"},"primaryImageOfPage":{"@id":"https:\/\/www.leopoldaueralm.at\/es\/shop\/catering\/#primaryimage"},"image":{"@id":"https:\/\/www.leopoldaueralm.at\/es\/shop\/catering\/#primaryimage"},"thumbnailUrl":"https:\/\/www.leopoldaueralm.at\/wp-content\/uploads\/2024\/05\/catering3.jpg","datePublished":"2024-06-10T09:57:03+00:00","dateModified":"2026-04-17T10:26:44+00:00","breadcrumb":{"@id":"https:\/\/www.leopoldaueralm.at\/es\/shop\/catering\/#breadcrumb"},"inLanguage":"es","potentialAction":[{"@type":"ReadAction","target":["https:\/\/www.leopoldaueralm.at\/es\/shop\/catering\/"]}]},{"@type":"ImageObject","inLanguage":"es","@id":"https:\/\/www.leopoldaueralm.at\/es\/shop\/catering\/#primaryimage","url":"https:\/\/www.leopoldaueralm.at\/wp-content\/uploads\/2024\/05\/catering3.jpg","contentUrl":"https:\/\/www.leopoldaueralm.at\/wp-content\/uploads\/2024\/05\/catering3.jpg","width":1000,"height":667},{"@type":"BreadcrumbList","@id":"https:\/\/www.leopoldaueralm.at\/es\/shop\/catering\/#breadcrumb","itemListElement":[{"@type":"ListItem","position":1,"name":"Startseite","item":"https:\/\/www.leopoldaueralm.at\/es\/pagina-de-inicio\/"},{"@type":"ListItem","position":2,"name":"Tienda","item":"https:\/\/www.leopoldaueralm.at\/es\/tienda\/"},{"@type":"ListItem","position":3,"name":"Evento","item":"https:\/\/www.leopoldaueralm.at\/es\/product-category\/evento\/"},{"@type":"ListItem","position":4,"name":"Catering"}]},{"@type":"WebSite","@id":"https:\/\/www.leopoldaueralm.at\/es\/#website","url":"https:\/\/www.leopoldaueralm.at\/es\/","name":"XXL Restaurant Leopoldauer Alm","description":"Das XXL Restaurant in Wien","publisher":{"@id":"https:\/\/www.leopoldaueralm.at\/es\/#organization"},"potentialAction":[{"@type":"SearchAction","target":{"@type":"EntryPoint","urlTemplate":"https:\/\/www.leopoldaueralm.at\/es\/?s={search_term_string}"},"query-input":{"@type":"PropertyValueSpecification","valueRequired":true,"valueName":"search_term_string"}}],"inLanguage":"es"},{"@type":"Organization","@id":"https:\/\/www.leopoldaueralm.at\/es\/#organization","name":"XXL Restaurant Leopoldauer Alm","url":"https:\/\/www.leopoldaueralm.at\/es\/","logo":{"@type":"ImageObject","inLanguage":"es","@id":"https:\/\/www.leopoldaueralm.at\/es\/#\/schema\/logo\/image\/","url":"https:\/\/www.leopoldaueralm.at\/wp-content\/uploads\/2019\/12\/leo-logo.png","contentUrl":"https:\/\/www.leopoldaueralm.at\/wp-content\/uploads\/2019\/12\/leo-logo.png","width":250,"height":250,"caption":"XXL Restaurant Leopoldauer Alm"},"image":{"@id":"https:\/\/www.leopoldaueralm.at\/es\/#\/schema\/logo\/image\/"},"sameAs":["https:\/\/www.facebook.com\/LeopoldauerAlm"]}]}},"wcpa_form_fields":null,"_links":{"self":[{"href":"https:\/\/www.leopoldaueralm.at\/es\/wp-json\/wp\/v2\/product\/26487","targetHints":{"allow":["GET"]}}],"collection":[{"href":"https:\/\/www.leopoldaueralm.at\/es\/wp-json\/wp\/v2\/product"}],"about":[{"href":"https:\/\/www.leopoldaueralm.at\/es\/wp-json\/wp\/v2\/types\/product"}],"wp:featuredmedia":[{"embeddable":true,"href":"https:\/\/www.leopoldaueralm.at\/es\/wp-json\/wp\/v2\/media\/20811"}],"wp:attachment":[{"href":"https:\/\/www.leopoldaueralm.at\/es\/wp-json\/wp\/v2\/media?parent=26487"}],"wp:term":[{"taxonomy":"product_brand","embeddable":true,"href":"https:\/\/www.leopoldaueralm.at\/es\/wp-json\/wp\/v2\/product_brand?post=26487"},{"taxonomy":"product_cat","embeddable":true,"href":"https:\/\/www.leopoldaueralm.at\/es\/wp-json\/wp\/v2\/product_cat?post=26487"},{"taxonomy":"product_tag","embeddable":true,"href":"https:\/\/www.leopoldaueralm.at\/es\/wp-json\/wp\/v2\/product_tag?post=26487"}],"curies":[{"name":"wp","href":"https:\/\/api.w.org\/{rel}","templated":true}]}}