{"id":28662,"date":"2026-01-15T13:46:11","date_gmt":"2026-01-15T12:46:11","guid":{"rendered":"https:\/\/www.leopoldaueralm.at\/?post_type=product&#038;p=28662"},"modified":"2026-03-27T13:27:02","modified_gmt":"2026-03-27T12:27:02","slug":"bandeja-para-10-para-comer-en-el-local","status":"publish","type":"product","link":"https:\/\/www.leopoldaueralm.at\/es\/shop\/bandeja-para-10-para-comer-en-el-local\/","title":{"rendered":"Lata de 10 unidades (para comer en la caba\u00f1a)"},"content":{"rendered":"","protected":false},"excerpt":{"rendered":"<p>Nuestra BANDEJA para 10:<br class=\"html-br\"><br class=\"html-br\"><strong>Mistgabel<\/strong> para 10\/12 personas con todos los acompa\u00f1amientos (patatas fritas, gajos, ENSALADA de patata, ensalada de pepino, ensalada de col, as\u00ed como todas las salsas y mantequilla de hierbas)<br \/>\n<br class=\"html-br\"><strong>Plato Bergbauern<\/strong> (asado de cerdo, carne ahumada de granja, morcilla rebozada, salchichas a la parrilla, costillas &#8211; para 10-12 personas con acompa\u00f1amientos (alb\u00f3ndigas, patatas asadas, chucrut, jugo de asado, ensalada de patata, ensalada de pepino y ensalada de col)<\/p>\n<p><strong>Bandeja de escalopes<\/strong> para 10-12 personas. Escalopes de cerdo y cordon bleus. Escalopes con crujiente rebozado de semillas de calabaza, incluye todas las guarniciones (ensalada de patata, patatas fritas, gajos, ensalada de col con ensalada de pepino, as\u00ed como todas las salsas).<\/p>\n<p><strong>Bandeja de escalopes solo de \u00abpollo\u00bb<\/strong> para 10-12 personas. Todo de \u00abPOLLO\u00bb. Escalopes de pollo y cordon bleus de pollo (\u00a1\u00a1jam\u00f3n de pavo!!). Escalopes de pollo con crujiente rebozado de semillas de calabaza, incluye todas las guarniciones (ensalada de patata, patatas fritas, gajos), ensalada de col con ensalada de pepino, as\u00ed como todas las salsas).<\/p>\n<p><strong>Plato de cochinillo<\/strong> para 10-12 personas con partes de cochinillo, escalopes, costillas, con todos los acompa\u00f1amientos (ensalada de patata, ensalada de col, ensalada de pepino, chucrut, alb\u00f3ndigas, alb\u00f3ndigas de patata, jugo de asado y boller\u00eda Jour para 10\/12 personas)<\/p>\n<p><strong>Bandeja vegetariana<\/strong> para 10-12 personas: hamburguesas vegetales, Eiernockerl, K\u00e4sesp\u00e4tzle, queso Emmental rebozado, verduras rebozadas, patatas al perejil, patatas fritas, aros de cebolla, ensalada de patata, ensalada de col y pepino, y todas las salsas.<\/p>\n<p><strong>Asador de codillos<\/strong> para vuestras fiestas y celebraciones, novedad: nuestra bandeja de 10 codillos \u00abKirtag\u00bb para al menos 10-12 personas. Incluye ensalada de col, de pepino y de patata, 6 codillos grandes de 1,8\/2,0 kg de peso en crudo, encurtidos, r\u00e1bano picante, mostaza, etc. 240,00 \u20ac<\/p>\n<p><span style=\"color: #ff0000;\"><strong>Este pedido solo asegura su bandeja para 10. Para reservar mesa, por favor, llama antes al 01\/25 98 380.<\/strong><\/span><\/p>\n<p><span style=\"color: #ff0000;\"><strong>\u00a1LA BANDEJA DE 10 DEBE PEDIRSE CON AL MENOS 48 H DE ANTELACI\u00d3N! LAS CANCELACIONES SOLO SON POSIBLES 24 H ANTES, DE LO CONTRARIO SE INCURRIR\u00c1 EN GASTOS. GRACIAS POR TU COMPRENSI\u00d3N.  <\/strong><\/span><\/p>\n","protected":false},"featured_media":28663,"template":"","meta":{"ocean_post_layout":"","ocean_both_sidebars_style":"","ocean_both_sidebars_content_width":0,"ocean_both_sidebars_sidebars_width":0,"ocean_sidebar":"0","ocean_second_sidebar":"0","ocean_disable_margins":"enable","ocean_add_body_class":"","ocean_shortcode_before_top_bar":"","ocean_shortcode_after_top_bar":"","ocean_shortcode_before_header":"","ocean_shortcode_after_header":"","ocean_has_shortcode":"","ocean_shortcode_after_title":"","ocean_shortcode_before_footer_widgets":"","ocean_shortcode_after_footer_widgets":"","ocean_shortcode_before_footer_bottom":"","ocean_shortcode_after_footer_bottom":"","ocean_display_top_bar":"default","ocean_display_header":"default","ocean_header_style":"","ocean_center_header_left_menu":"0","ocean_custom_header_template":"0","ocean_custom_logo":0,"ocean_custom_retina_logo":0,"ocean_custom_logo_max_width":0,"ocean_custom_logo_tablet_max_width":0,"ocean_custom_logo_mobile_max_width":0,"ocean_custom_logo_max_height":0,"ocean_custom_logo_tablet_max_height":0,"ocean_custom_logo_mobile_max_height":0,"ocean_header_custom_menu":"0","ocean_menu_typo_font_family":"0","ocean_menu_typo_font_subset":"","ocean_menu_typo_font_size":0,"ocean_menu_typo_font_size_tablet":0,"ocean_menu_typo_font_size_mobile":0,"ocean_menu_typo_font_size_unit":"px","ocean_menu_typo_font_weight":"","ocean_menu_typo_font_weight_tablet":"","ocean_menu_typo_font_weight_mobile":"","ocean_menu_typo_transform":"","ocean_menu_typo_transform_tablet":"","ocean_menu_typo_transform_mobile":"","ocean_menu_typo_line_height":0,"ocean_menu_typo_line_height_tablet":0,"ocean_menu_typo_line_height_mobile":0,"ocean_menu_typo_line_height_unit":"","ocean_menu_typo_spacing":0,"ocean_menu_typo_spacing_tablet":0,"ocean_menu_typo_spacing_mobile":0,"ocean_menu_typo_spacing_unit":"","ocean_menu_link_color":"","ocean_menu_link_color_hover":"","ocean_menu_link_color_active":"","ocean_menu_link_background":"","ocean_menu_link_hover_background":"","ocean_menu_link_active_background":"","ocean_menu_social_links_bg":"","ocean_menu_social_hover_links_bg":"","ocean_menu_social_links_color":"","ocean_menu_social_hover_links_color":"","ocean_disable_title":"default","ocean_disable_heading":"default","ocean_post_title":"","ocean_post_subheading":"","ocean_post_title_style":"","ocean_post_title_background_color":"","ocean_post_title_background":0,"ocean_post_title_bg_image_position":"","ocean_post_title_bg_image_attachment":"","ocean_post_title_bg_image_repeat":"","ocean_post_title_bg_image_size":"","ocean_post_title_height":0,"ocean_post_title_bg_overlay":0.5,"ocean_post_title_bg_overlay_color":"","ocean_disable_breadcrumbs":"default","ocean_breadcrumbs_color":"","ocean_breadcrumbs_separator_color":"","ocean_breadcrumbs_links_color":"","ocean_breadcrumbs_links_hover_color":"","ocean_display_footer_widgets":"default","ocean_display_footer_bottom":"default","ocean_custom_footer_template":"0","osh_disable_topbar_sticky":"default","osh_disable_header_sticky":"default","osh_sticky_header_style":"default","osh_sticky_header_effect":"","osh_custom_sticky_logo":0,"osh_custom_retina_sticky_logo":0,"osh_custom_sticky_logo_height":0,"osh_background_color":"","osh_links_color":"","osh_links_hover_color":"","osh_links_active_color":"","osh_links_bg_color":"","osh_links_hover_bg_color":"","osh_links_active_bg_color":"","osh_menu_social_links_color":"","osh_menu_social_hover_links_color":""},"product_brand":[],"product_cat":[512],"product_tag":[],"class_list":{"0":"post-28662","1":"product","2":"type-product","3":"status-publish","4":"has-post-thumbnail","6":"product_cat-evento","7":"product_shipping_class-solo-en-alm","9":"entry","10":"has-media","11":"wcpa_has_options","13":"first","14":"instock","15":"taxable","16":"shipping-taxable","17":"purchasable","18":"product-type-variable","19":"has-product-nav","20":"col","21":"span_1_of_3","22":"owp-content-center","23":"owp-thumbs-layout-horizontal","24":"owp-btn-normal","25":"owp-tabs-layout-horizontal"},"group_of_quantity":0,"min_quantity":0,"max_quantity":"","exclude_order_quantity_value_rules":"no","exclude_category_quantity_rules":"no","combine_variations":"no","yoast_head":"<!-- This site is optimized with the Yoast SEO plugin v27.2 - https:\/\/yoast.com\/product\/yoast-seo-wordpress\/ -->\n<title>Lata de 10 unidades (para comer en la caba\u00f1a) XXL Restaurant Leopoldauer Alm<\/title>\n<meta name=\"robots\" content=\"index, follow, max-snippet:-1, max-image-preview:large, max-video-preview:-1\" \/>\n<link rel=\"canonical\" href=\"https:\/\/www.leopoldaueralm.at\/es\/shop\/bandeja-para-10-para-comer-en-el-local\/\" \/>\n<meta property=\"og:locale\" content=\"es_ES\" \/>\n<meta property=\"og:type\" content=\"article\" \/>\n<meta property=\"og:title\" content=\"Lata de 10 unidades (para comer en la caba\u00f1a) XXL Restaurant Leopoldauer Alm\" \/>\n<meta property=\"og:description\" content=\"Nuestra BANDEJA para 10:Mistgabel para 10\/12 personas con todos los acompa\u00f1amientos (patatas fritas, gajos, ENSALADA de patata, ensalada de pepino, ensalada de col, as\u00ed como todas las salsas y mantequilla de hierbas) Plato Bergbauern (asado de cerdo, carne ahumada de granja, morcilla rebozada, salchichas a la parrilla, costillas - para 10-12 personas con acompa\u00f1amientos (alb\u00f3ndigas, patatas asadas, chucrut, jugo de asado, ensalada de patata, ensalada de pepino y ensalada de col) Bandeja de escalopes para 10-12 personas. Escalopes de cerdo y cordon bleus. Escalopes con crujiente rebozado de semillas de calabaza, incluye todas las guarniciones (ensalada de patata, patatas fritas, gajos, ensalada de col con ensalada de pepino, as\u00ed como todas las salsas). Bandeja de escalopes solo de &quot;pollo&quot; para 10-12 personas. Todo de &quot;POLLO&quot;. Escalopes de pollo y cordon bleus de pollo (\u00a1\u00a1jam\u00f3n de pavo!!). Escalopes de pollo con crujiente rebozado de semillas de calabaza, incluye todas las guarniciones (ensalada de patata, patatas fritas, gajos), ensalada de col con ensalada de pepino, as\u00ed como todas las salsas). Plato de cochinillo para 10-12 personas con partes de cochinillo, escalopes, costillas, con todos los acompa\u00f1amientos (ensalada de patata, ensalada de col, ensalada de pepino, chucrut, alb\u00f3ndigas, alb\u00f3ndigas de patata, jugo de asado y boller\u00eda Jour para 10\/12 personas) Bandeja vegetariana para 10-12 personas: hamburguesas vegetales, Eiernockerl, K\u00e4sesp\u00e4tzle, queso Emmental rebozado, verduras rebozadas, patatas al perejil, patatas fritas, aros de cebolla, ensalada de patata, ensalada de col y pepino, y todas las salsas. Asador de codillos para vuestras fiestas y celebraciones, novedad: nuestra bandeja de 10 codillos &quot;Kirtag&quot; para al menos 10-12 personas. Incluye ensalada de col, de pepino y de patata, 6 codillos grandes de 1,8\/2,0 kg de peso en crudo, encurtidos, r\u00e1bano picante, mostaza, etc. 240,00 \u20ac Este pedido solo asegura su bandeja para 10. Para reservar mesa, por favor, llama antes al 01\/25 98 380. \u00a1LA BANDEJA DE 10 DEBE PEDIRSE CON AL MENOS 48 H DE ANTELACI\u00d3N! LAS CANCELACIONES SOLO SON POSIBLES 24 H ANTES, DE LO CONTRARIO SE INCURRIR\u00c1 EN GASTOS. GRACIAS POR TU COMPRENSI\u00d3N.\" \/>\n<meta property=\"og:url\" content=\"https:\/\/www.leopoldaueralm.at\/es\/shop\/bandeja-para-10-para-comer-en-el-local\/\" \/>\n<meta property=\"og:site_name\" content=\"XXL Restaurant Leopoldauer Alm\" \/>\n<meta property=\"article:publisher\" content=\"https:\/\/www.facebook.com\/LeopoldauerAlm\" \/>\n<meta property=\"article:modified_time\" content=\"2026-03-27T12:27:02+00:00\" \/>\n<meta property=\"og:image\" content=\"https:\/\/www.leopoldaueralm.at\/wp-content\/uploads\/2026\/01\/10er-blech.jpg\" \/>\n\t<meta property=\"og:image:width\" content=\"1536\" \/>\n\t<meta property=\"og:image:height\" content=\"1024\" \/>\n\t<meta property=\"og:image:type\" content=\"image\/jpeg\" \/>\n<meta name=\"twitter:card\" content=\"summary_large_image\" \/>\n<script type=\"application\/ld+json\" class=\"yoast-schema-graph\">{\"@context\":\"https:\/\/schema.org\",\"@graph\":[{\"@type\":\"WebPage\",\"@id\":\"https:\/\/www.leopoldaueralm.at\/es\/shop\/bandeja-para-10-para-comer-en-el-local\/\",\"url\":\"https:\/\/www.leopoldaueralm.at\/es\/shop\/bandeja-para-10-para-comer-en-el-local\/\",\"name\":\"Lata de 10 unidades (para comer en la caba\u00f1a) XXL Restaurant Leopoldauer Alm\",\"isPartOf\":{\"@id\":\"https:\/\/www.leopoldaueralm.at\/es\/#website\"},\"primaryImageOfPage\":{\"@id\":\"https:\/\/www.leopoldaueralm.at\/es\/shop\/bandeja-para-10-para-comer-en-el-local\/#primaryimage\"},\"image\":{\"@id\":\"https:\/\/www.leopoldaueralm.at\/es\/shop\/bandeja-para-10-para-comer-en-el-local\/#primaryimage\"},\"thumbnailUrl\":\"https:\/\/www.leopoldaueralm.at\/wp-content\/uploads\/2026\/01\/10er-blech.jpg\",\"datePublished\":\"2026-01-15T12:46:11+00:00\",\"dateModified\":\"2026-03-27T12:27:02+00:00\",\"breadcrumb\":{\"@id\":\"https:\/\/www.leopoldaueralm.at\/es\/shop\/bandeja-para-10-para-comer-en-el-local\/#breadcrumb\"},\"inLanguage\":\"es\",\"potentialAction\":[{\"@type\":\"ReadAction\",\"target\":[\"https:\/\/www.leopoldaueralm.at\/es\/shop\/bandeja-para-10-para-comer-en-el-local\/\"]}]},{\"@type\":\"ImageObject\",\"inLanguage\":\"es\",\"@id\":\"https:\/\/www.leopoldaueralm.at\/es\/shop\/bandeja-para-10-para-comer-en-el-local\/#primaryimage\",\"url\":\"https:\/\/www.leopoldaueralm.at\/wp-content\/uploads\/2026\/01\/10er-blech.jpg\",\"contentUrl\":\"https:\/\/www.leopoldaueralm.at\/wp-content\/uploads\/2026\/01\/10er-blech.jpg\",\"width\":1536,\"height\":1024},{\"@type\":\"BreadcrumbList\",\"@id\":\"https:\/\/www.leopoldaueralm.at\/es\/shop\/bandeja-para-10-para-comer-en-el-local\/#breadcrumb\",\"itemListElement\":[{\"@type\":\"ListItem\",\"position\":1,\"name\":\"Startseite\",\"item\":\"https:\/\/www.leopoldaueralm.at\/es\/pagina-de-inicio\/\"},{\"@type\":\"ListItem\",\"position\":2,\"name\":\"Tienda\",\"item\":\"https:\/\/www.leopoldaueralm.at\/es\/tienda\/\"},{\"@type\":\"ListItem\",\"position\":3,\"name\":\"Evento\",\"item\":\"https:\/\/www.leopoldaueralm.at\/es\/product-category\/evento\/\"},{\"@type\":\"ListItem\",\"position\":4,\"name\":\"Lata de 10 unidades (para comer en la caba\u00f1a)\"}]},{\"@type\":\"WebSite\",\"@id\":\"https:\/\/www.leopoldaueralm.at\/es\/#website\",\"url\":\"https:\/\/www.leopoldaueralm.at\/es\/\",\"name\":\"XXL Restaurant Leopoldauer Alm\",\"description\":\"Das XXL Restaurant in Wien\",\"publisher\":{\"@id\":\"https:\/\/www.leopoldaueralm.at\/es\/#organization\"},\"potentialAction\":[{\"@type\":\"SearchAction\",\"target\":{\"@type\":\"EntryPoint\",\"urlTemplate\":\"https:\/\/www.leopoldaueralm.at\/es\/?s={search_term_string}\"},\"query-input\":{\"@type\":\"PropertyValueSpecification\",\"valueRequired\":true,\"valueName\":\"search_term_string\"}}],\"inLanguage\":\"es\"},{\"@type\":\"Organization\",\"@id\":\"https:\/\/www.leopoldaueralm.at\/es\/#organization\",\"name\":\"XXL Restaurant Leopoldauer Alm\",\"url\":\"https:\/\/www.leopoldaueralm.at\/es\/\",\"logo\":{\"@type\":\"ImageObject\",\"inLanguage\":\"es\",\"@id\":\"https:\/\/www.leopoldaueralm.at\/es\/#\/schema\/logo\/image\/\",\"url\":\"https:\/\/www.leopoldaueralm.at\/wp-content\/uploads\/2019\/12\/leo-logo.png\",\"contentUrl\":\"https:\/\/www.leopoldaueralm.at\/wp-content\/uploads\/2019\/12\/leo-logo.png\",\"width\":250,\"height\":250,\"caption\":\"XXL Restaurant Leopoldauer Alm\"},\"image\":{\"@id\":\"https:\/\/www.leopoldaueralm.at\/es\/#\/schema\/logo\/image\/\"},\"sameAs\":[\"https:\/\/www.facebook.com\/LeopoldauerAlm\"]}]}<\/script>\n<!-- \/ Yoast SEO plugin. -->","yoast_head_json":{"title":"Lata de 10 unidades (para comer en la caba\u00f1a) XXL Restaurant Leopoldauer Alm","robots":{"index":"index","follow":"follow","max-snippet":"max-snippet:-1","max-image-preview":"max-image-preview:large","max-video-preview":"max-video-preview:-1"},"canonical":"https:\/\/www.leopoldaueralm.at\/es\/shop\/bandeja-para-10-para-comer-en-el-local\/","og_locale":"es_ES","og_type":"article","og_title":"Lata de 10 unidades (para comer en la caba\u00f1a) XXL Restaurant Leopoldauer Alm","og_description":"Nuestra BANDEJA para 10:Mistgabel para 10\/12 personas con todos los acompa\u00f1amientos (patatas fritas, gajos, ENSALADA de patata, ensalada de pepino, ensalada de col, as\u00ed como todas las salsas y mantequilla de hierbas) Plato Bergbauern (asado de cerdo, carne ahumada de granja, morcilla rebozada, salchichas a la parrilla, costillas - para 10-12 personas con acompa\u00f1amientos (alb\u00f3ndigas, patatas asadas, chucrut, jugo de asado, ensalada de patata, ensalada de pepino y ensalada de col) Bandeja de escalopes para 10-12 personas. Escalopes de cerdo y cordon bleus. Escalopes con crujiente rebozado de semillas de calabaza, incluye todas las guarniciones (ensalada de patata, patatas fritas, gajos, ensalada de col con ensalada de pepino, as\u00ed como todas las salsas). Bandeja de escalopes solo de \"pollo\" para 10-12 personas. Todo de \"POLLO\". Escalopes de pollo y cordon bleus de pollo (\u00a1\u00a1jam\u00f3n de pavo!!). Escalopes de pollo con crujiente rebozado de semillas de calabaza, incluye todas las guarniciones (ensalada de patata, patatas fritas, gajos), ensalada de col con ensalada de pepino, as\u00ed como todas las salsas). Plato de cochinillo para 10-12 personas con partes de cochinillo, escalopes, costillas, con todos los acompa\u00f1amientos (ensalada de patata, ensalada de col, ensalada de pepino, chucrut, alb\u00f3ndigas, alb\u00f3ndigas de patata, jugo de asado y boller\u00eda Jour para 10\/12 personas) Bandeja vegetariana para 10-12 personas: hamburguesas vegetales, Eiernockerl, K\u00e4sesp\u00e4tzle, queso Emmental rebozado, verduras rebozadas, patatas al perejil, patatas fritas, aros de cebolla, ensalada de patata, ensalada de col y pepino, y todas las salsas. Asador de codillos para vuestras fiestas y celebraciones, novedad: nuestra bandeja de 10 codillos \"Kirtag\" para al menos 10-12 personas. Incluye ensalada de col, de pepino y de patata, 6 codillos grandes de 1,8\/2,0 kg de peso en crudo, encurtidos, r\u00e1bano picante, mostaza, etc. 240,00 \u20ac Este pedido solo asegura su bandeja para 10. Para reservar mesa, por favor, llama antes al 01\/25 98 380. \u00a1LA BANDEJA DE 10 DEBE PEDIRSE CON AL MENOS 48 H DE ANTELACI\u00d3N! LAS CANCELACIONES SOLO SON POSIBLES 24 H ANTES, DE LO CONTRARIO SE INCURRIR\u00c1 EN GASTOS. GRACIAS POR TU COMPRENSI\u00d3N.","og_url":"https:\/\/www.leopoldaueralm.at\/es\/shop\/bandeja-para-10-para-comer-en-el-local\/","og_site_name":"XXL Restaurant Leopoldauer Alm","article_publisher":"https:\/\/www.facebook.com\/LeopoldauerAlm","article_modified_time":"2026-03-27T12:27:02+00:00","og_image":[{"width":1536,"height":1024,"url":"https:\/\/www.leopoldaueralm.at\/wp-content\/uploads\/2026\/01\/10er-blech.jpg","type":"image\/jpeg"}],"twitter_card":"summary_large_image","schema":{"@context":"https:\/\/schema.org","@graph":[{"@type":"WebPage","@id":"https:\/\/www.leopoldaueralm.at\/es\/shop\/bandeja-para-10-para-comer-en-el-local\/","url":"https:\/\/www.leopoldaueralm.at\/es\/shop\/bandeja-para-10-para-comer-en-el-local\/","name":"Lata de 10 unidades (para comer en la caba\u00f1a) XXL Restaurant Leopoldauer Alm","isPartOf":{"@id":"https:\/\/www.leopoldaueralm.at\/es\/#website"},"primaryImageOfPage":{"@id":"https:\/\/www.leopoldaueralm.at\/es\/shop\/bandeja-para-10-para-comer-en-el-local\/#primaryimage"},"image":{"@id":"https:\/\/www.leopoldaueralm.at\/es\/shop\/bandeja-para-10-para-comer-en-el-local\/#primaryimage"},"thumbnailUrl":"https:\/\/www.leopoldaueralm.at\/wp-content\/uploads\/2026\/01\/10er-blech.jpg","datePublished":"2026-01-15T12:46:11+00:00","dateModified":"2026-03-27T12:27:02+00:00","breadcrumb":{"@id":"https:\/\/www.leopoldaueralm.at\/es\/shop\/bandeja-para-10-para-comer-en-el-local\/#breadcrumb"},"inLanguage":"es","potentialAction":[{"@type":"ReadAction","target":["https:\/\/www.leopoldaueralm.at\/es\/shop\/bandeja-para-10-para-comer-en-el-local\/"]}]},{"@type":"ImageObject","inLanguage":"es","@id":"https:\/\/www.leopoldaueralm.at\/es\/shop\/bandeja-para-10-para-comer-en-el-local\/#primaryimage","url":"https:\/\/www.leopoldaueralm.at\/wp-content\/uploads\/2026\/01\/10er-blech.jpg","contentUrl":"https:\/\/www.leopoldaueralm.at\/wp-content\/uploads\/2026\/01\/10er-blech.jpg","width":1536,"height":1024},{"@type":"BreadcrumbList","@id":"https:\/\/www.leopoldaueralm.at\/es\/shop\/bandeja-para-10-para-comer-en-el-local\/#breadcrumb","itemListElement":[{"@type":"ListItem","position":1,"name":"Startseite","item":"https:\/\/www.leopoldaueralm.at\/es\/pagina-de-inicio\/"},{"@type":"ListItem","position":2,"name":"Tienda","item":"https:\/\/www.leopoldaueralm.at\/es\/tienda\/"},{"@type":"ListItem","position":3,"name":"Evento","item":"https:\/\/www.leopoldaueralm.at\/es\/product-category\/evento\/"},{"@type":"ListItem","position":4,"name":"Lata de 10 unidades (para comer en la caba\u00f1a)"}]},{"@type":"WebSite","@id":"https:\/\/www.leopoldaueralm.at\/es\/#website","url":"https:\/\/www.leopoldaueralm.at\/es\/","name":"XXL Restaurant Leopoldauer Alm","description":"Das XXL Restaurant in Wien","publisher":{"@id":"https:\/\/www.leopoldaueralm.at\/es\/#organization"},"potentialAction":[{"@type":"SearchAction","target":{"@type":"EntryPoint","urlTemplate":"https:\/\/www.leopoldaueralm.at\/es\/?s={search_term_string}"},"query-input":{"@type":"PropertyValueSpecification","valueRequired":true,"valueName":"search_term_string"}}],"inLanguage":"es"},{"@type":"Organization","@id":"https:\/\/www.leopoldaueralm.at\/es\/#organization","name":"XXL Restaurant Leopoldauer Alm","url":"https:\/\/www.leopoldaueralm.at\/es\/","logo":{"@type":"ImageObject","inLanguage":"es","@id":"https:\/\/www.leopoldaueralm.at\/es\/#\/schema\/logo\/image\/","url":"https:\/\/www.leopoldaueralm.at\/wp-content\/uploads\/2019\/12\/leo-logo.png","contentUrl":"https:\/\/www.leopoldaueralm.at\/wp-content\/uploads\/2019\/12\/leo-logo.png","width":250,"height":250,"caption":"XXL Restaurant Leopoldauer Alm"},"image":{"@id":"https:\/\/www.leopoldaueralm.at\/es\/#\/schema\/logo\/image\/"},"sameAs":["https:\/\/www.facebook.com\/LeopoldauerAlm"]}]}},"wcpa_form_fields":null,"_links":{"self":[{"href":"https:\/\/www.leopoldaueralm.at\/es\/wp-json\/wp\/v2\/product\/28662","targetHints":{"allow":["GET"]}}],"collection":[{"href":"https:\/\/www.leopoldaueralm.at\/es\/wp-json\/wp\/v2\/product"}],"about":[{"href":"https:\/\/www.leopoldaueralm.at\/es\/wp-json\/wp\/v2\/types\/product"}],"wp:featuredmedia":[{"embeddable":true,"href":"https:\/\/www.leopoldaueralm.at\/es\/wp-json\/wp\/v2\/media\/28663"}],"wp:attachment":[{"href":"https:\/\/www.leopoldaueralm.at\/es\/wp-json\/wp\/v2\/media?parent=28662"}],"wp:term":[{"taxonomy":"product_brand","embeddable":true,"href":"https:\/\/www.leopoldaueralm.at\/es\/wp-json\/wp\/v2\/product_brand?post=28662"},{"taxonomy":"product_cat","embeddable":true,"href":"https:\/\/www.leopoldaueralm.at\/es\/wp-json\/wp\/v2\/product_cat?post=28662"},{"taxonomy":"product_tag","embeddable":true,"href":"https:\/\/www.leopoldaueralm.at\/es\/wp-json\/wp\/v2\/product_tag?post=28662"}],"curies":[{"name":"wp","href":"https:\/\/api.w.org\/{rel}","templated":true}]}}