{"id":20491,"date":"2024-12-16T08:24:56","date_gmt":"2024-12-16T07:24:56","guid":{"rendered":"https:\/\/www.leopoldaueralm.at\/droit-de-retractation\/"},"modified":"2024-12-16T08:24:56","modified_gmt":"2024-12-16T07:24:56","slug":"droit-de-retractation","status":"publish","type":"page","link":"https:\/\/www.leopoldaueralm.at\/fr\/droit-de-retractation\/","title":{"rendered":"Droit de r\u00e9tractation"},"content":{"rendered":"<h3>Droit de r\u00e9tractation pour les consommateurs<\/h3>\n<p>(Un consommateur est toute personne physique qui conclut un acte juridique \u00e0 des fins qui ne peuvent \u00eatre imput\u00e9es de mani\u00e8re pr\u00e9dominante ni \u00e0 son activit\u00e9 commerciale, ni \u00e0 son activit\u00e9 professionnelle ind\u00e9pendante.)<\/p>\n<h1>Droit de r\u00e9tractation<\/h1>\n<h3>Droit de r\u00e9tractation<\/h3>\n<p>Vous avez le droit de vous r\u00e9tracter du pr\u00e9sent contrat dans un d\u00e9lai de quatorze jours sans indication de motif.<\/p>\n<p>Le d\u00e9lai de r\u00e9tractation est de quatorze jours \u00e0 compter du jour,<\/p>\n<ul>\n<li>o\u00f9 vous-m\u00eame ou un tiers d\u00e9sign\u00e9 par vous, qui n&rsquo;est pas le transporteur, avez pris possession des marchandises, \u00e0 condition que vous ayez command\u00e9 une ou plusieurs marchandises dans le cadre d&rsquo;une commande unique et que celles-ci soient livr\u00e9es de mani\u00e8re uniforme, ou<\/li>\n<li>o\u00f9 vous-m\u00eame ou un tiers d\u00e9sign\u00e9 par vous, qui n&rsquo;est pas le transporteur, avez pris possession de la derni\u00e8re marchandise, \u00e0 condition que vous ayez command\u00e9 plusieurs marchandises dans le cadre d&rsquo;une commande unique et que celles-ci soient livr\u00e9es s\u00e9par\u00e9ment, ou<\/li>\n<li>o\u00f9 vous-m\u00eame ou un tiers d\u00e9sign\u00e9 par vous, qui n&rsquo;est pas le transporteur, avez pris possession de la derni\u00e8re livraison partielle ou du dernier article, \u00e0 condition que vous ayez command\u00e9 une marchandise qui est livr\u00e9e en plusieurs livraisons partielles ou articles, ou<\/li>\n<li>o\u00f9 vous-m\u00eame ou un tiers d\u00e9sign\u00e9 par vous, qui n&rsquo;est pas le transporteur, avez pris possession de la premi\u00e8re marchandise, \u00e0 condition que vous ayez conclu un contrat de livraison r\u00e9guli\u00e8re de marchandises sur une p\u00e9riode d\u00e9termin\u00e9e.<\/li>\n<\/ul>\n<p>Pour exercer votre droit de r\u00e9tractation, vous devez nous informer (\u00ab Leopoldauer Alm \u00bb Gastronomiebetriebsgesellschaft m.b.H., Wagramer Stra\u00dfe 205, 1210 Vienne, Autriche, Num\u00e9ro de t\u00e9l\u00e9phone : +43 1 25 98 380, Adresse e-mail : office@leopoldaueralm.at) de votre d\u00e9cision de vous r\u00e9tracter du pr\u00e9sent contrat au moyen d&rsquo;une d\u00e9claration claire (par exemple, une lettre envoy\u00e9e par la poste, un e-mail). Vous pouvez utiliser \u00e0 cet effet le mod\u00e8le de formulaire de r\u00e9tractation ci-joint, qui n&rsquo;est toutefois pas obligatoire.<\/p>\n<p>Pour que le d\u00e9lai de r\u00e9tractation soit respect\u00e9, il suffit que vous envoyiez la notification de l&rsquo;exercice du droit de r\u00e9tractation avant l&rsquo;expiration du d\u00e9lai de r\u00e9tractation.<\/p>\n<h3>Cons\u00e9quences de la r\u00e9tractation<\/h3>\n<p>Si vous vous r\u00e9tractez du pr\u00e9sent contrat, nous devons vous rembourser tous les paiements que nous avons re\u00e7us de vous, y compris les frais de livraison (\u00e0 l&rsquo;exception des frais suppl\u00e9mentaires d\u00e9coulant du fait que vous avez choisi un mode de livraison autre que la livraison standard la moins ch\u00e8re que nous proposons), imm\u00e9diatement et au plus tard dans les quatorze jours \u00e0 compter du jour o\u00f9 nous avons re\u00e7u la notification de votre r\u00e9tractation du pr\u00e9sent contrat. Pour ce remboursement, nous utilisons le m\u00eame moyen de paiement que celui que vous avez utilis\u00e9 lors de la transaction initiale, \u00e0 moins qu&rsquo;il n&rsquo;en ait \u00e9t\u00e9 express\u00e9ment convenu autrement avec vous&nbsp;; en aucun cas, des frais ne vous seront factur\u00e9s pour ce remboursement.<\/p>\n<p>Nous pouvons refuser le remboursement jusqu&rsquo;\u00e0 ce que nous ayons r\u00e9cup\u00e9r\u00e9 les marchandises ou jusqu&rsquo;\u00e0 ce que vous ayez fourni la preuve que vous avez renvoy\u00e9 les marchandises, selon la date la plus proche.<\/p>\n<p>Vous devez nous renvoyer ou nous remettre les marchandises imm\u00e9diatement et, en tout \u00e9tat de cause, au plus tard dans les quatorze jours \u00e0 compter du jour o\u00f9 vous nous informez de votre r\u00e9tractation du pr\u00e9sent contrat. Le d\u00e9lai est respect\u00e9 si vous envoyez les marchandises avant l&rsquo;expiration du d\u00e9lai de quatorze jours.<\/p>\n<p>Nous prenons en charge les frais de renvoi des marchandises.<\/p>\n<p>Vous ne devez prendre en charge une \u00e9ventuelle perte de valeur des marchandises que si cette perte de valeur est due \u00e0 une manipulation des marchandises qui n&rsquo;est pas n\u00e9cessaire pour v\u00e9rifier la nature, les propri\u00e9t\u00e9s et le fonctionnement des marchandises.<\/p>\n<h3>Exclusion du droit de r\u00e9tractation<\/h3>\n<p>Le droit de r\u00e9tractation n&rsquo;existe pas selon le \u00a7 312g al. 2 BGB pour&nbsp;:<\/p>\n<ul>\n<li>les contrats de livraison de boissons alcoolis\u00e9es dont le prix a \u00e9t\u00e9 convenu lors de la conclusion du contrat, mais qui ne peuvent \u00eatre livr\u00e9es au plus t\u00f4t 30 jours apr\u00e8s la conclusion du contrat et dont la valeur actuelle d\u00e9pend des fluctuations du march\u00e9 sur lesquelles l&rsquo;entrepreneur n&rsquo;a aucune influence<\/li>\n<li>les contrats de livraison de marchandises susceptibles de se d\u00e9t\u00e9riorer rapidement ou dont la date de p\u00e9remption serait rapidement d\u00e9pass\u00e9e<\/li>\n<\/ul>\n<h2>Mod\u00e8le de formulaire de r\u00e9tractation<\/h2>\n<p>(Si vous souhaitez vous r\u00e9tracter du contrat, veuillez remplir ce formulaire et le renvoyer.)<\/p>\n<p>\u2013 \u00c0<\/p>\n<p>\u00ab&nbsp;Leopoldauer Alm&nbsp;\u00bb Gastronomiebetriebsgesellschaft m.b.H., Wagramer Stra\u00dfe 205, 1210 Vienne, Autriche, Num\u00e9ro de t\u00e9l\u00e9phone&nbsp;: +43 1 25 98 380, Adresse e-mail&nbsp;: office@leopoldaueralm.at<\/p>\n<p>\u2013 Par la pr\u00e9sente, je\/nous (*) r\u00e9voque(ons) le contrat que j&rsquo;ai\/nous avons (*) conclu concernant l&rsquo;achat des marchandises suivantes (*)\/ la fourniture du service suivant (*)<\/p>\n<p>\u2013 Command\u00e9 le (*)\/re\u00e7u le (*)<\/p>\n<p>\u2013 Nom du\/des consommateur(s)<\/p>\n<p>\u2013 Adresse du\/des consommateur(s)<\/p>\n<p>\u2013 Signature du\/des consommateur(s) (uniquement en cas de notification sur papier)<\/p>\n<p>\u2013 Date<\/p>\n<p>___________<br \/>\n(*) Biffer la mention inutile.<\/p>\n","protected":false},"excerpt":{"rendered":"<p>Droit de r\u00e9tractation pour les consommateurs (Un consommateur est toute personne physique qui conclut un acte juridique \u00e0 des fins qui ne peuvent \u00eatre imput\u00e9es de mani\u00e8re pr\u00e9dominante ni \u00e0 son activit\u00e9 commerciale, ni \u00e0 son activit\u00e9 professionnelle ind\u00e9pendante.) Droit de r\u00e9tractation Droit de r\u00e9tractation Vous avez le droit de vous r\u00e9tracter du pr\u00e9sent contrat [&hellip;]<\/p>\n","protected":false},"author":4,"featured_media":0,"parent":0,"menu_order":0,"comment_status":"closed","ping_status":"closed","template":"","meta":{"ocean_post_layout":"","ocean_both_sidebars_style":"","ocean_both_sidebars_content_width":0,"ocean_both_sidebars_sidebars_width":0,"ocean_sidebar":"","ocean_second_sidebar":"","ocean_disable_margins":"enable","ocean_add_body_class":"","ocean_shortcode_before_top_bar":"","ocean_shortcode_after_top_bar":"","ocean_shortcode_before_header":"","ocean_shortcode_after_header":"","ocean_has_shortcode":"","ocean_shortcode_after_title":"","ocean_shortcode_before_footer_widgets":"","ocean_shortcode_after_footer_widgets":"","ocean_shortcode_before_footer_bottom":"","ocean_shortcode_after_footer_bottom":"","ocean_display_top_bar":"default","ocean_display_header":"default","ocean_header_style":"","ocean_center_header_left_menu":"","ocean_custom_header_template":"","ocean_custom_logo":0,"ocean_custom_retina_logo":0,"ocean_custom_logo_max_width":0,"ocean_custom_logo_tablet_max_width":0,"ocean_custom_logo_mobile_max_width":0,"ocean_custom_logo_max_height":0,"ocean_custom_logo_tablet_max_height":0,"ocean_custom_logo_mobile_max_height":0,"ocean_header_custom_menu":"","ocean_menu_typo_font_family":"","ocean_menu_typo_font_subset":"","ocean_menu_typo_font_size":0,"ocean_menu_typo_font_size_tablet":0,"ocean_menu_typo_font_size_mobile":0,"ocean_menu_typo_font_size_unit":"px","ocean_menu_typo_font_weight":"","ocean_menu_typo_font_weight_tablet":"","ocean_menu_typo_font_weight_mobile":"","ocean_menu_typo_transform":"","ocean_menu_typo_transform_tablet":"","ocean_menu_typo_transform_mobile":"","ocean_menu_typo_line_height":0,"ocean_menu_typo_line_height_tablet":0,"ocean_menu_typo_line_height_mobile":0,"ocean_menu_typo_line_height_unit":"","ocean_menu_typo_spacing":0,"ocean_menu_typo_spacing_tablet":0,"ocean_menu_typo_spacing_mobile":0,"ocean_menu_typo_spacing_unit":"","ocean_menu_link_color":"","ocean_menu_link_color_hover":"","ocean_menu_link_color_active":"","ocean_menu_link_background":"","ocean_menu_link_hover_background":"","ocean_menu_link_active_background":"","ocean_menu_social_links_bg":"","ocean_menu_social_hover_links_bg":"","ocean_menu_social_links_color":"","ocean_menu_social_hover_links_color":"","ocean_disable_title":"default","ocean_disable_heading":"default","ocean_post_title":"","ocean_post_subheading":"","ocean_post_title_style":"","ocean_post_title_background_color":"","ocean_post_title_background":0,"ocean_post_title_bg_image_position":"","ocean_post_title_bg_image_attachment":"","ocean_post_title_bg_image_repeat":"","ocean_post_title_bg_image_size":"","ocean_post_title_height":0,"ocean_post_title_bg_overlay":0.5,"ocean_post_title_bg_overlay_color":"","ocean_disable_breadcrumbs":"default","ocean_breadcrumbs_color":"","ocean_breadcrumbs_separator_color":"","ocean_breadcrumbs_links_color":"","ocean_breadcrumbs_links_hover_color":"","ocean_display_footer_widgets":"default","ocean_display_footer_bottom":"default","ocean_custom_footer_template":"","osh_disable_topbar_sticky":"default","osh_disable_header_sticky":"default","osh_sticky_header_style":"default","osh_sticky_header_effect":"","osh_custom_sticky_logo":0,"osh_custom_retina_sticky_logo":0,"osh_custom_sticky_logo_height":0,"osh_background_color":"","osh_links_color":"","osh_links_hover_color":"","osh_links_active_color":"","osh_links_bg_color":"","osh_links_hover_bg_color":"","osh_links_active_bg_color":"","osh_menu_social_links_color":"","osh_menu_social_hover_links_color":"","footnotes":""},"class_list":["post-20491","page","type-page","status-publish","hentry","entry","owp-thumbs-layout-horizontal","owp-btn-normal","owp-tabs-layout-horizontal","has-no-thumbnails","has-product-nav"],"yoast_head":"<!-- This site is optimized with the Yoast SEO plugin v27.2 - https:\/\/yoast.com\/product\/yoast-seo-wordpress\/ -->\n<title>Droit de r\u00e9tractation - XXL Restaurant Leopoldauer Alm<\/title>\n<meta name=\"robots\" content=\"index, follow, max-snippet:-1, max-image-preview:large, max-video-preview:-1\" \/>\n<link rel=\"canonical\" href=\"https:\/\/www.leopoldaueralm.at\/fr\/droit-de-retractation\/\" \/>\n<meta property=\"og:locale\" content=\"fr_FR\" \/>\n<meta property=\"og:type\" content=\"article\" \/>\n<meta property=\"og:title\" content=\"Droit de r\u00e9tractation - XXL Restaurant Leopoldauer Alm\" \/>\n<meta property=\"og:description\" content=\"Droit de r\u00e9tractation pour les consommateurs (Un consommateur est toute personne physique qui conclut un acte juridique \u00e0 des fins qui ne peuvent \u00eatre imput\u00e9es de mani\u00e8re pr\u00e9dominante ni \u00e0 son activit\u00e9 commerciale, ni \u00e0 son activit\u00e9 professionnelle ind\u00e9pendante.) Droit de r\u00e9tractation Droit de r\u00e9tractation Vous avez le droit de vous r\u00e9tracter du pr\u00e9sent contrat [&hellip;]\" \/>\n<meta property=\"og:url\" content=\"https:\/\/www.leopoldaueralm.at\/fr\/droit-de-retractation\/\" \/>\n<meta property=\"og:site_name\" content=\"XXL Restaurant Leopoldauer Alm\" \/>\n<meta property=\"article:publisher\" content=\"https:\/\/www.facebook.com\/LeopoldauerAlm\" \/>\n<meta property=\"og:image\" content=\"https:\/\/www.leopoldaueralm.at\/wp-content\/uploads\/2019\/12\/20158035_10155839340550695_3329554186564426925_o_10155839340550695.jpg\" \/>\n\t<meta property=\"og:image:width\" content=\"1200\" \/>\n\t<meta property=\"og:image:height\" content=\"792\" \/>\n\t<meta property=\"og:image:type\" content=\"image\/jpeg\" \/>\n<meta name=\"twitter:card\" content=\"summary_large_image\" \/>\n<meta name=\"twitter:label1\" content=\"Dur\u00e9e de lecture estim\u00e9e\" \/>\n\t<meta name=\"twitter:data1\" content=\"4 minutes\" \/>\n<script type=\"application\/ld+json\" class=\"yoast-schema-graph\">{\"@context\":\"https:\/\/schema.org\",\"@graph\":[{\"@type\":\"WebPage\",\"@id\":\"https:\/\/www.leopoldaueralm.at\/fr\/droit-de-retractation\/\",\"url\":\"https:\/\/www.leopoldaueralm.at\/fr\/droit-de-retractation\/\",\"name\":\"Droit de r\u00e9tractation - XXL Restaurant Leopoldauer Alm\",\"isPartOf\":{\"@id\":\"https:\/\/www.leopoldaueralm.at\/fr\/#website\"},\"datePublished\":\"2024-12-16T07:24:56+00:00\",\"breadcrumb\":{\"@id\":\"https:\/\/www.leopoldaueralm.at\/fr\/droit-de-retractation\/#breadcrumb\"},\"inLanguage\":\"fr-FR\",\"potentialAction\":[{\"@type\":\"ReadAction\",\"target\":[\"https:\/\/www.leopoldaueralm.at\/fr\/droit-de-retractation\/\"]}]},{\"@type\":\"BreadcrumbList\",\"@id\":\"https:\/\/www.leopoldaueralm.at\/fr\/droit-de-retractation\/#breadcrumb\",\"itemListElement\":[{\"@type\":\"ListItem\",\"position\":1,\"name\":\"Startseite\",\"item\":\"https:\/\/www.leopoldaueralm.at\/fr\/page-daccueil\/\"},{\"@type\":\"ListItem\",\"position\":2,\"name\":\"Droit de r\u00e9tractation\"}]},{\"@type\":\"WebSite\",\"@id\":\"https:\/\/www.leopoldaueralm.at\/fr\/#website\",\"url\":\"https:\/\/www.leopoldaueralm.at\/fr\/\",\"name\":\"XXL Restaurant Leopoldauer Alm\",\"description\":\"Das XXL Restaurant in Wien\",\"publisher\":{\"@id\":\"https:\/\/www.leopoldaueralm.at\/fr\/#organization\"},\"potentialAction\":[{\"@type\":\"SearchAction\",\"target\":{\"@type\":\"EntryPoint\",\"urlTemplate\":\"https:\/\/www.leopoldaueralm.at\/fr\/?s={search_term_string}\"},\"query-input\":{\"@type\":\"PropertyValueSpecification\",\"valueRequired\":true,\"valueName\":\"search_term_string\"}}],\"inLanguage\":\"fr-FR\"},{\"@type\":\"Organization\",\"@id\":\"https:\/\/www.leopoldaueralm.at\/fr\/#organization\",\"name\":\"XXL Restaurant Leopoldauer Alm\",\"url\":\"https:\/\/www.leopoldaueralm.at\/fr\/\",\"logo\":{\"@type\":\"ImageObject\",\"inLanguage\":\"fr-FR\",\"@id\":\"https:\/\/www.leopoldaueralm.at\/fr\/#\/schema\/logo\/image\/\",\"url\":\"https:\/\/www.leopoldaueralm.at\/wp-content\/uploads\/2019\/12\/leo-logo.png\",\"contentUrl\":\"https:\/\/www.leopoldaueralm.at\/wp-content\/uploads\/2019\/12\/leo-logo.png\",\"width\":250,\"height\":250,\"caption\":\"XXL Restaurant Leopoldauer Alm\"},\"image\":{\"@id\":\"https:\/\/www.leopoldaueralm.at\/fr\/#\/schema\/logo\/image\/\"},\"sameAs\":[\"https:\/\/www.facebook.com\/LeopoldauerAlm\"]}]}<\/script>\n<!-- \/ Yoast SEO plugin. -->","yoast_head_json":{"title":"Droit de r\u00e9tractation - XXL Restaurant Leopoldauer Alm","robots":{"index":"index","follow":"follow","max-snippet":"max-snippet:-1","max-image-preview":"max-image-preview:large","max-video-preview":"max-video-preview:-1"},"canonical":"https:\/\/www.leopoldaueralm.at\/fr\/droit-de-retractation\/","og_locale":"fr_FR","og_type":"article","og_title":"Droit de r\u00e9tractation - XXL Restaurant Leopoldauer Alm","og_description":"Droit de r\u00e9tractation pour les consommateurs (Un consommateur est toute personne physique qui conclut un acte juridique \u00e0 des fins qui ne peuvent \u00eatre imput\u00e9es de mani\u00e8re pr\u00e9dominante ni \u00e0 son activit\u00e9 commerciale, ni \u00e0 son activit\u00e9 professionnelle ind\u00e9pendante.) Droit de r\u00e9tractation Droit de r\u00e9tractation Vous avez le droit de vous r\u00e9tracter du pr\u00e9sent contrat [&hellip;]","og_url":"https:\/\/www.leopoldaueralm.at\/fr\/droit-de-retractation\/","og_site_name":"XXL Restaurant Leopoldauer Alm","article_publisher":"https:\/\/www.facebook.com\/LeopoldauerAlm","og_image":[{"width":1200,"height":792,"url":"https:\/\/www.leopoldaueralm.at\/wp-content\/uploads\/2019\/12\/20158035_10155839340550695_3329554186564426925_o_10155839340550695.jpg","type":"image\/jpeg"}],"twitter_card":"summary_large_image","twitter_misc":{"Dur\u00e9e de lecture estim\u00e9e":"4 minutes"},"schema":{"@context":"https:\/\/schema.org","@graph":[{"@type":"WebPage","@id":"https:\/\/www.leopoldaueralm.at\/fr\/droit-de-retractation\/","url":"https:\/\/www.leopoldaueralm.at\/fr\/droit-de-retractation\/","name":"Droit de r\u00e9tractation - XXL Restaurant Leopoldauer Alm","isPartOf":{"@id":"https:\/\/www.leopoldaueralm.at\/fr\/#website"},"datePublished":"2024-12-16T07:24:56+00:00","breadcrumb":{"@id":"https:\/\/www.leopoldaueralm.at\/fr\/droit-de-retractation\/#breadcrumb"},"inLanguage":"fr-FR","potentialAction":[{"@type":"ReadAction","target":["https:\/\/www.leopoldaueralm.at\/fr\/droit-de-retractation\/"]}]},{"@type":"BreadcrumbList","@id":"https:\/\/www.leopoldaueralm.at\/fr\/droit-de-retractation\/#breadcrumb","itemListElement":[{"@type":"ListItem","position":1,"name":"Startseite","item":"https:\/\/www.leopoldaueralm.at\/fr\/page-daccueil\/"},{"@type":"ListItem","position":2,"name":"Droit de r\u00e9tractation"}]},{"@type":"WebSite","@id":"https:\/\/www.leopoldaueralm.at\/fr\/#website","url":"https:\/\/www.leopoldaueralm.at\/fr\/","name":"XXL Restaurant Leopoldauer Alm","description":"Das XXL Restaurant in Wien","publisher":{"@id":"https:\/\/www.leopoldaueralm.at\/fr\/#organization"},"potentialAction":[{"@type":"SearchAction","target":{"@type":"EntryPoint","urlTemplate":"https:\/\/www.leopoldaueralm.at\/fr\/?s={search_term_string}"},"query-input":{"@type":"PropertyValueSpecification","valueRequired":true,"valueName":"search_term_string"}}],"inLanguage":"fr-FR"},{"@type":"Organization","@id":"https:\/\/www.leopoldaueralm.at\/fr\/#organization","name":"XXL Restaurant Leopoldauer Alm","url":"https:\/\/www.leopoldaueralm.at\/fr\/","logo":{"@type":"ImageObject","inLanguage":"fr-FR","@id":"https:\/\/www.leopoldaueralm.at\/fr\/#\/schema\/logo\/image\/","url":"https:\/\/www.leopoldaueralm.at\/wp-content\/uploads\/2019\/12\/leo-logo.png","contentUrl":"https:\/\/www.leopoldaueralm.at\/wp-content\/uploads\/2019\/12\/leo-logo.png","width":250,"height":250,"caption":"XXL Restaurant Leopoldauer Alm"},"image":{"@id":"https:\/\/www.leopoldaueralm.at\/fr\/#\/schema\/logo\/image\/"},"sameAs":["https:\/\/www.facebook.com\/LeopoldauerAlm"]}]}},"_links":{"self":[{"href":"https:\/\/www.leopoldaueralm.at\/fr\/wp-json\/wp\/v2\/pages\/20491","targetHints":{"allow":["GET"]}}],"collection":[{"href":"https:\/\/www.leopoldaueralm.at\/fr\/wp-json\/wp\/v2\/pages"}],"about":[{"href":"https:\/\/www.leopoldaueralm.at\/fr\/wp-json\/wp\/v2\/types\/page"}],"author":[{"embeddable":true,"href":"https:\/\/www.leopoldaueralm.at\/fr\/wp-json\/wp\/v2\/users\/4"}],"replies":[{"embeddable":true,"href":"https:\/\/www.leopoldaueralm.at\/fr\/wp-json\/wp\/v2\/comments?post=20491"}],"version-history":[{"count":0,"href":"https:\/\/www.leopoldaueralm.at\/fr\/wp-json\/wp\/v2\/pages\/20491\/revisions"}],"wp:attachment":[{"href":"https:\/\/www.leopoldaueralm.at\/fr\/wp-json\/wp\/v2\/media?parent=20491"}],"curies":[{"name":"wp","href":"https:\/\/api.w.org\/{rel}","templated":true}]}}