{"id":23832,"date":"2024-04-09T09:38:31","date_gmt":"2024-04-09T07:38:31","guid":{"rendered":"https:\/\/www.leopoldaueralm.at\/leopoldauer-alm-sur-whatsapp\/"},"modified":"2025-12-15T10:04:08","modified_gmt":"2025-12-15T09:04:08","slug":"leopoldauer-alm-sur-whatsapp","status":"publish","type":"page","link":"https:\/\/www.leopoldaueralm.at\/fr\/leopoldauer-alm-sur-whatsapp\/","title":{"rendered":"Leopoldauer Alm sur WhatsApp"},"content":{"rendered":"\t\t<div data-elementor-type=\"wp-post\" data-elementor-id=\"23832\" class=\"elementor elementor-23832 elementor-13469\" data-elementor-post-type=\"page\">\n\t\t\t\t\t\t<section class=\"elementor-section elementor-top-section elementor-element elementor-element-f2be616 elementor-section-boxed elementor-section-height-default elementor-section-height-default\" data-id=\"f2be616\" data-element_type=\"section\" data-e-type=\"section\" data-settings=\"{&quot;background_background&quot;:&quot;classic&quot;}\">\n\t\t\t\t\t\t<div class=\"elementor-container elementor-column-gap-default\">\n\t\t\t\t\t<div class=\"elementor-column elementor-col-100 elementor-top-column elementor-element elementor-element-06d04a3\" data-id=\"06d04a3\" data-element_type=\"column\" data-e-type=\"column\">\n\t\t\t<div class=\"elementor-widget-wrap elementor-element-populated\">\n\t\t\t\t\t\t<div class=\"elementor-element elementor-element-edfd183 elementor-widget elementor-widget-heading\" data-id=\"edfd183\" data-element_type=\"widget\" data-e-type=\"widget\" data-widget_type=\"heading.default\">\n\t\t\t\t<div class=\"elementor-widget-container\">\n\t\t\t\t\t<h1 class=\"elementor-heading-title elementor-size-default\">WhatsApp  <\/h1>\t\t\t\t<\/div>\n\t\t\t\t<\/div>\n\t\t\t\t\t<\/div>\n\t\t<\/div>\n\t\t\t\t\t<\/div>\n\t\t<\/section>\n\t\t\t\t<section class=\"elementor-section elementor-top-section elementor-element elementor-element-6328891 elementor-section-boxed elementor-section-height-default elementor-section-height-default\" data-id=\"6328891\" data-element_type=\"section\" data-e-type=\"section\">\n\t\t\t\t\t\t<div class=\"elementor-container elementor-column-gap-default\">\n\t\t\t\t\t<div class=\"elementor-column elementor-col-100 elementor-top-column elementor-element elementor-element-339a9bc\" data-id=\"339a9bc\" data-element_type=\"column\" data-e-type=\"column\">\n\t\t\t<div class=\"elementor-widget-wrap elementor-element-populated\">\n\t\t\t\t\t\t<div class=\"elementor-element elementor-element-bf5763d elementor-widget elementor-widget-heading\" data-id=\"bf5763d\" data-element_type=\"widget\" data-e-type=\"widget\" data-widget_type=\"heading.default\">\n\t\t\t\t<div class=\"elementor-widget-container\">\n\t\t\t\t\t<h2 class=\"elementor-heading-title elementor-size-default\">  Leopoldauer Alm sur <span style=\"color: #BC906B\">WhatsApp<\/span><\/h2>\t\t\t\t<\/div>\n\t\t\t\t<\/div>\n\t\t\t\t<div class=\"elementor-element elementor-element-80aaa41 elementor-view-default elementor-widget elementor-widget-icon\" data-id=\"80aaa41\" data-element_type=\"widget\" data-e-type=\"widget\" data-widget_type=\"icon.default\">\n\t\t\t\t<div class=\"elementor-widget-container\">\n\t\t\t\t\t\t\t<div class=\"elementor-icon-wrapper\">\n\t\t\t<div class=\"elementor-icon\">\n\t\t\t<svg xmlns=\"http:\/\/www.w3.org\/2000\/svg\" id=\"Ebene_2\" data-name=\"Ebene 2\" viewBox=\"0 0 369.77 52.55\"><defs><style> .cls-1 { fill: #c6c6c6; } .cls-2 { fill: #f9f9f9; } .cls-3 { fill: #fafafa; } .cls-4 { fill: #f8f8f8; } .cls-5 { fill: #f5f5f5; } .cls-6 { fill: #f3f3f3; } .cls-7 { fill: #fcfcfc; } .cls-8 { fill: #fbfbfb; } <\/style><\/defs><g id=\"Ebene_1-2\" data-name=\"Ebene 1\"><g><path class=\"cls-1\" d=\"M188.25,16.64c2.23-1.64,2.92-4.87,4.82-7.02,4.28-4.85,6.2-2.73,5.76,3.08-.25,3.24-2.09,5.34-2.65,8.33,3.82-2.58,11.83-8.94,14.97-3.08l-16.74,13.58c4.24-.22,8.32-3.77,12.67-3.46,2,.14,9.97,2.68,6.7,4.77-1.45.93-14.2,3.62-17.84,5.04-4.01,1.57-7.65,3.94-11.51,5.79-3.93-2.45-8.39-4.98-12.71-6.66-3.11-1.21-16.41-3.93-16.98-4.6-.49-.58.08-2.27.88-3.06,4.03-3.94,14.48.53,18.5,3.07.24-1.78-1.49-2.87-2.62-3.95-3.33-3.18-8.7-6.16-11.78-9.31-.9-.92-1.9-1.07-1.45-2.93,3.06-5.09,13.86,5.96,14.97,4.8-1.51-4.76-4.47-8.62-3.52-14.01,6.83-.61,7.59,7.71,11.44,11.39-.25-6.63-.33-12.34,2.67-18.39,6.59,1.71,3.82,11.46,4.4,16.64Z\"><\/path><path class=\"cls-1\" d=\"M16.39,46.42l1.31,4.39c-3.85-2.33-5.73-5.48-11.01-4.38,8.84,10.72-1.99,1.16-6.62-.88-.89-1.24,7.12-6.06,8.38-7.01.61,2.98-2.46,3.96-3.52,6.12,4.47.4,7.54-2.26,11.01-4.38l-1.31,3.5c5.42.21,10.92-.24,16.34-.03,48.07,1.9,96.5.14,144.51.91l1.31,1.75H16.39Z\"><\/path><path class=\"cls-1\" d=\"M194.85,46.42c-.3-.08-1.35-1.19-1.32-1.74,10.15-.78,20.23-1.03,30.44-.92,43.03.46,86.38,1.52,129.56.96,3.11-.31,3.06-.78,2.17-3.55,2.58,1.42,4.58,4.12,7.92,3.5l-3.51-6.13,9.67,7.45-7.48,6.56c-1.67-2.68,2.3-4.08,3.09-6.12-1.66.26-4.69-.57-5.99.18-.93.54-5.28,9.35-3.71-.19h-160.84Z\"><\/path><path class=\"cls-7\" d=\"M181.18,29.78c-4.46-5.41-7.9-13.28-8.8-20.14,1.63,1.25,3.37,3.96,4.29,5.79,2.15,4.24,3.83,9.65,4.5,14.35Z\"><\/path><path class=\"cls-3\" d=\"M188.24,26.27c2.44-4.84,3.29-11.56,7.92-14.88.23,1.96-.39,3.68-1.11,5.46-.41,1.01-5.35,10.88-6.82,9.42Z\"><\/path><path class=\"cls-2\" d=\"M175.89,29.78l-14.09-12.25c5.05,1.65,13.11,6.78,14.09,12.25Z\"><\/path><path class=\"cls-8\" d=\"M185.6,19.71c-.12,1.34-1.7,3.62-.89,5.69h-.87s0-17.95,0-17.95c0-.42,1.08-2.69,1.76-2.19-.31,4.69.42,9.82,0,14.45Z\"><\/path><path class=\"cls-4\" d=\"M173.25,34.17l-2.68.48-10.53-3.98c5.42-.97,8.7,1.29,13.21,3.51Z\"><\/path><path class=\"cls-6\" d=\"M209.39,30.66l-6.12,2.22-4.44.39c.29-1.33,3.95-2.23,5.05-2.41,1.84-.31,3.67-.27,5.52-.2Z\"><\/path><path class=\"cls-5\" d=\"M203.22,20.15c.38.35-5.87,7.3-7.93,6.11l7.93-6.11Z\"><\/path><\/g><\/g><\/svg>\t\t\t<\/div>\n\t\t<\/div>\n\t\t\t\t\t\t<\/div>\n\t\t\t\t<\/div>\n\t\t\t\t\t<\/div>\n\t\t<\/div>\n\t\t\t\t\t<\/div>\n\t\t<\/section>\n\t\t\t\t<section class=\"elementor-section elementor-top-section elementor-element elementor-element-f12906d elementor-section-boxed elementor-section-height-default elementor-section-height-default\" data-id=\"f12906d\" data-element_type=\"section\" data-e-type=\"section\">\n\t\t\t\t\t\t<div class=\"elementor-container elementor-column-gap-default\">\n\t\t\t\t\t<div class=\"elementor-column elementor-col-100 elementor-top-column elementor-element elementor-element-23a15e6\" data-id=\"23a15e6\" data-element_type=\"column\" data-e-type=\"column\">\n\t\t\t<div class=\"elementor-widget-wrap elementor-element-populated\">\n\t\t\t\t\t\t<div class=\"elementor-element elementor-element-8ebd898 elementor-widget elementor-widget-text-editor\" data-id=\"8ebd898\" data-element_type=\"widget\" data-e-type=\"widget\" data-widget_type=\"text-editor.default\">\n\t\t\t\t<div class=\"elementor-widget-container\">\n\t\t\t\t\t\t\t\t\t<h4>\ud83c\udf1f Chers amis de XXL Leopoldauer ! \ud83c\udf1f<\/h4><p>Un grand merci \u00e0 tous ceux qui nous ont d\u00e9j\u00e0 honor\u00e9s de leur visite ! C&rsquo;est un grand plaisir pour nous de vous accueillir dans notre restaurant et de vous g\u00e2ter avec nos sp\u00e9cialit\u00e9s. <\/p><p><strong>Votre opinion nous tient \u00e0 c\u0153ur !<\/strong> \ud83d\udc96<\/p><p>Nous nous effor\u00e7ons toujours de faire de votre exp\u00e9rience culinaire chez nous un moment inoubliable. C&rsquo;est pourquoi nous serions extr\u00eamement heureux de recevoir vos \u00e9valuations honn\u00eates dans notre <g id=\"gid_0\">groupe WhatsApp<\/g>. Vos commentaires sont la cl\u00e9 qui nous permet de nous am\u00e9liorer et de mieux r\u00e9pondre \u00e0 vos souhaits.  <\/p><p>Partagez vos exp\u00e9riences, vos plats pr\u00e9f\u00e9r\u00e9s ou encore comment nous pouvons rendre votre visite encore plus agr\u00e9able. Ensemble, faisons en sorte que la famille XXL Leopoldauer continue de grandir et de prosp\u00e9rer ! <\/p>\t\t\t\t\t\t\t\t<\/div>\n\t\t\t\t<\/div>\n\t\t\t\t<div class=\"elementor-element elementor-element-8183804 elementor-mobile-align-center elementor-widget elementor-widget-button\" data-id=\"8183804\" data-element_type=\"widget\" data-e-type=\"widget\" data-widget_type=\"button.default\">\n\t\t\t\t<div class=\"elementor-widget-container\">\n\t\t\t\t\t\t\t\t\t<div class=\"elementor-button-wrapper\">\n\t\t\t\t\t<a class=\"elementor-button elementor-button-link elementor-size-sm\" href=\"https:\/\/whatsapp.com\/channel\/0029VaB2F8B8aKvQrQQiNx12\">\n\t\t\t\t\t\t<span class=\"elementor-button-content-wrapper\">\n\t\t\t\t\t\t<span class=\"elementor-button-icon\">\n\t\t\t\t<i aria-hidden=\"true\" class=\"fab fa-whatsapp\"><\/i>\t\t\t<\/span>\n\t\t\t\t\t\t\t\t\t<span class=\"elementor-button-text\">vers le groupe WhatsApp<\/span>\n\t\t\t\t\t<\/span>\n\t\t\t\t\t<\/a>\n\t\t\t\t<\/div>\n\t\t\t\t\t\t\t\t<\/div>\n\t\t\t\t<\/div>\n\t\t\t\t\t<\/div>\n\t\t<\/div>\n\t\t\t\t\t<\/div>\n\t\t<\/section>\n\t\t\t\t<\/div>\n\t\t","protected":false},"excerpt":{"rendered":"<p>WhatsApp Leopoldauer Alm sur WhatsApp \ud83c\udf1f Chers amis de XXL Leopoldauer ! \ud83c\udf1f Un grand merci \u00e0 tous ceux qui nous ont d\u00e9j\u00e0 honor\u00e9s de leur visite ! C&rsquo;est un grand plaisir pour nous de vous accueillir dans notre restaurant et de vous g\u00e2ter avec nos sp\u00e9cialit\u00e9s. Votre opinion nous tient \u00e0 c\u0153ur ! \ud83d\udc96 [&hellip;]<\/p>\n","protected":false},"author":4,"featured_media":0,"parent":0,"menu_order":0,"comment_status":"closed","ping_status":"closed","template":"","meta":{"ocean_post_layout":"","ocean_both_sidebars_style":"","ocean_both_sidebars_content_width":0,"ocean_both_sidebars_sidebars_width":0,"ocean_sidebar":"","ocean_second_sidebar":"","ocean_disable_margins":"enable","ocean_add_body_class":"","ocean_shortcode_before_top_bar":"","ocean_shortcode_after_top_bar":"","ocean_shortcode_before_header":"","ocean_shortcode_after_header":"","ocean_has_shortcode":"","ocean_shortcode_after_title":"","ocean_shortcode_before_footer_widgets":"","ocean_shortcode_after_footer_widgets":"","ocean_shortcode_before_footer_bottom":"","ocean_shortcode_after_footer_bottom":"","ocean_display_top_bar":"default","ocean_display_header":"default","ocean_header_style":"","ocean_center_header_left_menu":"","ocean_custom_header_template":"","ocean_custom_logo":0,"ocean_custom_retina_logo":0,"ocean_custom_logo_max_width":0,"ocean_custom_logo_tablet_max_width":0,"ocean_custom_logo_mobile_max_width":0,"ocean_custom_logo_max_height":0,"ocean_custom_logo_tablet_max_height":0,"ocean_custom_logo_mobile_max_height":0,"ocean_header_custom_menu":"","ocean_menu_typo_font_family":"","ocean_menu_typo_font_subset":"","ocean_menu_typo_font_size":0,"ocean_menu_typo_font_size_tablet":0,"ocean_menu_typo_font_size_mobile":0,"ocean_menu_typo_font_size_unit":"px","ocean_menu_typo_font_weight":"","ocean_menu_typo_font_weight_tablet":"","ocean_menu_typo_font_weight_mobile":"","ocean_menu_typo_transform":"","ocean_menu_typo_transform_tablet":"","ocean_menu_typo_transform_mobile":"","ocean_menu_typo_line_height":0,"ocean_menu_typo_line_height_tablet":0,"ocean_menu_typo_line_height_mobile":0,"ocean_menu_typo_line_height_unit":"","ocean_menu_typo_spacing":0,"ocean_menu_typo_spacing_tablet":0,"ocean_menu_typo_spacing_mobile":0,"ocean_menu_typo_spacing_unit":"","ocean_menu_link_color":"","ocean_menu_link_color_hover":"","ocean_menu_link_color_active":"","ocean_menu_link_background":"","ocean_menu_link_hover_background":"","ocean_menu_link_active_background":"","ocean_menu_social_links_bg":"","ocean_menu_social_hover_links_bg":"","ocean_menu_social_links_color":"","ocean_menu_social_hover_links_color":"","ocean_disable_title":"default","ocean_disable_heading":"default","ocean_post_title":"","ocean_post_subheading":"","ocean_post_title_style":"","ocean_post_title_background_color":"","ocean_post_title_background":0,"ocean_post_title_bg_image_position":"","ocean_post_title_bg_image_attachment":"","ocean_post_title_bg_image_repeat":"","ocean_post_title_bg_image_size":"","ocean_post_title_height":0,"ocean_post_title_bg_overlay":0.5,"ocean_post_title_bg_overlay_color":"","ocean_disable_breadcrumbs":"default","ocean_breadcrumbs_color":"","ocean_breadcrumbs_separator_color":"","ocean_breadcrumbs_links_color":"","ocean_breadcrumbs_links_hover_color":"","ocean_display_footer_widgets":"default","ocean_display_footer_bottom":"default","ocean_custom_footer_template":"","osh_disable_topbar_sticky":"default","osh_disable_header_sticky":"default","osh_sticky_header_style":"default","osh_sticky_header_effect":"","osh_custom_sticky_logo":0,"osh_custom_retina_sticky_logo":0,"osh_custom_sticky_logo_height":0,"osh_background_color":"","osh_links_color":"","osh_links_hover_color":"","osh_links_active_color":"","osh_links_bg_color":"","osh_links_hover_bg_color":"","osh_links_active_bg_color":"","osh_menu_social_links_color":"","osh_menu_social_hover_links_color":"","footnotes":""},"class_list":["post-23832","page","type-page","status-publish","hentry","entry","owp-thumbs-layout-horizontal","owp-btn-normal","owp-tabs-layout-horizontal","has-no-thumbnails","has-product-nav"],"yoast_head":"<!-- This site is optimized with the Yoast SEO plugin v27.2 - https:\/\/yoast.com\/product\/yoast-seo-wordpress\/ -->\n<title>Leopoldauer Alm sur WhatsApp - XXL Restaurant Leopoldauer Alm<\/title>\n<meta name=\"robots\" content=\"index, follow, max-snippet:-1, max-image-preview:large, max-video-preview:-1\" \/>\n<link rel=\"canonical\" href=\"https:\/\/www.leopoldaueralm.at\/fr\/leopoldauer-alm-sur-whatsapp\/\" \/>\n<meta property=\"og:locale\" content=\"fr_FR\" \/>\n<meta property=\"og:type\" content=\"article\" \/>\n<meta property=\"og:title\" content=\"Leopoldauer Alm sur WhatsApp - XXL Restaurant Leopoldauer Alm\" \/>\n<meta property=\"og:description\" content=\"WhatsApp Leopoldauer Alm sur WhatsApp \ud83c\udf1f Chers amis de XXL Leopoldauer ! \ud83c\udf1f Un grand merci \u00e0 tous ceux qui nous ont d\u00e9j\u00e0 honor\u00e9s de leur visite ! C&rsquo;est un grand plaisir pour nous de vous accueillir dans notre restaurant et de vous g\u00e2ter avec nos sp\u00e9cialit\u00e9s. Votre opinion nous tient \u00e0 c\u0153ur ! \ud83d\udc96 [&hellip;]\" \/>\n<meta property=\"og:url\" content=\"https:\/\/www.leopoldaueralm.at\/fr\/leopoldauer-alm-sur-whatsapp\/\" \/>\n<meta property=\"og:site_name\" content=\"XXL Restaurant Leopoldauer Alm\" \/>\n<meta property=\"article:publisher\" content=\"https:\/\/www.facebook.com\/LeopoldauerAlm\" \/>\n<meta property=\"article:modified_time\" content=\"2025-12-15T09:04:08+00:00\" \/>\n<meta property=\"og:image\" content=\"https:\/\/www.leopoldaueralm.at\/wp-content\/uploads\/2019\/12\/20158035_10155839340550695_3329554186564426925_o_10155839340550695.jpg\" \/>\n\t<meta property=\"og:image:width\" content=\"1200\" \/>\n\t<meta property=\"og:image:height\" content=\"792\" \/>\n\t<meta property=\"og:image:type\" content=\"image\/jpeg\" \/>\n<meta name=\"twitter:card\" content=\"summary_large_image\" \/>\n<meta name=\"twitter:label1\" content=\"Dur\u00e9e de lecture estim\u00e9e\" \/>\n\t<meta name=\"twitter:data1\" content=\"1 minute\" \/>\n<script type=\"application\/ld+json\" class=\"yoast-schema-graph\">{\"@context\":\"https:\/\/schema.org\",\"@graph\":[{\"@type\":\"WebPage\",\"@id\":\"https:\/\/www.leopoldaueralm.at\/fr\/leopoldauer-alm-sur-whatsapp\/\",\"url\":\"https:\/\/www.leopoldaueralm.at\/fr\/leopoldauer-alm-sur-whatsapp\/\",\"name\":\"Leopoldauer Alm sur WhatsApp - XXL Restaurant Leopoldauer Alm\",\"isPartOf\":{\"@id\":\"https:\/\/www.leopoldaueralm.at\/fr\/#website\"},\"datePublished\":\"2024-04-09T07:38:31+00:00\",\"dateModified\":\"2025-12-15T09:04:08+00:00\",\"breadcrumb\":{\"@id\":\"https:\/\/www.leopoldaueralm.at\/fr\/leopoldauer-alm-sur-whatsapp\/#breadcrumb\"},\"inLanguage\":\"fr-FR\",\"potentialAction\":[{\"@type\":\"ReadAction\",\"target\":[\"https:\/\/www.leopoldaueralm.at\/fr\/leopoldauer-alm-sur-whatsapp\/\"]}]},{\"@type\":\"BreadcrumbList\",\"@id\":\"https:\/\/www.leopoldaueralm.at\/fr\/leopoldauer-alm-sur-whatsapp\/#breadcrumb\",\"itemListElement\":[{\"@type\":\"ListItem\",\"position\":1,\"name\":\"Startseite\",\"item\":\"https:\/\/www.leopoldaueralm.at\/fr\/page-daccueil\/\"},{\"@type\":\"ListItem\",\"position\":2,\"name\":\"Leopoldauer Alm sur WhatsApp\"}]},{\"@type\":\"WebSite\",\"@id\":\"https:\/\/www.leopoldaueralm.at\/fr\/#website\",\"url\":\"https:\/\/www.leopoldaueralm.at\/fr\/\",\"name\":\"XXL Restaurant Leopoldauer Alm\",\"description\":\"Das XXL Restaurant in Wien\",\"publisher\":{\"@id\":\"https:\/\/www.leopoldaueralm.at\/fr\/#organization\"},\"potentialAction\":[{\"@type\":\"SearchAction\",\"target\":{\"@type\":\"EntryPoint\",\"urlTemplate\":\"https:\/\/www.leopoldaueralm.at\/fr\/?s={search_term_string}\"},\"query-input\":{\"@type\":\"PropertyValueSpecification\",\"valueRequired\":true,\"valueName\":\"search_term_string\"}}],\"inLanguage\":\"fr-FR\"},{\"@type\":\"Organization\",\"@id\":\"https:\/\/www.leopoldaueralm.at\/fr\/#organization\",\"name\":\"XXL Restaurant Leopoldauer Alm\",\"url\":\"https:\/\/www.leopoldaueralm.at\/fr\/\",\"logo\":{\"@type\":\"ImageObject\",\"inLanguage\":\"fr-FR\",\"@id\":\"https:\/\/www.leopoldaueralm.at\/fr\/#\/schema\/logo\/image\/\",\"url\":\"https:\/\/www.leopoldaueralm.at\/wp-content\/uploads\/2019\/12\/leo-logo.png\",\"contentUrl\":\"https:\/\/www.leopoldaueralm.at\/wp-content\/uploads\/2019\/12\/leo-logo.png\",\"width\":250,\"height\":250,\"caption\":\"XXL Restaurant Leopoldauer Alm\"},\"image\":{\"@id\":\"https:\/\/www.leopoldaueralm.at\/fr\/#\/schema\/logo\/image\/\"},\"sameAs\":[\"https:\/\/www.facebook.com\/LeopoldauerAlm\"]}]}<\/script>\n<!-- \/ Yoast SEO plugin. -->","yoast_head_json":{"title":"Leopoldauer Alm sur WhatsApp - XXL Restaurant Leopoldauer Alm","robots":{"index":"index","follow":"follow","max-snippet":"max-snippet:-1","max-image-preview":"max-image-preview:large","max-video-preview":"max-video-preview:-1"},"canonical":"https:\/\/www.leopoldaueralm.at\/fr\/leopoldauer-alm-sur-whatsapp\/","og_locale":"fr_FR","og_type":"article","og_title":"Leopoldauer Alm sur WhatsApp - XXL Restaurant Leopoldauer Alm","og_description":"WhatsApp Leopoldauer Alm sur WhatsApp \ud83c\udf1f Chers amis de XXL Leopoldauer ! \ud83c\udf1f Un grand merci \u00e0 tous ceux qui nous ont d\u00e9j\u00e0 honor\u00e9s de leur visite ! C&rsquo;est un grand plaisir pour nous de vous accueillir dans notre restaurant et de vous g\u00e2ter avec nos sp\u00e9cialit\u00e9s. Votre opinion nous tient \u00e0 c\u0153ur ! \ud83d\udc96 [&hellip;]","og_url":"https:\/\/www.leopoldaueralm.at\/fr\/leopoldauer-alm-sur-whatsapp\/","og_site_name":"XXL Restaurant Leopoldauer Alm","article_publisher":"https:\/\/www.facebook.com\/LeopoldauerAlm","article_modified_time":"2025-12-15T09:04:08+00:00","og_image":[{"width":1200,"height":792,"url":"https:\/\/www.leopoldaueralm.at\/wp-content\/uploads\/2019\/12\/20158035_10155839340550695_3329554186564426925_o_10155839340550695.jpg","type":"image\/jpeg"}],"twitter_card":"summary_large_image","twitter_misc":{"Dur\u00e9e de lecture estim\u00e9e":"1 minute"},"schema":{"@context":"https:\/\/schema.org","@graph":[{"@type":"WebPage","@id":"https:\/\/www.leopoldaueralm.at\/fr\/leopoldauer-alm-sur-whatsapp\/","url":"https:\/\/www.leopoldaueralm.at\/fr\/leopoldauer-alm-sur-whatsapp\/","name":"Leopoldauer Alm sur WhatsApp - XXL Restaurant Leopoldauer Alm","isPartOf":{"@id":"https:\/\/www.leopoldaueralm.at\/fr\/#website"},"datePublished":"2024-04-09T07:38:31+00:00","dateModified":"2025-12-15T09:04:08+00:00","breadcrumb":{"@id":"https:\/\/www.leopoldaueralm.at\/fr\/leopoldauer-alm-sur-whatsapp\/#breadcrumb"},"inLanguage":"fr-FR","potentialAction":[{"@type":"ReadAction","target":["https:\/\/www.leopoldaueralm.at\/fr\/leopoldauer-alm-sur-whatsapp\/"]}]},{"@type":"BreadcrumbList","@id":"https:\/\/www.leopoldaueralm.at\/fr\/leopoldauer-alm-sur-whatsapp\/#breadcrumb","itemListElement":[{"@type":"ListItem","position":1,"name":"Startseite","item":"https:\/\/www.leopoldaueralm.at\/fr\/page-daccueil\/"},{"@type":"ListItem","position":2,"name":"Leopoldauer Alm sur WhatsApp"}]},{"@type":"WebSite","@id":"https:\/\/www.leopoldaueralm.at\/fr\/#website","url":"https:\/\/www.leopoldaueralm.at\/fr\/","name":"XXL Restaurant Leopoldauer Alm","description":"Das XXL Restaurant in Wien","publisher":{"@id":"https:\/\/www.leopoldaueralm.at\/fr\/#organization"},"potentialAction":[{"@type":"SearchAction","target":{"@type":"EntryPoint","urlTemplate":"https:\/\/www.leopoldaueralm.at\/fr\/?s={search_term_string}"},"query-input":{"@type":"PropertyValueSpecification","valueRequired":true,"valueName":"search_term_string"}}],"inLanguage":"fr-FR"},{"@type":"Organization","@id":"https:\/\/www.leopoldaueralm.at\/fr\/#organization","name":"XXL Restaurant Leopoldauer Alm","url":"https:\/\/www.leopoldaueralm.at\/fr\/","logo":{"@type":"ImageObject","inLanguage":"fr-FR","@id":"https:\/\/www.leopoldaueralm.at\/fr\/#\/schema\/logo\/image\/","url":"https:\/\/www.leopoldaueralm.at\/wp-content\/uploads\/2019\/12\/leo-logo.png","contentUrl":"https:\/\/www.leopoldaueralm.at\/wp-content\/uploads\/2019\/12\/leo-logo.png","width":250,"height":250,"caption":"XXL Restaurant Leopoldauer Alm"},"image":{"@id":"https:\/\/www.leopoldaueralm.at\/fr\/#\/schema\/logo\/image\/"},"sameAs":["https:\/\/www.facebook.com\/LeopoldauerAlm"]}]}},"_links":{"self":[{"href":"https:\/\/www.leopoldaueralm.at\/fr\/wp-json\/wp\/v2\/pages\/23832","targetHints":{"allow":["GET"]}}],"collection":[{"href":"https:\/\/www.leopoldaueralm.at\/fr\/wp-json\/wp\/v2\/pages"}],"about":[{"href":"https:\/\/www.leopoldaueralm.at\/fr\/wp-json\/wp\/v2\/types\/page"}],"author":[{"embeddable":true,"href":"https:\/\/www.leopoldaueralm.at\/fr\/wp-json\/wp\/v2\/users\/4"}],"replies":[{"embeddable":true,"href":"https:\/\/www.leopoldaueralm.at\/fr\/wp-json\/wp\/v2\/comments?post=23832"}],"version-history":[{"count":2,"href":"https:\/\/www.leopoldaueralm.at\/fr\/wp-json\/wp\/v2\/pages\/23832\/revisions"}],"predecessor-version":[{"id":27359,"href":"https:\/\/www.leopoldaueralm.at\/fr\/wp-json\/wp\/v2\/pages\/23832\/revisions\/27359"}],"wp:attachment":[{"href":"https:\/\/www.leopoldaueralm.at\/fr\/wp-json\/wp\/v2\/media?parent=23832"}],"curies":[{"name":"wp","href":"https:\/\/api.w.org\/{rel}","templated":true}]}}