{"id":29005,"date":"2026-01-20T13:31:40","date_gmt":"2026-01-20T12:31:40","guid":{"rendered":"https:\/\/www.leopoldaueralm.at\/heringschmaus-18-02-2026\/"},"modified":"2026-01-23T12:44:30","modified_gmt":"2026-01-23T11:44:30","slug":"heringschmaus-18-02-2026","status":"publish","type":"page","link":"https:\/\/www.leopoldaueralm.at\/fr\/heringschmaus-18-02-2026\/","title":{"rendered":"Heringschmaus 18\/02\/2026"},"content":{"rendered":"\t\t<div data-elementor-type=\"wp-post\" data-elementor-id=\"29005\" class=\"elementor elementor-29005 elementor-28866\" data-elementor-post-type=\"page\">\n\t\t\t\t\t\t<section class=\"elementor-section elementor-top-section elementor-element elementor-element-62e2490 elementor-section-boxed elementor-section-height-default elementor-section-height-default\" data-id=\"62e2490\" data-element_type=\"section\" data-e-type=\"section\" data-settings=\"{&quot;background_background&quot;:&quot;classic&quot;}\">\n\t\t\t\t\t\t<div class=\"elementor-container elementor-column-gap-default\">\n\t\t\t\t\t<div class=\"elementor-column elementor-col-100 elementor-top-column elementor-element elementor-element-afd5c48\" data-id=\"afd5c48\" data-element_type=\"column\" data-e-type=\"column\">\n\t\t\t<div class=\"elementor-widget-wrap elementor-element-populated\">\n\t\t\t\t\t\t<div class=\"elementor-element elementor-element-60b2f35 elementor-widget elementor-widget-heading\" data-id=\"60b2f35\" data-element_type=\"widget\" data-e-type=\"widget\" data-widget_type=\"heading.default\">\n\t\t\t\t<div class=\"elementor-widget-container\">\n\t\t\t\t\t<h1 class=\"elementor-heading-title elementor-size-default\">Hering<span style=\"color: #BC906B\">Schmaus<\/span><\/h1>\t\t\t\t<\/div>\n\t\t\t\t<\/div>\n\t\t\t\t\t<\/div>\n\t\t<\/div>\n\t\t\t\t\t<\/div>\n\t\t<\/section>\n\t\t\t\t<section class=\"elementor-section elementor-top-section elementor-element elementor-element-c8b5b9f elementor-section-boxed elementor-section-height-default elementor-section-height-default\" data-id=\"c8b5b9f\" data-element_type=\"section\" data-e-type=\"section\">\n\t\t\t\t\t\t<div class=\"elementor-container elementor-column-gap-default\">\n\t\t\t\t\t<div class=\"elementor-column elementor-col-100 elementor-top-column elementor-element elementor-element-1ca1ce6\" data-id=\"1ca1ce6\" data-element_type=\"column\" data-e-type=\"column\">\n\t\t\t<div class=\"elementor-widget-wrap elementor-element-populated\">\n\t\t\t\t\t\t<section class=\"elementor-section elementor-inner-section elementor-element elementor-element-b2502f4 elementor-section-boxed elementor-section-height-default elementor-section-height-default\" data-id=\"b2502f4\" data-element_type=\"section\" data-e-type=\"section\">\n\t\t\t\t\t\t<div class=\"elementor-container elementor-column-gap-default\">\n\t\t\t\t\t<div class=\"elementor-column elementor-col-50 elementor-inner-column elementor-element elementor-element-6dfea84\" data-id=\"6dfea84\" data-element_type=\"column\" data-e-type=\"column\">\n\t\t\t<div class=\"elementor-widget-wrap elementor-element-populated\">\n\t\t\t\t\t\t<div class=\"elementor-element elementor-element-78da9b1 elementor-widget elementor-widget-text-editor\" data-id=\"78da9b1\" data-element_type=\"widget\" data-e-type=\"widget\" data-widget_type=\"text-editor.default\">\n\t\t\t\t<div class=\"elementor-widget-container\">\n\t\t\t\t\t\t\t\t\t<h2>Chers clients, Heringsschmaus MERCREDI DES CENDRES 2026 \u00e0 la Leopoldauer Alm !<br>Le 26\/02\/18 de 17h00 \u00e0 21h00 <\/h2><p>Venez nous rejoindre le Mercredi des Cendres, chers clients&nbsp;! Nous vous avons pr\u00e9par\u00e9 les d\u00e9lices suivants sur notre carte Heringsschmaus, sur place ou \u00e0 emporter&nbsp;!<\/p>\t\t\t\t\t\t\t\t<\/div>\n\t\t\t\t<\/div>\n\t\t\t\t<div class=\"elementor-element elementor-element-32028f6 elementor-widget elementor-widget-button\" data-id=\"32028f6\" data-element_type=\"widget\" data-e-type=\"widget\" data-widget_type=\"button.default\">\n\t\t\t\t<div class=\"elementor-widget-container\">\n\t\t\t\t\t\t\t\t\t<div class=\"elementor-button-wrapper\">\n\t\t\t\t\t<a class=\"elementor-button elementor-button-link elementor-size-sm\" href=\"https:\/\/www.leopoldaueralm.at\/fr\/reserver-une-table\/\">\n\t\t\t\t\t\t<span class=\"elementor-button-content-wrapper\">\n\t\t\t\t\t\t<span class=\"elementor-button-icon\">\n\t\t\t\t<i aria-hidden=\"true\" class=\"fas fa-utensils\"><\/i>\t\t\t<\/span>\n\t\t\t\t\t\t\t\t\t<span class=\"elementor-button-text\">R\u00e9server une table<\/span>\n\t\t\t\t\t<\/span>\n\t\t\t\t\t<\/a>\n\t\t\t\t<\/div>\n\t\t\t\t\t\t\t\t<\/div>\n\t\t\t\t<\/div>\n\t\t\t\t\t<\/div>\n\t\t<\/div>\n\t\t\t\t<div class=\"elementor-column elementor-col-50 elementor-inner-column elementor-element elementor-element-24aa873\" data-id=\"24aa873\" data-element_type=\"column\" data-e-type=\"column\">\n\t\t\t<div class=\"elementor-widget-wrap elementor-element-populated\">\n\t\t\t\t\t\t<div class=\"elementor-element elementor-element-17f125b elementor-widget elementor-widget-image\" data-id=\"17f125b\" data-element_type=\"widget\" data-e-type=\"widget\" data-widget_type=\"image.default\">\n\t\t\t\t<div class=\"elementor-widget-container\">\n\t\t\t\t\t\t\t\t\t\t\t\t\t\t\t<img fetchpriority=\"high\" decoding=\"async\" width=\"1024\" height=\"768\" src=\"https:\/\/www.leopoldaueralm.at\/wp-content\/uploads\/2024\/02\/Heringssalat-rot-weiss-1024x768.jpg\" class=\"attachment-large size-large wp-image-28394\" alt=\"\" srcset=\"https:\/\/www.leopoldaueralm.at\/wp-content\/uploads\/2024\/02\/Heringssalat-rot-weiss-1024x768.jpg 1024w, https:\/\/www.leopoldaueralm.at\/wp-content\/uploads\/2024\/02\/Heringssalat-rot-weiss-600x450.jpg 600w, https:\/\/www.leopoldaueralm.at\/wp-content\/uploads\/2024\/02\/Heringssalat-rot-weiss-300x225.jpg 300w, https:\/\/www.leopoldaueralm.at\/wp-content\/uploads\/2024\/02\/Heringssalat-rot-weiss-768x576.jpg 768w, https:\/\/www.leopoldaueralm.at\/wp-content\/uploads\/2024\/02\/Heringssalat-rot-weiss-1536x1152.jpg 1536w, https:\/\/www.leopoldaueralm.at\/wp-content\/uploads\/2024\/02\/Heringssalat-rot-weiss.jpg 2048w\" sizes=\"(max-width: 1024px) 100vw, 1024px\" \/>\t\t\t\t\t\t\t\t\t\t\t\t\t\t\t<\/div>\n\t\t\t\t<\/div>\n\t\t\t\t\t<\/div>\n\t\t<\/div>\n\t\t\t\t\t<\/div>\n\t\t<\/section>\n\t\t\t\t<div class=\"elementor-element elementor-element-b70bc7a elementor-widget elementor-widget-text-editor\" data-id=\"b70bc7a\" data-element_type=\"widget\" data-e-type=\"widget\" data-widget_type=\"text-editor.default\">\n\t\t\t\t<div class=\"elementor-widget-container\">\n\t\t\t\t\t\t\t\t\t<h4><strong>Entr\u00e9es :<\/strong><\/h4>\n<p>Soupe de poisson tyrolienne aux tomates, moules, l\u00e9gumes, poisson, fruits de mer et pommes de terre 7,90 \u20ac<\/p>\n<p>Petite salade de hareng avec pain 8,90&nbsp;\u20ac<\/p>\n<p>Calamars frits avec sauce tartare maison 16,90 \u20ac<\/p>\n<p>****************************<\/p>\n<h4><strong>Plats principaux :<\/strong><\/h4>\n<p>Grande salade de hareng avec p\u00e2tisseries, richement garnie 14,90 \u20ac<\/p>\n<p>Plie frite avec salade de pommes de terre et sauce tartare maison 23,90 \u20ac<\/p>\n<p>Fish &amp; Chips \u2013 Colin croustillant en p\u00e2te \u00e0 frire avec frites et sauce tartare, ainsi que relish de cornichons au vinaigre 18,90 \u20ac<\/p>\n<p>Assiette de poisson pour 2 personnes avec environ 600g de dorade fra\u00eechement livr\u00e9e de \u00ab Eishken Estate \u00bb grill\u00e9e, crevettes g\u00e9antes, scampis nature et en panure croustillante ! Calamars frits, riz m\u00e9diterran\u00e9en, pommes de terre saut\u00e9es, diverses sauces, beurre aux herbes, grande salade compos\u00e9e 84,00 \u20ac  <\/p>\n<p>600g de dorade de \u00ab Eishken Estate \u00bb grill\u00e9e avec persil, pommes de terre, salade compos\u00e9e, ail et sauce cocktail, ainsi que beurre aux herbes 36,00 \u20ac <\/p>\n<p>Surf &amp; Turf \u2013 le meilleur du b\u0153uf et de la mer, steak de 350g de jeune taureau (filet de longe) avec brochette de crevettes g\u00e9antes et de scampis grill\u00e9s, salade compos\u00e9e, sauce cocktail, sauce \u00e0 l\u2019ail, beurre aux herbes et frites 56,00 \u20ac<\/p>\n<p>****************************<\/p>\n<p>Veuillez consulter notre carte des desserts annuelle pour les desserts !<\/p>\n<p> <\/p>\n<h4>Tous les plats sont \u00e9galement disponibles \u00e0 emporter !<\/h4>\t\t\t\t\t\t\t\t<\/div>\n\t\t\t\t<\/div>\n\t\t\t\t<div class=\"elementor-element elementor-element-939c7b7 elementor-widget elementor-widget-button\" data-id=\"939c7b7\" data-element_type=\"widget\" data-e-type=\"widget\" data-widget_type=\"button.default\">\n\t\t\t\t<div class=\"elementor-widget-container\">\n\t\t\t\t\t\t\t\t\t<div class=\"elementor-button-wrapper\">\n\t\t\t\t\t<a class=\"elementor-button elementor-button-link elementor-size-sm\" href=\"https:\/\/www.leopoldaueralm.at\/fr\/cuisine-a-emporter\/\">\n\t\t\t\t\t\t<span class=\"elementor-button-content-wrapper\">\n\t\t\t\t\t\t<span class=\"elementor-button-icon\">\n\t\t\t\t<i aria-hidden=\"true\" class=\"fas fa-shopping-bag\"><\/i>\t\t\t<\/span>\n\t\t\t\t\t\t\t\t\t<span class=\"elementor-button-text\">vers la boutique \u00e0 emporter<\/span>\n\t\t\t\t\t<\/span>\n\t\t\t\t\t<\/a>\n\t\t\t\t<\/div>\n\t\t\t\t\t\t\t\t<\/div>\n\t\t\t\t<\/div>\n\t\t\t\t\t<\/div>\n\t\t<\/div>\n\t\t\t\t\t<\/div>\n\t\t<\/section>\n\t\t\t\t<\/div>\n\t\t","protected":false},"excerpt":{"rendered":"<p>HeringSchmaus Chers clients, Heringsschmaus MERCREDI DES CENDRES 2026 \u00e0 la Leopoldauer Alm !Le 26\/02\/18 de 17h00 \u00e0 21h00 Venez nous rejoindre le Mercredi des Cendres, chers clients&nbsp;! Nous vous avons pr\u00e9par\u00e9 les d\u00e9lices suivants sur notre carte Heringsschmaus, sur place ou \u00e0 emporter&nbsp;! R\u00e9server une table Entr\u00e9es : Soupe de poisson tyrolienne aux tomates, moules, [&hellip;]<\/p>\n","protected":false},"author":4,"featured_media":28394,"parent":0,"menu_order":0,"comment_status":"closed","ping_status":"closed","template":"","meta":{"ocean_post_layout":"","ocean_both_sidebars_style":"","ocean_both_sidebars_content_width":0,"ocean_both_sidebars_sidebars_width":0,"ocean_sidebar":"","ocean_second_sidebar":"","ocean_disable_margins":"enable","ocean_add_body_class":"","ocean_shortcode_before_top_bar":"","ocean_shortcode_after_top_bar":"","ocean_shortcode_before_header":"","ocean_shortcode_after_header":"","ocean_has_shortcode":"","ocean_shortcode_after_title":"","ocean_shortcode_before_footer_widgets":"","ocean_shortcode_after_footer_widgets":"","ocean_shortcode_before_footer_bottom":"","ocean_shortcode_after_footer_bottom":"","ocean_display_top_bar":"default","ocean_display_header":"default","ocean_header_style":"","ocean_center_header_left_menu":"","ocean_custom_header_template":"","ocean_custom_logo":0,"ocean_custom_retina_logo":0,"ocean_custom_logo_max_width":0,"ocean_custom_logo_tablet_max_width":0,"ocean_custom_logo_mobile_max_width":0,"ocean_custom_logo_max_height":0,"ocean_custom_logo_tablet_max_height":0,"ocean_custom_logo_mobile_max_height":0,"ocean_header_custom_menu":"","ocean_menu_typo_font_family":"","ocean_menu_typo_font_subset":"","ocean_menu_typo_font_size":0,"ocean_menu_typo_font_size_tablet":0,"ocean_menu_typo_font_size_mobile":0,"ocean_menu_typo_font_size_unit":"px","ocean_menu_typo_font_weight":"","ocean_menu_typo_font_weight_tablet":"","ocean_menu_typo_font_weight_mobile":"","ocean_menu_typo_transform":"","ocean_menu_typo_transform_tablet":"","ocean_menu_typo_transform_mobile":"","ocean_menu_typo_line_height":0,"ocean_menu_typo_line_height_tablet":0,"ocean_menu_typo_line_height_mobile":0,"ocean_menu_typo_line_height_unit":"","ocean_menu_typo_spacing":0,"ocean_menu_typo_spacing_tablet":0,"ocean_menu_typo_spacing_mobile":0,"ocean_menu_typo_spacing_unit":"","ocean_menu_link_color":"","ocean_menu_link_color_hover":"","ocean_menu_link_color_active":"","ocean_menu_link_background":"","ocean_menu_link_hover_background":"","ocean_menu_link_active_background":"","ocean_menu_social_links_bg":"","ocean_menu_social_hover_links_bg":"","ocean_menu_social_links_color":"","ocean_menu_social_hover_links_color":"","ocean_disable_title":"default","ocean_disable_heading":"default","ocean_post_title":"","ocean_post_subheading":"","ocean_post_title_style":"","ocean_post_title_background_color":"","ocean_post_title_background":0,"ocean_post_title_bg_image_position":"","ocean_post_title_bg_image_attachment":"","ocean_post_title_bg_image_repeat":"","ocean_post_title_bg_image_size":"","ocean_post_title_height":0,"ocean_post_title_bg_overlay":0.5,"ocean_post_title_bg_overlay_color":"","ocean_disable_breadcrumbs":"default","ocean_breadcrumbs_color":"","ocean_breadcrumbs_separator_color":"","ocean_breadcrumbs_links_color":"","ocean_breadcrumbs_links_hover_color":"","ocean_display_footer_widgets":"default","ocean_display_footer_bottom":"default","ocean_custom_footer_template":"","osh_disable_topbar_sticky":"default","osh_disable_header_sticky":"default","osh_sticky_header_style":"default","osh_sticky_header_effect":"","osh_custom_sticky_logo":0,"osh_custom_retina_sticky_logo":0,"osh_custom_sticky_logo_height":0,"osh_background_color":"","osh_links_color":"","osh_links_hover_color":"","osh_links_active_color":"","osh_links_bg_color":"","osh_links_hover_bg_color":"","osh_links_active_bg_color":"","osh_menu_social_links_color":"","osh_menu_social_hover_links_color":"","footnotes":""},"class_list":["post-29005","page","type-page","status-publish","has-post-thumbnail","hentry","entry","has-media","owp-thumbs-layout-horizontal","owp-btn-normal","owp-tabs-layout-horizontal","has-no-thumbnails","has-product-nav"],"yoast_head":"<!-- This site is optimized with the Yoast SEO plugin v27.2 - https:\/\/yoast.com\/product\/yoast-seo-wordpress\/ -->\n<title>Heringschmaus 18\/02\/2026 - XXL Restaurant Leopoldauer Alm<\/title>\n<meta name=\"robots\" content=\"index, follow, max-snippet:-1, max-image-preview:large, max-video-preview:-1\" \/>\n<link rel=\"canonical\" href=\"https:\/\/www.leopoldaueralm.at\/fr\/heringschmaus-18-02-2026\/\" \/>\n<meta property=\"og:locale\" content=\"fr_FR\" \/>\n<meta property=\"og:type\" content=\"article\" \/>\n<meta property=\"og:title\" content=\"Heringschmaus 18\/02\/2026 - XXL Restaurant Leopoldauer Alm\" \/>\n<meta property=\"og:description\" content=\"HeringSchmaus Chers clients, Heringsschmaus MERCREDI DES CENDRES 2026 \u00e0 la Leopoldauer Alm !Le 26\/02\/18 de 17h00 \u00e0 21h00 Venez nous rejoindre le Mercredi des Cendres, chers clients&nbsp;! Nous vous avons pr\u00e9par\u00e9 les d\u00e9lices suivants sur notre carte Heringsschmaus, sur place ou \u00e0 emporter&nbsp;! R\u00e9server une table Entr\u00e9es : Soupe de poisson tyrolienne aux tomates, moules, [&hellip;]\" \/>\n<meta property=\"og:url\" content=\"https:\/\/www.leopoldaueralm.at\/fr\/heringschmaus-18-02-2026\/\" \/>\n<meta property=\"og:site_name\" content=\"XXL Restaurant Leopoldauer Alm\" \/>\n<meta property=\"article:publisher\" content=\"https:\/\/www.facebook.com\/LeopoldauerAlm\" \/>\n<meta property=\"article:modified_time\" content=\"2026-01-23T11:44:30+00:00\" \/>\n<meta property=\"og:image\" content=\"https:\/\/www.leopoldaueralm.at\/wp-content\/uploads\/2024\/02\/Heringssalat-rot-weiss.jpg\" \/>\n\t<meta property=\"og:image:width\" content=\"2048\" \/>\n\t<meta property=\"og:image:height\" content=\"1536\" \/>\n\t<meta property=\"og:image:type\" content=\"image\/jpeg\" \/>\n<meta name=\"twitter:card\" content=\"summary_large_image\" \/>\n<meta name=\"twitter:label1\" content=\"Dur\u00e9e de lecture estim\u00e9e\" \/>\n\t<meta name=\"twitter:data1\" content=\"1 minute\" \/>\n<script type=\"application\/ld+json\" class=\"yoast-schema-graph\">{\"@context\":\"https:\/\/schema.org\",\"@graph\":[{\"@type\":\"WebPage\",\"@id\":\"https:\/\/www.leopoldaueralm.at\/fr\/heringschmaus-18-02-2026\/\",\"url\":\"https:\/\/www.leopoldaueralm.at\/fr\/heringschmaus-18-02-2026\/\",\"name\":\"Heringschmaus 18\/02\/2026 - XXL Restaurant Leopoldauer Alm\",\"isPartOf\":{\"@id\":\"https:\/\/www.leopoldaueralm.at\/fr\/#website\"},\"primaryImageOfPage\":{\"@id\":\"https:\/\/www.leopoldaueralm.at\/fr\/heringschmaus-18-02-2026\/#primaryimage\"},\"image\":{\"@id\":\"https:\/\/www.leopoldaueralm.at\/fr\/heringschmaus-18-02-2026\/#primaryimage\"},\"thumbnailUrl\":\"https:\/\/www.leopoldaueralm.at\/wp-content\/uploads\/2024\/02\/Heringssalat-rot-weiss.jpg\",\"datePublished\":\"2026-01-20T12:31:40+00:00\",\"dateModified\":\"2026-01-23T11:44:30+00:00\",\"breadcrumb\":{\"@id\":\"https:\/\/www.leopoldaueralm.at\/fr\/heringschmaus-18-02-2026\/#breadcrumb\"},\"inLanguage\":\"fr-FR\",\"potentialAction\":[{\"@type\":\"ReadAction\",\"target\":[\"https:\/\/www.leopoldaueralm.at\/fr\/heringschmaus-18-02-2026\/\"]}]},{\"@type\":\"ImageObject\",\"inLanguage\":\"fr-FR\",\"@id\":\"https:\/\/www.leopoldaueralm.at\/fr\/heringschmaus-18-02-2026\/#primaryimage\",\"url\":\"https:\/\/www.leopoldaueralm.at\/wp-content\/uploads\/2024\/02\/Heringssalat-rot-weiss.jpg\",\"contentUrl\":\"https:\/\/www.leopoldaueralm.at\/wp-content\/uploads\/2024\/02\/Heringssalat-rot-weiss.jpg\",\"width\":2048,\"height\":1536},{\"@type\":\"BreadcrumbList\",\"@id\":\"https:\/\/www.leopoldaueralm.at\/fr\/heringschmaus-18-02-2026\/#breadcrumb\",\"itemListElement\":[{\"@type\":\"ListItem\",\"position\":1,\"name\":\"Startseite\",\"item\":\"https:\/\/www.leopoldaueralm.at\/fr\/page-daccueil\/\"},{\"@type\":\"ListItem\",\"position\":2,\"name\":\"Heringschmaus 18\/02\/2026\"}]},{\"@type\":\"WebSite\",\"@id\":\"https:\/\/www.leopoldaueralm.at\/fr\/#website\",\"url\":\"https:\/\/www.leopoldaueralm.at\/fr\/\",\"name\":\"XXL Restaurant Leopoldauer Alm\",\"description\":\"Das XXL Restaurant in Wien\",\"publisher\":{\"@id\":\"https:\/\/www.leopoldaueralm.at\/fr\/#organization\"},\"potentialAction\":[{\"@type\":\"SearchAction\",\"target\":{\"@type\":\"EntryPoint\",\"urlTemplate\":\"https:\/\/www.leopoldaueralm.at\/fr\/?s={search_term_string}\"},\"query-input\":{\"@type\":\"PropertyValueSpecification\",\"valueRequired\":true,\"valueName\":\"search_term_string\"}}],\"inLanguage\":\"fr-FR\"},{\"@type\":\"Organization\",\"@id\":\"https:\/\/www.leopoldaueralm.at\/fr\/#organization\",\"name\":\"XXL Restaurant Leopoldauer Alm\",\"url\":\"https:\/\/www.leopoldaueralm.at\/fr\/\",\"logo\":{\"@type\":\"ImageObject\",\"inLanguage\":\"fr-FR\",\"@id\":\"https:\/\/www.leopoldaueralm.at\/fr\/#\/schema\/logo\/image\/\",\"url\":\"https:\/\/www.leopoldaueralm.at\/wp-content\/uploads\/2019\/12\/leo-logo.png\",\"contentUrl\":\"https:\/\/www.leopoldaueralm.at\/wp-content\/uploads\/2019\/12\/leo-logo.png\",\"width\":250,\"height\":250,\"caption\":\"XXL Restaurant Leopoldauer Alm\"},\"image\":{\"@id\":\"https:\/\/www.leopoldaueralm.at\/fr\/#\/schema\/logo\/image\/\"},\"sameAs\":[\"https:\/\/www.facebook.com\/LeopoldauerAlm\"]}]}<\/script>\n<!-- \/ Yoast SEO plugin. -->","yoast_head_json":{"title":"Heringschmaus 18\/02\/2026 - XXL Restaurant Leopoldauer Alm","robots":{"index":"index","follow":"follow","max-snippet":"max-snippet:-1","max-image-preview":"max-image-preview:large","max-video-preview":"max-video-preview:-1"},"canonical":"https:\/\/www.leopoldaueralm.at\/fr\/heringschmaus-18-02-2026\/","og_locale":"fr_FR","og_type":"article","og_title":"Heringschmaus 18\/02\/2026 - XXL Restaurant Leopoldauer Alm","og_description":"HeringSchmaus Chers clients, Heringsschmaus MERCREDI DES CENDRES 2026 \u00e0 la Leopoldauer Alm !Le 26\/02\/18 de 17h00 \u00e0 21h00 Venez nous rejoindre le Mercredi des Cendres, chers clients&nbsp;! Nous vous avons pr\u00e9par\u00e9 les d\u00e9lices suivants sur notre carte Heringsschmaus, sur place ou \u00e0 emporter&nbsp;! R\u00e9server une table Entr\u00e9es : Soupe de poisson tyrolienne aux tomates, moules, [&hellip;]","og_url":"https:\/\/www.leopoldaueralm.at\/fr\/heringschmaus-18-02-2026\/","og_site_name":"XXL Restaurant Leopoldauer Alm","article_publisher":"https:\/\/www.facebook.com\/LeopoldauerAlm","article_modified_time":"2026-01-23T11:44:30+00:00","og_image":[{"width":2048,"height":1536,"url":"https:\/\/www.leopoldaueralm.at\/wp-content\/uploads\/2024\/02\/Heringssalat-rot-weiss.jpg","type":"image\/jpeg"}],"twitter_card":"summary_large_image","twitter_misc":{"Dur\u00e9e de lecture estim\u00e9e":"1 minute"},"schema":{"@context":"https:\/\/schema.org","@graph":[{"@type":"WebPage","@id":"https:\/\/www.leopoldaueralm.at\/fr\/heringschmaus-18-02-2026\/","url":"https:\/\/www.leopoldaueralm.at\/fr\/heringschmaus-18-02-2026\/","name":"Heringschmaus 18\/02\/2026 - XXL Restaurant Leopoldauer Alm","isPartOf":{"@id":"https:\/\/www.leopoldaueralm.at\/fr\/#website"},"primaryImageOfPage":{"@id":"https:\/\/www.leopoldaueralm.at\/fr\/heringschmaus-18-02-2026\/#primaryimage"},"image":{"@id":"https:\/\/www.leopoldaueralm.at\/fr\/heringschmaus-18-02-2026\/#primaryimage"},"thumbnailUrl":"https:\/\/www.leopoldaueralm.at\/wp-content\/uploads\/2024\/02\/Heringssalat-rot-weiss.jpg","datePublished":"2026-01-20T12:31:40+00:00","dateModified":"2026-01-23T11:44:30+00:00","breadcrumb":{"@id":"https:\/\/www.leopoldaueralm.at\/fr\/heringschmaus-18-02-2026\/#breadcrumb"},"inLanguage":"fr-FR","potentialAction":[{"@type":"ReadAction","target":["https:\/\/www.leopoldaueralm.at\/fr\/heringschmaus-18-02-2026\/"]}]},{"@type":"ImageObject","inLanguage":"fr-FR","@id":"https:\/\/www.leopoldaueralm.at\/fr\/heringschmaus-18-02-2026\/#primaryimage","url":"https:\/\/www.leopoldaueralm.at\/wp-content\/uploads\/2024\/02\/Heringssalat-rot-weiss.jpg","contentUrl":"https:\/\/www.leopoldaueralm.at\/wp-content\/uploads\/2024\/02\/Heringssalat-rot-weiss.jpg","width":2048,"height":1536},{"@type":"BreadcrumbList","@id":"https:\/\/www.leopoldaueralm.at\/fr\/heringschmaus-18-02-2026\/#breadcrumb","itemListElement":[{"@type":"ListItem","position":1,"name":"Startseite","item":"https:\/\/www.leopoldaueralm.at\/fr\/page-daccueil\/"},{"@type":"ListItem","position":2,"name":"Heringschmaus 18\/02\/2026"}]},{"@type":"WebSite","@id":"https:\/\/www.leopoldaueralm.at\/fr\/#website","url":"https:\/\/www.leopoldaueralm.at\/fr\/","name":"XXL Restaurant Leopoldauer Alm","description":"Das XXL Restaurant in Wien","publisher":{"@id":"https:\/\/www.leopoldaueralm.at\/fr\/#organization"},"potentialAction":[{"@type":"SearchAction","target":{"@type":"EntryPoint","urlTemplate":"https:\/\/www.leopoldaueralm.at\/fr\/?s={search_term_string}"},"query-input":{"@type":"PropertyValueSpecification","valueRequired":true,"valueName":"search_term_string"}}],"inLanguage":"fr-FR"},{"@type":"Organization","@id":"https:\/\/www.leopoldaueralm.at\/fr\/#organization","name":"XXL Restaurant Leopoldauer Alm","url":"https:\/\/www.leopoldaueralm.at\/fr\/","logo":{"@type":"ImageObject","inLanguage":"fr-FR","@id":"https:\/\/www.leopoldaueralm.at\/fr\/#\/schema\/logo\/image\/","url":"https:\/\/www.leopoldaueralm.at\/wp-content\/uploads\/2019\/12\/leo-logo.png","contentUrl":"https:\/\/www.leopoldaueralm.at\/wp-content\/uploads\/2019\/12\/leo-logo.png","width":250,"height":250,"caption":"XXL Restaurant Leopoldauer Alm"},"image":{"@id":"https:\/\/www.leopoldaueralm.at\/fr\/#\/schema\/logo\/image\/"},"sameAs":["https:\/\/www.facebook.com\/LeopoldauerAlm"]}]}},"_links":{"self":[{"href":"https:\/\/www.leopoldaueralm.at\/fr\/wp-json\/wp\/v2\/pages\/29005","targetHints":{"allow":["GET"]}}],"collection":[{"href":"https:\/\/www.leopoldaueralm.at\/fr\/wp-json\/wp\/v2\/pages"}],"about":[{"href":"https:\/\/www.leopoldaueralm.at\/fr\/wp-json\/wp\/v2\/types\/page"}],"author":[{"embeddable":true,"href":"https:\/\/www.leopoldaueralm.at\/fr\/wp-json\/wp\/v2\/users\/4"}],"replies":[{"embeddable":true,"href":"https:\/\/www.leopoldaueralm.at\/fr\/wp-json\/wp\/v2\/comments?post=29005"}],"version-history":[{"count":2,"href":"https:\/\/www.leopoldaueralm.at\/fr\/wp-json\/wp\/v2\/pages\/29005\/revisions"}],"predecessor-version":[{"id":29059,"href":"https:\/\/www.leopoldaueralm.at\/fr\/wp-json\/wp\/v2\/pages\/29005\/revisions\/29059"}],"wp:featuredmedia":[{"embeddable":true,"href":"https:\/\/www.leopoldaueralm.at\/fr\/wp-json\/wp\/v2\/media\/28394"}],"wp:attachment":[{"href":"https:\/\/www.leopoldaueralm.at\/fr\/wp-json\/wp\/v2\/media?parent=29005"}],"curies":[{"name":"wp","href":"https:\/\/api.w.org\/{rel}","templated":true}]}}