{"id":25221,"date":"2024-08-29T08:56:28","date_gmt":"2024-08-29T06:56:28","guid":{"rendered":"https:\/\/www.leopoldaueralm.at\/shop\/pack-de-demarrage-de-stickers\/"},"modified":"2024-08-29T08:56:28","modified_gmt":"2024-08-29T06:56:28","slug":"pack-de-demarrage-de-stickers","status":"publish","type":"product","link":"https:\/\/www.leopoldaueralm.at\/fr\/shop\/pack-de-demarrage-de-stickers\/","title":{"rendered":"Pack de d\u00e9marrage de stickers"},"content":{"rendered":"","protected":false},"excerpt":{"rendered":"<div class=\"elementor-element elementor-element-dee7631 elementor-widget elementor-widget-heading\" data-id=\"dee7631\" data-element_type=\"widget\" data-widget_type=\"heading.default\">\n<div class=\"elementor-widget-container\">\n<p><b>Pack de d\u00e9marrage<br \/>\n<\/b><\/p>\n<p>1 album de collection<br \/>\n2 paquets de stickers (20 pi\u00e8ces)<\/p>\n<p>XXL Leopoldauer Alm est le premier restaurant d&rsquo;Autriche avec son propre album de \u00ab stickers \u00bb \u00e0 collectionner et \u00e0 \u00e9changer \u2764\ufe0f??<br \/>\nLes 28 ans d&rsquo;histoire de l&rsquo;Alm dans un album unique !!!<\/p>\n<p>Les 3 premiers fans qui auront rempli l&rsquo;album recevront chacun un bon de 100 \u20ac de l&rsquo;Alm \u203c\ufe0f\u2764\ufe0f<\/p>\n<\/div>\n<\/div>\n","protected":false},"featured_media":15275,"template":"","meta":{"ocean_post_layout":"","ocean_both_sidebars_style":"","ocean_both_sidebars_content_width":0,"ocean_both_sidebars_sidebars_width":0,"ocean_sidebar":"","ocean_second_sidebar":"","ocean_disable_margins":"enable","ocean_add_body_class":"","ocean_shortcode_before_top_bar":"","ocean_shortcode_after_top_bar":"","ocean_shortcode_before_header":"","ocean_shortcode_after_header":"","ocean_has_shortcode":"","ocean_shortcode_after_title":"","ocean_shortcode_before_footer_widgets":"","ocean_shortcode_after_footer_widgets":"","ocean_shortcode_before_footer_bottom":"","ocean_shortcode_after_footer_bottom":"","ocean_display_top_bar":"default","ocean_display_header":"default","ocean_header_style":"","ocean_center_header_left_menu":"","ocean_custom_header_template":"","ocean_custom_logo":0,"ocean_custom_retina_logo":0,"ocean_custom_logo_max_width":0,"ocean_custom_logo_tablet_max_width":0,"ocean_custom_logo_mobile_max_width":0,"ocean_custom_logo_max_height":0,"ocean_custom_logo_tablet_max_height":0,"ocean_custom_logo_mobile_max_height":0,"ocean_header_custom_menu":"","ocean_menu_typo_font_family":"","ocean_menu_typo_font_subset":"","ocean_menu_typo_font_size":0,"ocean_menu_typo_font_size_tablet":0,"ocean_menu_typo_font_size_mobile":0,"ocean_menu_typo_font_size_unit":"px","ocean_menu_typo_font_weight":"","ocean_menu_typo_font_weight_tablet":"","ocean_menu_typo_font_weight_mobile":"","ocean_menu_typo_transform":"","ocean_menu_typo_transform_tablet":"","ocean_menu_typo_transform_mobile":"","ocean_menu_typo_line_height":0,"ocean_menu_typo_line_height_tablet":0,"ocean_menu_typo_line_height_mobile":0,"ocean_menu_typo_line_height_unit":"","ocean_menu_typo_spacing":0,"ocean_menu_typo_spacing_tablet":0,"ocean_menu_typo_spacing_mobile":0,"ocean_menu_typo_spacing_unit":"","ocean_menu_link_color":"","ocean_menu_link_color_hover":"","ocean_menu_link_color_active":"","ocean_menu_link_background":"","ocean_menu_link_hover_background":"","ocean_menu_link_active_background":"","ocean_menu_social_links_bg":"","ocean_menu_social_hover_links_bg":"","ocean_menu_social_links_color":"","ocean_menu_social_hover_links_color":"","ocean_disable_title":"default","ocean_disable_heading":"default","ocean_post_title":"","ocean_post_subheading":"","ocean_post_title_style":"","ocean_post_title_background_color":"","ocean_post_title_background":0,"ocean_post_title_bg_image_position":"","ocean_post_title_bg_image_attachment":"","ocean_post_title_bg_image_repeat":"","ocean_post_title_bg_image_size":"","ocean_post_title_height":0,"ocean_post_title_bg_overlay":0.5,"ocean_post_title_bg_overlay_color":"","ocean_disable_breadcrumbs":"default","ocean_breadcrumbs_color":"","ocean_breadcrumbs_separator_color":"","ocean_breadcrumbs_links_color":"","ocean_breadcrumbs_links_hover_color":"","ocean_display_footer_widgets":"default","ocean_display_footer_bottom":"default","ocean_custom_footer_template":"","osh_disable_topbar_sticky":"default","osh_disable_header_sticky":"default","osh_sticky_header_style":"default","osh_sticky_header_effect":"","osh_custom_sticky_logo":0,"osh_custom_retina_sticky_logo":0,"osh_custom_sticky_logo_height":0,"osh_background_color":"","osh_links_color":"","osh_links_hover_color":"","osh_links_active_color":"","osh_links_bg_color":"","osh_links_hover_bg_color":"","osh_links_active_bg_color":"","osh_menu_social_links_color":"","osh_menu_social_hover_links_color":""},"product_brand":[],"product_cat":[462,463,576],"product_tag":[],"class_list":{"0":"post-25221","1":"product","2":"type-product","3":"status-publish","4":"has-post-thumbnail","6":"product_cat-boutique-de-retrait","7":"product_cat-articles-de-fan","8":"product_cat-stickers","9":"product_shipping_class-expediable","11":"entry","12":"has-media","14":"first","15":"instock","16":"taxable","17":"shipping-taxable","18":"purchasable","19":"product-type-simple","20":"has-product-nav","21":"col","22":"span_1_of_3","23":"owp-content-center","24":"owp-thumbs-layout-horizontal","25":"owp-btn-normal","26":"owp-tabs-layout-horizontal"},"group_of_quantity":0,"min_quantity":0,"max_quantity":"","exclude_order_quantity_value_rules":"no","exclude_category_quantity_rules":"no","combine_variations":"no","yoast_head":"<!-- This site is optimized with the Yoast SEO plugin v27.2 - https:\/\/yoast.com\/product\/yoast-seo-wordpress\/ -->\n<title>Pack de d\u00e9marrage de stickers XXL Restaurant Leopoldauer Alm<\/title>\n<meta name=\"robots\" content=\"index, follow, max-snippet:-1, max-image-preview:large, max-video-preview:-1\" \/>\n<link rel=\"canonical\" href=\"https:\/\/www.leopoldaueralm.at\/fr\/shop\/pack-de-demarrage-de-stickers\/\" \/>\n<meta property=\"og:locale\" content=\"fr_FR\" \/>\n<meta property=\"og:type\" content=\"article\" \/>\n<meta property=\"og:title\" content=\"Pack de d\u00e9marrage de stickers XXL Restaurant Leopoldauer Alm\" \/>\n<meta property=\"og:description\" content=\"Pack de d\u00e9marrage  1 album de collection 2 paquets de stickers (20 pi\u00e8ces) XXL Leopoldauer Alm est le premier restaurant d&#039;Autriche avec son propre album de \u00ab stickers \u00bb \u00e0 collectionner et \u00e0 \u00e9changer \u2764\ufe0f?? Les 28 ans d&#039;histoire de l&#039;Alm dans un album unique !!! Les 3 premiers fans qui auront rempli l&#039;album recevront chacun un bon de 100 \u20ac de l&#039;Alm \u203c\ufe0f\u2764\ufe0f\" \/>\n<meta property=\"og:url\" content=\"https:\/\/www.leopoldaueralm.at\/fr\/shop\/pack-de-demarrage-de-stickers\/\" \/>\n<meta property=\"og:site_name\" content=\"XXL Restaurant Leopoldauer Alm\" \/>\n<meta property=\"article:publisher\" content=\"https:\/\/www.facebook.com\/LeopoldauerAlm\" \/>\n<meta property=\"og:image\" content=\"https:\/\/www.leopoldaueralm.at\/wp-content\/uploads\/2024\/08\/stickeralbum-front.jpg\" \/>\n\t<meta property=\"og:image:width\" content=\"1119\" \/>\n\t<meta property=\"og:image:height\" content=\"1383\" \/>\n\t<meta property=\"og:image:type\" content=\"image\/jpeg\" \/>\n<meta name=\"twitter:card\" content=\"summary_large_image\" \/>\n<script type=\"application\/ld+json\" class=\"yoast-schema-graph\">{\"@context\":\"https:\/\/schema.org\",\"@graph\":[{\"@type\":\"WebPage\",\"@id\":\"https:\/\/www.leopoldaueralm.at\/fr\/shop\/pack-de-demarrage-de-stickers\/\",\"url\":\"https:\/\/www.leopoldaueralm.at\/fr\/shop\/pack-de-demarrage-de-stickers\/\",\"name\":\"Pack de d\u00e9marrage de stickers XXL Restaurant Leopoldauer Alm\",\"isPartOf\":{\"@id\":\"https:\/\/www.leopoldaueralm.at\/fr\/#website\"},\"primaryImageOfPage\":{\"@id\":\"https:\/\/www.leopoldaueralm.at\/fr\/shop\/pack-de-demarrage-de-stickers\/#primaryimage\"},\"image\":{\"@id\":\"https:\/\/www.leopoldaueralm.at\/fr\/shop\/pack-de-demarrage-de-stickers\/#primaryimage\"},\"thumbnailUrl\":\"https:\/\/www.leopoldaueralm.at\/wp-content\/uploads\/2024\/08\/stickeralbum-front.jpg\",\"datePublished\":\"2024-08-29T06:56:28+00:00\",\"breadcrumb\":{\"@id\":\"https:\/\/www.leopoldaueralm.at\/fr\/shop\/pack-de-demarrage-de-stickers\/#breadcrumb\"},\"inLanguage\":\"fr-FR\",\"potentialAction\":[{\"@type\":\"ReadAction\",\"target\":[\"https:\/\/www.leopoldaueralm.at\/fr\/shop\/pack-de-demarrage-de-stickers\/\"]}]},{\"@type\":\"ImageObject\",\"inLanguage\":\"fr-FR\",\"@id\":\"https:\/\/www.leopoldaueralm.at\/fr\/shop\/pack-de-demarrage-de-stickers\/#primaryimage\",\"url\":\"https:\/\/www.leopoldaueralm.at\/wp-content\/uploads\/2024\/08\/stickeralbum-front.jpg\",\"contentUrl\":\"https:\/\/www.leopoldaueralm.at\/wp-content\/uploads\/2024\/08\/stickeralbum-front.jpg\",\"width\":1119,\"height\":1383},{\"@type\":\"BreadcrumbList\",\"@id\":\"https:\/\/www.leopoldaueralm.at\/fr\/shop\/pack-de-demarrage-de-stickers\/#breadcrumb\",\"itemListElement\":[{\"@type\":\"ListItem\",\"position\":1,\"name\":\"Startseite\",\"item\":\"https:\/\/www.leopoldaueralm.at\/fr\/page-daccueil\/\"},{\"@type\":\"ListItem\",\"position\":2,\"name\":\"Boutique\",\"item\":\"https:\/\/www.leopoldaueralm.at\/fr\/boutique\/\"},{\"@type\":\"ListItem\",\"position\":3,\"name\":\"Articles de fan\",\"item\":\"https:\/\/www.leopoldaueralm.at\/fr\/product-category\/articles-de-fan\/\"},{\"@type\":\"ListItem\",\"position\":4,\"name\":\"Pack de d\u00e9marrage de stickers\"}]},{\"@type\":\"WebSite\",\"@id\":\"https:\/\/www.leopoldaueralm.at\/fr\/#website\",\"url\":\"https:\/\/www.leopoldaueralm.at\/fr\/\",\"name\":\"XXL Restaurant Leopoldauer Alm\",\"description\":\"Das XXL Restaurant in Wien\",\"publisher\":{\"@id\":\"https:\/\/www.leopoldaueralm.at\/fr\/#organization\"},\"potentialAction\":[{\"@type\":\"SearchAction\",\"target\":{\"@type\":\"EntryPoint\",\"urlTemplate\":\"https:\/\/www.leopoldaueralm.at\/fr\/?s={search_term_string}\"},\"query-input\":{\"@type\":\"PropertyValueSpecification\",\"valueRequired\":true,\"valueName\":\"search_term_string\"}}],\"inLanguage\":\"fr-FR\"},{\"@type\":\"Organization\",\"@id\":\"https:\/\/www.leopoldaueralm.at\/fr\/#organization\",\"name\":\"XXL Restaurant Leopoldauer Alm\",\"url\":\"https:\/\/www.leopoldaueralm.at\/fr\/\",\"logo\":{\"@type\":\"ImageObject\",\"inLanguage\":\"fr-FR\",\"@id\":\"https:\/\/www.leopoldaueralm.at\/fr\/#\/schema\/logo\/image\/\",\"url\":\"https:\/\/www.leopoldaueralm.at\/wp-content\/uploads\/2019\/12\/leo-logo.png\",\"contentUrl\":\"https:\/\/www.leopoldaueralm.at\/wp-content\/uploads\/2019\/12\/leo-logo.png\",\"width\":250,\"height\":250,\"caption\":\"XXL Restaurant Leopoldauer Alm\"},\"image\":{\"@id\":\"https:\/\/www.leopoldaueralm.at\/fr\/#\/schema\/logo\/image\/\"},\"sameAs\":[\"https:\/\/www.facebook.com\/LeopoldauerAlm\"]}]}<\/script>\n<!-- \/ Yoast SEO plugin. -->","yoast_head_json":{"title":"Pack de d\u00e9marrage de stickers XXL Restaurant Leopoldauer Alm","robots":{"index":"index","follow":"follow","max-snippet":"max-snippet:-1","max-image-preview":"max-image-preview:large","max-video-preview":"max-video-preview:-1"},"canonical":"https:\/\/www.leopoldaueralm.at\/fr\/shop\/pack-de-demarrage-de-stickers\/","og_locale":"fr_FR","og_type":"article","og_title":"Pack de d\u00e9marrage de stickers XXL Restaurant Leopoldauer Alm","og_description":"Pack de d\u00e9marrage  1 album de collection 2 paquets de stickers (20 pi\u00e8ces) XXL Leopoldauer Alm est le premier restaurant d'Autriche avec son propre album de \u00ab stickers \u00bb \u00e0 collectionner et \u00e0 \u00e9changer \u2764\ufe0f?? Les 28 ans d'histoire de l'Alm dans un album unique !!! Les 3 premiers fans qui auront rempli l'album recevront chacun un bon de 100 \u20ac de l'Alm \u203c\ufe0f\u2764\ufe0f","og_url":"https:\/\/www.leopoldaueralm.at\/fr\/shop\/pack-de-demarrage-de-stickers\/","og_site_name":"XXL Restaurant Leopoldauer Alm","article_publisher":"https:\/\/www.facebook.com\/LeopoldauerAlm","og_image":[{"width":1119,"height":1383,"url":"https:\/\/www.leopoldaueralm.at\/wp-content\/uploads\/2024\/08\/stickeralbum-front.jpg","type":"image\/jpeg"}],"twitter_card":"summary_large_image","schema":{"@context":"https:\/\/schema.org","@graph":[{"@type":"WebPage","@id":"https:\/\/www.leopoldaueralm.at\/fr\/shop\/pack-de-demarrage-de-stickers\/","url":"https:\/\/www.leopoldaueralm.at\/fr\/shop\/pack-de-demarrage-de-stickers\/","name":"Pack de d\u00e9marrage de stickers XXL Restaurant Leopoldauer Alm","isPartOf":{"@id":"https:\/\/www.leopoldaueralm.at\/fr\/#website"},"primaryImageOfPage":{"@id":"https:\/\/www.leopoldaueralm.at\/fr\/shop\/pack-de-demarrage-de-stickers\/#primaryimage"},"image":{"@id":"https:\/\/www.leopoldaueralm.at\/fr\/shop\/pack-de-demarrage-de-stickers\/#primaryimage"},"thumbnailUrl":"https:\/\/www.leopoldaueralm.at\/wp-content\/uploads\/2024\/08\/stickeralbum-front.jpg","datePublished":"2024-08-29T06:56:28+00:00","breadcrumb":{"@id":"https:\/\/www.leopoldaueralm.at\/fr\/shop\/pack-de-demarrage-de-stickers\/#breadcrumb"},"inLanguage":"fr-FR","potentialAction":[{"@type":"ReadAction","target":["https:\/\/www.leopoldaueralm.at\/fr\/shop\/pack-de-demarrage-de-stickers\/"]}]},{"@type":"ImageObject","inLanguage":"fr-FR","@id":"https:\/\/www.leopoldaueralm.at\/fr\/shop\/pack-de-demarrage-de-stickers\/#primaryimage","url":"https:\/\/www.leopoldaueralm.at\/wp-content\/uploads\/2024\/08\/stickeralbum-front.jpg","contentUrl":"https:\/\/www.leopoldaueralm.at\/wp-content\/uploads\/2024\/08\/stickeralbum-front.jpg","width":1119,"height":1383},{"@type":"BreadcrumbList","@id":"https:\/\/www.leopoldaueralm.at\/fr\/shop\/pack-de-demarrage-de-stickers\/#breadcrumb","itemListElement":[{"@type":"ListItem","position":1,"name":"Startseite","item":"https:\/\/www.leopoldaueralm.at\/fr\/page-daccueil\/"},{"@type":"ListItem","position":2,"name":"Boutique","item":"https:\/\/www.leopoldaueralm.at\/fr\/boutique\/"},{"@type":"ListItem","position":3,"name":"Articles de fan","item":"https:\/\/www.leopoldaueralm.at\/fr\/product-category\/articles-de-fan\/"},{"@type":"ListItem","position":4,"name":"Pack de d\u00e9marrage de stickers"}]},{"@type":"WebSite","@id":"https:\/\/www.leopoldaueralm.at\/fr\/#website","url":"https:\/\/www.leopoldaueralm.at\/fr\/","name":"XXL Restaurant Leopoldauer Alm","description":"Das XXL Restaurant in Wien","publisher":{"@id":"https:\/\/www.leopoldaueralm.at\/fr\/#organization"},"potentialAction":[{"@type":"SearchAction","target":{"@type":"EntryPoint","urlTemplate":"https:\/\/www.leopoldaueralm.at\/fr\/?s={search_term_string}"},"query-input":{"@type":"PropertyValueSpecification","valueRequired":true,"valueName":"search_term_string"}}],"inLanguage":"fr-FR"},{"@type":"Organization","@id":"https:\/\/www.leopoldaueralm.at\/fr\/#organization","name":"XXL Restaurant Leopoldauer Alm","url":"https:\/\/www.leopoldaueralm.at\/fr\/","logo":{"@type":"ImageObject","inLanguage":"fr-FR","@id":"https:\/\/www.leopoldaueralm.at\/fr\/#\/schema\/logo\/image\/","url":"https:\/\/www.leopoldaueralm.at\/wp-content\/uploads\/2019\/12\/leo-logo.png","contentUrl":"https:\/\/www.leopoldaueralm.at\/wp-content\/uploads\/2019\/12\/leo-logo.png","width":250,"height":250,"caption":"XXL Restaurant Leopoldauer Alm"},"image":{"@id":"https:\/\/www.leopoldaueralm.at\/fr\/#\/schema\/logo\/image\/"},"sameAs":["https:\/\/www.facebook.com\/LeopoldauerAlm"]}]}},"wcpa_form_fields":null,"_links":{"self":[{"href":"https:\/\/www.leopoldaueralm.at\/fr\/wp-json\/wp\/v2\/product\/25221","targetHints":{"allow":["GET"]}}],"collection":[{"href":"https:\/\/www.leopoldaueralm.at\/fr\/wp-json\/wp\/v2\/product"}],"about":[{"href":"https:\/\/www.leopoldaueralm.at\/fr\/wp-json\/wp\/v2\/types\/product"}],"wp:featuredmedia":[{"embeddable":true,"href":"https:\/\/www.leopoldaueralm.at\/fr\/wp-json\/wp\/v2\/media\/15275"}],"wp:attachment":[{"href":"https:\/\/www.leopoldaueralm.at\/fr\/wp-json\/wp\/v2\/media?parent=25221"}],"wp:term":[{"taxonomy":"product_brand","embeddable":true,"href":"https:\/\/www.leopoldaueralm.at\/fr\/wp-json\/wp\/v2\/product_brand?post=25221"},{"taxonomy":"product_cat","embeddable":true,"href":"https:\/\/www.leopoldaueralm.at\/fr\/wp-json\/wp\/v2\/product_cat?post=25221"},{"taxonomy":"product_tag","embeddable":true,"href":"https:\/\/www.leopoldaueralm.at\/fr\/wp-json\/wp\/v2\/product_tag?post=25221"}],"curies":[{"name":"wp","href":"https:\/\/api.w.org\/{rel}","templated":true}]}}