{"id":26063,"date":"2024-05-03T11:03:45","date_gmt":"2024-05-03T09:03:45","guid":{"rendered":"https:\/\/www.leopoldaueralm.at\/shop\/after-work-%f0%9f%91%a9%f0%9f%8f%bb%f0%9f%a4%9d%f0%9f%a7%91%f0%9f%8f%bc\/"},"modified":"2024-05-03T11:03:45","modified_gmt":"2024-05-03T09:03:45","slug":"after-work-%f0%9f%91%a9%f0%9f%8f%bb%f0%9f%a4%9d%f0%9f%a7%91%f0%9f%8f%bc","status":"publish","type":"product","link":"https:\/\/www.leopoldaueralm.at\/fr\/shop\/after-work-%f0%9f%91%a9%f0%9f%8f%bb%f0%9f%a4%9d%f0%9f%a7%91%f0%9f%8f%bc\/","title":{"rendered":"AFTER WORK \ud83d\udc69\ud83c\udffb\u200d\ud83e\udd1d\u200d\ud83e\uddd1\ud83c\udffc"},"content":{"rendered":"<p>Tour de boissons r\u00e9frig\u00e9r\u00e9e de 5 L<br \/>\n(bi\u00e8re maison, Aperol, Hugo, Spritzer ou sans alcool)<\/p>\n<p>1 plat principal au choix :<\/p>\n<ul>\n<li>Tartare de b\u0153uf petit, richement garni<\/li>\n<li>Escalope de poulet avec frites ou salade<\/li>\n<li>Salade Pippi Hendi<\/li>\n<li>Petites spare ribs<\/li>\n<li>R\u00f4ti de porc avec quenelles<\/li>\n<li>Burger Dirndl avec garnitures copieuses<\/li>\n<li>Eiernockerl avec salade verte<\/li>\n<li>Emmental pan\u00e9 avec salade verte<\/li>\n<\/ul>\n<p>OU<\/p>\n<p>1x Fourche du cauchemar pour 4\/5 personnes ou<br \/>\n1x Plateau de fermier de montagne pour 4\/5 personnes<\/p>\n<p>1 dessert au choix :<br \/>\n2 pi\u00e8ces de boules de glace aux abricots<br \/>\n2 pi\u00e8ces  Cr\u00eapes aux abricots<\/p>\n<p>OU<\/p>\n<p>G\u00e2teau au chocolat XXL pour 4 ou<br \/>\nPlateau de desserts XXL pour 4<\/p>\n<p>SP\u00c9CIAL AFTER WORK<br \/>\nPrix : 149 \u20ac pour 4 personnes<\/p>\n<p>*sauf les jours f\u00e9ri\u00e9s &amp; samedi, dimanche*<\/p>\n","protected":false},"excerpt":{"rendered":"<p>HAPPY HOUR POUR 4 &#8211; 149 \u20ac<br \/>\npour Madln &amp; Buam \u00e0 partir de 17 h<\/p>\n<p>SP\u00c9CIAL AFTER WORK<br \/>\nPrix : 149 \u20ac pour 4 personnes<\/p>\n<p>&nbsp;<\/p>\n","protected":false},"featured_media":13781,"template":"","meta":{"ocean_post_layout":"","ocean_both_sidebars_style":"","ocean_both_sidebars_content_width":0,"ocean_both_sidebars_sidebars_width":0,"ocean_sidebar":"","ocean_second_sidebar":"","ocean_disable_margins":"enable","ocean_add_body_class":"","ocean_shortcode_before_top_bar":"","ocean_shortcode_after_top_bar":"","ocean_shortcode_before_header":"","ocean_shortcode_after_header":"","ocean_has_shortcode":"","ocean_shortcode_after_title":"","ocean_shortcode_before_footer_widgets":"","ocean_shortcode_after_footer_widgets":"","ocean_shortcode_before_footer_bottom":"","ocean_shortcode_after_footer_bottom":"","ocean_display_top_bar":"default","ocean_display_header":"default","ocean_header_style":"","ocean_center_header_left_menu":"","ocean_custom_header_template":"","ocean_custom_logo":0,"ocean_custom_retina_logo":0,"ocean_custom_logo_max_width":0,"ocean_custom_logo_tablet_max_width":0,"ocean_custom_logo_mobile_max_width":0,"ocean_custom_logo_max_height":0,"ocean_custom_logo_tablet_max_height":0,"ocean_custom_logo_mobile_max_height":0,"ocean_header_custom_menu":"","ocean_menu_typo_font_family":"","ocean_menu_typo_font_subset":"","ocean_menu_typo_font_size":0,"ocean_menu_typo_font_size_tablet":0,"ocean_menu_typo_font_size_mobile":0,"ocean_menu_typo_font_size_unit":"px","ocean_menu_typo_font_weight":"","ocean_menu_typo_font_weight_tablet":"","ocean_menu_typo_font_weight_mobile":"","ocean_menu_typo_transform":"","ocean_menu_typo_transform_tablet":"","ocean_menu_typo_transform_mobile":"","ocean_menu_typo_line_height":0,"ocean_menu_typo_line_height_tablet":0,"ocean_menu_typo_line_height_mobile":0,"ocean_menu_typo_line_height_unit":"","ocean_menu_typo_spacing":0,"ocean_menu_typo_spacing_tablet":0,"ocean_menu_typo_spacing_mobile":0,"ocean_menu_typo_spacing_unit":"","ocean_menu_link_color":"","ocean_menu_link_color_hover":"","ocean_menu_link_color_active":"","ocean_menu_link_background":"","ocean_menu_link_hover_background":"","ocean_menu_link_active_background":"","ocean_menu_social_links_bg":"","ocean_menu_social_hover_links_bg":"","ocean_menu_social_links_color":"","ocean_menu_social_hover_links_color":"","ocean_disable_title":"default","ocean_disable_heading":"default","ocean_post_title":"","ocean_post_subheading":"","ocean_post_title_style":"","ocean_post_title_background_color":"","ocean_post_title_background":0,"ocean_post_title_bg_image_position":"","ocean_post_title_bg_image_attachment":"","ocean_post_title_bg_image_repeat":"","ocean_post_title_bg_image_size":"","ocean_post_title_height":0,"ocean_post_title_bg_overlay":0.5,"ocean_post_title_bg_overlay_color":"","ocean_disable_breadcrumbs":"default","ocean_breadcrumbs_color":"","ocean_breadcrumbs_separator_color":"","ocean_breadcrumbs_links_color":"","ocean_breadcrumbs_links_hover_color":"","ocean_display_footer_widgets":"default","ocean_display_footer_bottom":"default","ocean_custom_footer_template":"","osh_disable_topbar_sticky":"default","osh_disable_header_sticky":"default","osh_sticky_header_style":"default","osh_sticky_header_effect":"","osh_custom_sticky_logo":0,"osh_custom_retina_sticky_logo":0,"osh_custom_sticky_logo_height":0,"osh_background_color":"","osh_links_color":"","osh_links_hover_color":"","osh_links_active_color":"","osh_links_bg_color":"","osh_links_hover_bg_color":"","osh_links_active_bg_color":"","osh_menu_social_links_color":"","osh_menu_social_hover_links_color":""},"product_brand":[],"product_cat":[517],"product_tag":[],"class_list":{"0":"post-26063","1":"product","2":"type-product","3":"status-publish","4":"has-post-thumbnail","6":"product_cat-evenement","7":"product_shipping_class-uniquement-a-lalm","9":"entry","10":"has-media","11":"wcpa_has_options","13":"first","14":"instock","15":"taxable","16":"shipping-taxable","17":"purchasable","18":"product-type-simple","19":"has-product-nav","20":"col","21":"span_1_of_3","22":"owp-content-center","23":"owp-thumbs-layout-horizontal","24":"owp-btn-normal","25":"owp-tabs-layout-horizontal"},"group_of_quantity":0,"min_quantity":0,"max_quantity":"","exclude_order_quantity_value_rules":"no","exclude_category_quantity_rules":"no","combine_variations":"no","yoast_head":"<!-- This site is optimized with the Yoast SEO plugin v27.2 - https:\/\/yoast.com\/product\/yoast-seo-wordpress\/ -->\n<title>AFTER WORK \ud83d\udc69\ud83c\udffb\u200d\ud83e\udd1d\u200d\ud83e\uddd1\ud83c\udffc XXL Restaurant Leopoldauer Alm<\/title>\n<meta name=\"robots\" content=\"index, follow, max-snippet:-1, max-image-preview:large, max-video-preview:-1\" \/>\n<link rel=\"canonical\" href=\"https:\/\/www.leopoldaueralm.at\/fr\/shop\/after-work-%f0%9f%91%a9%f0%9f%8f%bb%f0%9f%a4%9d%f0%9f%a7%91%f0%9f%8f%bc\/\" \/>\n<meta property=\"og:locale\" content=\"fr_FR\" \/>\n<meta property=\"og:type\" content=\"article\" \/>\n<meta property=\"og:title\" content=\"AFTER WORK \ud83d\udc69\ud83c\udffb\u200d\ud83e\udd1d\u200d\ud83e\uddd1\ud83c\udffc XXL Restaurant Leopoldauer Alm\" \/>\n<meta property=\"og:description\" content=\"HAPPY HOUR POUR 4 - 149 \u20ac pour Madln &amp; Buam \u00e0 partir de 17 h SP\u00c9CIAL AFTER WORK Prix : 149 \u20ac pour 4 personnes &nbsp;\" \/>\n<meta property=\"og:url\" content=\"https:\/\/www.leopoldaueralm.at\/fr\/shop\/after-work-%f0%9f%91%a9%f0%9f%8f%bb%f0%9f%a4%9d%f0%9f%a7%91%f0%9f%8f%bc\/\" \/>\n<meta property=\"og:site_name\" content=\"XXL Restaurant Leopoldauer Alm\" \/>\n<meta property=\"article:publisher\" content=\"https:\/\/www.facebook.com\/LeopoldauerAlm\" \/>\n<meta property=\"og:image\" content=\"https:\/\/www.leopoldaueralm.at\/wp-content\/uploads\/2024\/05\/freunde-1.jpg\" \/>\n\t<meta property=\"og:image:width\" content=\"1200\" \/>\n\t<meta property=\"og:image:height\" content=\"800\" \/>\n\t<meta property=\"og:image:type\" content=\"image\/jpeg\" \/>\n<meta name=\"twitter:card\" content=\"summary_large_image\" \/>\n<meta name=\"twitter:label1\" content=\"Dur\u00e9e de lecture estim\u00e9e\" \/>\n\t<meta name=\"twitter:data1\" content=\"1 minute\" \/>\n<script type=\"application\/ld+json\" class=\"yoast-schema-graph\">{\"@context\":\"https:\/\/schema.org\",\"@graph\":[{\"@type\":\"WebPage\",\"@id\":\"https:\/\/www.leopoldaueralm.at\/fr\/shop\/after-work-%f0%9f%91%a9%f0%9f%8f%bb%f0%9f%a4%9d%f0%9f%a7%91%f0%9f%8f%bc\/\",\"url\":\"https:\/\/www.leopoldaueralm.at\/fr\/shop\/after-work-%f0%9f%91%a9%f0%9f%8f%bb%f0%9f%a4%9d%f0%9f%a7%91%f0%9f%8f%bc\/\",\"name\":\"AFTER WORK \ud83d\udc69\ud83c\udffb\u200d\ud83e\udd1d\u200d\ud83e\uddd1\ud83c\udffc XXL Restaurant Leopoldauer Alm\",\"isPartOf\":{\"@id\":\"https:\/\/www.leopoldaueralm.at\/fr\/#website\"},\"primaryImageOfPage\":{\"@id\":\"https:\/\/www.leopoldaueralm.at\/fr\/shop\/after-work-%f0%9f%91%a9%f0%9f%8f%bb%f0%9f%a4%9d%f0%9f%a7%91%f0%9f%8f%bc\/#primaryimage\"},\"image\":{\"@id\":\"https:\/\/www.leopoldaueralm.at\/fr\/shop\/after-work-%f0%9f%91%a9%f0%9f%8f%bb%f0%9f%a4%9d%f0%9f%a7%91%f0%9f%8f%bc\/#primaryimage\"},\"thumbnailUrl\":\"https:\/\/www.leopoldaueralm.at\/wp-content\/uploads\/2024\/05\/freunde-1.jpg\",\"datePublished\":\"2024-05-03T09:03:45+00:00\",\"breadcrumb\":{\"@id\":\"https:\/\/www.leopoldaueralm.at\/fr\/shop\/after-work-%f0%9f%91%a9%f0%9f%8f%bb%f0%9f%a4%9d%f0%9f%a7%91%f0%9f%8f%bc\/#breadcrumb\"},\"inLanguage\":\"fr-FR\",\"potentialAction\":[{\"@type\":\"ReadAction\",\"target\":[\"https:\/\/www.leopoldaueralm.at\/fr\/shop\/after-work-%f0%9f%91%a9%f0%9f%8f%bb%f0%9f%a4%9d%f0%9f%a7%91%f0%9f%8f%bc\/\"]}]},{\"@type\":\"ImageObject\",\"inLanguage\":\"fr-FR\",\"@id\":\"https:\/\/www.leopoldaueralm.at\/fr\/shop\/after-work-%f0%9f%91%a9%f0%9f%8f%bb%f0%9f%a4%9d%f0%9f%a7%91%f0%9f%8f%bc\/#primaryimage\",\"url\":\"https:\/\/www.leopoldaueralm.at\/wp-content\/uploads\/2024\/05\/freunde-1.jpg\",\"contentUrl\":\"https:\/\/www.leopoldaueralm.at\/wp-content\/uploads\/2024\/05\/freunde-1.jpg\",\"width\":1200,\"height\":800},{\"@type\":\"BreadcrumbList\",\"@id\":\"https:\/\/www.leopoldaueralm.at\/fr\/shop\/after-work-%f0%9f%91%a9%f0%9f%8f%bb%f0%9f%a4%9d%f0%9f%a7%91%f0%9f%8f%bc\/#breadcrumb\",\"itemListElement\":[{\"@type\":\"ListItem\",\"position\":1,\"name\":\"Startseite\",\"item\":\"https:\/\/www.leopoldaueralm.at\/fr\/page-daccueil\/\"},{\"@type\":\"ListItem\",\"position\":2,\"name\":\"Boutique\",\"item\":\"https:\/\/www.leopoldaueralm.at\/fr\/boutique\/\"},{\"@type\":\"ListItem\",\"position\":3,\"name\":\"\u00c9v\u00e9nement\",\"item\":\"https:\/\/www.leopoldaueralm.at\/fr\/product-category\/evenement\/\"},{\"@type\":\"ListItem\",\"position\":4,\"name\":\"AFTER WORK \ud83d\udc69\ud83c\udffb\u200d\ud83e\udd1d\u200d\ud83e\uddd1\ud83c\udffc\"}]},{\"@type\":\"WebSite\",\"@id\":\"https:\/\/www.leopoldaueralm.at\/fr\/#website\",\"url\":\"https:\/\/www.leopoldaueralm.at\/fr\/\",\"name\":\"XXL Restaurant Leopoldauer Alm\",\"description\":\"Das XXL Restaurant in Wien\",\"publisher\":{\"@id\":\"https:\/\/www.leopoldaueralm.at\/fr\/#organization\"},\"potentialAction\":[{\"@type\":\"SearchAction\",\"target\":{\"@type\":\"EntryPoint\",\"urlTemplate\":\"https:\/\/www.leopoldaueralm.at\/fr\/?s={search_term_string}\"},\"query-input\":{\"@type\":\"PropertyValueSpecification\",\"valueRequired\":true,\"valueName\":\"search_term_string\"}}],\"inLanguage\":\"fr-FR\"},{\"@type\":\"Organization\",\"@id\":\"https:\/\/www.leopoldaueralm.at\/fr\/#organization\",\"name\":\"XXL Restaurant Leopoldauer Alm\",\"url\":\"https:\/\/www.leopoldaueralm.at\/fr\/\",\"logo\":{\"@type\":\"ImageObject\",\"inLanguage\":\"fr-FR\",\"@id\":\"https:\/\/www.leopoldaueralm.at\/fr\/#\/schema\/logo\/image\/\",\"url\":\"https:\/\/www.leopoldaueralm.at\/wp-content\/uploads\/2019\/12\/leo-logo.png\",\"contentUrl\":\"https:\/\/www.leopoldaueralm.at\/wp-content\/uploads\/2019\/12\/leo-logo.png\",\"width\":250,\"height\":250,\"caption\":\"XXL Restaurant Leopoldauer Alm\"},\"image\":{\"@id\":\"https:\/\/www.leopoldaueralm.at\/fr\/#\/schema\/logo\/image\/\"},\"sameAs\":[\"https:\/\/www.facebook.com\/LeopoldauerAlm\"]}]}<\/script>\n<!-- \/ Yoast SEO plugin. -->","yoast_head_json":{"title":"AFTER WORK \ud83d\udc69\ud83c\udffb\u200d\ud83e\udd1d\u200d\ud83e\uddd1\ud83c\udffc XXL Restaurant Leopoldauer Alm","robots":{"index":"index","follow":"follow","max-snippet":"max-snippet:-1","max-image-preview":"max-image-preview:large","max-video-preview":"max-video-preview:-1"},"canonical":"https:\/\/www.leopoldaueralm.at\/fr\/shop\/after-work-%f0%9f%91%a9%f0%9f%8f%bb%f0%9f%a4%9d%f0%9f%a7%91%f0%9f%8f%bc\/","og_locale":"fr_FR","og_type":"article","og_title":"AFTER WORK \ud83d\udc69\ud83c\udffb\u200d\ud83e\udd1d\u200d\ud83e\uddd1\ud83c\udffc XXL Restaurant Leopoldauer Alm","og_description":"HAPPY HOUR POUR 4 - 149 \u20ac pour Madln &amp; Buam \u00e0 partir de 17 h SP\u00c9CIAL AFTER WORK Prix : 149 \u20ac pour 4 personnes &nbsp;","og_url":"https:\/\/www.leopoldaueralm.at\/fr\/shop\/after-work-%f0%9f%91%a9%f0%9f%8f%bb%f0%9f%a4%9d%f0%9f%a7%91%f0%9f%8f%bc\/","og_site_name":"XXL Restaurant Leopoldauer Alm","article_publisher":"https:\/\/www.facebook.com\/LeopoldauerAlm","og_image":[{"width":1200,"height":800,"url":"https:\/\/www.leopoldaueralm.at\/wp-content\/uploads\/2024\/05\/freunde-1.jpg","type":"image\/jpeg"}],"twitter_card":"summary_large_image","twitter_misc":{"Dur\u00e9e de lecture estim\u00e9e":"1 minute"},"schema":{"@context":"https:\/\/schema.org","@graph":[{"@type":"WebPage","@id":"https:\/\/www.leopoldaueralm.at\/fr\/shop\/after-work-%f0%9f%91%a9%f0%9f%8f%bb%f0%9f%a4%9d%f0%9f%a7%91%f0%9f%8f%bc\/","url":"https:\/\/www.leopoldaueralm.at\/fr\/shop\/after-work-%f0%9f%91%a9%f0%9f%8f%bb%f0%9f%a4%9d%f0%9f%a7%91%f0%9f%8f%bc\/","name":"AFTER WORK \ud83d\udc69\ud83c\udffb\u200d\ud83e\udd1d\u200d\ud83e\uddd1\ud83c\udffc XXL Restaurant Leopoldauer Alm","isPartOf":{"@id":"https:\/\/www.leopoldaueralm.at\/fr\/#website"},"primaryImageOfPage":{"@id":"https:\/\/www.leopoldaueralm.at\/fr\/shop\/after-work-%f0%9f%91%a9%f0%9f%8f%bb%f0%9f%a4%9d%f0%9f%a7%91%f0%9f%8f%bc\/#primaryimage"},"image":{"@id":"https:\/\/www.leopoldaueralm.at\/fr\/shop\/after-work-%f0%9f%91%a9%f0%9f%8f%bb%f0%9f%a4%9d%f0%9f%a7%91%f0%9f%8f%bc\/#primaryimage"},"thumbnailUrl":"https:\/\/www.leopoldaueralm.at\/wp-content\/uploads\/2024\/05\/freunde-1.jpg","datePublished":"2024-05-03T09:03:45+00:00","breadcrumb":{"@id":"https:\/\/www.leopoldaueralm.at\/fr\/shop\/after-work-%f0%9f%91%a9%f0%9f%8f%bb%f0%9f%a4%9d%f0%9f%a7%91%f0%9f%8f%bc\/#breadcrumb"},"inLanguage":"fr-FR","potentialAction":[{"@type":"ReadAction","target":["https:\/\/www.leopoldaueralm.at\/fr\/shop\/after-work-%f0%9f%91%a9%f0%9f%8f%bb%f0%9f%a4%9d%f0%9f%a7%91%f0%9f%8f%bc\/"]}]},{"@type":"ImageObject","inLanguage":"fr-FR","@id":"https:\/\/www.leopoldaueralm.at\/fr\/shop\/after-work-%f0%9f%91%a9%f0%9f%8f%bb%f0%9f%a4%9d%f0%9f%a7%91%f0%9f%8f%bc\/#primaryimage","url":"https:\/\/www.leopoldaueralm.at\/wp-content\/uploads\/2024\/05\/freunde-1.jpg","contentUrl":"https:\/\/www.leopoldaueralm.at\/wp-content\/uploads\/2024\/05\/freunde-1.jpg","width":1200,"height":800},{"@type":"BreadcrumbList","@id":"https:\/\/www.leopoldaueralm.at\/fr\/shop\/after-work-%f0%9f%91%a9%f0%9f%8f%bb%f0%9f%a4%9d%f0%9f%a7%91%f0%9f%8f%bc\/#breadcrumb","itemListElement":[{"@type":"ListItem","position":1,"name":"Startseite","item":"https:\/\/www.leopoldaueralm.at\/fr\/page-daccueil\/"},{"@type":"ListItem","position":2,"name":"Boutique","item":"https:\/\/www.leopoldaueralm.at\/fr\/boutique\/"},{"@type":"ListItem","position":3,"name":"\u00c9v\u00e9nement","item":"https:\/\/www.leopoldaueralm.at\/fr\/product-category\/evenement\/"},{"@type":"ListItem","position":4,"name":"AFTER WORK \ud83d\udc69\ud83c\udffb\u200d\ud83e\udd1d\u200d\ud83e\uddd1\ud83c\udffc"}]},{"@type":"WebSite","@id":"https:\/\/www.leopoldaueralm.at\/fr\/#website","url":"https:\/\/www.leopoldaueralm.at\/fr\/","name":"XXL Restaurant Leopoldauer Alm","description":"Das XXL Restaurant in Wien","publisher":{"@id":"https:\/\/www.leopoldaueralm.at\/fr\/#organization"},"potentialAction":[{"@type":"SearchAction","target":{"@type":"EntryPoint","urlTemplate":"https:\/\/www.leopoldaueralm.at\/fr\/?s={search_term_string}"},"query-input":{"@type":"PropertyValueSpecification","valueRequired":true,"valueName":"search_term_string"}}],"inLanguage":"fr-FR"},{"@type":"Organization","@id":"https:\/\/www.leopoldaueralm.at\/fr\/#organization","name":"XXL Restaurant Leopoldauer Alm","url":"https:\/\/www.leopoldaueralm.at\/fr\/","logo":{"@type":"ImageObject","inLanguage":"fr-FR","@id":"https:\/\/www.leopoldaueralm.at\/fr\/#\/schema\/logo\/image\/","url":"https:\/\/www.leopoldaueralm.at\/wp-content\/uploads\/2019\/12\/leo-logo.png","contentUrl":"https:\/\/www.leopoldaueralm.at\/wp-content\/uploads\/2019\/12\/leo-logo.png","width":250,"height":250,"caption":"XXL Restaurant Leopoldauer Alm"},"image":{"@id":"https:\/\/www.leopoldaueralm.at\/fr\/#\/schema\/logo\/image\/"},"sameAs":["https:\/\/www.facebook.com\/LeopoldauerAlm"]}]}},"wcpa_form_fields":null,"_links":{"self":[{"href":"https:\/\/www.leopoldaueralm.at\/fr\/wp-json\/wp\/v2\/product\/26063","targetHints":{"allow":["GET"]}}],"collection":[{"href":"https:\/\/www.leopoldaueralm.at\/fr\/wp-json\/wp\/v2\/product"}],"about":[{"href":"https:\/\/www.leopoldaueralm.at\/fr\/wp-json\/wp\/v2\/types\/product"}],"wp:featuredmedia":[{"embeddable":true,"href":"https:\/\/www.leopoldaueralm.at\/fr\/wp-json\/wp\/v2\/media\/13781"}],"wp:attachment":[{"href":"https:\/\/www.leopoldaueralm.at\/fr\/wp-json\/wp\/v2\/media?parent=26063"}],"wp:term":[{"taxonomy":"product_brand","embeddable":true,"href":"https:\/\/www.leopoldaueralm.at\/fr\/wp-json\/wp\/v2\/product_brand?post=26063"},{"taxonomy":"product_cat","embeddable":true,"href":"https:\/\/www.leopoldaueralm.at\/fr\/wp-json\/wp\/v2\/product_cat?post=26063"},{"taxonomy":"product_tag","embeddable":true,"href":"https:\/\/www.leopoldaueralm.at\/fr\/wp-json\/wp\/v2\/product_tag?post=26063"}],"curies":[{"name":"wp","href":"https:\/\/api.w.org\/{rel}","templated":true}]}}