{"id":26109,"date":"2023-12-29T08:39:33","date_gmt":"2023-12-29T07:39:33","guid":{"rendered":"https:\/\/www.leopoldaueralm.at\/shop\/forfait-je-taime-almhuettenzauber\/"},"modified":"2026-01-23T12:56:36","modified_gmt":"2026-01-23T11:56:36","slug":"forfait-je-taime-almhuettenzauber","status":"publish","type":"product","link":"https:\/\/www.leopoldaueralm.at\/fr\/shop\/forfait-je-taime-almhuettenzauber\/","title":{"rendered":"Forfait \u00ab Je t&rsquo;aime \u00bb Almh\u00fcttenzauber"},"content":{"rendered":"<p style=\"font-weight: 400;\"><strong><u>Entr\u00e9es :<\/u><\/strong><\/p>\n<p style=\"font-weight: 400;\">Soupe \u00e0 la cr\u00e8me d&rsquo;ail<br \/>\nSoupe aux quenelles<br \/>\nPetit tartare de b\u0153uf avec pain grill\u00e9 et \u0153uf de caille au plat<\/p>\n<p><strong><u>Plats principaux :<\/u><\/strong><\/p>\n<p style=\"font-weight: 400;\">V\u00e9ritable escalope viennoise de veau avec accompagnement au choix<br \/>\nCordon bleu de porc avec accompagnement au choix<br \/>\nEscalope de poulet avec accompagnement au choix<br \/>\nRosbif \u00e0 l&rsquo;oignon avec pommes de terre saut\u00e9es et oignons frits<br \/>\nV\u00e9ritable goulasch Alm de b\u0153uf Highland avec quenelles<br \/>\nDirndl Burger avec pain fait maison et 200g de b\u0153uf Angus, cheddar, frites au bacon, rondelles d&rsquo;oignon<br \/>\nPetites spare ribs avec wedges, sauces et oignon<br \/>\nPlie cuite au four avec salade de pommes de terre<br \/>\nSalade de poulet frit, filets de poitrine de poulet frais en panure croustillante aux graines de courge sur salade de pommes de terre avec marinade \u00e0 l&rsquo;huile de p\u00e9pins de courge et aux oignons<br \/>\nK\u00e4sesp\u00e4tzle avec salade verte, au choix \u00e9galement avec du lard  <\/p>\n<p><strong><u>Desserts :<\/u><\/strong><\/p>\n<p style=\"font-weight: 400;\">Cr\u00eape au chocolat<br \/>\nBoule de glace aux abricots avec cr\u00e8me<br \/>\nou<\/p>\n<p style=\"font-weight: 400;\">\u00ab G\u00e2teau au chocolat Je t&rsquo;aime \u00bb pour 2 avec glace \u00e0 la vanille et cr\u00e8me<br \/>\nou<\/p>\n<p style=\"font-weight: 400;\">Kaiserschmarren pour 2 servi dans une po\u00eale avec compote de pommes et rago\u00fbt de prunes<\/p>\n<p><strong>Et pour la maison, nous vous offrons \u00e9galement une bouteille de vin mousseux <\/strong><\/p>\n<p style=\"font-weight: 400;\"><strong>pour terminer la soir\u00e9e romantique en beaut\u00e9<\/strong><strong>?\u2764<\/strong><strong>\ufe0f<\/strong><strong>?<\/strong><strong>\ufe0f<\/strong><\/p>\n","protected":false},"excerpt":{"rendered":"<p>pour 2 personnes<\/p>\n<p style=\"font-weight: 400;\">2026 sera notre ann\u00e9e, chers clients&nbsp;!<\/p>\n<p style=\"font-weight: 400;\">\u00c0 partir de janvier, notre d\u00eener \u00ab Je t&rsquo;aime \u00bb pour 2 et pour chaque occasion \u2764\ufe0f<\/p>\n<p><strong>Du lundi au vendredi de 11h00 \u00e0 20h30<\/strong> (sauf jours f\u00e9ri\u00e9s)<\/p>\n<p>\u00ab Je t&rsquo;aime \u00bb, notre nouvelle magie de chalet d&rsquo;alpage, le forfait id\u00e9al pour les amoureux jeunes et moins jeunes, id\u00e9al pour un anniversaire de mariage, un anniversaire ou toute autre occasion \u00e0 deux !<\/p>\n<p>Ce qui vous attend, c&rsquo;est une magnifique table dress\u00e9e de fa\u00e7on festive avec des bougies !<\/p>\n<p>Toutes les boissons comme le vin, la bi\u00e8re, les boissons non alcoolis\u00e9es, le caf\u00e9, le Hugo, l&rsquo;Aperol, etc. y compris la r\u00e9ception au Frizzante pour vous ! Et un menu \u00e0 3 plats de votre choix !  <\/p>\n<p style=\"font-weight: 400;\"><strong>Magie des chalets d&rsquo;alpage, 69,00&nbsp;\u20ac par personne<\/strong><\/p>\n<div class=\"_3d-flip-book  fb3d-fullscreen-mode full-size\" data-id=\"29055\" data-mode=\"fullscreen\" data-title=\"false\" data-template=\"short-white-book-view\" data-lightbox=\"dark-shadow\" data-urlparam=\"fb3d-page\" data-page-n=\"0\" data-pdf=\"\" data-tax=\"null\" data-thumbnail=\"\" data-cols=\"3\" data-book-template=\"default\" data-trigger=\"\"><\/div><script type=\"text\/javascript\">window.FB3D_CLIENT_DATA = window.FB3D_CLIENT_DATA || [];FB3D_CLIENT_DATA.push('eyJwb3N0cyI6eyIyOTA1NSI6eyJJRCI6MjkwNTUsInRpdGxlIjoiSGFiIGRpY2ggbGllYiBQYWtldCIsInR5cGUiOiJwZGYiLCJyZWFkeV9mdW5jdGlvbiI6IiIsImJvb2tfc3R5bGUiOiJmbGF0IiwiYm9va190ZW1wbGF0ZSI6Im5vbmUiLCJvdXRsaW5lIjpbXSwiZGF0YSI6eyJwb3N0X0lEIjoiLTEiLCJndWlkIjoiaHR0cHM6XC9cL3d3dy5sZW9wb2xkYXVlcmFsbS5hdFwvd3AtY29udGVudFwvdXBsb2Fkc1wvMjAyNlwvMDFcL2hhYl9kaWNoX2xpZWJfbWVudV9KYW5fMjAyNl9XZWIucGRmIiwicGRmX3BhZ2VzIjoiMiIsInBhZ2VzX2N1c3RvbWl6YXRpb24iOiJub25lIn0sInRodW1ibmFpbCI6eyJkYXRhIjp7InBvc3RfSUQiOiIwIn0sInR5cGUiOiJhdXRvIn0sInByb3BzIjp7ImJhY2tncm91bmRDb2xvciI6ImF1dG8iLCJiYWNrZ3JvdW5kSW1hZ2UiOiJhdXRvIiwiYmFja2dyb3VuZFN0eWxlIjoiYXV0byIsImhpZ2hsaWdodExpbmtzIjoiYXV0byIsImxpZ2h0aW5nIjoiYXV0byIsInNpbmdsZVBhZ2VNb2RlIjoiYXV0byIsImNhY2hlZFBhZ2VzIjoiYXV0byIsInJlbmRlckluYWN0aXZlUGFnZXMiOiJhdXRvIiwicmVuZGVySW5hY3RpdmVQYWdlc09uTW9iaWxlIjoiYXV0byIsInJlbmRlcldoaWxlRmxpcHBpbmciOiJhdXRvIiwicHJlbG9hZFBhZ2VzIjoiYXV0byIsImF1dG9QbGF5RHVyYXRpb24iOiJhdXRvIiwicnRsIjoiYXV0byIsImludGVyYWN0aXZlQ29ybmVycyI6ImF1dG8iLCJtYXhEZXB0aCI6ImF1dG8iLCJzaGVldCI6eyJzdGFydFZlbG9jaXR5IjoiYXV0byIsIndhdmUiOiJhdXRvIiwic2hhcGUiOiJhdXRvIiwid2lkdGhUZXhlbHMiOiJhdXRvIiwiY29sb3IiOiJhdXRvIiwic2lkZSI6ImF1dG8iLCJzdHJldGNoSW1hZ2VzIjoiYXV0byIsImNvcm5lckRldmlhdGlvbiI6ImF1dG8iLCJmbGV4aWJpbGl0eSI6ImF1dG8iLCJmbGV4aWJsZUNvcm5lciI6ImF1dG8iLCJiZW5kaW5nIjoiYXV0byIsImhlaWdodFRleGVscyI6ImF1dG8ifSwiY292ZXIiOnsid2F2ZSI6ImF1dG8iLCJjb2xvciI6ImF1dG8iLCJzaWRlIjoiYXV0byIsInN0cmV0Y2hJbWFnZXMiOiJhdXRvIiwiYmluZGVyVGV4dHVyZSI6ImF1dG8iLCJkZXB0aCI6ImF1dG8iLCJwYWRkaW5nIjoiYXV0byIsInN0YXJ0VmVsb2NpdHkiOiJhdXRvIiwiZmxleGliaWxpdHkiOiJhdXRvIiwiZmxleGlibGVDb3JuZXIiOiJhdXRvIiwiYmVuZGluZyI6ImF1dG8iLCJ3aWR0aFRleGVscyI6ImF1dG8iLCJoZWlnaHRUZXhlbHMiOiJhdXRvIiwibWFzcyI6ImF1dG8iLCJzaGFwZSI6ImF1dG8ifSwicGFnZSI6eyJ3YXZlIjoiYXV0byIsImNvbG9yIjoiYXV0byIsInNpZGUiOiJhdXRvIiwic3RyZXRjaEltYWdlcyI6ImF1dG8iLCJkZXB0aCI6ImF1dG8iLCJzdGFydFZlbG9jaXR5IjoiYXV0byIsImZsZXhpYmlsaXR5IjoiYXV0byIsImZsZXhpYmxlQ29ybmVyIjoiYXV0byIsImJlbmRpbmciOiJhdXRvIiwid2lkdGhUZXhlbHMiOiJhdXRvIiwiaGVpZ2h0VGV4ZWxzIjoiYXV0byIsIm1hc3MiOiJhdXRvIiwic2hhcGUiOiJhdXRvIn0sImhlaWdodCI6ImF1dG8iLCJ3aWR0aCI6ImF1dG8iLCJncmF2aXR5IjoiYXV0byIsInBhZ2VzRm9yUHJlZGljdGluZyI6ImF1dG8ifSwiY29udHJvbFByb3BzIjp7ImFjdGlvbnMiOnsiY21kVG9jIjp7ImVuYWJsZWQiOiJhdXRvIiwiZW5hYmxlZEluTmFycm93IjoiYXV0byIsImFjdGl2ZSI6ImF1dG8iLCJkZWZhdWx0VGFiIjoiYXV0byJ9LCJjbWRBdXRvUGxheSI6eyJlbmFibGVkIjoiYXV0byIsImVuYWJsZWRJbk5hcnJvdyI6ImF1dG8iLCJhY3RpdmUiOiJhdXRvIn0sImNtZFNhdmUiOnsiZW5hYmxlZCI6ImF1dG8iLCJlbmFibGVkSW5OYXJyb3ciOiJhdXRvIn0sImNtZFByaW50Ijp7ImVuYWJsZWQiOiJhdXRvIiwiZW5hYmxlZEluTmFycm93IjoiYXV0byJ9LCJjbWRTaW5nbGVQYWdlIjp7ImVuYWJsZWQiOiJhdXRvIiwiZW5hYmxlZEluTmFycm93IjoiYXV0byIsImFjdGl2ZSI6ImF1dG8iLCJhY3RpdmVGb3JNb2JpbGUiOiJhdXRvIn0sIndpZFRvb2xiYXIiOnsiZW5hYmxlZCI6ImF1dG8iLCJlbmFibGVkSW5OYXJyb3ciOiJhdXRvIn19fSwiYXV0b1RodW1ibmFpbCI6Imh0dHBzOlwvXC93d3cubGVvcG9sZGF1ZXJhbG0uYXRcL3dwLWNvbnRlbnRcL3VwbG9hZHNcLzNkLWZsaXAtYm9va1wvYXV0by10aHVtYm5haWxzXC8yOTA1NS5wbmciLCJwb3N0X25hbWUiOiJoYWItZGljaC1saWViLXBha2V0IiwicG9zdF90eXBlIjoiM2QtZmxpcC1ib29rIn19LCJwYWdlcyI6W10sImZpcnN0UGFnZXMiOltdfQ==');window.FB3D_CLIENT_LOCALE && FB3D_CLIENT_LOCALE.render && FB3D_CLIENT_LOCALE.render();<\/script>\n","protected":false},"featured_media":26115,"template":"","meta":{"ocean_post_layout":"","ocean_both_sidebars_style":"","ocean_both_sidebars_content_width":0,"ocean_both_sidebars_sidebars_width":0,"ocean_sidebar":"0","ocean_second_sidebar":"0","ocean_disable_margins":"enable","ocean_add_body_class":"","ocean_shortcode_before_top_bar":"","ocean_shortcode_after_top_bar":"","ocean_shortcode_before_header":"","ocean_shortcode_after_header":"","ocean_has_shortcode":"","ocean_shortcode_after_title":"","ocean_shortcode_before_footer_widgets":"","ocean_shortcode_after_footer_widgets":"","ocean_shortcode_before_footer_bottom":"","ocean_shortcode_after_footer_bottom":"","ocean_display_top_bar":"default","ocean_display_header":"default","ocean_header_style":"","ocean_center_header_left_menu":"0","ocean_custom_header_template":"0","ocean_custom_logo":0,"ocean_custom_retina_logo":0,"ocean_custom_logo_max_width":0,"ocean_custom_logo_tablet_max_width":0,"ocean_custom_logo_mobile_max_width":0,"ocean_custom_logo_max_height":0,"ocean_custom_logo_tablet_max_height":0,"ocean_custom_logo_mobile_max_height":0,"ocean_header_custom_menu":"0","ocean_menu_typo_font_family":"0","ocean_menu_typo_font_subset":"","ocean_menu_typo_font_size":0,"ocean_menu_typo_font_size_tablet":0,"ocean_menu_typo_font_size_mobile":0,"ocean_menu_typo_font_size_unit":"px","ocean_menu_typo_font_weight":"","ocean_menu_typo_font_weight_tablet":"","ocean_menu_typo_font_weight_mobile":"","ocean_menu_typo_transform":"","ocean_menu_typo_transform_tablet":"","ocean_menu_typo_transform_mobile":"","ocean_menu_typo_line_height":0,"ocean_menu_typo_line_height_tablet":0,"ocean_menu_typo_line_height_mobile":0,"ocean_menu_typo_line_height_unit":"","ocean_menu_typo_spacing":0,"ocean_menu_typo_spacing_tablet":0,"ocean_menu_typo_spacing_mobile":0,"ocean_menu_typo_spacing_unit":"","ocean_menu_link_color":"","ocean_menu_link_color_hover":"","ocean_menu_link_color_active":"","ocean_menu_link_background":"","ocean_menu_link_hover_background":"","ocean_menu_link_active_background":"","ocean_menu_social_links_bg":"","ocean_menu_social_hover_links_bg":"","ocean_menu_social_links_color":"","ocean_menu_social_hover_links_color":"","ocean_disable_title":"default","ocean_disable_heading":"default","ocean_post_title":"","ocean_post_subheading":"","ocean_post_title_style":"","ocean_post_title_background_color":"","ocean_post_title_background":0,"ocean_post_title_bg_image_position":"","ocean_post_title_bg_image_attachment":"","ocean_post_title_bg_image_repeat":"","ocean_post_title_bg_image_size":"","ocean_post_title_height":0,"ocean_post_title_bg_overlay":0.5,"ocean_post_title_bg_overlay_color":"","ocean_disable_breadcrumbs":"default","ocean_breadcrumbs_color":"","ocean_breadcrumbs_separator_color":"","ocean_breadcrumbs_links_color":"","ocean_breadcrumbs_links_hover_color":"","ocean_display_footer_widgets":"default","ocean_display_footer_bottom":"default","ocean_custom_footer_template":"0","osh_disable_topbar_sticky":"default","osh_disable_header_sticky":"default","osh_sticky_header_style":"default","osh_sticky_header_effect":"","osh_custom_sticky_logo":0,"osh_custom_retina_sticky_logo":0,"osh_custom_sticky_logo_height":0,"osh_background_color":"","osh_links_color":"","osh_links_hover_color":"","osh_links_active_color":"","osh_links_bg_color":"","osh_links_hover_bg_color":"","osh_links_active_bg_color":"","osh_menu_social_links_color":"","osh_menu_social_hover_links_color":""},"product_brand":[],"product_cat":[517],"product_tag":[617,618,619,620],"class_list":{"0":"post-26109","1":"product","2":"type-product","3":"status-publish","4":"has-post-thumbnail","6":"product_cat-evenement","7":"product_tag-je-taime","8":"product_tag-almhuetten-zauber","9":"product_tag-romantique","10":"product_tag-amour","11":"product_shipping_class-uniquement-a-lalm","13":"entry","14":"has-media","15":"wcpa_has_options","17":"first","18":"instock","19":"taxable","20":"shipping-taxable","21":"purchasable","22":"product-type-simple","23":"has-product-nav","24":"col","25":"span_1_of_3","26":"owp-content-center","27":"owp-thumbs-layout-horizontal","28":"owp-btn-normal","29":"owp-tabs-layout-horizontal"},"group_of_quantity":0,"min_quantity":0,"max_quantity":"","exclude_order_quantity_value_rules":"no","exclude_category_quantity_rules":"no","combine_variations":"no","yoast_head":"<!-- This site is optimized with the Yoast SEO plugin v27.2 - https:\/\/yoast.com\/product\/yoast-seo-wordpress\/ -->\n<title>Forfait \u00ab Je t&#039;aime \u00bb Almh\u00fcttenzauber XXL Restaurant Leopoldauer Alm<\/title>\n<meta name=\"robots\" content=\"index, follow, max-snippet:-1, max-image-preview:large, max-video-preview:-1\" \/>\n<link rel=\"canonical\" href=\"https:\/\/www.leopoldaueralm.at\/fr\/shop\/forfait-je-taime-almhuettenzauber\/\" \/>\n<meta property=\"og:locale\" content=\"fr_FR\" \/>\n<meta property=\"og:type\" content=\"article\" \/>\n<meta property=\"og:title\" content=\"Forfait \u00ab Je t&#039;aime \u00bb Almh\u00fcttenzauber XXL Restaurant Leopoldauer Alm\" \/>\n<meta property=\"og:description\" content=\"pour 2 personnes 2026 sera notre ann\u00e9e, chers clients&nbsp;! \u00c0 partir de janvier, notre d\u00eener \u00ab Je t&#039;aime \u00bb pour 2 et pour chaque occasion \u2764\ufe0f Du lundi au vendredi de 11h00 \u00e0 20h30 (sauf jours f\u00e9ri\u00e9s) \u00ab Je t&#039;aime \u00bb, notre nouvelle magie de chalet d&#039;alpage, le forfait id\u00e9al pour les amoureux jeunes et moins jeunes, id\u00e9al pour un anniversaire de mariage, un anniversaire ou toute autre occasion \u00e0 deux ! Ce qui vous attend, c&#039;est une magnifique table dress\u00e9e de fa\u00e7on festive avec des bougies ! Toutes les boissons comme le vin, la bi\u00e8re, les boissons non alcoolis\u00e9es, le caf\u00e9, le Hugo, l&#039;Aperol, etc. y compris la r\u00e9ception au Frizzante pour vous ! Et un menu \u00e0 3 plats de votre choix !  Magie des chalets d&#039;alpage, 69,00&nbsp;\u20ac par personne\" \/>\n<meta property=\"og:url\" content=\"https:\/\/www.leopoldaueralm.at\/fr\/shop\/forfait-je-taime-almhuettenzauber\/\" \/>\n<meta property=\"og:site_name\" content=\"XXL Restaurant Leopoldauer Alm\" \/>\n<meta property=\"article:publisher\" content=\"https:\/\/www.facebook.com\/LeopoldauerAlm\" \/>\n<meta property=\"article:modified_time\" content=\"2026-01-23T11:56:36+00:00\" \/>\n<meta property=\"og:image\" content=\"https:\/\/www.leopoldaueralm.at\/wp-content\/uploads\/2024\/01\/hab_dich_lieb_menu_Jan_2025.jpg\" \/>\n\t<meta property=\"og:image:width\" content=\"1200\" \/>\n\t<meta property=\"og:image:height\" content=\"848\" \/>\n\t<meta property=\"og:image:type\" content=\"image\/jpeg\" \/>\n<meta name=\"twitter:card\" content=\"summary_large_image\" \/>\n<meta name=\"twitter:label1\" content=\"Dur\u00e9e de lecture estim\u00e9e\" \/>\n\t<meta name=\"twitter:data1\" content=\"1 minute\" \/>\n<script type=\"application\/ld+json\" class=\"yoast-schema-graph\">{\"@context\":\"https:\/\/schema.org\",\"@graph\":[{\"@type\":\"WebPage\",\"@id\":\"https:\/\/www.leopoldaueralm.at\/fr\/shop\/forfait-je-taime-almhuettenzauber\/\",\"url\":\"https:\/\/www.leopoldaueralm.at\/fr\/shop\/forfait-je-taime-almhuettenzauber\/\",\"name\":\"Forfait \u00ab Je t'aime \u00bb Almh\u00fcttenzauber XXL Restaurant Leopoldauer Alm\",\"isPartOf\":{\"@id\":\"https:\/\/www.leopoldaueralm.at\/fr\/#website\"},\"primaryImageOfPage\":{\"@id\":\"https:\/\/www.leopoldaueralm.at\/fr\/shop\/forfait-je-taime-almhuettenzauber\/#primaryimage\"},\"image\":{\"@id\":\"https:\/\/www.leopoldaueralm.at\/fr\/shop\/forfait-je-taime-almhuettenzauber\/#primaryimage\"},\"thumbnailUrl\":\"https:\/\/www.leopoldaueralm.at\/wp-content\/uploads\/2024\/01\/hab_dich_lieb_menu_Jan_2025.jpg\",\"datePublished\":\"2023-12-29T07:39:33+00:00\",\"dateModified\":\"2026-01-23T11:56:36+00:00\",\"breadcrumb\":{\"@id\":\"https:\/\/www.leopoldaueralm.at\/fr\/shop\/forfait-je-taime-almhuettenzauber\/#breadcrumb\"},\"inLanguage\":\"fr-FR\",\"potentialAction\":[{\"@type\":\"ReadAction\",\"target\":[\"https:\/\/www.leopoldaueralm.at\/fr\/shop\/forfait-je-taime-almhuettenzauber\/\"]}]},{\"@type\":\"ImageObject\",\"inLanguage\":\"fr-FR\",\"@id\":\"https:\/\/www.leopoldaueralm.at\/fr\/shop\/forfait-je-taime-almhuettenzauber\/#primaryimage\",\"url\":\"https:\/\/www.leopoldaueralm.at\/wp-content\/uploads\/2024\/01\/hab_dich_lieb_menu_Jan_2025.jpg\",\"contentUrl\":\"https:\/\/www.leopoldaueralm.at\/wp-content\/uploads\/2024\/01\/hab_dich_lieb_menu_Jan_2025.jpg\",\"width\":1200,\"height\":848},{\"@type\":\"BreadcrumbList\",\"@id\":\"https:\/\/www.leopoldaueralm.at\/fr\/shop\/forfait-je-taime-almhuettenzauber\/#breadcrumb\",\"itemListElement\":[{\"@type\":\"ListItem\",\"position\":1,\"name\":\"Startseite\",\"item\":\"https:\/\/www.leopoldaueralm.at\/fr\/page-daccueil\/\"},{\"@type\":\"ListItem\",\"position\":2,\"name\":\"Boutique\",\"item\":\"https:\/\/www.leopoldaueralm.at\/fr\/boutique\/\"},{\"@type\":\"ListItem\",\"position\":3,\"name\":\"\u00c9v\u00e9nement\",\"item\":\"https:\/\/www.leopoldaueralm.at\/fr\/product-category\/evenement\/\"},{\"@type\":\"ListItem\",\"position\":4,\"name\":\"Forfait \u00ab Je t&rsquo;aime \u00bb Almh\u00fcttenzauber\"}]},{\"@type\":\"WebSite\",\"@id\":\"https:\/\/www.leopoldaueralm.at\/fr\/#website\",\"url\":\"https:\/\/www.leopoldaueralm.at\/fr\/\",\"name\":\"XXL Restaurant Leopoldauer Alm\",\"description\":\"Das XXL Restaurant in Wien\",\"publisher\":{\"@id\":\"https:\/\/www.leopoldaueralm.at\/fr\/#organization\"},\"potentialAction\":[{\"@type\":\"SearchAction\",\"target\":{\"@type\":\"EntryPoint\",\"urlTemplate\":\"https:\/\/www.leopoldaueralm.at\/fr\/?s={search_term_string}\"},\"query-input\":{\"@type\":\"PropertyValueSpecification\",\"valueRequired\":true,\"valueName\":\"search_term_string\"}}],\"inLanguage\":\"fr-FR\"},{\"@type\":\"Organization\",\"@id\":\"https:\/\/www.leopoldaueralm.at\/fr\/#organization\",\"name\":\"XXL Restaurant Leopoldauer Alm\",\"url\":\"https:\/\/www.leopoldaueralm.at\/fr\/\",\"logo\":{\"@type\":\"ImageObject\",\"inLanguage\":\"fr-FR\",\"@id\":\"https:\/\/www.leopoldaueralm.at\/fr\/#\/schema\/logo\/image\/\",\"url\":\"https:\/\/www.leopoldaueralm.at\/wp-content\/uploads\/2019\/12\/leo-logo.png\",\"contentUrl\":\"https:\/\/www.leopoldaueralm.at\/wp-content\/uploads\/2019\/12\/leo-logo.png\",\"width\":250,\"height\":250,\"caption\":\"XXL Restaurant Leopoldauer Alm\"},\"image\":{\"@id\":\"https:\/\/www.leopoldaueralm.at\/fr\/#\/schema\/logo\/image\/\"},\"sameAs\":[\"https:\/\/www.facebook.com\/LeopoldauerAlm\"]}]}<\/script>\n<!-- \/ Yoast SEO plugin. -->","yoast_head_json":{"title":"Forfait \u00ab Je t'aime \u00bb Almh\u00fcttenzauber XXL Restaurant Leopoldauer Alm","robots":{"index":"index","follow":"follow","max-snippet":"max-snippet:-1","max-image-preview":"max-image-preview:large","max-video-preview":"max-video-preview:-1"},"canonical":"https:\/\/www.leopoldaueralm.at\/fr\/shop\/forfait-je-taime-almhuettenzauber\/","og_locale":"fr_FR","og_type":"article","og_title":"Forfait \u00ab Je t'aime \u00bb Almh\u00fcttenzauber XXL Restaurant Leopoldauer Alm","og_description":"pour 2 personnes 2026 sera notre ann\u00e9e, chers clients&nbsp;! \u00c0 partir de janvier, notre d\u00eener \u00ab Je t'aime \u00bb pour 2 et pour chaque occasion \u2764\ufe0f Du lundi au vendredi de 11h00 \u00e0 20h30 (sauf jours f\u00e9ri\u00e9s) \u00ab Je t'aime \u00bb, notre nouvelle magie de chalet d'alpage, le forfait id\u00e9al pour les amoureux jeunes et moins jeunes, id\u00e9al pour un anniversaire de mariage, un anniversaire ou toute autre occasion \u00e0 deux ! Ce qui vous attend, c'est une magnifique table dress\u00e9e de fa\u00e7on festive avec des bougies ! Toutes les boissons comme le vin, la bi\u00e8re, les boissons non alcoolis\u00e9es, le caf\u00e9, le Hugo, l'Aperol, etc. y compris la r\u00e9ception au Frizzante pour vous ! Et un menu \u00e0 3 plats de votre choix !  Magie des chalets d'alpage, 69,00&nbsp;\u20ac par personne","og_url":"https:\/\/www.leopoldaueralm.at\/fr\/shop\/forfait-je-taime-almhuettenzauber\/","og_site_name":"XXL Restaurant Leopoldauer Alm","article_publisher":"https:\/\/www.facebook.com\/LeopoldauerAlm","article_modified_time":"2026-01-23T11:56:36+00:00","og_image":[{"width":1200,"height":848,"url":"https:\/\/www.leopoldaueralm.at\/wp-content\/uploads\/2024\/01\/hab_dich_lieb_menu_Jan_2025.jpg","type":"image\/jpeg"}],"twitter_card":"summary_large_image","twitter_misc":{"Dur\u00e9e de lecture estim\u00e9e":"1 minute"},"schema":{"@context":"https:\/\/schema.org","@graph":[{"@type":"WebPage","@id":"https:\/\/www.leopoldaueralm.at\/fr\/shop\/forfait-je-taime-almhuettenzauber\/","url":"https:\/\/www.leopoldaueralm.at\/fr\/shop\/forfait-je-taime-almhuettenzauber\/","name":"Forfait \u00ab Je t'aime \u00bb Almh\u00fcttenzauber XXL Restaurant Leopoldauer Alm","isPartOf":{"@id":"https:\/\/www.leopoldaueralm.at\/fr\/#website"},"primaryImageOfPage":{"@id":"https:\/\/www.leopoldaueralm.at\/fr\/shop\/forfait-je-taime-almhuettenzauber\/#primaryimage"},"image":{"@id":"https:\/\/www.leopoldaueralm.at\/fr\/shop\/forfait-je-taime-almhuettenzauber\/#primaryimage"},"thumbnailUrl":"https:\/\/www.leopoldaueralm.at\/wp-content\/uploads\/2024\/01\/hab_dich_lieb_menu_Jan_2025.jpg","datePublished":"2023-12-29T07:39:33+00:00","dateModified":"2026-01-23T11:56:36+00:00","breadcrumb":{"@id":"https:\/\/www.leopoldaueralm.at\/fr\/shop\/forfait-je-taime-almhuettenzauber\/#breadcrumb"},"inLanguage":"fr-FR","potentialAction":[{"@type":"ReadAction","target":["https:\/\/www.leopoldaueralm.at\/fr\/shop\/forfait-je-taime-almhuettenzauber\/"]}]},{"@type":"ImageObject","inLanguage":"fr-FR","@id":"https:\/\/www.leopoldaueralm.at\/fr\/shop\/forfait-je-taime-almhuettenzauber\/#primaryimage","url":"https:\/\/www.leopoldaueralm.at\/wp-content\/uploads\/2024\/01\/hab_dich_lieb_menu_Jan_2025.jpg","contentUrl":"https:\/\/www.leopoldaueralm.at\/wp-content\/uploads\/2024\/01\/hab_dich_lieb_menu_Jan_2025.jpg","width":1200,"height":848},{"@type":"BreadcrumbList","@id":"https:\/\/www.leopoldaueralm.at\/fr\/shop\/forfait-je-taime-almhuettenzauber\/#breadcrumb","itemListElement":[{"@type":"ListItem","position":1,"name":"Startseite","item":"https:\/\/www.leopoldaueralm.at\/fr\/page-daccueil\/"},{"@type":"ListItem","position":2,"name":"Boutique","item":"https:\/\/www.leopoldaueralm.at\/fr\/boutique\/"},{"@type":"ListItem","position":3,"name":"\u00c9v\u00e9nement","item":"https:\/\/www.leopoldaueralm.at\/fr\/product-category\/evenement\/"},{"@type":"ListItem","position":4,"name":"Forfait \u00ab Je t&rsquo;aime \u00bb Almh\u00fcttenzauber"}]},{"@type":"WebSite","@id":"https:\/\/www.leopoldaueralm.at\/fr\/#website","url":"https:\/\/www.leopoldaueralm.at\/fr\/","name":"XXL Restaurant Leopoldauer Alm","description":"Das XXL Restaurant in Wien","publisher":{"@id":"https:\/\/www.leopoldaueralm.at\/fr\/#organization"},"potentialAction":[{"@type":"SearchAction","target":{"@type":"EntryPoint","urlTemplate":"https:\/\/www.leopoldaueralm.at\/fr\/?s={search_term_string}"},"query-input":{"@type":"PropertyValueSpecification","valueRequired":true,"valueName":"search_term_string"}}],"inLanguage":"fr-FR"},{"@type":"Organization","@id":"https:\/\/www.leopoldaueralm.at\/fr\/#organization","name":"XXL Restaurant Leopoldauer Alm","url":"https:\/\/www.leopoldaueralm.at\/fr\/","logo":{"@type":"ImageObject","inLanguage":"fr-FR","@id":"https:\/\/www.leopoldaueralm.at\/fr\/#\/schema\/logo\/image\/","url":"https:\/\/www.leopoldaueralm.at\/wp-content\/uploads\/2019\/12\/leo-logo.png","contentUrl":"https:\/\/www.leopoldaueralm.at\/wp-content\/uploads\/2019\/12\/leo-logo.png","width":250,"height":250,"caption":"XXL Restaurant Leopoldauer Alm"},"image":{"@id":"https:\/\/www.leopoldaueralm.at\/fr\/#\/schema\/logo\/image\/"},"sameAs":["https:\/\/www.facebook.com\/LeopoldauerAlm"]}]}},"wcpa_form_fields":null,"_links":{"self":[{"href":"https:\/\/www.leopoldaueralm.at\/fr\/wp-json\/wp\/v2\/product\/26109","targetHints":{"allow":["GET"]}}],"collection":[{"href":"https:\/\/www.leopoldaueralm.at\/fr\/wp-json\/wp\/v2\/product"}],"about":[{"href":"https:\/\/www.leopoldaueralm.at\/fr\/wp-json\/wp\/v2\/types\/product"}],"wp:featuredmedia":[{"embeddable":true,"href":"https:\/\/www.leopoldaueralm.at\/fr\/wp-json\/wp\/v2\/media\/26115"}],"wp:attachment":[{"href":"https:\/\/www.leopoldaueralm.at\/fr\/wp-json\/wp\/v2\/media?parent=26109"}],"wp:term":[{"taxonomy":"product_brand","embeddable":true,"href":"https:\/\/www.leopoldaueralm.at\/fr\/wp-json\/wp\/v2\/product_brand?post=26109"},{"taxonomy":"product_cat","embeddable":true,"href":"https:\/\/www.leopoldaueralm.at\/fr\/wp-json\/wp\/v2\/product_cat?post=26109"},{"taxonomy":"product_tag","embeddable":true,"href":"https:\/\/www.leopoldaueralm.at\/fr\/wp-json\/wp\/v2\/product_tag?post=26109"}],"curies":[{"name":"wp","href":"https:\/\/api.w.org\/{rel}","templated":true}]}}