{"id":26364,"date":"2024-03-13T08:47:29","date_gmt":"2024-03-13T07:47:29","guid":{"rendered":"https:\/\/www.leopoldaueralm.at\/shop\/travers-de-porc-a-volonte\/"},"modified":"2026-01-27T08:28:49","modified_gmt":"2026-01-27T07:28:49","slug":"travers-de-porc-a-volonte","status":"publish","type":"product","link":"https:\/\/www.leopoldaueralm.at\/fr\/shop\/travers-de-porc-a-volonte\/","title":{"rendered":"Travers de porc \u00ab&nbsp;\u00c0 volont\u00e9&nbsp;\u00bb"},"content":{"rendered":"<p>LE LUNDI, C&rsquo;EST le jour Leopoldauer Alm&nbsp;!<\/p>\n<p>Tous les lundis de janvier \u00e0 partir de 18h00, r\u00e9galez-vous \u00e0 volont\u00e9 avec nos fameuses travers de porc (nous resservons aussi tous les accompagnements \u00e0 volont\u00e9) et pendant 2 heures, toutes les boissons \u00e0 volont\u00e9 (bi\u00e8re maison, bi\u00e8re panach\u00e9e, Zwickl, Radler, HUGO, Aperol, Cola, Almdudler, boissons soda-spritz, vin, Spritzer, caf\u00e9, th\u00e9, etc.)<\/p>\n","protected":false},"excerpt":{"rendered":"<p><strong>de 17h00 \u00e0 21h00<\/strong><\/p>\n<p><strong>Travers de porc \u00ab&nbsp;\u00e0 volont\u00e9&nbsp;\u00bb<\/strong><\/p>\n<p>r\u00e9galez-vous autant que vous le souhaitez, nous vous resservons aussi tous les accompagnements \u00e0 volont\u00e9.<\/p>\n<p><strong>45,00&nbsp;\u20ac<\/strong> <strong>par personne<br \/>\n<\/strong><\/p>\n<p><span style=\"color: #ff0000;\"><strong>Cette commande ne garantit que vos travers de porc \u00ab&nbsp;\u00e0 volont\u00e9&nbsp;\u00bb. Pour les r\u00e9servations de table, veuillez appeler au 01\/25&nbsp;98&nbsp;380 au pr\u00e9alable. En raison de la forte demande, seules les tables \u00e0 partir de 4&nbsp;personnes peuvent \u00eatre r\u00e9serv\u00e9es.<\/strong><\/span><\/p>\n","protected":false},"featured_media":21036,"template":"","meta":{"ocean_post_layout":"","ocean_both_sidebars_style":"","ocean_both_sidebars_content_width":0,"ocean_both_sidebars_sidebars_width":0,"ocean_sidebar":"","ocean_second_sidebar":"","ocean_disable_margins":"enable","ocean_add_body_class":"","ocean_shortcode_before_top_bar":"","ocean_shortcode_after_top_bar":"","ocean_shortcode_before_header":"","ocean_shortcode_after_header":"","ocean_has_shortcode":"","ocean_shortcode_after_title":"","ocean_shortcode_before_footer_widgets":"","ocean_shortcode_after_footer_widgets":"","ocean_shortcode_before_footer_bottom":"","ocean_shortcode_after_footer_bottom":"","ocean_display_top_bar":"default","ocean_display_header":"default","ocean_header_style":"","ocean_center_header_left_menu":"","ocean_custom_header_template":"","ocean_custom_logo":0,"ocean_custom_retina_logo":0,"ocean_custom_logo_max_width":0,"ocean_custom_logo_tablet_max_width":0,"ocean_custom_logo_mobile_max_width":0,"ocean_custom_logo_max_height":0,"ocean_custom_logo_tablet_max_height":0,"ocean_custom_logo_mobile_max_height":0,"ocean_header_custom_menu":"","ocean_menu_typo_font_family":"","ocean_menu_typo_font_subset":"","ocean_menu_typo_font_size":0,"ocean_menu_typo_font_size_tablet":0,"ocean_menu_typo_font_size_mobile":0,"ocean_menu_typo_font_size_unit":"px","ocean_menu_typo_font_weight":"","ocean_menu_typo_font_weight_tablet":"","ocean_menu_typo_font_weight_mobile":"","ocean_menu_typo_transform":"","ocean_menu_typo_transform_tablet":"","ocean_menu_typo_transform_mobile":"","ocean_menu_typo_line_height":0,"ocean_menu_typo_line_height_tablet":0,"ocean_menu_typo_line_height_mobile":0,"ocean_menu_typo_line_height_unit":"","ocean_menu_typo_spacing":0,"ocean_menu_typo_spacing_tablet":0,"ocean_menu_typo_spacing_mobile":0,"ocean_menu_typo_spacing_unit":"","ocean_menu_link_color":"","ocean_menu_link_color_hover":"","ocean_menu_link_color_active":"","ocean_menu_link_background":"","ocean_menu_link_hover_background":"","ocean_menu_link_active_background":"","ocean_menu_social_links_bg":"","ocean_menu_social_hover_links_bg":"","ocean_menu_social_links_color":"","ocean_menu_social_hover_links_color":"","ocean_disable_title":"default","ocean_disable_heading":"default","ocean_post_title":"","ocean_post_subheading":"","ocean_post_title_style":"","ocean_post_title_background_color":"","ocean_post_title_background":0,"ocean_post_title_bg_image_position":"","ocean_post_title_bg_image_attachment":"","ocean_post_title_bg_image_repeat":"","ocean_post_title_bg_image_size":"","ocean_post_title_height":0,"ocean_post_title_bg_overlay":0.5,"ocean_post_title_bg_overlay_color":"","ocean_disable_breadcrumbs":"default","ocean_breadcrumbs_color":"","ocean_breadcrumbs_separator_color":"","ocean_breadcrumbs_links_color":"","ocean_breadcrumbs_links_hover_color":"","ocean_display_footer_widgets":"default","ocean_display_footer_bottom":"default","ocean_custom_footer_template":"","osh_disable_topbar_sticky":"default","osh_disable_header_sticky":"default","osh_sticky_header_style":"default","osh_sticky_header_effect":"","osh_custom_sticky_logo":0,"osh_custom_retina_sticky_logo":0,"osh_custom_sticky_logo_height":0,"osh_background_color":"","osh_links_color":"","osh_links_hover_color":"","osh_links_active_color":"","osh_links_bg_color":"","osh_links_hover_bg_color":"","osh_links_active_bg_color":"","osh_menu_social_links_color":"","osh_menu_social_hover_links_color":""},"product_brand":[],"product_cat":[517],"product_tag":[648,680],"class_list":{"0":"post-26364","1":"product","2":"type-product","3":"status-publish","4":"has-post-thumbnail","6":"product_cat-evenement","7":"product_tag-ribs","8":"product_tag-travers-de-porc","9":"product_shipping_class-uniquement-a-lalm","11":"entry","12":"has-media","13":"wcpa_has_options","15":"first","16":"outofstock","17":"taxable","18":"shipping-taxable","19":"purchasable","20":"product-type-simple","21":"has-product-nav","22":"col","23":"span_1_of_3","24":"owp-content-center","25":"owp-thumbs-layout-horizontal","26":"owp-btn-normal","27":"owp-tabs-layout-horizontal","28":"has-no-thumbnails"},"group_of_quantity":0,"min_quantity":0,"max_quantity":"","exclude_order_quantity_value_rules":"no","exclude_category_quantity_rules":"no","combine_variations":"no","yoast_head":"<!-- This site is optimized with the Yoast SEO plugin v27.2 - https:\/\/yoast.com\/product\/yoast-seo-wordpress\/ -->\n<title>Travers de porc \u00ab&nbsp;\u00c0 volont\u00e9&nbsp;\u00bb XXL Restaurant Leopoldauer Alm<\/title>\n<meta name=\"robots\" content=\"index, follow, max-snippet:-1, max-image-preview:large, max-video-preview:-1\" \/>\n<link rel=\"canonical\" href=\"https:\/\/www.leopoldaueralm.at\/fr\/shop\/travers-de-porc-a-volonte\/\" \/>\n<meta property=\"og:locale\" content=\"fr_FR\" \/>\n<meta property=\"og:type\" content=\"article\" \/>\n<meta property=\"og:title\" content=\"Travers de porc \u00ab&nbsp;\u00c0 volont\u00e9&nbsp;\u00bb XXL Restaurant Leopoldauer Alm\" \/>\n<meta property=\"og:description\" content=\"de 17h00 \u00e0 21h00 Travers de porc \u00ab&nbsp;\u00e0 volont\u00e9&nbsp;\u00bb r\u00e9galez-vous autant que vous le souhaitez, nous vous resservons aussi tous les accompagnements \u00e0 volont\u00e9. 45,00&nbsp;\u20ac par personne  Cette commande ne garantit que vos travers de porc \u00ab&nbsp;\u00e0 volont\u00e9&nbsp;\u00bb. Pour les r\u00e9servations de table, veuillez appeler au 01\/25&nbsp;98&nbsp;380 au pr\u00e9alable. En raison de la forte demande, seules les tables \u00e0 partir de 4&nbsp;personnes peuvent \u00eatre r\u00e9serv\u00e9es.\" \/>\n<meta property=\"og:url\" content=\"https:\/\/www.leopoldaueralm.at\/fr\/shop\/travers-de-porc-a-volonte\/\" \/>\n<meta property=\"og:site_name\" content=\"XXL Restaurant Leopoldauer Alm\" \/>\n<meta property=\"article:publisher\" content=\"https:\/\/www.facebook.com\/LeopoldauerAlm\" \/>\n<meta property=\"article:modified_time\" content=\"2026-01-27T07:28:49+00:00\" \/>\n<meta property=\"og:image\" content=\"https:\/\/www.leopoldaueralm.at\/wp-content\/uploads\/2024\/03\/spare-ribs.jpg\" \/>\n\t<meta property=\"og:image:width\" content=\"1286\" \/>\n\t<meta property=\"og:image:height\" content=\"857\" \/>\n\t<meta property=\"og:image:type\" content=\"image\/jpeg\" \/>\n<meta name=\"twitter:card\" content=\"summary_large_image\" \/>\n<script type=\"application\/ld+json\" class=\"yoast-schema-graph\">{\"@context\":\"https:\/\/schema.org\",\"@graph\":[{\"@type\":\"WebPage\",\"@id\":\"https:\/\/www.leopoldaueralm.at\/fr\/shop\/travers-de-porc-a-volonte\/\",\"url\":\"https:\/\/www.leopoldaueralm.at\/fr\/shop\/travers-de-porc-a-volonte\/\",\"name\":\"Travers de porc \u00ab&nbsp;\u00c0 volont\u00e9&nbsp;\u00bb XXL Restaurant Leopoldauer Alm\",\"isPartOf\":{\"@id\":\"https:\/\/www.leopoldaueralm.at\/fr\/#website\"},\"primaryImageOfPage\":{\"@id\":\"https:\/\/www.leopoldaueralm.at\/fr\/shop\/travers-de-porc-a-volonte\/#primaryimage\"},\"image\":{\"@id\":\"https:\/\/www.leopoldaueralm.at\/fr\/shop\/travers-de-porc-a-volonte\/#primaryimage\"},\"thumbnailUrl\":\"https:\/\/www.leopoldaueralm.at\/wp-content\/uploads\/2024\/03\/spare-ribs.jpg\",\"datePublished\":\"2024-03-13T07:47:29+00:00\",\"dateModified\":\"2026-01-27T07:28:49+00:00\",\"breadcrumb\":{\"@id\":\"https:\/\/www.leopoldaueralm.at\/fr\/shop\/travers-de-porc-a-volonte\/#breadcrumb\"},\"inLanguage\":\"fr-FR\",\"potentialAction\":[{\"@type\":\"ReadAction\",\"target\":[\"https:\/\/www.leopoldaueralm.at\/fr\/shop\/travers-de-porc-a-volonte\/\"]}]},{\"@type\":\"ImageObject\",\"inLanguage\":\"fr-FR\",\"@id\":\"https:\/\/www.leopoldaueralm.at\/fr\/shop\/travers-de-porc-a-volonte\/#primaryimage\",\"url\":\"https:\/\/www.leopoldaueralm.at\/wp-content\/uploads\/2024\/03\/spare-ribs.jpg\",\"contentUrl\":\"https:\/\/www.leopoldaueralm.at\/wp-content\/uploads\/2024\/03\/spare-ribs.jpg\",\"width\":1286,\"height\":857},{\"@type\":\"BreadcrumbList\",\"@id\":\"https:\/\/www.leopoldaueralm.at\/fr\/shop\/travers-de-porc-a-volonte\/#breadcrumb\",\"itemListElement\":[{\"@type\":\"ListItem\",\"position\":1,\"name\":\"Startseite\",\"item\":\"https:\/\/www.leopoldaueralm.at\/fr\/page-daccueil\/\"},{\"@type\":\"ListItem\",\"position\":2,\"name\":\"Boutique\",\"item\":\"https:\/\/www.leopoldaueralm.at\/fr\/boutique\/\"},{\"@type\":\"ListItem\",\"position\":3,\"name\":\"\u00c9v\u00e9nement\",\"item\":\"https:\/\/www.leopoldaueralm.at\/fr\/product-category\/evenement\/\"},{\"@type\":\"ListItem\",\"position\":4,\"name\":\"Travers de porc \u00ab&nbsp;\u00c0 volont\u00e9&nbsp;\u00bb\"}]},{\"@type\":\"WebSite\",\"@id\":\"https:\/\/www.leopoldaueralm.at\/fr\/#website\",\"url\":\"https:\/\/www.leopoldaueralm.at\/fr\/\",\"name\":\"XXL Restaurant Leopoldauer Alm\",\"description\":\"Das XXL Restaurant in Wien\",\"publisher\":{\"@id\":\"https:\/\/www.leopoldaueralm.at\/fr\/#organization\"},\"potentialAction\":[{\"@type\":\"SearchAction\",\"target\":{\"@type\":\"EntryPoint\",\"urlTemplate\":\"https:\/\/www.leopoldaueralm.at\/fr\/?s={search_term_string}\"},\"query-input\":{\"@type\":\"PropertyValueSpecification\",\"valueRequired\":true,\"valueName\":\"search_term_string\"}}],\"inLanguage\":\"fr-FR\"},{\"@type\":\"Organization\",\"@id\":\"https:\/\/www.leopoldaueralm.at\/fr\/#organization\",\"name\":\"XXL Restaurant Leopoldauer Alm\",\"url\":\"https:\/\/www.leopoldaueralm.at\/fr\/\",\"logo\":{\"@type\":\"ImageObject\",\"inLanguage\":\"fr-FR\",\"@id\":\"https:\/\/www.leopoldaueralm.at\/fr\/#\/schema\/logo\/image\/\",\"url\":\"https:\/\/www.leopoldaueralm.at\/wp-content\/uploads\/2019\/12\/leo-logo.png\",\"contentUrl\":\"https:\/\/www.leopoldaueralm.at\/wp-content\/uploads\/2019\/12\/leo-logo.png\",\"width\":250,\"height\":250,\"caption\":\"XXL Restaurant Leopoldauer Alm\"},\"image\":{\"@id\":\"https:\/\/www.leopoldaueralm.at\/fr\/#\/schema\/logo\/image\/\"},\"sameAs\":[\"https:\/\/www.facebook.com\/LeopoldauerAlm\"]}]}<\/script>\n<!-- \/ Yoast SEO plugin. -->","yoast_head_json":{"title":"Travers de porc \u00ab&nbsp;\u00c0 volont\u00e9&nbsp;\u00bb XXL Restaurant Leopoldauer Alm","robots":{"index":"index","follow":"follow","max-snippet":"max-snippet:-1","max-image-preview":"max-image-preview:large","max-video-preview":"max-video-preview:-1"},"canonical":"https:\/\/www.leopoldaueralm.at\/fr\/shop\/travers-de-porc-a-volonte\/","og_locale":"fr_FR","og_type":"article","og_title":"Travers de porc \u00ab&nbsp;\u00c0 volont\u00e9&nbsp;\u00bb XXL Restaurant Leopoldauer Alm","og_description":"de 17h00 \u00e0 21h00 Travers de porc \u00ab&nbsp;\u00e0 volont\u00e9&nbsp;\u00bb r\u00e9galez-vous autant que vous le souhaitez, nous vous resservons aussi tous les accompagnements \u00e0 volont\u00e9. 45,00&nbsp;\u20ac par personne  Cette commande ne garantit que vos travers de porc \u00ab&nbsp;\u00e0 volont\u00e9&nbsp;\u00bb. Pour les r\u00e9servations de table, veuillez appeler au 01\/25&nbsp;98&nbsp;380 au pr\u00e9alable. En raison de la forte demande, seules les tables \u00e0 partir de 4&nbsp;personnes peuvent \u00eatre r\u00e9serv\u00e9es.","og_url":"https:\/\/www.leopoldaueralm.at\/fr\/shop\/travers-de-porc-a-volonte\/","og_site_name":"XXL Restaurant Leopoldauer Alm","article_publisher":"https:\/\/www.facebook.com\/LeopoldauerAlm","article_modified_time":"2026-01-27T07:28:49+00:00","og_image":[{"width":1286,"height":857,"url":"https:\/\/www.leopoldaueralm.at\/wp-content\/uploads\/2024\/03\/spare-ribs.jpg","type":"image\/jpeg"}],"twitter_card":"summary_large_image","schema":{"@context":"https:\/\/schema.org","@graph":[{"@type":"WebPage","@id":"https:\/\/www.leopoldaueralm.at\/fr\/shop\/travers-de-porc-a-volonte\/","url":"https:\/\/www.leopoldaueralm.at\/fr\/shop\/travers-de-porc-a-volonte\/","name":"Travers de porc \u00ab&nbsp;\u00c0 volont\u00e9&nbsp;\u00bb XXL Restaurant Leopoldauer Alm","isPartOf":{"@id":"https:\/\/www.leopoldaueralm.at\/fr\/#website"},"primaryImageOfPage":{"@id":"https:\/\/www.leopoldaueralm.at\/fr\/shop\/travers-de-porc-a-volonte\/#primaryimage"},"image":{"@id":"https:\/\/www.leopoldaueralm.at\/fr\/shop\/travers-de-porc-a-volonte\/#primaryimage"},"thumbnailUrl":"https:\/\/www.leopoldaueralm.at\/wp-content\/uploads\/2024\/03\/spare-ribs.jpg","datePublished":"2024-03-13T07:47:29+00:00","dateModified":"2026-01-27T07:28:49+00:00","breadcrumb":{"@id":"https:\/\/www.leopoldaueralm.at\/fr\/shop\/travers-de-porc-a-volonte\/#breadcrumb"},"inLanguage":"fr-FR","potentialAction":[{"@type":"ReadAction","target":["https:\/\/www.leopoldaueralm.at\/fr\/shop\/travers-de-porc-a-volonte\/"]}]},{"@type":"ImageObject","inLanguage":"fr-FR","@id":"https:\/\/www.leopoldaueralm.at\/fr\/shop\/travers-de-porc-a-volonte\/#primaryimage","url":"https:\/\/www.leopoldaueralm.at\/wp-content\/uploads\/2024\/03\/spare-ribs.jpg","contentUrl":"https:\/\/www.leopoldaueralm.at\/wp-content\/uploads\/2024\/03\/spare-ribs.jpg","width":1286,"height":857},{"@type":"BreadcrumbList","@id":"https:\/\/www.leopoldaueralm.at\/fr\/shop\/travers-de-porc-a-volonte\/#breadcrumb","itemListElement":[{"@type":"ListItem","position":1,"name":"Startseite","item":"https:\/\/www.leopoldaueralm.at\/fr\/page-daccueil\/"},{"@type":"ListItem","position":2,"name":"Boutique","item":"https:\/\/www.leopoldaueralm.at\/fr\/boutique\/"},{"@type":"ListItem","position":3,"name":"\u00c9v\u00e9nement","item":"https:\/\/www.leopoldaueralm.at\/fr\/product-category\/evenement\/"},{"@type":"ListItem","position":4,"name":"Travers de porc \u00ab&nbsp;\u00c0 volont\u00e9&nbsp;\u00bb"}]},{"@type":"WebSite","@id":"https:\/\/www.leopoldaueralm.at\/fr\/#website","url":"https:\/\/www.leopoldaueralm.at\/fr\/","name":"XXL Restaurant Leopoldauer Alm","description":"Das XXL Restaurant in Wien","publisher":{"@id":"https:\/\/www.leopoldaueralm.at\/fr\/#organization"},"potentialAction":[{"@type":"SearchAction","target":{"@type":"EntryPoint","urlTemplate":"https:\/\/www.leopoldaueralm.at\/fr\/?s={search_term_string}"},"query-input":{"@type":"PropertyValueSpecification","valueRequired":true,"valueName":"search_term_string"}}],"inLanguage":"fr-FR"},{"@type":"Organization","@id":"https:\/\/www.leopoldaueralm.at\/fr\/#organization","name":"XXL Restaurant Leopoldauer Alm","url":"https:\/\/www.leopoldaueralm.at\/fr\/","logo":{"@type":"ImageObject","inLanguage":"fr-FR","@id":"https:\/\/www.leopoldaueralm.at\/fr\/#\/schema\/logo\/image\/","url":"https:\/\/www.leopoldaueralm.at\/wp-content\/uploads\/2019\/12\/leo-logo.png","contentUrl":"https:\/\/www.leopoldaueralm.at\/wp-content\/uploads\/2019\/12\/leo-logo.png","width":250,"height":250,"caption":"XXL Restaurant Leopoldauer Alm"},"image":{"@id":"https:\/\/www.leopoldaueralm.at\/fr\/#\/schema\/logo\/image\/"},"sameAs":["https:\/\/www.facebook.com\/LeopoldauerAlm"]}]}},"wcpa_form_fields":{"wcpaData":{"product":{"product_price":45,"price_html":"<span class=\"woocommerce-Price-amount amount\"><bdi>45,00&nbsp;<span class=\"woocommerce-Price-currencySymbol\">&euro;<\/span><\/bdi><\/span>","original_product_price":45,"price_including_tax":45,"price_excluding_tax":37.5,"product_id":{"parent":26364,"variation":false},"is_variable":false,"stock_status":"outofstock","stock_quantity":null,"parent_sku":"","product_attributes":{"speise":{"is_variation":false,"values":["Ribs \"\u00c0 volont\u00e9\" sans forfait boissons","Ribs \"\u00c0 volont\u00e9\" avec forfait boissons"]}},"custom_fields":[],"is_taxable":true,"product_name":"Travers de porc \u00ab&nbsp;\u00c0 volont\u00e9&nbsp;\u00bb","hasImage":false},"fields":{"sec_565f15b7688dd1":{"extra":{"key":"sec_565f15b7688dd1","section_id":"sec_565f15b7688dd1","name":"Default","status":1,"toggle":true,"form_id":22484,"form_rules":{"exclude_from_discount":false,"fee_label":"Geb\u00fchr","disp_hide_options_price":false,"disp_show_section_price":false,"disp_show_field_price":true,"layout_option":"standard","pric_use_as_fee":false,"process_fee_as":"woo_fee"},"layout_option":"standard"},"fields":[[{"label":"Datum w\u00e4hlen:","active":true,"required":true,"elementId":"select_665f15b7688df1","name":"select_665f15b7688df1","className":"","enableCl":false,"relations":false,"values":[{"label":"Montag, 26.01.2026","value":"Montag, 26.01.2026","selected":false,"tempId":"aco_264","gt_translate_keys":["label"]}],"cl_rule":"show","col":6,"type":"select","error":false,"dropdown_type":"basic","repeater":false,"repeater_field_label":"{field_label}","repeater_bind":"","gt_translate_keys":["label","repeater_field_label"],"price_dependency":false,"cl_dependency":false,"value":""}],[{"label":"Uhrzeit w\u00e4hlen:","active":true,"required":true,"elementId":"select-9018158011","name":"select-9018158011","className":"","enableCl":false,"relations":false,"values":[{"label":"17:00 Uhr","value":"17:00 Uhr","selected":false,"tempId":"aco_283","gt_translate_keys":["label"]},{"label":"19:30 Uhr","value":"19:30 Uhr","selected":false,"tempId":"aco_171","gt_translate_keys":["label"]}],"cl_rule":"show","col":6,"type":"select","error":false,"dropdown_type":"basic","gt_translate_keys":["label"],"price_dependency":false,"cl_dependency":false,"value":""}]]}},"config":{"price_override":"","enable_recaptcha":false,"bind_quantity":false,"quantity_bind_formula":false,"disp_summ_show_option_price":true,"disp_summ_show_product_price":true,"disp_summ_show_total_price":true,"disp_summ_show_fee":false,"disp_summ_show_discount":false,"summary_title":"","options_total_label":"Auswahl Preis","total_label":"Gesamt","options_product_label":"Produkt Preis","fee_label":"Geb\u00fchr","discount_label":"Rabatt","has_price":true,"has_quantity_formula":false},"mc_unit":1,"tax_rate":1,"tax_rate_real":0.2,"discount":{"percentage":0,"fixed":0},"design":{"conf":{"LabelPosition":"above","DescPosition":"above","UploadField":"custom_1","QuantityFieldStyle":"default"},"css":{"LeftLabelWidth":"120px"}},"formulas":[],"lookuptables":[],"clones":false,"cartKey":false}},"_links":{"self":[{"href":"https:\/\/www.leopoldaueralm.at\/fr\/wp-json\/wp\/v2\/product\/26364","targetHints":{"allow":["GET"]}}],"collection":[{"href":"https:\/\/www.leopoldaueralm.at\/fr\/wp-json\/wp\/v2\/product"}],"about":[{"href":"https:\/\/www.leopoldaueralm.at\/fr\/wp-json\/wp\/v2\/types\/product"}],"wp:featuredmedia":[{"embeddable":true,"href":"https:\/\/www.leopoldaueralm.at\/fr\/wp-json\/wp\/v2\/media\/21036"}],"wp:attachment":[{"href":"https:\/\/www.leopoldaueralm.at\/fr\/wp-json\/wp\/v2\/media?parent=26364"}],"wp:term":[{"taxonomy":"product_brand","embeddable":true,"href":"https:\/\/www.leopoldaueralm.at\/fr\/wp-json\/wp\/v2\/product_brand?post=26364"},{"taxonomy":"product_cat","embeddable":true,"href":"https:\/\/www.leopoldaueralm.at\/fr\/wp-json\/wp\/v2\/product_cat?post=26364"},{"taxonomy":"product_tag","embeddable":true,"href":"https:\/\/www.leopoldaueralm.at\/fr\/wp-json\/wp\/v2\/product_tag?post=26364"}],"curies":[{"name":"wp","href":"https:\/\/api.w.org\/{rel}","templated":true}]}}