{"id":26366,"date":"2024-03-13T08:24:10","date_gmt":"2024-03-13T07:24:10","guid":{"rendered":"https:\/\/www.leopoldaueralm.at\/shop\/fete-du-cochon-de-lait\/"},"modified":"2026-03-19T10:20:52","modified_gmt":"2026-03-19T09:20:52","slug":"fete-du-cochon-de-lait","status":"publish","type":"product","link":"https:\/\/www.leopoldaueralm.at\/fr\/shop\/fete-du-cochon-de-lait\/","title":{"rendered":"F\u00eate du cochon de lait"},"content":{"rendered":"","protected":false},"excerpt":{"rendered":"<p><strong>17h00 \u2013 21h00<\/strong><\/p>\n<p><strong>XXL Buffet de cochon de lait et de porcelet \u00ab&nbsp;\u00e0 volont\u00e9&nbsp;\u00bb<\/strong><\/p>\n<ul>\n<li>Cochon de lait<\/li>\n<li>Escalope<\/li>\n<li>Travers de porc<\/li>\n<li>Boulettes de grattons<\/li>\n<\/ul>\n<p><strong>Garnitures<\/strong><\/p>\n<ul>\n<li>Boulettes<\/li>\n<li>Choucroute<\/li>\n<li>Wedges<\/li>\n<li>Sauces<\/li>\n<li>Petits pains<\/li>\n<\/ul>\n<p><strong>XXL Buffet de salades<\/strong><\/p>\n<p><strong>Dessert<br \/>\n<\/strong>Kaiserschmarren avec compote de quetsches et Powidltascherl aux chapelure au beurre<\/p>\n<p class=\"p3\">Kirtag de cochon de lait \u00ab&nbsp;\u00c0 volont\u00e9&nbsp;\u00bb 35,00&nbsp;\u20ac par personne<\/p>\n<p>Gratuit pour les enfants jusqu\u2019\u00e0 3&nbsp;ans<\/p>\n<p>Enfants \u00e0 partir de 3&nbsp;ans 20,00&nbsp;\u20ac<\/p>\n<p>R\u00e9servations uniquement \u00e0 17h00 ou 19h30.<\/p>\n<p><span style=\"color: #ff0000;\"><strong>Cette commande s\u00e9curise uniquement votre \u00ab&nbsp;\u00c0 volont\u00e9&nbsp;\u00bb au Kirtag de cochon de lait. Pour les r\u00e9servations de table, veuillez appeler au 01\/25 98 380 \u00e0 l&rsquo;avance. En raison de la forte demande, seules les tables \u00e0 partir de 4&nbsp;personnes peuvent \u00eatre r\u00e9serv\u00e9es.<\/strong><\/span><\/p>\n","protected":false},"featured_media":23299,"template":"","meta":{"ocean_post_layout":"","ocean_both_sidebars_style":"","ocean_both_sidebars_content_width":0,"ocean_both_sidebars_sidebars_width":0,"ocean_sidebar":"0","ocean_second_sidebar":"0","ocean_disable_margins":"enable","ocean_add_body_class":"","ocean_shortcode_before_top_bar":"","ocean_shortcode_after_top_bar":"","ocean_shortcode_before_header":"","ocean_shortcode_after_header":"","ocean_has_shortcode":"","ocean_shortcode_after_title":"","ocean_shortcode_before_footer_widgets":"","ocean_shortcode_after_footer_widgets":"","ocean_shortcode_before_footer_bottom":"","ocean_shortcode_after_footer_bottom":"","ocean_display_top_bar":"default","ocean_display_header":"default","ocean_header_style":"","ocean_center_header_left_menu":"0","ocean_custom_header_template":"0","ocean_custom_logo":0,"ocean_custom_retina_logo":0,"ocean_custom_logo_max_width":0,"ocean_custom_logo_tablet_max_width":0,"ocean_custom_logo_mobile_max_width":0,"ocean_custom_logo_max_height":0,"ocean_custom_logo_tablet_max_height":0,"ocean_custom_logo_mobile_max_height":0,"ocean_header_custom_menu":"0","ocean_menu_typo_font_family":"0","ocean_menu_typo_font_subset":"","ocean_menu_typo_font_size":0,"ocean_menu_typo_font_size_tablet":0,"ocean_menu_typo_font_size_mobile":0,"ocean_menu_typo_font_size_unit":"px","ocean_menu_typo_font_weight":"","ocean_menu_typo_font_weight_tablet":"","ocean_menu_typo_font_weight_mobile":"","ocean_menu_typo_transform":"","ocean_menu_typo_transform_tablet":"","ocean_menu_typo_transform_mobile":"","ocean_menu_typo_line_height":0,"ocean_menu_typo_line_height_tablet":0,"ocean_menu_typo_line_height_mobile":0,"ocean_menu_typo_line_height_unit":"","ocean_menu_typo_spacing":0,"ocean_menu_typo_spacing_tablet":0,"ocean_menu_typo_spacing_mobile":0,"ocean_menu_typo_spacing_unit":"","ocean_menu_link_color":"","ocean_menu_link_color_hover":"","ocean_menu_link_color_active":"","ocean_menu_link_background":"","ocean_menu_link_hover_background":"","ocean_menu_link_active_background":"","ocean_menu_social_links_bg":"","ocean_menu_social_hover_links_bg":"","ocean_menu_social_links_color":"","ocean_menu_social_hover_links_color":"","ocean_disable_title":"default","ocean_disable_heading":"default","ocean_post_title":"","ocean_post_subheading":"","ocean_post_title_style":"","ocean_post_title_background_color":"","ocean_post_title_background":0,"ocean_post_title_bg_image_position":"","ocean_post_title_bg_image_attachment":"","ocean_post_title_bg_image_repeat":"","ocean_post_title_bg_image_size":"","ocean_post_title_height":0,"ocean_post_title_bg_overlay":0.5,"ocean_post_title_bg_overlay_color":"","ocean_disable_breadcrumbs":"default","ocean_breadcrumbs_color":"","ocean_breadcrumbs_separator_color":"","ocean_breadcrumbs_links_color":"","ocean_breadcrumbs_links_hover_color":"","ocean_display_footer_widgets":"default","ocean_display_footer_bottom":"default","ocean_custom_footer_template":"0","osh_disable_topbar_sticky":"default","osh_disable_header_sticky":"default","osh_sticky_header_style":"default","osh_sticky_header_effect":"","osh_custom_sticky_logo":0,"osh_custom_retina_sticky_logo":0,"osh_custom_sticky_logo_height":0,"osh_background_color":"","osh_links_color":"","osh_links_hover_color":"","osh_links_active_color":"","osh_links_bg_color":"","osh_links_hover_bg_color":"","osh_links_active_bg_color":"","osh_menu_social_links_color":"","osh_menu_social_hover_links_color":""},"product_brand":[],"product_cat":[517],"product_tag":[652],"class_list":{"0":"post-26366","1":"product","2":"type-product","3":"status-publish","4":"has-post-thumbnail","6":"product_cat-evenement","7":"product_tag-cochon-de-lait","8":"product_shipping_class-uniquement-a-lalm","10":"entry","11":"has-media","12":"wcpa_has_options","14":"first","15":"instock","16":"taxable","17":"shipping-taxable","18":"purchasable","19":"product-type-simple","20":"has-product-nav","21":"col","22":"span_1_of_3","23":"owp-content-center","24":"owp-thumbs-layout-horizontal","25":"owp-btn-normal","26":"owp-tabs-layout-horizontal"},"group_of_quantity":0,"min_quantity":0,"max_quantity":"","exclude_order_quantity_value_rules":"no","exclude_category_quantity_rules":"no","combine_variations":"no","yoast_head":"<!-- This site is optimized with the Yoast SEO plugin v27.2 - https:\/\/yoast.com\/product\/yoast-seo-wordpress\/ -->\n<title>F\u00eate du cochon de lait XXL Restaurant Leopoldauer Alm<\/title>\n<meta name=\"robots\" content=\"index, follow, max-snippet:-1, max-image-preview:large, max-video-preview:-1\" \/>\n<link rel=\"canonical\" href=\"https:\/\/www.leopoldaueralm.at\/fr\/shop\/fete-du-cochon-de-lait\/\" \/>\n<meta property=\"og:locale\" content=\"fr_FR\" \/>\n<meta property=\"og:type\" content=\"article\" \/>\n<meta property=\"og:title\" content=\"F\u00eate du cochon de lait XXL Restaurant Leopoldauer Alm\" \/>\n<meta property=\"og:description\" content=\"17h00 \u2013 21h00 XXL Buffet de cochon de lait et de porcelet \u00ab&nbsp;\u00e0 volont\u00e9&nbsp;\u00bb  Cochon de lait  Escalope  Travers de porc  Boulettes de grattons Garnitures  Boulettes  Choucroute  Wedges  Sauces  Petits pains XXL Buffet de salades Dessert Kaiserschmarren avec compote de quetsches et Powidltascherl aux chapelure au beurre Kirtag de cochon de lait \u00ab&nbsp;\u00c0 volont\u00e9&nbsp;\u00bb 35,00&nbsp;\u20ac par personne Gratuit pour les enfants jusqu\u2019\u00e0 3&nbsp;ans Enfants \u00e0 partir de 3&nbsp;ans 20,00&nbsp;\u20ac R\u00e9servations uniquement \u00e0 17h00 ou 19h30. Cette commande s\u00e9curise uniquement votre \u00ab&nbsp;\u00c0 volont\u00e9&nbsp;\u00bb au Kirtag de cochon de lait. Pour les r\u00e9servations de table, veuillez appeler au 01\/25 98 380 \u00e0 l&#039;avance. En raison de la forte demande, seules les tables \u00e0 partir de 4&nbsp;personnes peuvent \u00eatre r\u00e9serv\u00e9es.\" \/>\n<meta property=\"og:url\" content=\"https:\/\/www.leopoldaueralm.at\/fr\/shop\/fete-du-cochon-de-lait\/\" \/>\n<meta property=\"og:site_name\" content=\"XXL Restaurant Leopoldauer Alm\" \/>\n<meta property=\"article:publisher\" content=\"https:\/\/www.facebook.com\/LeopoldauerAlm\" \/>\n<meta property=\"article:modified_time\" content=\"2026-03-19T09:20:52+00:00\" \/>\n<meta property=\"og:image\" content=\"https:\/\/www.leopoldaueralm.at\/wp-content\/uploads\/2023\/04\/Spanferkelkirtag.jpg\" \/>\n\t<meta property=\"og:image:width\" content=\"1740\" \/>\n\t<meta property=\"og:image:height\" content=\"1092\" \/>\n\t<meta property=\"og:image:type\" content=\"image\/jpeg\" \/>\n<meta name=\"twitter:card\" content=\"summary_large_image\" \/>\n<script type=\"application\/ld+json\" class=\"yoast-schema-graph\">{\"@context\":\"https:\/\/schema.org\",\"@graph\":[{\"@type\":\"WebPage\",\"@id\":\"https:\/\/www.leopoldaueralm.at\/fr\/shop\/fete-du-cochon-de-lait\/\",\"url\":\"https:\/\/www.leopoldaueralm.at\/fr\/shop\/fete-du-cochon-de-lait\/\",\"name\":\"F\u00eate du cochon de lait XXL Restaurant Leopoldauer Alm\",\"isPartOf\":{\"@id\":\"https:\/\/www.leopoldaueralm.at\/fr\/#website\"},\"primaryImageOfPage\":{\"@id\":\"https:\/\/www.leopoldaueralm.at\/fr\/shop\/fete-du-cochon-de-lait\/#primaryimage\"},\"image\":{\"@id\":\"https:\/\/www.leopoldaueralm.at\/fr\/shop\/fete-du-cochon-de-lait\/#primaryimage\"},\"thumbnailUrl\":\"https:\/\/www.leopoldaueralm.at\/wp-content\/uploads\/2023\/04\/Spanferkelkirtag.jpg\",\"datePublished\":\"2024-03-13T07:24:10+00:00\",\"dateModified\":\"2026-03-19T09:20:52+00:00\",\"breadcrumb\":{\"@id\":\"https:\/\/www.leopoldaueralm.at\/fr\/shop\/fete-du-cochon-de-lait\/#breadcrumb\"},\"inLanguage\":\"fr-FR\",\"potentialAction\":[{\"@type\":\"ReadAction\",\"target\":[\"https:\/\/www.leopoldaueralm.at\/fr\/shop\/fete-du-cochon-de-lait\/\"]}]},{\"@type\":\"ImageObject\",\"inLanguage\":\"fr-FR\",\"@id\":\"https:\/\/www.leopoldaueralm.at\/fr\/shop\/fete-du-cochon-de-lait\/#primaryimage\",\"url\":\"https:\/\/www.leopoldaueralm.at\/wp-content\/uploads\/2023\/04\/Spanferkelkirtag.jpg\",\"contentUrl\":\"https:\/\/www.leopoldaueralm.at\/wp-content\/uploads\/2023\/04\/Spanferkelkirtag.jpg\",\"width\":1740,\"height\":1092},{\"@type\":\"BreadcrumbList\",\"@id\":\"https:\/\/www.leopoldaueralm.at\/fr\/shop\/fete-du-cochon-de-lait\/#breadcrumb\",\"itemListElement\":[{\"@type\":\"ListItem\",\"position\":1,\"name\":\"Startseite\",\"item\":\"https:\/\/www.leopoldaueralm.at\/fr\/page-daccueil\/\"},{\"@type\":\"ListItem\",\"position\":2,\"name\":\"Boutique\",\"item\":\"https:\/\/www.leopoldaueralm.at\/fr\/boutique\/\"},{\"@type\":\"ListItem\",\"position\":3,\"name\":\"\u00c9v\u00e9nement\",\"item\":\"https:\/\/www.leopoldaueralm.at\/fr\/product-category\/evenement\/\"},{\"@type\":\"ListItem\",\"position\":4,\"name\":\"F\u00eate du cochon de lait\"}]},{\"@type\":\"WebSite\",\"@id\":\"https:\/\/www.leopoldaueralm.at\/fr\/#website\",\"url\":\"https:\/\/www.leopoldaueralm.at\/fr\/\",\"name\":\"XXL Restaurant Leopoldauer Alm\",\"description\":\"Das XXL Restaurant in Wien\",\"publisher\":{\"@id\":\"https:\/\/www.leopoldaueralm.at\/fr\/#organization\"},\"potentialAction\":[{\"@type\":\"SearchAction\",\"target\":{\"@type\":\"EntryPoint\",\"urlTemplate\":\"https:\/\/www.leopoldaueralm.at\/fr\/?s={search_term_string}\"},\"query-input\":{\"@type\":\"PropertyValueSpecification\",\"valueRequired\":true,\"valueName\":\"search_term_string\"}}],\"inLanguage\":\"fr-FR\"},{\"@type\":\"Organization\",\"@id\":\"https:\/\/www.leopoldaueralm.at\/fr\/#organization\",\"name\":\"XXL Restaurant Leopoldauer Alm\",\"url\":\"https:\/\/www.leopoldaueralm.at\/fr\/\",\"logo\":{\"@type\":\"ImageObject\",\"inLanguage\":\"fr-FR\",\"@id\":\"https:\/\/www.leopoldaueralm.at\/fr\/#\/schema\/logo\/image\/\",\"url\":\"https:\/\/www.leopoldaueralm.at\/wp-content\/uploads\/2019\/12\/leo-logo.png\",\"contentUrl\":\"https:\/\/www.leopoldaueralm.at\/wp-content\/uploads\/2019\/12\/leo-logo.png\",\"width\":250,\"height\":250,\"caption\":\"XXL Restaurant Leopoldauer Alm\"},\"image\":{\"@id\":\"https:\/\/www.leopoldaueralm.at\/fr\/#\/schema\/logo\/image\/\"},\"sameAs\":[\"https:\/\/www.facebook.com\/LeopoldauerAlm\"]}]}<\/script>\n<!-- \/ Yoast SEO plugin. -->","yoast_head_json":{"title":"F\u00eate du cochon de lait XXL Restaurant Leopoldauer Alm","robots":{"index":"index","follow":"follow","max-snippet":"max-snippet:-1","max-image-preview":"max-image-preview:large","max-video-preview":"max-video-preview:-1"},"canonical":"https:\/\/www.leopoldaueralm.at\/fr\/shop\/fete-du-cochon-de-lait\/","og_locale":"fr_FR","og_type":"article","og_title":"F\u00eate du cochon de lait XXL Restaurant Leopoldauer Alm","og_description":"17h00 \u2013 21h00 XXL Buffet de cochon de lait et de porcelet \u00ab&nbsp;\u00e0 volont\u00e9&nbsp;\u00bb  Cochon de lait  Escalope  Travers de porc  Boulettes de grattons Garnitures  Boulettes  Choucroute  Wedges  Sauces  Petits pains XXL Buffet de salades Dessert Kaiserschmarren avec compote de quetsches et Powidltascherl aux chapelure au beurre Kirtag de cochon de lait \u00ab&nbsp;\u00c0 volont\u00e9&nbsp;\u00bb 35,00&nbsp;\u20ac par personne Gratuit pour les enfants jusqu\u2019\u00e0 3&nbsp;ans Enfants \u00e0 partir de 3&nbsp;ans 20,00&nbsp;\u20ac R\u00e9servations uniquement \u00e0 17h00 ou 19h30. Cette commande s\u00e9curise uniquement votre \u00ab&nbsp;\u00c0 volont\u00e9&nbsp;\u00bb au Kirtag de cochon de lait. Pour les r\u00e9servations de table, veuillez appeler au 01\/25 98 380 \u00e0 l'avance. En raison de la forte demande, seules les tables \u00e0 partir de 4&nbsp;personnes peuvent \u00eatre r\u00e9serv\u00e9es.","og_url":"https:\/\/www.leopoldaueralm.at\/fr\/shop\/fete-du-cochon-de-lait\/","og_site_name":"XXL Restaurant Leopoldauer Alm","article_publisher":"https:\/\/www.facebook.com\/LeopoldauerAlm","article_modified_time":"2026-03-19T09:20:52+00:00","og_image":[{"width":1740,"height":1092,"url":"https:\/\/www.leopoldaueralm.at\/wp-content\/uploads\/2023\/04\/Spanferkelkirtag.jpg","type":"image\/jpeg"}],"twitter_card":"summary_large_image","schema":{"@context":"https:\/\/schema.org","@graph":[{"@type":"WebPage","@id":"https:\/\/www.leopoldaueralm.at\/fr\/shop\/fete-du-cochon-de-lait\/","url":"https:\/\/www.leopoldaueralm.at\/fr\/shop\/fete-du-cochon-de-lait\/","name":"F\u00eate du cochon de lait XXL Restaurant Leopoldauer Alm","isPartOf":{"@id":"https:\/\/www.leopoldaueralm.at\/fr\/#website"},"primaryImageOfPage":{"@id":"https:\/\/www.leopoldaueralm.at\/fr\/shop\/fete-du-cochon-de-lait\/#primaryimage"},"image":{"@id":"https:\/\/www.leopoldaueralm.at\/fr\/shop\/fete-du-cochon-de-lait\/#primaryimage"},"thumbnailUrl":"https:\/\/www.leopoldaueralm.at\/wp-content\/uploads\/2023\/04\/Spanferkelkirtag.jpg","datePublished":"2024-03-13T07:24:10+00:00","dateModified":"2026-03-19T09:20:52+00:00","breadcrumb":{"@id":"https:\/\/www.leopoldaueralm.at\/fr\/shop\/fete-du-cochon-de-lait\/#breadcrumb"},"inLanguage":"fr-FR","potentialAction":[{"@type":"ReadAction","target":["https:\/\/www.leopoldaueralm.at\/fr\/shop\/fete-du-cochon-de-lait\/"]}]},{"@type":"ImageObject","inLanguage":"fr-FR","@id":"https:\/\/www.leopoldaueralm.at\/fr\/shop\/fete-du-cochon-de-lait\/#primaryimage","url":"https:\/\/www.leopoldaueralm.at\/wp-content\/uploads\/2023\/04\/Spanferkelkirtag.jpg","contentUrl":"https:\/\/www.leopoldaueralm.at\/wp-content\/uploads\/2023\/04\/Spanferkelkirtag.jpg","width":1740,"height":1092},{"@type":"BreadcrumbList","@id":"https:\/\/www.leopoldaueralm.at\/fr\/shop\/fete-du-cochon-de-lait\/#breadcrumb","itemListElement":[{"@type":"ListItem","position":1,"name":"Startseite","item":"https:\/\/www.leopoldaueralm.at\/fr\/page-daccueil\/"},{"@type":"ListItem","position":2,"name":"Boutique","item":"https:\/\/www.leopoldaueralm.at\/fr\/boutique\/"},{"@type":"ListItem","position":3,"name":"\u00c9v\u00e9nement","item":"https:\/\/www.leopoldaueralm.at\/fr\/product-category\/evenement\/"},{"@type":"ListItem","position":4,"name":"F\u00eate du cochon de lait"}]},{"@type":"WebSite","@id":"https:\/\/www.leopoldaueralm.at\/fr\/#website","url":"https:\/\/www.leopoldaueralm.at\/fr\/","name":"XXL Restaurant Leopoldauer Alm","description":"Das XXL Restaurant in Wien","publisher":{"@id":"https:\/\/www.leopoldaueralm.at\/fr\/#organization"},"potentialAction":[{"@type":"SearchAction","target":{"@type":"EntryPoint","urlTemplate":"https:\/\/www.leopoldaueralm.at\/fr\/?s={search_term_string}"},"query-input":{"@type":"PropertyValueSpecification","valueRequired":true,"valueName":"search_term_string"}}],"inLanguage":"fr-FR"},{"@type":"Organization","@id":"https:\/\/www.leopoldaueralm.at\/fr\/#organization","name":"XXL Restaurant Leopoldauer Alm","url":"https:\/\/www.leopoldaueralm.at\/fr\/","logo":{"@type":"ImageObject","inLanguage":"fr-FR","@id":"https:\/\/www.leopoldaueralm.at\/fr\/#\/schema\/logo\/image\/","url":"https:\/\/www.leopoldaueralm.at\/wp-content\/uploads\/2019\/12\/leo-logo.png","contentUrl":"https:\/\/www.leopoldaueralm.at\/wp-content\/uploads\/2019\/12\/leo-logo.png","width":250,"height":250,"caption":"XXL Restaurant Leopoldauer Alm"},"image":{"@id":"https:\/\/www.leopoldaueralm.at\/fr\/#\/schema\/logo\/image\/"},"sameAs":["https:\/\/www.facebook.com\/LeopoldauerAlm"]}]}},"wcpa_form_fields":{"wcpaData":{"product":{"product_price":35,"price_html":"<span class=\"woocommerce-Price-amount amount\"><bdi>35,00&nbsp;<span class=\"woocommerce-Price-currencySymbol\">&euro;<\/span><\/bdi><\/span>","original_product_price":35,"price_including_tax":35,"price_excluding_tax":29.166667,"product_id":{"parent":26366,"variation":false},"is_variable":false,"stock_status":"instock","stock_quantity":null,"parent_sku":"","product_attributes":[],"custom_fields":[],"is_taxable":true,"product_name":"F\u00eate du cochon de lait","hasImage":false},"fields":{"sec_465f15743d000c":{"extra":{"key":"sec_465f15743d000c","section_id":"sec_465f15743d000c","name":"Default","status":1,"toggle":true,"form_id":22479,"form_rules":{"exclude_from_discount":false,"fee_label":"Geb\u00fchr","disp_hide_options_price":false,"disp_show_section_price":false,"disp_show_field_price":true,"layout_option":"standard","pric_use_as_fee":false,"process_fee_as":"woo_fee"},"layout_option":"standard"},"fields":[[{"label":"Datum w\u00e4hlen:","active":true,"required":true,"elementId":"select_565f15743d002c","name":"select_565f15743d002c","className":"","enableCl":false,"relations":false,"values":[{"label":"Mittwoch, 20.05.2026","value":"Mittwoch, 20.05.2026","selected":false,"tempId":"aco_62","gt_translate_keys":["label"]},{"label":"Freitag 24.07.2026","value":"Freitag 24.07.2026","selected":false,"tempId":"aco_91","gt_translate_keys":["label"]}],"cl_rule":"show","col":6,"type":"select","error":false,"dropdown_type":"basic","isWeightTemplate":false,"isTemplate":false,"min_quantity":"1","quantity_decimal":false,"quantity_step":"1","quantity_label":"Quantity","repeater_field_label":"{field_label}","repeater_bind":"","gt_translate_keys":["label","repeater_field_label","quantity_label"],"price_dependency":false,"cl_dependency":false,"value":""}],[{"label":"Uhrzeit w\u00e4hlen:","active":true,"required":true,"elementId":"select-2034982722","name":"select-2034982722","className":"","enableCl":false,"relations":false,"values":[{"label":"17:00 Uhr","value":"17:00 Uhr","selected":false,"tempId":"aco_283","gt_translate_keys":["label"]},{"label":"19:30 Uhr","value":"19:30 Uhr","selected":false,"tempId":"aco_171","gt_translate_keys":["label"]}],"cl_rule":"show","col":6,"type":"select","error":false,"dropdown_type":"basic","gt_translate_keys":["label"],"price_dependency":false,"cl_dependency":false,"value":""}]]}},"config":{"price_override":"","enable_recaptcha":false,"bind_quantity":false,"quantity_bind_formula":false,"disp_summ_show_option_price":true,"disp_summ_show_product_price":true,"disp_summ_show_total_price":true,"disp_summ_show_fee":false,"disp_summ_show_discount":false,"summary_title":"","options_total_label":"Auswahl Preis","total_label":"Gesamt","options_product_label":"Produkt Preis","fee_label":"Geb\u00fchr","discount_label":"Rabatt","has_price":true,"has_quantity_formula":false},"mc_unit":1,"tax_rate":1,"tax_rate_real":0.2,"discount":{"percentage":0,"fixed":0},"design":{"conf":{"LabelPosition":"above","DescPosition":"above","UploadField":"custom_1","QuantityFieldStyle":"default"},"css":{"LeftLabelWidth":"120px"}},"formulas":[],"lookuptables":[],"clones":false,"cartKey":false}},"_links":{"self":[{"href":"https:\/\/www.leopoldaueralm.at\/fr\/wp-json\/wp\/v2\/product\/26366","targetHints":{"allow":["GET"]}}],"collection":[{"href":"https:\/\/www.leopoldaueralm.at\/fr\/wp-json\/wp\/v2\/product"}],"about":[{"href":"https:\/\/www.leopoldaueralm.at\/fr\/wp-json\/wp\/v2\/types\/product"}],"wp:featuredmedia":[{"embeddable":true,"href":"https:\/\/www.leopoldaueralm.at\/fr\/wp-json\/wp\/v2\/media\/23299"}],"wp:attachment":[{"href":"https:\/\/www.leopoldaueralm.at\/fr\/wp-json\/wp\/v2\/media?parent=26366"}],"wp:term":[{"taxonomy":"product_brand","embeddable":true,"href":"https:\/\/www.leopoldaueralm.at\/fr\/wp-json\/wp\/v2\/product_brand?post=26366"},{"taxonomy":"product_cat","embeddable":true,"href":"https:\/\/www.leopoldaueralm.at\/fr\/wp-json\/wp\/v2\/product_cat?post=26366"},{"taxonomy":"product_tag","embeddable":true,"href":"https:\/\/www.leopoldaueralm.at\/fr\/wp-json\/wp\/v2\/product_tag?post=26366"}],"curies":[{"name":"wp","href":"https:\/\/api.w.org\/{rel}","templated":true}]}}