{"id":26405,"date":"2024-02-23T09:11:05","date_gmt":"2024-02-23T08:11:05","guid":{"rendered":"https:\/\/www.leopoldaueralm.at\/shop\/forfait-make-my-day\/"},"modified":"2024-02-23T09:11:05","modified_gmt":"2024-02-23T08:11:05","slug":"forfait-make-my-day","status":"publish","type":"product","link":"https:\/\/www.leopoldaueralm.at\/fr\/shop\/forfait-make-my-day\/","title":{"rendered":"Forfait Make My Day"},"content":{"rendered":"<div class=\"elementor-element elementor-element-12300a5 elementor-widget elementor-widget-wp-widget-text\" data-id=\"12300a5\" data-element_type=\"widget\" data-widget_type=\"wp-widget-text.default\">\n<div class=\"elementor-widget-container\">\n<div class=\"textwidget\">\n<p>Choisissez un menu \u00e0 plusieurs plats de votre choix, nos c\u00e9l\u00e8bres plateaux ou notre festin rustique de chalet d&rsquo;alpage, vous avez le choix (l&rsquo;entr\u00e9e et le dessert sont \u00e9galement inclus avec les plateaux)<\/p>\n<p><strong>Notre carte Made My Day :<\/strong><\/p>\n<p>* Soupe \u00e0 la cr\u00e8me d&rsquo;ail<br \/>\n* Soupe Frittaten<br \/>\n* Petit tartare de b\u0153uf avec pain de mie grill\u00e9 et \u0153uf de caille au plat<\/p>\n<p>********<\/p>\n<p>* Orig. Escalope viennoise de veau avec garniture au choix<x id=\"gid_0\"><\/x>* Escalope \u00e0 la viennoise avec garniture<x id=\"gid_1\"><\/x>* R\u00f4ti de porc avec choucroute et quenelles<x id=\"gid_2\"><\/x>* Cordon bleu de porc avec garniture au choix<x id=\"gid_3\"><\/x>* Escalope de poulet avec garniture au choix<x id=\"gid_4\"><\/x>* Rostbraten \u00e0 l&rsquo;oignon avec pommes de terre saut\u00e9es et oignons frits<x id=\"gid_5\"><\/x>* Orig. Goulasch d&rsquo;alpage de b\u0153uf Hochrind avec quenelles (uniquement en automne et en hiver)<br \/>\n* Dirndl Burger avec pain fait maison et 200g de b\u0153uf Angus, cheddar, frites au bacon, rondelles d&rsquo;oignon<br \/>\n* Spare Ribs avec Wedges, sauces et oignons<br \/>\n* Plie cuite au four avec salade de pommes de terre<br \/>\n* Salade de poulet frit, filets de poitrine de poulet frais en panure croustillante aux graines de courge sur salade de pommes de terre avec marinade \u00e0 l&rsquo;huile de p\u00e9pins de courge et aux oignons<br \/>\n* Sp\u00e4tzle au fromage avec salade verte, au choix \u00e9galement avec du lard  <\/p>\n<p>********<\/p>\n<p>* Cr\u00eape au chocolat<br \/>\n* Cr\u00eape \u00e0 la confiture d&rsquo;abricots<br \/>\n* Boulette d&rsquo;abricots glac\u00e9e avec cr\u00e8me fouett\u00e9e<\/p>\n<p>&nbsp;<\/p>\n<\/div>\n<p><strong>Pour nos petits h\u00f4tes d&rsquo;alpage :<\/strong><\/p>\n<p><strong>1 soupe au choix :<\/strong><br \/>\n* Soupe \u00e0 la cr\u00e8me d&rsquo;ail<br \/>\n* Soupe Frittaten<\/p>\n<p><strong>1 plat principal au choix :<\/strong><br \/>\n* Saucisse Berner avec frites<br \/>\n* Petites Spare Ribs avec accompagnements<br \/>\n* Escalope pour enfants (porc ou poulet) avec frites ou salade de pommes de terre<br \/>\n* Fish &amp; Chips, morceaux de sandre croustillants en p\u00e2te \u00e0 frire, avec frites, sauce tartare, richement garni<\/p>\n<p><strong>1 dessert au choix :<\/strong><br \/>\n* 1 pc. Cr\u00eape au chocolat avec cr\u00e8me fouett\u00e9e<x id=\"gid_2\"><\/x>* 1 pc. Cr\u00eape \u00e0 la confiture avec cr\u00e8me fouett\u00e9e  <\/p>\n<p>boissons non alcoolis\u00e9es \u00e0 volont\u00e9 incluses (pendant 5 heures)<\/p>\n<p>&nbsp;<\/p>\n<\/div>\n<\/div>\n","protected":false},"excerpt":{"rendered":"<div class=\"elementor-element elementor-element-dee7631 elementor-widget elementor-widget-heading\" data-id=\"dee7631\" data-element_type=\"widget\" data-widget_type=\"heading.default\">\n<div class=\"elementor-widget-container\">\n<p><strong>R\u00e9servation possible \u00e0 partir de 20&nbsp;personnes&nbsp;!<\/strong><\/p>\n<p>F\u00eatez votre jour sp\u00e9cial avec vos proches \u00e0 la Leopoldauer Alm !<\/p>\n<p>Tout est dress\u00e9 en blanc, que ce soit dans le Kaiserst\u00fcberl, le Brunnengarten, etc.<\/p>\n<p>R\u00e9ception avec du vin mousseux\/orange au vin mousseux !<\/p>\n<p>Choisissez un menu \u00e0 3 plats ou nos c\u00e9l\u00e8bres plateaux XXL : Festin de chalet d&rsquo;alpage, plateau de cochon de lait, fourche \u00e0 fumier ou plateau de fermier de montagne.<\/p>\n<p>5h inclus toutes les boissons ouvertes comme le vin, la bi\u00e8re, les boissons non alcoolis\u00e9es, le caf\u00e9, le Hugo, l&rsquo;Aperol, le Frizzante et j&rsquo;en passe ! <\/p>\n<p>Parfait pour une baby shower, une confirmation, un bapt\u00eame, une premi\u00e8re communion, un mariage, un anniversaire, etc.<\/p>\n<\/div>\n<div class=\"elementor-widget-container\">\n<p>Enfants \u00e0 partir de 6 ans 35,00 \u20ac par enfant<\/p>\n<\/div>\n<p><strong>69,00 \u20ac<\/strong> par personne<\/p>\n<\/div>\n","protected":false},"featured_media":18755,"template":"","meta":{"ocean_post_layout":"","ocean_both_sidebars_style":"","ocean_both_sidebars_content_width":0,"ocean_both_sidebars_sidebars_width":0,"ocean_sidebar":"","ocean_second_sidebar":"","ocean_disable_margins":"enable","ocean_add_body_class":"","ocean_shortcode_before_top_bar":"","ocean_shortcode_after_top_bar":"","ocean_shortcode_before_header":"","ocean_shortcode_after_header":"","ocean_has_shortcode":"","ocean_shortcode_after_title":"","ocean_shortcode_before_footer_widgets":"","ocean_shortcode_after_footer_widgets":"","ocean_shortcode_before_footer_bottom":"","ocean_shortcode_after_footer_bottom":"","ocean_display_top_bar":"default","ocean_display_header":"default","ocean_header_style":"","ocean_center_header_left_menu":"","ocean_custom_header_template":"","ocean_custom_logo":0,"ocean_custom_retina_logo":0,"ocean_custom_logo_max_width":0,"ocean_custom_logo_tablet_max_width":0,"ocean_custom_logo_mobile_max_width":0,"ocean_custom_logo_max_height":0,"ocean_custom_logo_tablet_max_height":0,"ocean_custom_logo_mobile_max_height":0,"ocean_header_custom_menu":"","ocean_menu_typo_font_family":"","ocean_menu_typo_font_subset":"","ocean_menu_typo_font_size":0,"ocean_menu_typo_font_size_tablet":0,"ocean_menu_typo_font_size_mobile":0,"ocean_menu_typo_font_size_unit":"px","ocean_menu_typo_font_weight":"","ocean_menu_typo_font_weight_tablet":"","ocean_menu_typo_font_weight_mobile":"","ocean_menu_typo_transform":"","ocean_menu_typo_transform_tablet":"","ocean_menu_typo_transform_mobile":"","ocean_menu_typo_line_height":0,"ocean_menu_typo_line_height_tablet":0,"ocean_menu_typo_line_height_mobile":0,"ocean_menu_typo_line_height_unit":"","ocean_menu_typo_spacing":0,"ocean_menu_typo_spacing_tablet":0,"ocean_menu_typo_spacing_mobile":0,"ocean_menu_typo_spacing_unit":"","ocean_menu_link_color":"","ocean_menu_link_color_hover":"","ocean_menu_link_color_active":"","ocean_menu_link_background":"","ocean_menu_link_hover_background":"","ocean_menu_link_active_background":"","ocean_menu_social_links_bg":"","ocean_menu_social_hover_links_bg":"","ocean_menu_social_links_color":"","ocean_menu_social_hover_links_color":"","ocean_disable_title":"default","ocean_disable_heading":"default","ocean_post_title":"","ocean_post_subheading":"","ocean_post_title_style":"","ocean_post_title_background_color":"","ocean_post_title_background":0,"ocean_post_title_bg_image_position":"","ocean_post_title_bg_image_attachment":"","ocean_post_title_bg_image_repeat":"","ocean_post_title_bg_image_size":"","ocean_post_title_height":0,"ocean_post_title_bg_overlay":0.5,"ocean_post_title_bg_overlay_color":"","ocean_disable_breadcrumbs":"default","ocean_breadcrumbs_color":"","ocean_breadcrumbs_separator_color":"","ocean_breadcrumbs_links_color":"","ocean_breadcrumbs_links_hover_color":"","ocean_display_footer_widgets":"default","ocean_display_footer_bottom":"default","ocean_custom_footer_template":"","osh_disable_topbar_sticky":"default","osh_disable_header_sticky":"default","osh_sticky_header_style":"default","osh_sticky_header_effect":"","osh_custom_sticky_logo":0,"osh_custom_retina_sticky_logo":0,"osh_custom_sticky_logo_height":0,"osh_background_color":"","osh_links_color":"","osh_links_hover_color":"","osh_links_active_color":"","osh_links_bg_color":"","osh_links_hover_bg_color":"","osh_links_active_bg_color":"","osh_menu_social_links_color":"","osh_menu_social_hover_links_color":""},"product_brand":[],"product_cat":[517],"product_tag":[685],"class_list":{"0":"post-26405","1":"product","2":"type-product","3":"status-publish","4":"has-post-thumbnail","6":"product_cat-evenement","7":"product_tag-mariage","8":"product_shipping_class-uniquement-a-lalm","10":"entry","11":"has-media","12":"wcpa_has_options","14":"first","15":"instock","16":"taxable","17":"shipping-taxable","18":"purchasable","19":"product-type-simple","20":"has-product-nav","21":"col","22":"span_1_of_3","23":"owp-content-center","24":"owp-thumbs-layout-horizontal","25":"owp-btn-normal","26":"owp-tabs-layout-horizontal"},"group_of_quantity":0,"min_quantity":0,"max_quantity":"","exclude_order_quantity_value_rules":"no","exclude_category_quantity_rules":"no","combine_variations":"no","yoast_head":"<!-- This site is optimized with the Yoast SEO plugin v27.2 - https:\/\/yoast.com\/product\/yoast-seo-wordpress\/ -->\n<title>Forfait Make My Day XXL Restaurant Leopoldauer Alm<\/title>\n<meta name=\"robots\" content=\"index, follow, max-snippet:-1, max-image-preview:large, max-video-preview:-1\" \/>\n<link rel=\"canonical\" href=\"https:\/\/www.leopoldaueralm.at\/fr\/shop\/forfait-make-my-day\/\" \/>\n<meta property=\"og:locale\" content=\"fr_FR\" \/>\n<meta property=\"og:type\" content=\"article\" \/>\n<meta property=\"og:title\" content=\"Forfait Make My Day XXL Restaurant Leopoldauer Alm\" \/>\n<meta property=\"og:description\" content=\"R\u00e9servation possible \u00e0 partir de 20&nbsp;personnes&nbsp;! F\u00eatez votre jour sp\u00e9cial avec vos proches \u00e0 la Leopoldauer Alm ! Tout est dress\u00e9 en blanc, que ce soit dans le Kaiserst\u00fcberl, le Brunnengarten, etc. R\u00e9ception avec du vin mousseux\/orange au vin mousseux ! Choisissez un menu \u00e0 3 plats ou nos c\u00e9l\u00e8bres plateaux XXL : Festin de chalet d&#039;alpage, plateau de cochon de lait, fourche \u00e0 fumier ou plateau de fermier de montagne. 5h inclus toutes les boissons ouvertes comme le vin, la bi\u00e8re, les boissons non alcoolis\u00e9es, le caf\u00e9, le Hugo, l&#039;Aperol, le Frizzante et j&#039;en passe !  Parfait pour une baby shower, une confirmation, un bapt\u00eame, une premi\u00e8re communion, un mariage, un anniversaire, etc.   Enfants \u00e0 partir de 6 ans 35,00 \u20ac par enfant  69,00 \u20ac par personne\" \/>\n<meta property=\"og:url\" content=\"https:\/\/www.leopoldaueralm.at\/fr\/shop\/forfait-make-my-day\/\" \/>\n<meta property=\"og:site_name\" content=\"XXL Restaurant Leopoldauer Alm\" \/>\n<meta property=\"article:publisher\" content=\"https:\/\/www.facebook.com\/LeopoldauerAlm\" \/>\n<meta property=\"og:image\" content=\"https:\/\/www.leopoldaueralm.at\/wp-content\/uploads\/2024\/02\/make-my-day-package-image.jpg\" \/>\n\t<meta property=\"og:image:width\" content=\"1280\" \/>\n\t<meta property=\"og:image:height\" content=\"819\" \/>\n\t<meta property=\"og:image:type\" content=\"image\/jpeg\" \/>\n<meta name=\"twitter:card\" content=\"summary_large_image\" \/>\n<meta name=\"twitter:label1\" content=\"Dur\u00e9e de lecture estim\u00e9e\" \/>\n\t<meta name=\"twitter:data1\" content=\"2 minutes\" \/>\n<script type=\"application\/ld+json\" class=\"yoast-schema-graph\">{\"@context\":\"https:\/\/schema.org\",\"@graph\":[{\"@type\":\"WebPage\",\"@id\":\"https:\/\/www.leopoldaueralm.at\/fr\/shop\/forfait-make-my-day\/\",\"url\":\"https:\/\/www.leopoldaueralm.at\/fr\/shop\/forfait-make-my-day\/\",\"name\":\"Forfait Make My Day XXL Restaurant Leopoldauer Alm\",\"isPartOf\":{\"@id\":\"https:\/\/www.leopoldaueralm.at\/fr\/#website\"},\"primaryImageOfPage\":{\"@id\":\"https:\/\/www.leopoldaueralm.at\/fr\/shop\/forfait-make-my-day\/#primaryimage\"},\"image\":{\"@id\":\"https:\/\/www.leopoldaueralm.at\/fr\/shop\/forfait-make-my-day\/#primaryimage\"},\"thumbnailUrl\":\"https:\/\/www.leopoldaueralm.at\/wp-content\/uploads\/2024\/02\/make-my-day-package-image.jpg\",\"datePublished\":\"2024-02-23T08:11:05+00:00\",\"breadcrumb\":{\"@id\":\"https:\/\/www.leopoldaueralm.at\/fr\/shop\/forfait-make-my-day\/#breadcrumb\"},\"inLanguage\":\"fr-FR\",\"potentialAction\":[{\"@type\":\"ReadAction\",\"target\":[\"https:\/\/www.leopoldaueralm.at\/fr\/shop\/forfait-make-my-day\/\"]}]},{\"@type\":\"ImageObject\",\"inLanguage\":\"fr-FR\",\"@id\":\"https:\/\/www.leopoldaueralm.at\/fr\/shop\/forfait-make-my-day\/#primaryimage\",\"url\":\"https:\/\/www.leopoldaueralm.at\/wp-content\/uploads\/2024\/02\/make-my-day-package-image.jpg\",\"contentUrl\":\"https:\/\/www.leopoldaueralm.at\/wp-content\/uploads\/2024\/02\/make-my-day-package-image.jpg\",\"width\":1280,\"height\":819},{\"@type\":\"BreadcrumbList\",\"@id\":\"https:\/\/www.leopoldaueralm.at\/fr\/shop\/forfait-make-my-day\/#breadcrumb\",\"itemListElement\":[{\"@type\":\"ListItem\",\"position\":1,\"name\":\"Startseite\",\"item\":\"https:\/\/www.leopoldaueralm.at\/fr\/page-daccueil\/\"},{\"@type\":\"ListItem\",\"position\":2,\"name\":\"Boutique\",\"item\":\"https:\/\/www.leopoldaueralm.at\/fr\/boutique\/\"},{\"@type\":\"ListItem\",\"position\":3,\"name\":\"\u00c9v\u00e9nement\",\"item\":\"https:\/\/www.leopoldaueralm.at\/fr\/product-category\/evenement\/\"},{\"@type\":\"ListItem\",\"position\":4,\"name\":\"Forfait Make My Day\"}]},{\"@type\":\"WebSite\",\"@id\":\"https:\/\/www.leopoldaueralm.at\/fr\/#website\",\"url\":\"https:\/\/www.leopoldaueralm.at\/fr\/\",\"name\":\"XXL Restaurant Leopoldauer Alm\",\"description\":\"Das XXL Restaurant in Wien\",\"publisher\":{\"@id\":\"https:\/\/www.leopoldaueralm.at\/fr\/#organization\"},\"potentialAction\":[{\"@type\":\"SearchAction\",\"target\":{\"@type\":\"EntryPoint\",\"urlTemplate\":\"https:\/\/www.leopoldaueralm.at\/fr\/?s={search_term_string}\"},\"query-input\":{\"@type\":\"PropertyValueSpecification\",\"valueRequired\":true,\"valueName\":\"search_term_string\"}}],\"inLanguage\":\"fr-FR\"},{\"@type\":\"Organization\",\"@id\":\"https:\/\/www.leopoldaueralm.at\/fr\/#organization\",\"name\":\"XXL Restaurant Leopoldauer Alm\",\"url\":\"https:\/\/www.leopoldaueralm.at\/fr\/\",\"logo\":{\"@type\":\"ImageObject\",\"inLanguage\":\"fr-FR\",\"@id\":\"https:\/\/www.leopoldaueralm.at\/fr\/#\/schema\/logo\/image\/\",\"url\":\"https:\/\/www.leopoldaueralm.at\/wp-content\/uploads\/2019\/12\/leo-logo.png\",\"contentUrl\":\"https:\/\/www.leopoldaueralm.at\/wp-content\/uploads\/2019\/12\/leo-logo.png\",\"width\":250,\"height\":250,\"caption\":\"XXL Restaurant Leopoldauer Alm\"},\"image\":{\"@id\":\"https:\/\/www.leopoldaueralm.at\/fr\/#\/schema\/logo\/image\/\"},\"sameAs\":[\"https:\/\/www.facebook.com\/LeopoldauerAlm\"]}]}<\/script>\n<!-- \/ Yoast SEO plugin. -->","yoast_head_json":{"title":"Forfait Make My Day XXL Restaurant Leopoldauer Alm","robots":{"index":"index","follow":"follow","max-snippet":"max-snippet:-1","max-image-preview":"max-image-preview:large","max-video-preview":"max-video-preview:-1"},"canonical":"https:\/\/www.leopoldaueralm.at\/fr\/shop\/forfait-make-my-day\/","og_locale":"fr_FR","og_type":"article","og_title":"Forfait Make My Day XXL Restaurant Leopoldauer Alm","og_description":"R\u00e9servation possible \u00e0 partir de 20&nbsp;personnes&nbsp;! F\u00eatez votre jour sp\u00e9cial avec vos proches \u00e0 la Leopoldauer Alm ! Tout est dress\u00e9 en blanc, que ce soit dans le Kaiserst\u00fcberl, le Brunnengarten, etc. R\u00e9ception avec du vin mousseux\/orange au vin mousseux ! Choisissez un menu \u00e0 3 plats ou nos c\u00e9l\u00e8bres plateaux XXL : Festin de chalet d'alpage, plateau de cochon de lait, fourche \u00e0 fumier ou plateau de fermier de montagne. 5h inclus toutes les boissons ouvertes comme le vin, la bi\u00e8re, les boissons non alcoolis\u00e9es, le caf\u00e9, le Hugo, l'Aperol, le Frizzante et j'en passe !  Parfait pour une baby shower, une confirmation, un bapt\u00eame, une premi\u00e8re communion, un mariage, un anniversaire, etc.   Enfants \u00e0 partir de 6 ans 35,00 \u20ac par enfant  69,00 \u20ac par personne","og_url":"https:\/\/www.leopoldaueralm.at\/fr\/shop\/forfait-make-my-day\/","og_site_name":"XXL Restaurant Leopoldauer Alm","article_publisher":"https:\/\/www.facebook.com\/LeopoldauerAlm","og_image":[{"width":1280,"height":819,"url":"https:\/\/www.leopoldaueralm.at\/wp-content\/uploads\/2024\/02\/make-my-day-package-image.jpg","type":"image\/jpeg"}],"twitter_card":"summary_large_image","twitter_misc":{"Dur\u00e9e de lecture estim\u00e9e":"2 minutes"},"schema":{"@context":"https:\/\/schema.org","@graph":[{"@type":"WebPage","@id":"https:\/\/www.leopoldaueralm.at\/fr\/shop\/forfait-make-my-day\/","url":"https:\/\/www.leopoldaueralm.at\/fr\/shop\/forfait-make-my-day\/","name":"Forfait Make My Day XXL Restaurant Leopoldauer Alm","isPartOf":{"@id":"https:\/\/www.leopoldaueralm.at\/fr\/#website"},"primaryImageOfPage":{"@id":"https:\/\/www.leopoldaueralm.at\/fr\/shop\/forfait-make-my-day\/#primaryimage"},"image":{"@id":"https:\/\/www.leopoldaueralm.at\/fr\/shop\/forfait-make-my-day\/#primaryimage"},"thumbnailUrl":"https:\/\/www.leopoldaueralm.at\/wp-content\/uploads\/2024\/02\/make-my-day-package-image.jpg","datePublished":"2024-02-23T08:11:05+00:00","breadcrumb":{"@id":"https:\/\/www.leopoldaueralm.at\/fr\/shop\/forfait-make-my-day\/#breadcrumb"},"inLanguage":"fr-FR","potentialAction":[{"@type":"ReadAction","target":["https:\/\/www.leopoldaueralm.at\/fr\/shop\/forfait-make-my-day\/"]}]},{"@type":"ImageObject","inLanguage":"fr-FR","@id":"https:\/\/www.leopoldaueralm.at\/fr\/shop\/forfait-make-my-day\/#primaryimage","url":"https:\/\/www.leopoldaueralm.at\/wp-content\/uploads\/2024\/02\/make-my-day-package-image.jpg","contentUrl":"https:\/\/www.leopoldaueralm.at\/wp-content\/uploads\/2024\/02\/make-my-day-package-image.jpg","width":1280,"height":819},{"@type":"BreadcrumbList","@id":"https:\/\/www.leopoldaueralm.at\/fr\/shop\/forfait-make-my-day\/#breadcrumb","itemListElement":[{"@type":"ListItem","position":1,"name":"Startseite","item":"https:\/\/www.leopoldaueralm.at\/fr\/page-daccueil\/"},{"@type":"ListItem","position":2,"name":"Boutique","item":"https:\/\/www.leopoldaueralm.at\/fr\/boutique\/"},{"@type":"ListItem","position":3,"name":"\u00c9v\u00e9nement","item":"https:\/\/www.leopoldaueralm.at\/fr\/product-category\/evenement\/"},{"@type":"ListItem","position":4,"name":"Forfait Make My Day"}]},{"@type":"WebSite","@id":"https:\/\/www.leopoldaueralm.at\/fr\/#website","url":"https:\/\/www.leopoldaueralm.at\/fr\/","name":"XXL Restaurant Leopoldauer Alm","description":"Das XXL Restaurant in Wien","publisher":{"@id":"https:\/\/www.leopoldaueralm.at\/fr\/#organization"},"potentialAction":[{"@type":"SearchAction","target":{"@type":"EntryPoint","urlTemplate":"https:\/\/www.leopoldaueralm.at\/fr\/?s={search_term_string}"},"query-input":{"@type":"PropertyValueSpecification","valueRequired":true,"valueName":"search_term_string"}}],"inLanguage":"fr-FR"},{"@type":"Organization","@id":"https:\/\/www.leopoldaueralm.at\/fr\/#organization","name":"XXL Restaurant Leopoldauer Alm","url":"https:\/\/www.leopoldaueralm.at\/fr\/","logo":{"@type":"ImageObject","inLanguage":"fr-FR","@id":"https:\/\/www.leopoldaueralm.at\/fr\/#\/schema\/logo\/image\/","url":"https:\/\/www.leopoldaueralm.at\/wp-content\/uploads\/2019\/12\/leo-logo.png","contentUrl":"https:\/\/www.leopoldaueralm.at\/wp-content\/uploads\/2019\/12\/leo-logo.png","width":250,"height":250,"caption":"XXL Restaurant Leopoldauer Alm"},"image":{"@id":"https:\/\/www.leopoldaueralm.at\/fr\/#\/schema\/logo\/image\/"},"sameAs":["https:\/\/www.facebook.com\/LeopoldauerAlm"]}]}},"wcpa_form_fields":null,"_links":{"self":[{"href":"https:\/\/www.leopoldaueralm.at\/fr\/wp-json\/wp\/v2\/product\/26405","targetHints":{"allow":["GET"]}}],"collection":[{"href":"https:\/\/www.leopoldaueralm.at\/fr\/wp-json\/wp\/v2\/product"}],"about":[{"href":"https:\/\/www.leopoldaueralm.at\/fr\/wp-json\/wp\/v2\/types\/product"}],"wp:featuredmedia":[{"embeddable":true,"href":"https:\/\/www.leopoldaueralm.at\/fr\/wp-json\/wp\/v2\/media\/18755"}],"wp:attachment":[{"href":"https:\/\/www.leopoldaueralm.at\/fr\/wp-json\/wp\/v2\/media?parent=26405"}],"wp:term":[{"taxonomy":"product_brand","embeddable":true,"href":"https:\/\/www.leopoldaueralm.at\/fr\/wp-json\/wp\/v2\/product_brand?post=26405"},{"taxonomy":"product_cat","embeddable":true,"href":"https:\/\/www.leopoldaueralm.at\/fr\/wp-json\/wp\/v2\/product_cat?post=26405"},{"taxonomy":"product_tag","embeddable":true,"href":"https:\/\/www.leopoldaueralm.at\/fr\/wp-json\/wp\/v2\/product_tag?post=26405"}],"curies":[{"name":"wp","href":"https:\/\/api.w.org\/{rel}","templated":true}]}}