{"id":26416,"date":"2024-01-19T14:40:12","date_gmt":"2024-01-19T13:40:12","guid":{"rendered":"https:\/\/www.leopoldaueralm.at\/shop\/stelzenkirtag-fete-du-jarret\/"},"modified":"2024-01-19T14:40:12","modified_gmt":"2024-01-19T13:40:12","slug":"stelzenkirtag-fete-du-jarret","status":"publish","type":"product","link":"https:\/\/www.leopoldaueralm.at\/fr\/shop\/stelzenkirtag-fete-du-jarret\/","title":{"rendered":"Stelzenkirtag (F\u00eate du jarret)"},"content":{"rendered":"","protected":false},"excerpt":{"rendered":"<p class=\"p3\">Grosse Stelze (jarret) arri\u00e8re d&rsquo;environ 2 kg pour 2 personnes<\/p>\n<p class=\"p3\">Inclus tous les accompagnements, 2 salades, pain, l\u00e9gumes aigres, moutarde, raifort + 2 grandes boissons (Budweiser, bi\u00e8re maison 0,5L ou 0,5L Cola ou Soda framboise\/citron, etc.) <\/p>\n<p class=\"p3\">Seulement 38,00 \u20ac sur r\u00e9servation !<\/p>\n<p class=\"p3\"><strong>AUSSI \u00c0 EMPORTER<\/strong> (avec canette de Cola ou bi\u00e8re Ottakringer 0,5l)<\/p>\n<p><strong>17h00 \u2013 21h00<\/strong><\/p>\n<p><span style=\"color: #ff0000;\"><strong>Cette commande s\u00e9curise uniquement votre jarret. Pour les r\u00e9servations de table, veuillez appeler au 01\/25 98 380 \u00e0 l&rsquo;avance.<\/strong><\/span><\/p>\n","protected":false},"featured_media":12255,"template":"","meta":{"ocean_post_layout":"","ocean_both_sidebars_style":"","ocean_both_sidebars_content_width":0,"ocean_both_sidebars_sidebars_width":0,"ocean_sidebar":"","ocean_second_sidebar":"","ocean_disable_margins":"enable","ocean_add_body_class":"","ocean_shortcode_before_top_bar":"","ocean_shortcode_after_top_bar":"","ocean_shortcode_before_header":"","ocean_shortcode_after_header":"","ocean_has_shortcode":"","ocean_shortcode_after_title":"","ocean_shortcode_before_footer_widgets":"","ocean_shortcode_after_footer_widgets":"","ocean_shortcode_before_footer_bottom":"","ocean_shortcode_after_footer_bottom":"","ocean_display_top_bar":"default","ocean_display_header":"default","ocean_header_style":"","ocean_center_header_left_menu":"","ocean_custom_header_template":"","ocean_custom_logo":0,"ocean_custom_retina_logo":0,"ocean_custom_logo_max_width":0,"ocean_custom_logo_tablet_max_width":0,"ocean_custom_logo_mobile_max_width":0,"ocean_custom_logo_max_height":0,"ocean_custom_logo_tablet_max_height":0,"ocean_custom_logo_mobile_max_height":0,"ocean_header_custom_menu":"","ocean_menu_typo_font_family":"","ocean_menu_typo_font_subset":"","ocean_menu_typo_font_size":0,"ocean_menu_typo_font_size_tablet":0,"ocean_menu_typo_font_size_mobile":0,"ocean_menu_typo_font_size_unit":"px","ocean_menu_typo_font_weight":"","ocean_menu_typo_font_weight_tablet":"","ocean_menu_typo_font_weight_mobile":"","ocean_menu_typo_transform":"","ocean_menu_typo_transform_tablet":"","ocean_menu_typo_transform_mobile":"","ocean_menu_typo_line_height":0,"ocean_menu_typo_line_height_tablet":0,"ocean_menu_typo_line_height_mobile":0,"ocean_menu_typo_line_height_unit":"","ocean_menu_typo_spacing":0,"ocean_menu_typo_spacing_tablet":0,"ocean_menu_typo_spacing_mobile":0,"ocean_menu_typo_spacing_unit":"","ocean_menu_link_color":"","ocean_menu_link_color_hover":"","ocean_menu_link_color_active":"","ocean_menu_link_background":"","ocean_menu_link_hover_background":"","ocean_menu_link_active_background":"","ocean_menu_social_links_bg":"","ocean_menu_social_hover_links_bg":"","ocean_menu_social_links_color":"","ocean_menu_social_hover_links_color":"","ocean_disable_title":"default","ocean_disable_heading":"default","ocean_post_title":"","ocean_post_subheading":"","ocean_post_title_style":"","ocean_post_title_background_color":"","ocean_post_title_background":0,"ocean_post_title_bg_image_position":"","ocean_post_title_bg_image_attachment":"","ocean_post_title_bg_image_repeat":"","ocean_post_title_bg_image_size":"","ocean_post_title_height":0,"ocean_post_title_bg_overlay":0.5,"ocean_post_title_bg_overlay_color":"","ocean_disable_breadcrumbs":"default","ocean_breadcrumbs_color":"","ocean_breadcrumbs_separator_color":"","ocean_breadcrumbs_links_color":"","ocean_breadcrumbs_links_hover_color":"","ocean_display_footer_widgets":"default","ocean_display_footer_bottom":"default","ocean_custom_footer_template":"","osh_disable_topbar_sticky":"default","osh_disable_header_sticky":"default","osh_sticky_header_style":"default","osh_sticky_header_effect":"","osh_custom_sticky_logo":0,"osh_custom_retina_sticky_logo":0,"osh_custom_sticky_logo_height":0,"osh_background_color":"","osh_links_color":"","osh_links_hover_color":"","osh_links_active_color":"","osh_links_bg_color":"","osh_links_hover_bg_color":"","osh_links_active_bg_color":"","osh_menu_social_links_color":"","osh_menu_social_hover_links_color":""},"product_brand":[],"product_cat":[517],"product_tag":[593],"class_list":{"0":"post-26416","1":"product","2":"type-product","3":"status-publish","4":"has-post-thumbnail","6":"product_cat-evenement","7":"product_tag-jarret","8":"product_shipping_class-uniquement-a-lalm","10":"entry","11":"has-media","12":"wcpa_has_options","14":"first","15":"instock","16":"taxable","17":"shipping-taxable","18":"purchasable","19":"product-type-simple","20":"has-product-nav","21":"col","22":"span_1_of_3","23":"owp-content-center","24":"owp-thumbs-layout-horizontal","25":"owp-btn-normal","26":"owp-tabs-layout-horizontal"},"group_of_quantity":0,"min_quantity":0,"max_quantity":"","exclude_order_quantity_value_rules":"no","exclude_category_quantity_rules":"no","combine_variations":"no","yoast_head":"<!-- This site is optimized with the Yoast SEO plugin v27.2 - https:\/\/yoast.com\/product\/yoast-seo-wordpress\/ -->\n<title>Stelzenkirtag (F\u00eate du jarret) XXL Restaurant Leopoldauer Alm<\/title>\n<meta name=\"robots\" content=\"index, follow, max-snippet:-1, max-image-preview:large, max-video-preview:-1\" \/>\n<link rel=\"canonical\" href=\"https:\/\/www.leopoldaueralm.at\/fr\/shop\/stelzenkirtag-fete-du-jarret\/\" \/>\n<meta property=\"og:locale\" content=\"fr_FR\" \/>\n<meta property=\"og:type\" content=\"article\" \/>\n<meta property=\"og:title\" content=\"Stelzenkirtag (F\u00eate du jarret) XXL Restaurant Leopoldauer Alm\" \/>\n<meta property=\"og:description\" content=\"Grosse Stelze (jarret) arri\u00e8re d&#039;environ 2 kg pour 2 personnes Inclus tous les accompagnements, 2 salades, pain, l\u00e9gumes aigres, moutarde, raifort + 2 grandes boissons (Budweiser, bi\u00e8re maison 0,5L ou 0,5L Cola ou Soda framboise\/citron, etc.)  Seulement 38,00 \u20ac sur r\u00e9servation ! AUSSI \u00c0 EMPORTER (avec canette de Cola ou bi\u00e8re Ottakringer 0,5l) 17h00 \u2013 21h00 Cette commande s\u00e9curise uniquement votre jarret. Pour les r\u00e9servations de table, veuillez appeler au 01\/25 98 380 \u00e0 l&#039;avance.\" \/>\n<meta property=\"og:url\" content=\"https:\/\/www.leopoldaueralm.at\/fr\/shop\/stelzenkirtag-fete-du-jarret\/\" \/>\n<meta property=\"og:site_name\" content=\"XXL Restaurant Leopoldauer Alm\" \/>\n<meta property=\"article:publisher\" content=\"https:\/\/www.facebook.com\/LeopoldauerAlm\" \/>\n<meta property=\"og:image\" content=\"https:\/\/www.leopoldaueralm.at\/wp-content\/uploads\/2023\/08\/Stelzenkirtag-2.jpg\" \/>\n\t<meta property=\"og:image:width\" content=\"720\" \/>\n\t<meta property=\"og:image:height\" content=\"540\" \/>\n\t<meta property=\"og:image:type\" content=\"image\/jpeg\" \/>\n<meta name=\"twitter:card\" content=\"summary_large_image\" \/>\n<script type=\"application\/ld+json\" class=\"yoast-schema-graph\">{\"@context\":\"https:\/\/schema.org\",\"@graph\":[{\"@type\":\"WebPage\",\"@id\":\"https:\/\/www.leopoldaueralm.at\/fr\/shop\/stelzenkirtag-fete-du-jarret\/\",\"url\":\"https:\/\/www.leopoldaueralm.at\/fr\/shop\/stelzenkirtag-fete-du-jarret\/\",\"name\":\"Stelzenkirtag (F\u00eate du jarret) XXL Restaurant Leopoldauer Alm\",\"isPartOf\":{\"@id\":\"https:\/\/www.leopoldaueralm.at\/fr\/#website\"},\"primaryImageOfPage\":{\"@id\":\"https:\/\/www.leopoldaueralm.at\/fr\/shop\/stelzenkirtag-fete-du-jarret\/#primaryimage\"},\"image\":{\"@id\":\"https:\/\/www.leopoldaueralm.at\/fr\/shop\/stelzenkirtag-fete-du-jarret\/#primaryimage\"},\"thumbnailUrl\":\"https:\/\/www.leopoldaueralm.at\/wp-content\/uploads\/2023\/08\/Stelzenkirtag-2.jpg\",\"datePublished\":\"2024-01-19T13:40:12+00:00\",\"breadcrumb\":{\"@id\":\"https:\/\/www.leopoldaueralm.at\/fr\/shop\/stelzenkirtag-fete-du-jarret\/#breadcrumb\"},\"inLanguage\":\"fr-FR\",\"potentialAction\":[{\"@type\":\"ReadAction\",\"target\":[\"https:\/\/www.leopoldaueralm.at\/fr\/shop\/stelzenkirtag-fete-du-jarret\/\"]}]},{\"@type\":\"ImageObject\",\"inLanguage\":\"fr-FR\",\"@id\":\"https:\/\/www.leopoldaueralm.at\/fr\/shop\/stelzenkirtag-fete-du-jarret\/#primaryimage\",\"url\":\"https:\/\/www.leopoldaueralm.at\/wp-content\/uploads\/2023\/08\/Stelzenkirtag-2.jpg\",\"contentUrl\":\"https:\/\/www.leopoldaueralm.at\/wp-content\/uploads\/2023\/08\/Stelzenkirtag-2.jpg\",\"width\":720,\"height\":540},{\"@type\":\"BreadcrumbList\",\"@id\":\"https:\/\/www.leopoldaueralm.at\/fr\/shop\/stelzenkirtag-fete-du-jarret\/#breadcrumb\",\"itemListElement\":[{\"@type\":\"ListItem\",\"position\":1,\"name\":\"Startseite\",\"item\":\"https:\/\/www.leopoldaueralm.at\/fr\/page-daccueil\/\"},{\"@type\":\"ListItem\",\"position\":2,\"name\":\"Boutique\",\"item\":\"https:\/\/www.leopoldaueralm.at\/fr\/boutique\/\"},{\"@type\":\"ListItem\",\"position\":3,\"name\":\"\u00c9v\u00e9nement\",\"item\":\"https:\/\/www.leopoldaueralm.at\/fr\/product-category\/evenement\/\"},{\"@type\":\"ListItem\",\"position\":4,\"name\":\"Stelzenkirtag (F\u00eate du jarret)\"}]},{\"@type\":\"WebSite\",\"@id\":\"https:\/\/www.leopoldaueralm.at\/fr\/#website\",\"url\":\"https:\/\/www.leopoldaueralm.at\/fr\/\",\"name\":\"XXL Restaurant Leopoldauer Alm\",\"description\":\"Das XXL Restaurant in Wien\",\"publisher\":{\"@id\":\"https:\/\/www.leopoldaueralm.at\/fr\/#organization\"},\"potentialAction\":[{\"@type\":\"SearchAction\",\"target\":{\"@type\":\"EntryPoint\",\"urlTemplate\":\"https:\/\/www.leopoldaueralm.at\/fr\/?s={search_term_string}\"},\"query-input\":{\"@type\":\"PropertyValueSpecification\",\"valueRequired\":true,\"valueName\":\"search_term_string\"}}],\"inLanguage\":\"fr-FR\"},{\"@type\":\"Organization\",\"@id\":\"https:\/\/www.leopoldaueralm.at\/fr\/#organization\",\"name\":\"XXL Restaurant Leopoldauer Alm\",\"url\":\"https:\/\/www.leopoldaueralm.at\/fr\/\",\"logo\":{\"@type\":\"ImageObject\",\"inLanguage\":\"fr-FR\",\"@id\":\"https:\/\/www.leopoldaueralm.at\/fr\/#\/schema\/logo\/image\/\",\"url\":\"https:\/\/www.leopoldaueralm.at\/wp-content\/uploads\/2019\/12\/leo-logo.png\",\"contentUrl\":\"https:\/\/www.leopoldaueralm.at\/wp-content\/uploads\/2019\/12\/leo-logo.png\",\"width\":250,\"height\":250,\"caption\":\"XXL Restaurant Leopoldauer Alm\"},\"image\":{\"@id\":\"https:\/\/www.leopoldaueralm.at\/fr\/#\/schema\/logo\/image\/\"},\"sameAs\":[\"https:\/\/www.facebook.com\/LeopoldauerAlm\"]}]}<\/script>\n<!-- \/ Yoast SEO plugin. -->","yoast_head_json":{"title":"Stelzenkirtag (F\u00eate du jarret) XXL Restaurant Leopoldauer Alm","robots":{"index":"index","follow":"follow","max-snippet":"max-snippet:-1","max-image-preview":"max-image-preview:large","max-video-preview":"max-video-preview:-1"},"canonical":"https:\/\/www.leopoldaueralm.at\/fr\/shop\/stelzenkirtag-fete-du-jarret\/","og_locale":"fr_FR","og_type":"article","og_title":"Stelzenkirtag (F\u00eate du jarret) XXL Restaurant Leopoldauer Alm","og_description":"Grosse Stelze (jarret) arri\u00e8re d'environ 2 kg pour 2 personnes Inclus tous les accompagnements, 2 salades, pain, l\u00e9gumes aigres, moutarde, raifort + 2 grandes boissons (Budweiser, bi\u00e8re maison 0,5L ou 0,5L Cola ou Soda framboise\/citron, etc.)  Seulement 38,00 \u20ac sur r\u00e9servation ! AUSSI \u00c0 EMPORTER (avec canette de Cola ou bi\u00e8re Ottakringer 0,5l) 17h00 \u2013 21h00 Cette commande s\u00e9curise uniquement votre jarret. Pour les r\u00e9servations de table, veuillez appeler au 01\/25 98 380 \u00e0 l'avance.","og_url":"https:\/\/www.leopoldaueralm.at\/fr\/shop\/stelzenkirtag-fete-du-jarret\/","og_site_name":"XXL Restaurant Leopoldauer Alm","article_publisher":"https:\/\/www.facebook.com\/LeopoldauerAlm","og_image":[{"width":720,"height":540,"url":"https:\/\/www.leopoldaueralm.at\/wp-content\/uploads\/2023\/08\/Stelzenkirtag-2.jpg","type":"image\/jpeg"}],"twitter_card":"summary_large_image","schema":{"@context":"https:\/\/schema.org","@graph":[{"@type":"WebPage","@id":"https:\/\/www.leopoldaueralm.at\/fr\/shop\/stelzenkirtag-fete-du-jarret\/","url":"https:\/\/www.leopoldaueralm.at\/fr\/shop\/stelzenkirtag-fete-du-jarret\/","name":"Stelzenkirtag (F\u00eate du jarret) XXL Restaurant Leopoldauer Alm","isPartOf":{"@id":"https:\/\/www.leopoldaueralm.at\/fr\/#website"},"primaryImageOfPage":{"@id":"https:\/\/www.leopoldaueralm.at\/fr\/shop\/stelzenkirtag-fete-du-jarret\/#primaryimage"},"image":{"@id":"https:\/\/www.leopoldaueralm.at\/fr\/shop\/stelzenkirtag-fete-du-jarret\/#primaryimage"},"thumbnailUrl":"https:\/\/www.leopoldaueralm.at\/wp-content\/uploads\/2023\/08\/Stelzenkirtag-2.jpg","datePublished":"2024-01-19T13:40:12+00:00","breadcrumb":{"@id":"https:\/\/www.leopoldaueralm.at\/fr\/shop\/stelzenkirtag-fete-du-jarret\/#breadcrumb"},"inLanguage":"fr-FR","potentialAction":[{"@type":"ReadAction","target":["https:\/\/www.leopoldaueralm.at\/fr\/shop\/stelzenkirtag-fete-du-jarret\/"]}]},{"@type":"ImageObject","inLanguage":"fr-FR","@id":"https:\/\/www.leopoldaueralm.at\/fr\/shop\/stelzenkirtag-fete-du-jarret\/#primaryimage","url":"https:\/\/www.leopoldaueralm.at\/wp-content\/uploads\/2023\/08\/Stelzenkirtag-2.jpg","contentUrl":"https:\/\/www.leopoldaueralm.at\/wp-content\/uploads\/2023\/08\/Stelzenkirtag-2.jpg","width":720,"height":540},{"@type":"BreadcrumbList","@id":"https:\/\/www.leopoldaueralm.at\/fr\/shop\/stelzenkirtag-fete-du-jarret\/#breadcrumb","itemListElement":[{"@type":"ListItem","position":1,"name":"Startseite","item":"https:\/\/www.leopoldaueralm.at\/fr\/page-daccueil\/"},{"@type":"ListItem","position":2,"name":"Boutique","item":"https:\/\/www.leopoldaueralm.at\/fr\/boutique\/"},{"@type":"ListItem","position":3,"name":"\u00c9v\u00e9nement","item":"https:\/\/www.leopoldaueralm.at\/fr\/product-category\/evenement\/"},{"@type":"ListItem","position":4,"name":"Stelzenkirtag (F\u00eate du jarret)"}]},{"@type":"WebSite","@id":"https:\/\/www.leopoldaueralm.at\/fr\/#website","url":"https:\/\/www.leopoldaueralm.at\/fr\/","name":"XXL Restaurant Leopoldauer Alm","description":"Das XXL Restaurant in Wien","publisher":{"@id":"https:\/\/www.leopoldaueralm.at\/fr\/#organization"},"potentialAction":[{"@type":"SearchAction","target":{"@type":"EntryPoint","urlTemplate":"https:\/\/www.leopoldaueralm.at\/fr\/?s={search_term_string}"},"query-input":{"@type":"PropertyValueSpecification","valueRequired":true,"valueName":"search_term_string"}}],"inLanguage":"fr-FR"},{"@type":"Organization","@id":"https:\/\/www.leopoldaueralm.at\/fr\/#organization","name":"XXL Restaurant Leopoldauer Alm","url":"https:\/\/www.leopoldaueralm.at\/fr\/","logo":{"@type":"ImageObject","inLanguage":"fr-FR","@id":"https:\/\/www.leopoldaueralm.at\/fr\/#\/schema\/logo\/image\/","url":"https:\/\/www.leopoldaueralm.at\/wp-content\/uploads\/2019\/12\/leo-logo.png","contentUrl":"https:\/\/www.leopoldaueralm.at\/wp-content\/uploads\/2019\/12\/leo-logo.png","width":250,"height":250,"caption":"XXL Restaurant Leopoldauer Alm"},"image":{"@id":"https:\/\/www.leopoldaueralm.at\/fr\/#\/schema\/logo\/image\/"},"sameAs":["https:\/\/www.facebook.com\/LeopoldauerAlm"]}]}},"wcpa_form_fields":{"wcpaData":{"product":{"product_price":38,"price_html":"<span class=\"woocommerce-Price-amount amount\"><bdi>38,00&nbsp;<span class=\"woocommerce-Price-currencySymbol\">&euro;<\/span><\/bdi><\/span>","original_product_price":38,"price_including_tax":38,"price_excluding_tax":31.666667,"product_id":{"parent":26416,"variation":false},"is_variable":false,"stock_status":"instock","stock_quantity":null,"parent_sku":"","product_attributes":[],"custom_fields":[],"is_taxable":true,"product_name":"Stelzenkirtag (F\u00eate du jarret)","hasImage":false},"fields":{"sec_165e85e0aecec2":{"extra":{"key":"sec_165e85e0aecec2","section_id":"sec_165e85e0aecec2","name":"Default","status":1,"toggle":true,"form_id":22474,"form_rules":{"exclude_from_discount":false,"fee_label":"Geb\u00fchr","disp_hide_options_price":false,"disp_show_section_price":false,"disp_show_field_price":true,"layout_option":"standard","pric_use_as_fee":false,"process_fee_as":"woo_fee"},"layout_option":"standard"},"fields":[[{"active":true,"col":6,"relations":false,"cl_rule":"show","enableCl":false,"price":"","enablePrice":false,"className":"","type":"select","required":true,"elementId":"select_1065e85e0aeced6","label":"Datum w\u00e4hlen:","name":"select_1065e85e0aeced6","values":[{"label":"Freitag 29.05.2026","value":"Freitag 29.05.2026","selected":false,"tempId":"aco_91","gt_translate_keys":["label"]},{"label":"Freitag 26.06.2026","value":"Freitag 26.06.2026","selected":false,"tempId":"aco_290","gt_translate_keys":["label"]},{"label":"Freitag 17.07.2026","value":"Freitag 17.07.2026","selected":false,"tempId":"aco_471","gt_translate_keys":["label"]}],"error":false,"dropdown_type":"basic","isWeightTemplate":false,"isTemplate":false,"min_quantity":"1","quantity_decimal":false,"quantity_step":"1","quantity_label":"Quantity","repeater_field_label":"{field_label}","repeater_bind":"","gt_translate_keys":["label","repeater_field_label","quantity_label"],"price_dependency":false,"cl_dependency":false,"value":""}],[{"label":"Uhrzeit w\u00e4hlen:","active":true,"required":true,"elementId":"select-7358556128","name":"select-7358556128","className":"","enableCl":false,"relations":false,"values":[{"label":"17:00 Uhr","value":"17:00 Uhr","selected":false,"tempId":"aco_283","gt_translate_keys":["label"]},{"label":"18:00 Uhr","value":"18:00 Uhr","selected":false,"tempId":"aco_747","gt_translate_keys":["label"]},{"label":"19:30 Uhr","value":"19:30 Uhr","selected":false,"tempId":"aco_171","gt_translate_keys":["label"]}],"cl_rule":"show","col":6,"type":"select","error":false,"gt_translate_keys":["label"],"price_dependency":false,"cl_dependency":false,"value":""}]]}},"config":{"price_override":"","enable_recaptcha":false,"bind_quantity":false,"quantity_bind_formula":false,"disp_summ_show_option_price":true,"disp_summ_show_product_price":true,"disp_summ_show_total_price":true,"disp_summ_show_fee":false,"disp_summ_show_discount":false,"summary_title":"","options_total_label":"Auswahl Preis","total_label":"Gesamt","options_product_label":"Produkt Preis","fee_label":"Geb\u00fchr","discount_label":"Rabatt","has_price":true,"has_quantity_formula":false},"mc_unit":1,"tax_rate":1,"tax_rate_real":0.2,"discount":{"percentage":0,"fixed":0},"design":{"conf":{"LabelPosition":"above","DescPosition":"above","UploadField":"custom_1","QuantityFieldStyle":"default"},"css":{"LeftLabelWidth":"120px"}},"formulas":[],"lookuptables":[],"clones":false,"cartKey":false}},"_links":{"self":[{"href":"https:\/\/www.leopoldaueralm.at\/fr\/wp-json\/wp\/v2\/product\/26416","targetHints":{"allow":["GET"]}}],"collection":[{"href":"https:\/\/www.leopoldaueralm.at\/fr\/wp-json\/wp\/v2\/product"}],"about":[{"href":"https:\/\/www.leopoldaueralm.at\/fr\/wp-json\/wp\/v2\/types\/product"}],"wp:featuredmedia":[{"embeddable":true,"href":"https:\/\/www.leopoldaueralm.at\/fr\/wp-json\/wp\/v2\/media\/12255"}],"wp:attachment":[{"href":"https:\/\/www.leopoldaueralm.at\/fr\/wp-json\/wp\/v2\/media?parent=26416"}],"wp:term":[{"taxonomy":"product_brand","embeddable":true,"href":"https:\/\/www.leopoldaueralm.at\/fr\/wp-json\/wp\/v2\/product_brand?post=26416"},{"taxonomy":"product_cat","embeddable":true,"href":"https:\/\/www.leopoldaueralm.at\/fr\/wp-json\/wp\/v2\/product_cat?post=26416"},{"taxonomy":"product_tag","embeddable":true,"href":"https:\/\/www.leopoldaueralm.at\/fr\/wp-json\/wp\/v2\/product_tag?post=26416"}],"curies":[{"name":"wp","href":"https:\/\/api.w.org\/{rel}","templated":true}]}}