{"id":26547,"date":"2024-06-10T11:57:03","date_gmt":"2024-06-10T09:57:03","guid":{"rendered":"https:\/\/www.leopoldaueralm.at\/shop\/traiteur\/"},"modified":"2026-04-17T12:26:47","modified_gmt":"2026-04-17T10:26:47","slug":"traiteur","status":"publish","type":"product","link":"https:\/\/www.leopoldaueralm.at\/fr\/shop\/traiteur\/","title":{"rendered":"Traiteur"},"content":{"rendered":"<p style=\"font-weight: 400;\">Voici un petit aper\u00e7u de notre offre de plats (en fonction du service traiteur et du nombre de personnes) :<\/p>\n<p style=\"font-weight: 400;\"><strong>ENTR\u00c9ES AU CHOIX :<\/strong><\/p>\n<ul>\n<li style=\"font-weight: 400;\">Soupe \u00e0 l&rsquo;ail (\u00e9galement possible dans une cro\u00fbte de pain)<\/li>\n<li style=\"font-weight: 400;\">Soupe Frittaten<\/li>\n<li style=\"font-weight: 400;\">Soupe aux quenelles de foie<\/li>\n<li style=\"font-weight: 400;\">Assortiment de charcuteries (variations de jambon)<\/li>\n<li style=\"font-weight: 400;\">Plateaux de fromages<\/li>\n<li style=\"font-weight: 400;\">Plateaux de poissons\/saumon<\/li>\n<\/ul>\n<p style=\"font-weight: 400;\"><strong>PLATS PRINCIPAUX AU CHOIX :<\/strong><\/p>\n<ul>\n<li style=\"font-weight: 400;\">R\u00f4ti de porc au cumin avec choucroute et boulettes<\/li>\n<li style=\"font-weight: 400;\">R\u00f4ti de porc avec choucroute et boulettes<\/li>\n<li style=\"font-weight: 400;\">Plat paysan (plat mixte &#8211; choucroute, boulettes, jus de r\u00f4ti, boulettes de lard, viande fum\u00e9e, boudin noir, r\u00f4ti de porc)<\/li>\n<li style=\"font-weight: 400;\">Escalope (poulet ou porc avec salade de pommes de terre, frites ou pommes de terre saut\u00e9es)<\/li>\n<li style=\"font-weight: 400;\">P\u00e2t\u00e9s de viande hach\u00e9e<\/li>\n<li style=\"font-weight: 400;\">Poulet frit avec accompagnements<\/li>\n<li style=\"font-weight: 400;\">Goulash avec boulettes<\/li>\n<li style=\"font-weight: 400;\">P\u00e2tes au chou<\/li>\n<li style=\"font-weight: 400;\">Sp\u00e4tzle au fromage, tagliatelles aux champignons et parmesan<\/li>\n<li style=\"font-weight: 400;\">Strudel aux \u00e9pinards avec sauce au gorgonzola<\/li>\n<li style=\"font-weight: 400;\">L\u00e9gumes pan\u00e9s et sauce tartare<\/li>\n<\/ul>\n<p style=\"font-weight: 400;\"><strong>DESSERTS AU CHOIX :<\/strong><\/p>\n<ul>\n<li style=\"font-weight: 400;\">Strudel aux pommes<\/li>\n<li style=\"font-weight: 400;\">Strudel au fromage blanc avec sauce vanille<\/li>\n<li style=\"font-weight: 400;\">G\u00e2teau sur plaque<\/li>\n<li style=\"font-weight: 400;\">Boulettes aux abricots<\/li>\n<li style=\"font-weight: 400;\">Petits g\u00e2teaux au chocolat<\/li>\n<\/ul>\n<h4 style=\"font-weight: 400;\"><\/h4>\n<h4>GRATUIT, INCLUS DANS VOTRE SERVICE TRAITEUR :<\/h4>\n<p style=\"font-weight: 400;\"><strong>Livraison + montage + d\u00e9montage + mat\u00e9riel d&#8217;emballage<\/strong><\/p>\n<p>PERSONNEL : CUISINIERS ou serveurs 150,00&nbsp;\u20ac par heure<\/p>\n<p>Bien s\u00fbr, ce ne sont que de petits exemples. Vous souhaitez, nous livrons. Il est \u00e9galement possible de varier, d&rsquo;\u00e9toffer et d&rsquo;\u00e9largir chaque variante \u00e0 votre guise !  <\/p>\n<p>Demandez maintenant par e-mail :<br \/>\n<a href=\"mailto:office@leopoldaueralm.at\">office@leopoldaueralm.at<\/a><br \/>\nNous serons heureux de vous conseiller !<\/p>\n","protected":false},"excerpt":{"rendered":"<h3 class=\"elementor-heading-title elementor-size-default\">Nous organisons ta f\u00eate de 20 \u00e0 2 000 personnes ou plus !<\/h3>\n<div class=\"default-style\">La livraison, le montage et l&rsquo;enl\u00e8vement sont toujours <strong>GRATUITS<\/strong> !<\/div>\n<div class=\"default-style\">Nous composons votre buffet selon vos souhaits, vos exigences et votre budget !<\/div>\n<div class=\"default-style\">Qu&rsquo;il s&rsquo;agisse d&rsquo;\u00e9v\u00e9nements d&rsquo;entreprise, de mariages ou de f\u00eates priv\u00e9es, nous livrons notre cuisine prim\u00e9e directement \u00e0 votre table !<\/div>\n<div><\/div>\n<div>Nos buffets commencent \u00e0 35,00 \u20ac par personne et vont jusqu&rsquo;\u00e0 environ 65,00 \u20ac par personne !<\/div>\n<div><\/div>\n<div>Vous trouverez ci-dessous un extrait de notre offre de plats.<\/div>\n<div><\/div>\n<div>\n<p style=\"font-weight: 400;\"><strong>TRAITEUR POSSIBLE \u00c0 PARTIR DE 20 PERSONNES !!!<\/strong><\/p>\n<p style=\"font-weight: 400;\"><strong>Prix par personne \u00e0 partir de 35 \u20ac<br \/>\n<\/strong><strong>(prix variable en fonction du choix des plats, du nombre de personnes, etc.)<\/strong><\/p>\n<p><strong>Acompte :<\/strong><\/p>\n<\/div>\n","protected":false},"featured_media":20799,"template":"","meta":{"ocean_post_layout":"","ocean_both_sidebars_style":"","ocean_both_sidebars_content_width":0,"ocean_both_sidebars_sidebars_width":0,"ocean_sidebar":"0","ocean_second_sidebar":"0","ocean_disable_margins":"enable","ocean_add_body_class":"","ocean_shortcode_before_top_bar":"","ocean_shortcode_after_top_bar":"","ocean_shortcode_before_header":"","ocean_shortcode_after_header":"","ocean_has_shortcode":"","ocean_shortcode_after_title":"","ocean_shortcode_before_footer_widgets":"","ocean_shortcode_after_footer_widgets":"","ocean_shortcode_before_footer_bottom":"","ocean_shortcode_after_footer_bottom":"","ocean_display_top_bar":"default","ocean_display_header":"default","ocean_header_style":"","ocean_center_header_left_menu":"0","ocean_custom_header_template":"0","ocean_custom_logo":0,"ocean_custom_retina_logo":0,"ocean_custom_logo_max_width":0,"ocean_custom_logo_tablet_max_width":0,"ocean_custom_logo_mobile_max_width":0,"ocean_custom_logo_max_height":0,"ocean_custom_logo_tablet_max_height":0,"ocean_custom_logo_mobile_max_height":0,"ocean_header_custom_menu":"0","ocean_menu_typo_font_family":"0","ocean_menu_typo_font_subset":"","ocean_menu_typo_font_size":0,"ocean_menu_typo_font_size_tablet":0,"ocean_menu_typo_font_size_mobile":0,"ocean_menu_typo_font_size_unit":"px","ocean_menu_typo_font_weight":"","ocean_menu_typo_font_weight_tablet":"","ocean_menu_typo_font_weight_mobile":"","ocean_menu_typo_transform":"","ocean_menu_typo_transform_tablet":"","ocean_menu_typo_transform_mobile":"","ocean_menu_typo_line_height":0,"ocean_menu_typo_line_height_tablet":0,"ocean_menu_typo_line_height_mobile":0,"ocean_menu_typo_line_height_unit":"","ocean_menu_typo_spacing":0,"ocean_menu_typo_spacing_tablet":0,"ocean_menu_typo_spacing_mobile":0,"ocean_menu_typo_spacing_unit":"","ocean_menu_link_color":"","ocean_menu_link_color_hover":"","ocean_menu_link_color_active":"","ocean_menu_link_background":"","ocean_menu_link_hover_background":"","ocean_menu_link_active_background":"","ocean_menu_social_links_bg":"","ocean_menu_social_hover_links_bg":"","ocean_menu_social_links_color":"","ocean_menu_social_hover_links_color":"","ocean_disable_title":"default","ocean_disable_heading":"default","ocean_post_title":"","ocean_post_subheading":"","ocean_post_title_style":"","ocean_post_title_background_color":"","ocean_post_title_background":0,"ocean_post_title_bg_image_position":"","ocean_post_title_bg_image_attachment":"","ocean_post_title_bg_image_repeat":"","ocean_post_title_bg_image_size":"","ocean_post_title_height":0,"ocean_post_title_bg_overlay":0.5,"ocean_post_title_bg_overlay_color":"","ocean_disable_breadcrumbs":"default","ocean_breadcrumbs_color":"","ocean_breadcrumbs_separator_color":"","ocean_breadcrumbs_links_color":"","ocean_breadcrumbs_links_hover_color":"","ocean_display_footer_widgets":"default","ocean_display_footer_bottom":"default","ocean_custom_footer_template":"0","osh_disable_topbar_sticky":"default","osh_disable_header_sticky":"default","osh_sticky_header_style":"default","osh_sticky_header_effect":"","osh_custom_sticky_logo":0,"osh_custom_retina_sticky_logo":0,"osh_custom_sticky_logo_height":0,"osh_background_color":"","osh_links_color":"","osh_links_hover_color":"","osh_links_active_color":"","osh_links_bg_color":"","osh_links_hover_bg_color":"","osh_links_active_bg_color":"","osh_menu_social_links_color":"","osh_menu_social_hover_links_color":""},"product_brand":[],"product_cat":[517],"product_tag":[],"class_list":{"0":"post-26547","1":"product","2":"type-product","3":"status-publish","4":"has-post-thumbnail","6":"product_cat-evenement","7":"product_shipping_class-uniquement-a-lalm","9":"entry","10":"has-media","11":"wcpa_has_options","13":"first","14":"instock","15":"taxable","16":"shipping-taxable","17":"purchasable","18":"product-type-variable","19":"has-product-nav","20":"col","21":"span_1_of_3","22":"owp-content-center","23":"owp-thumbs-layout-horizontal","24":"owp-btn-normal","25":"owp-tabs-layout-horizontal"},"group_of_quantity":0,"min_quantity":0,"max_quantity":"","exclude_order_quantity_value_rules":"no","exclude_category_quantity_rules":"no","combine_variations":"no","yoast_head":"<!-- This site is optimized with the Yoast SEO plugin v27.2 - https:\/\/yoast.com\/product\/yoast-seo-wordpress\/ -->\n<title>Traiteur XXL Restaurant Leopoldauer Alm<\/title>\n<meta name=\"robots\" content=\"index, follow, max-snippet:-1, max-image-preview:large, max-video-preview:-1\" \/>\n<link rel=\"canonical\" href=\"https:\/\/www.leopoldaueralm.at\/fr\/shop\/traiteur\/\" \/>\n<meta property=\"og:locale\" content=\"fr_FR\" \/>\n<meta property=\"og:type\" content=\"article\" \/>\n<meta property=\"og:title\" content=\"Traiteur XXL Restaurant Leopoldauer Alm\" \/>\n<meta property=\"og:description\" content=\"Nous organisons ta f\u00eate de 20 \u00e0 2 000 personnes ou plus ! La livraison, le montage et l&#039;enl\u00e8vement sont toujours GRATUITS ! Nous composons votre buffet selon vos souhaits, vos exigences et votre budget ! Qu&#039;il s&#039;agisse d&#039;\u00e9v\u00e9nements d&#039;entreprise, de mariages ou de f\u00eates priv\u00e9es, nous livrons notre cuisine prim\u00e9e directement \u00e0 votre table ! Nos buffets commencent \u00e0 35,00 \u20ac par personne et vont jusqu&#039;\u00e0 environ 65,00 \u20ac par personne ! Vous trouverez ci-dessous un extrait de notre offre de plats.  TRAITEUR POSSIBLE \u00c0 PARTIR DE 20 PERSONNES !!! Prix par personne \u00e0 partir de 35 \u20ac (prix variable en fonction du choix des plats, du nombre de personnes, etc.) Acompte :\" \/>\n<meta property=\"og:url\" content=\"https:\/\/www.leopoldaueralm.at\/fr\/shop\/traiteur\/\" \/>\n<meta property=\"og:site_name\" content=\"XXL Restaurant Leopoldauer Alm\" \/>\n<meta property=\"article:publisher\" content=\"https:\/\/www.facebook.com\/LeopoldauerAlm\" \/>\n<meta property=\"article:modified_time\" content=\"2026-04-17T10:26:47+00:00\" \/>\n<meta property=\"og:image\" content=\"https:\/\/www.leopoldaueralm.at\/wp-content\/uploads\/2024\/05\/catering3.jpg\" \/>\n\t<meta property=\"og:image:width\" content=\"1000\" \/>\n\t<meta property=\"og:image:height\" content=\"667\" \/>\n\t<meta property=\"og:image:type\" content=\"image\/jpeg\" \/>\n<meta name=\"twitter:card\" content=\"summary_large_image\" \/>\n<meta name=\"twitter:label1\" content=\"Dur\u00e9e de lecture estim\u00e9e\" \/>\n\t<meta name=\"twitter:data1\" content=\"1 minute\" \/>\n<script type=\"application\/ld+json\" class=\"yoast-schema-graph\">{\"@context\":\"https:\/\/schema.org\",\"@graph\":[{\"@type\":\"WebPage\",\"@id\":\"https:\/\/www.leopoldaueralm.at\/fr\/shop\/traiteur\/\",\"url\":\"https:\/\/www.leopoldaueralm.at\/fr\/shop\/traiteur\/\",\"name\":\"Traiteur XXL Restaurant Leopoldauer Alm\",\"isPartOf\":{\"@id\":\"https:\/\/www.leopoldaueralm.at\/fr\/#website\"},\"primaryImageOfPage\":{\"@id\":\"https:\/\/www.leopoldaueralm.at\/fr\/shop\/traiteur\/#primaryimage\"},\"image\":{\"@id\":\"https:\/\/www.leopoldaueralm.at\/fr\/shop\/traiteur\/#primaryimage\"},\"thumbnailUrl\":\"https:\/\/www.leopoldaueralm.at\/wp-content\/uploads\/2024\/05\/catering3.jpg\",\"datePublished\":\"2024-06-10T09:57:03+00:00\",\"dateModified\":\"2026-04-17T10:26:47+00:00\",\"breadcrumb\":{\"@id\":\"https:\/\/www.leopoldaueralm.at\/fr\/shop\/traiteur\/#breadcrumb\"},\"inLanguage\":\"fr-FR\",\"potentialAction\":[{\"@type\":\"ReadAction\",\"target\":[\"https:\/\/www.leopoldaueralm.at\/fr\/shop\/traiteur\/\"]}]},{\"@type\":\"ImageObject\",\"inLanguage\":\"fr-FR\",\"@id\":\"https:\/\/www.leopoldaueralm.at\/fr\/shop\/traiteur\/#primaryimage\",\"url\":\"https:\/\/www.leopoldaueralm.at\/wp-content\/uploads\/2024\/05\/catering3.jpg\",\"contentUrl\":\"https:\/\/www.leopoldaueralm.at\/wp-content\/uploads\/2024\/05\/catering3.jpg\",\"width\":1000,\"height\":667},{\"@type\":\"BreadcrumbList\",\"@id\":\"https:\/\/www.leopoldaueralm.at\/fr\/shop\/traiteur\/#breadcrumb\",\"itemListElement\":[{\"@type\":\"ListItem\",\"position\":1,\"name\":\"Startseite\",\"item\":\"https:\/\/www.leopoldaueralm.at\/fr\/page-daccueil\/\"},{\"@type\":\"ListItem\",\"position\":2,\"name\":\"Boutique\",\"item\":\"https:\/\/www.leopoldaueralm.at\/fr\/boutique\/\"},{\"@type\":\"ListItem\",\"position\":3,\"name\":\"\u00c9v\u00e9nement\",\"item\":\"https:\/\/www.leopoldaueralm.at\/fr\/product-category\/evenement\/\"},{\"@type\":\"ListItem\",\"position\":4,\"name\":\"Traiteur\"}]},{\"@type\":\"WebSite\",\"@id\":\"https:\/\/www.leopoldaueralm.at\/fr\/#website\",\"url\":\"https:\/\/www.leopoldaueralm.at\/fr\/\",\"name\":\"XXL Restaurant Leopoldauer Alm\",\"description\":\"Das XXL Restaurant in Wien\",\"publisher\":{\"@id\":\"https:\/\/www.leopoldaueralm.at\/fr\/#organization\"},\"potentialAction\":[{\"@type\":\"SearchAction\",\"target\":{\"@type\":\"EntryPoint\",\"urlTemplate\":\"https:\/\/www.leopoldaueralm.at\/fr\/?s={search_term_string}\"},\"query-input\":{\"@type\":\"PropertyValueSpecification\",\"valueRequired\":true,\"valueName\":\"search_term_string\"}}],\"inLanguage\":\"fr-FR\"},{\"@type\":\"Organization\",\"@id\":\"https:\/\/www.leopoldaueralm.at\/fr\/#organization\",\"name\":\"XXL Restaurant Leopoldauer Alm\",\"url\":\"https:\/\/www.leopoldaueralm.at\/fr\/\",\"logo\":{\"@type\":\"ImageObject\",\"inLanguage\":\"fr-FR\",\"@id\":\"https:\/\/www.leopoldaueralm.at\/fr\/#\/schema\/logo\/image\/\",\"url\":\"https:\/\/www.leopoldaueralm.at\/wp-content\/uploads\/2019\/12\/leo-logo.png\",\"contentUrl\":\"https:\/\/www.leopoldaueralm.at\/wp-content\/uploads\/2019\/12\/leo-logo.png\",\"width\":250,\"height\":250,\"caption\":\"XXL Restaurant Leopoldauer Alm\"},\"image\":{\"@id\":\"https:\/\/www.leopoldaueralm.at\/fr\/#\/schema\/logo\/image\/\"},\"sameAs\":[\"https:\/\/www.facebook.com\/LeopoldauerAlm\"]}]}<\/script>\n<!-- \/ Yoast SEO plugin. -->","yoast_head_json":{"title":"Traiteur XXL Restaurant Leopoldauer Alm","robots":{"index":"index","follow":"follow","max-snippet":"max-snippet:-1","max-image-preview":"max-image-preview:large","max-video-preview":"max-video-preview:-1"},"canonical":"https:\/\/www.leopoldaueralm.at\/fr\/shop\/traiteur\/","og_locale":"fr_FR","og_type":"article","og_title":"Traiteur XXL Restaurant Leopoldauer Alm","og_description":"Nous organisons ta f\u00eate de 20 \u00e0 2 000 personnes ou plus ! La livraison, le montage et l'enl\u00e8vement sont toujours GRATUITS ! Nous composons votre buffet selon vos souhaits, vos exigences et votre budget ! Qu'il s'agisse d'\u00e9v\u00e9nements d'entreprise, de mariages ou de f\u00eates priv\u00e9es, nous livrons notre cuisine prim\u00e9e directement \u00e0 votre table ! Nos buffets commencent \u00e0 35,00 \u20ac par personne et vont jusqu'\u00e0 environ 65,00 \u20ac par personne ! Vous trouverez ci-dessous un extrait de notre offre de plats.  TRAITEUR POSSIBLE \u00c0 PARTIR DE 20 PERSONNES !!! Prix par personne \u00e0 partir de 35 \u20ac (prix variable en fonction du choix des plats, du nombre de personnes, etc.) Acompte :","og_url":"https:\/\/www.leopoldaueralm.at\/fr\/shop\/traiteur\/","og_site_name":"XXL Restaurant Leopoldauer Alm","article_publisher":"https:\/\/www.facebook.com\/LeopoldauerAlm","article_modified_time":"2026-04-17T10:26:47+00:00","og_image":[{"width":1000,"height":667,"url":"https:\/\/www.leopoldaueralm.at\/wp-content\/uploads\/2024\/05\/catering3.jpg","type":"image\/jpeg"}],"twitter_card":"summary_large_image","twitter_misc":{"Dur\u00e9e de lecture estim\u00e9e":"1 minute"},"schema":{"@context":"https:\/\/schema.org","@graph":[{"@type":"WebPage","@id":"https:\/\/www.leopoldaueralm.at\/fr\/shop\/traiteur\/","url":"https:\/\/www.leopoldaueralm.at\/fr\/shop\/traiteur\/","name":"Traiteur XXL Restaurant Leopoldauer Alm","isPartOf":{"@id":"https:\/\/www.leopoldaueralm.at\/fr\/#website"},"primaryImageOfPage":{"@id":"https:\/\/www.leopoldaueralm.at\/fr\/shop\/traiteur\/#primaryimage"},"image":{"@id":"https:\/\/www.leopoldaueralm.at\/fr\/shop\/traiteur\/#primaryimage"},"thumbnailUrl":"https:\/\/www.leopoldaueralm.at\/wp-content\/uploads\/2024\/05\/catering3.jpg","datePublished":"2024-06-10T09:57:03+00:00","dateModified":"2026-04-17T10:26:47+00:00","breadcrumb":{"@id":"https:\/\/www.leopoldaueralm.at\/fr\/shop\/traiteur\/#breadcrumb"},"inLanguage":"fr-FR","potentialAction":[{"@type":"ReadAction","target":["https:\/\/www.leopoldaueralm.at\/fr\/shop\/traiteur\/"]}]},{"@type":"ImageObject","inLanguage":"fr-FR","@id":"https:\/\/www.leopoldaueralm.at\/fr\/shop\/traiteur\/#primaryimage","url":"https:\/\/www.leopoldaueralm.at\/wp-content\/uploads\/2024\/05\/catering3.jpg","contentUrl":"https:\/\/www.leopoldaueralm.at\/wp-content\/uploads\/2024\/05\/catering3.jpg","width":1000,"height":667},{"@type":"BreadcrumbList","@id":"https:\/\/www.leopoldaueralm.at\/fr\/shop\/traiteur\/#breadcrumb","itemListElement":[{"@type":"ListItem","position":1,"name":"Startseite","item":"https:\/\/www.leopoldaueralm.at\/fr\/page-daccueil\/"},{"@type":"ListItem","position":2,"name":"Boutique","item":"https:\/\/www.leopoldaueralm.at\/fr\/boutique\/"},{"@type":"ListItem","position":3,"name":"\u00c9v\u00e9nement","item":"https:\/\/www.leopoldaueralm.at\/fr\/product-category\/evenement\/"},{"@type":"ListItem","position":4,"name":"Traiteur"}]},{"@type":"WebSite","@id":"https:\/\/www.leopoldaueralm.at\/fr\/#website","url":"https:\/\/www.leopoldaueralm.at\/fr\/","name":"XXL Restaurant Leopoldauer Alm","description":"Das XXL Restaurant in Wien","publisher":{"@id":"https:\/\/www.leopoldaueralm.at\/fr\/#organization"},"potentialAction":[{"@type":"SearchAction","target":{"@type":"EntryPoint","urlTemplate":"https:\/\/www.leopoldaueralm.at\/fr\/?s={search_term_string}"},"query-input":{"@type":"PropertyValueSpecification","valueRequired":true,"valueName":"search_term_string"}}],"inLanguage":"fr-FR"},{"@type":"Organization","@id":"https:\/\/www.leopoldaueralm.at\/fr\/#organization","name":"XXL Restaurant Leopoldauer Alm","url":"https:\/\/www.leopoldaueralm.at\/fr\/","logo":{"@type":"ImageObject","inLanguage":"fr-FR","@id":"https:\/\/www.leopoldaueralm.at\/fr\/#\/schema\/logo\/image\/","url":"https:\/\/www.leopoldaueralm.at\/wp-content\/uploads\/2019\/12\/leo-logo.png","contentUrl":"https:\/\/www.leopoldaueralm.at\/wp-content\/uploads\/2019\/12\/leo-logo.png","width":250,"height":250,"caption":"XXL Restaurant Leopoldauer Alm"},"image":{"@id":"https:\/\/www.leopoldaueralm.at\/fr\/#\/schema\/logo\/image\/"},"sameAs":["https:\/\/www.facebook.com\/LeopoldauerAlm"]}]}},"wcpa_form_fields":null,"_links":{"self":[{"href":"https:\/\/www.leopoldaueralm.at\/fr\/wp-json\/wp\/v2\/product\/26547","targetHints":{"allow":["GET"]}}],"collection":[{"href":"https:\/\/www.leopoldaueralm.at\/fr\/wp-json\/wp\/v2\/product"}],"about":[{"href":"https:\/\/www.leopoldaueralm.at\/fr\/wp-json\/wp\/v2\/types\/product"}],"wp:featuredmedia":[{"embeddable":true,"href":"https:\/\/www.leopoldaueralm.at\/fr\/wp-json\/wp\/v2\/media\/20799"}],"wp:attachment":[{"href":"https:\/\/www.leopoldaueralm.at\/fr\/wp-json\/wp\/v2\/media?parent=26547"}],"wp:term":[{"taxonomy":"product_brand","embeddable":true,"href":"https:\/\/www.leopoldaueralm.at\/fr\/wp-json\/wp\/v2\/product_brand?post=26547"},{"taxonomy":"product_cat","embeddable":true,"href":"https:\/\/www.leopoldaueralm.at\/fr\/wp-json\/wp\/v2\/product_cat?post=26547"},{"taxonomy":"product_tag","embeddable":true,"href":"https:\/\/www.leopoldaueralm.at\/fr\/wp-json\/wp\/v2\/product_tag?post=26547"}],"curies":[{"name":"wp","href":"https:\/\/api.w.org\/{rel}","templated":true}]}}