{"id":28696,"date":"2026-01-15T13:46:11","date_gmt":"2026-01-15T12:46:11","guid":{"rendered":"https:\/\/www.leopoldaueralm.at\/?post_type=product&#038;p=28696"},"modified":"2026-03-27T13:28:35","modified_gmt":"2026-03-27T12:28:35","slug":"tole-de-10-a-consommer-sur-place","status":"publish","type":"product","link":"https:\/\/www.leopoldaueralm.at\/fr\/shop\/tole-de-10-a-consommer-sur-place\/","title":{"rendered":"Plaque de 10 (\u00e0 manger \u00e0 l&rsquo;alpage)"},"content":{"rendered":"","protected":false},"excerpt":{"rendered":"<p>Notre T\u00d4LE de 10 :<br class=\"html-br\"><br class=\"html-br\"><strong>Fourchette \u00e0 fumier<\/strong> pour 10\/12 personnes, avec tous les accompagnements (frites, wedges, salade de pommes de terre, salade de concombres, salade de chou, ainsi que toutes les sauces et beurre aux herbes)<br \/>\n<br class=\"html-br\"><strong>Assiette Bergbauern<\/strong> (r\u00f4ti de porc, viande fum\u00e9e paysanne, boudin noir frit, saucisses grill\u00e9es, ribs &#8211; pour 10-12 personnes avec accompagnements (quenelles, pommes de terre saut\u00e9es, choucroute, jus de r\u00f4ti, salade de pommes de terre, salade de concombres et salade de chou)<\/p>\n<p><strong>Assortiment de Schnitzels<\/strong> pour 10 \u00e0 12 personnes. Schnitzels de porc et cordons bleus. Schnitzels enrob\u00e9s d&rsquo;une panure croustillante aux graines de courge, avec tous les accompagnements (salade de pommes de terre, frites, wedges, salade de chou avec salade de concombres et toutes les sauces).<\/p>\n<p><strong>Assortiment de Schnitzels \u00ab\u00a0Poulet\u00a0\u00bb<\/strong> pour 10 \u00e0 12 personnes, uniquement \u00e0 base de \u00ab\u00a0POULET\u00a0\u00bb. Schnitzels de poulet et cordons bleus de poulet (jambon de dinde&nbsp;!!). Schnitzels de poulet enrob\u00e9s d&rsquo;une panure croustillante aux graines de courge, avec tous les accompagnements (salade de pommes de terre, frites, wedges), salade de chou avec salade de concombres et toutes les sauces).<\/p>\n<p><strong>Assiette de cochon de lait<\/strong> pour 10-12 personnes avec des morceaux de cochon de lait, schnitzel, spare ribs, avec tous les accompagnements (salade de pommes de terre, salade de chou, salade de concombres, choucroute, quenelles, quenelles de pommes de terre, jus de r\u00f4ti et petits pains pour 10\/12 personnes)<\/p>\n<p><strong>Plateau v\u00e9g\u00e9tarien<\/strong> pour 10-12 personnes Burgers v\u00e9g\u00e9tariens, Eiernockerl, Sp\u00e4tzle au fromage Emmental pan\u00e9, l\u00e9gumes pan\u00e9s, pommes de terre persill\u00e9es, frites, rondelles d&rsquo;oignons, salade de pommes de terre, salade de chou avec salade de concombres ainsi que toutes les sauces<\/p>\n<p><strong>Stelzen Braterei<\/strong> pour vos f\u00eates et \u00e9v\u00e9nements : notre nouveau plateau de jarrets de porc \u00ab Stelzen Kirtag \u00bb pour au moins 10-12 personnes, comprenant salade de chou, salade de concombres, salade de pommes de terre, 6 grands jarrets de porc de 180\/200 dag de poids brut, l\u00e9gumes marin\u00e9s, raifort, moutarde, etc. 240,00 \u20ac<\/p>\n<p><span style=\"color: #ff0000;\"><strong>Cette commande ne garantit que votre t\u00f4le de 10. Pour les r\u00e9servations de table, veuillez appeler au 01\/25 98 380 \u00e0 l&rsquo;avance.<\/strong><\/span><\/p>\n<p><span style=\"color: #ff0000;\"><strong>LE PLATEAU POUR 10 DOIT \u00caTRE COMMAND\u00c9 AU MOINS 48 H \u00c0 LAVANCE ! LES ANNULATIONS NE SONT POSSIBLES QUE 24 H \u00c0 LAVANCE, SINON DES FRAIS SAPPLIQUENT. MERCI DE TA COMPR\u00c9HENSION.  <\/strong><\/span><\/p>\n","protected":false},"featured_media":28690,"template":"","meta":{"ocean_post_layout":"","ocean_both_sidebars_style":"","ocean_both_sidebars_content_width":0,"ocean_both_sidebars_sidebars_width":0,"ocean_sidebar":"0","ocean_second_sidebar":"0","ocean_disable_margins":"enable","ocean_add_body_class":"","ocean_shortcode_before_top_bar":"","ocean_shortcode_after_top_bar":"","ocean_shortcode_before_header":"","ocean_shortcode_after_header":"","ocean_has_shortcode":"","ocean_shortcode_after_title":"","ocean_shortcode_before_footer_widgets":"","ocean_shortcode_after_footer_widgets":"","ocean_shortcode_before_footer_bottom":"","ocean_shortcode_after_footer_bottom":"","ocean_display_top_bar":"default","ocean_display_header":"default","ocean_header_style":"","ocean_center_header_left_menu":"0","ocean_custom_header_template":"0","ocean_custom_logo":0,"ocean_custom_retina_logo":0,"ocean_custom_logo_max_width":0,"ocean_custom_logo_tablet_max_width":0,"ocean_custom_logo_mobile_max_width":0,"ocean_custom_logo_max_height":0,"ocean_custom_logo_tablet_max_height":0,"ocean_custom_logo_mobile_max_height":0,"ocean_header_custom_menu":"0","ocean_menu_typo_font_family":"0","ocean_menu_typo_font_subset":"","ocean_menu_typo_font_size":0,"ocean_menu_typo_font_size_tablet":0,"ocean_menu_typo_font_size_mobile":0,"ocean_menu_typo_font_size_unit":"px","ocean_menu_typo_font_weight":"","ocean_menu_typo_font_weight_tablet":"","ocean_menu_typo_font_weight_mobile":"","ocean_menu_typo_transform":"","ocean_menu_typo_transform_tablet":"","ocean_menu_typo_transform_mobile":"","ocean_menu_typo_line_height":0,"ocean_menu_typo_line_height_tablet":0,"ocean_menu_typo_line_height_mobile":0,"ocean_menu_typo_line_height_unit":"","ocean_menu_typo_spacing":0,"ocean_menu_typo_spacing_tablet":0,"ocean_menu_typo_spacing_mobile":0,"ocean_menu_typo_spacing_unit":"","ocean_menu_link_color":"","ocean_menu_link_color_hover":"","ocean_menu_link_color_active":"","ocean_menu_link_background":"","ocean_menu_link_hover_background":"","ocean_menu_link_active_background":"","ocean_menu_social_links_bg":"","ocean_menu_social_hover_links_bg":"","ocean_menu_social_links_color":"","ocean_menu_social_hover_links_color":"","ocean_disable_title":"default","ocean_disable_heading":"default","ocean_post_title":"","ocean_post_subheading":"","ocean_post_title_style":"","ocean_post_title_background_color":"","ocean_post_title_background":0,"ocean_post_title_bg_image_position":"","ocean_post_title_bg_image_attachment":"","ocean_post_title_bg_image_repeat":"","ocean_post_title_bg_image_size":"","ocean_post_title_height":0,"ocean_post_title_bg_overlay":0.5,"ocean_post_title_bg_overlay_color":"","ocean_disable_breadcrumbs":"default","ocean_breadcrumbs_color":"","ocean_breadcrumbs_separator_color":"","ocean_breadcrumbs_links_color":"","ocean_breadcrumbs_links_hover_color":"","ocean_display_footer_widgets":"default","ocean_display_footer_bottom":"default","ocean_custom_footer_template":"0","osh_disable_topbar_sticky":"default","osh_disable_header_sticky":"default","osh_sticky_header_style":"default","osh_sticky_header_effect":"","osh_custom_sticky_logo":0,"osh_custom_retina_sticky_logo":0,"osh_custom_sticky_logo_height":0,"osh_background_color":"","osh_links_color":"","osh_links_hover_color":"","osh_links_active_color":"","osh_links_bg_color":"","osh_links_hover_bg_color":"","osh_links_active_bg_color":"","osh_menu_social_links_color":"","osh_menu_social_hover_links_color":""},"product_brand":[],"product_cat":[517],"product_tag":[],"class_list":{"0":"post-28696","1":"product","2":"type-product","3":"status-publish","4":"has-post-thumbnail","6":"product_cat-evenement","7":"product_shipping_class-uniquement-a-lalm","9":"entry","10":"has-media","11":"wcpa_has_options","13":"first","14":"instock","15":"taxable","16":"shipping-taxable","17":"purchasable","18":"product-type-variable","19":"has-product-nav","20":"col","21":"span_1_of_3","22":"owp-content-center","23":"owp-thumbs-layout-horizontal","24":"owp-btn-normal","25":"owp-tabs-layout-horizontal"},"group_of_quantity":0,"min_quantity":0,"max_quantity":"","exclude_order_quantity_value_rules":"no","exclude_category_quantity_rules":"no","combine_variations":"no","yoast_head":"<!-- This site is optimized with the Yoast SEO plugin v27.2 - https:\/\/yoast.com\/product\/yoast-seo-wordpress\/ -->\n<title>Plaque de 10 (\u00e0 manger \u00e0 l&#039;alpage) XXL Restaurant Leopoldauer Alm<\/title>\n<meta name=\"robots\" content=\"index, follow, max-snippet:-1, max-image-preview:large, max-video-preview:-1\" \/>\n<link rel=\"canonical\" href=\"https:\/\/www.leopoldaueralm.at\/fr\/shop\/tole-de-10-a-consommer-sur-place\/\" \/>\n<meta property=\"og:locale\" content=\"fr_FR\" \/>\n<meta property=\"og:type\" content=\"article\" \/>\n<meta property=\"og:title\" content=\"Plaque de 10 (\u00e0 manger \u00e0 l&#039;alpage) XXL Restaurant Leopoldauer Alm\" \/>\n<meta property=\"og:description\" content=\"Notre T\u00d4LE de 10 :Fourchette \u00e0 fumier pour 10\/12 personnes, avec tous les accompagnements (frites, wedges, salade de pommes de terre, salade de concombres, salade de chou, ainsi que toutes les sauces et beurre aux herbes) Assiette Bergbauern (r\u00f4ti de porc, viande fum\u00e9e paysanne, boudin noir frit, saucisses grill\u00e9es, ribs - pour 10-12 personnes avec accompagnements (quenelles, pommes de terre saut\u00e9es, choucroute, jus de r\u00f4ti, salade de pommes de terre, salade de concombres et salade de chou) Assortiment de Schnitzels pour 10 \u00e0 12 personnes. Schnitzels de porc et cordons bleus. Schnitzels enrob\u00e9s d&#039;une panure croustillante aux graines de courge, avec tous les accompagnements (salade de pommes de terre, frites, wedges, salade de chou avec salade de concombres et toutes les sauces). Assortiment de Schnitzels &quot;Poulet&quot; pour 10 \u00e0 12 personnes, uniquement \u00e0 base de &quot;POULET&quot;. Schnitzels de poulet et cordons bleus de poulet (jambon de dinde&nbsp;!!). Schnitzels de poulet enrob\u00e9s d&#039;une panure croustillante aux graines de courge, avec tous les accompagnements (salade de pommes de terre, frites, wedges), salade de chou avec salade de concombres et toutes les sauces). Assiette de cochon de lait pour 10-12 personnes avec des morceaux de cochon de lait, schnitzel, spare ribs, avec tous les accompagnements (salade de pommes de terre, salade de chou, salade de concombres, choucroute, quenelles, quenelles de pommes de terre, jus de r\u00f4ti et petits pains pour 10\/12 personnes) Plateau v\u00e9g\u00e9tarien pour 10-12 personnes Burgers v\u00e9g\u00e9tariens, Eiernockerl, Sp\u00e4tzle au fromage Emmental pan\u00e9, l\u00e9gumes pan\u00e9s, pommes de terre persill\u00e9es, frites, rondelles d&#039;oignons, salade de pommes de terre, salade de chou avec salade de concombres ainsi que toutes les sauces Stelzen Braterei pour vos f\u00eates et \u00e9v\u00e9nements : notre nouveau plateau de jarrets de porc \u00ab Stelzen Kirtag \u00bb pour au moins 10-12 personnes, comprenant salade de chou, salade de concombres, salade de pommes de terre, 6 grands jarrets de porc de 180\/200 dag de poids brut, l\u00e9gumes marin\u00e9s, raifort, moutarde, etc. 240,00 \u20ac Cette commande ne garantit que votre t\u00f4le de 10. Pour les r\u00e9servations de table, veuillez appeler au 01\/25 98 380 \u00e0 l&#039;avance. LE PLATEAU POUR 10 DOIT \u00caTRE COMMAND\u00c9 AU MOINS 48 H \u00c0 LAVANCE ! LES ANNULATIONS NE SONT POSSIBLES QUE 24 H \u00c0 LAVANCE, SINON DES FRAIS SAPPLIQUENT. MERCI DE TA COMPR\u00c9HENSION.\" \/>\n<meta property=\"og:url\" content=\"https:\/\/www.leopoldaueralm.at\/fr\/shop\/tole-de-10-a-consommer-sur-place\/\" \/>\n<meta property=\"og:site_name\" content=\"XXL Restaurant Leopoldauer Alm\" \/>\n<meta property=\"article:publisher\" content=\"https:\/\/www.facebook.com\/LeopoldauerAlm\" \/>\n<meta property=\"article:modified_time\" content=\"2026-03-27T12:28:35+00:00\" \/>\n<meta property=\"og:image\" content=\"https:\/\/www.leopoldaueralm.at\/wp-content\/uploads\/2026\/01\/10er-blech.jpg\" \/>\n\t<meta property=\"og:image:width\" content=\"1536\" \/>\n\t<meta property=\"og:image:height\" content=\"1024\" \/>\n\t<meta property=\"og:image:type\" content=\"image\/jpeg\" \/>\n<meta name=\"twitter:card\" content=\"summary_large_image\" \/>\n<script type=\"application\/ld+json\" class=\"yoast-schema-graph\">{\"@context\":\"https:\/\/schema.org\",\"@graph\":[{\"@type\":\"WebPage\",\"@id\":\"https:\/\/www.leopoldaueralm.at\/fr\/shop\/tole-de-10-a-consommer-sur-place\/\",\"url\":\"https:\/\/www.leopoldaueralm.at\/fr\/shop\/tole-de-10-a-consommer-sur-place\/\",\"name\":\"Plaque de 10 (\u00e0 manger \u00e0 l'alpage) XXL Restaurant Leopoldauer Alm\",\"isPartOf\":{\"@id\":\"https:\/\/www.leopoldaueralm.at\/fr\/#website\"},\"primaryImageOfPage\":{\"@id\":\"https:\/\/www.leopoldaueralm.at\/fr\/shop\/tole-de-10-a-consommer-sur-place\/#primaryimage\"},\"image\":{\"@id\":\"https:\/\/www.leopoldaueralm.at\/fr\/shop\/tole-de-10-a-consommer-sur-place\/#primaryimage\"},\"thumbnailUrl\":\"https:\/\/www.leopoldaueralm.at\/wp-content\/uploads\/2026\/01\/10er-blech.jpg\",\"datePublished\":\"2026-01-15T12:46:11+00:00\",\"dateModified\":\"2026-03-27T12:28:35+00:00\",\"breadcrumb\":{\"@id\":\"https:\/\/www.leopoldaueralm.at\/fr\/shop\/tole-de-10-a-consommer-sur-place\/#breadcrumb\"},\"inLanguage\":\"fr-FR\",\"potentialAction\":[{\"@type\":\"ReadAction\",\"target\":[\"https:\/\/www.leopoldaueralm.at\/fr\/shop\/tole-de-10-a-consommer-sur-place\/\"]}]},{\"@type\":\"ImageObject\",\"inLanguage\":\"fr-FR\",\"@id\":\"https:\/\/www.leopoldaueralm.at\/fr\/shop\/tole-de-10-a-consommer-sur-place\/#primaryimage\",\"url\":\"https:\/\/www.leopoldaueralm.at\/wp-content\/uploads\/2026\/01\/10er-blech.jpg\",\"contentUrl\":\"https:\/\/www.leopoldaueralm.at\/wp-content\/uploads\/2026\/01\/10er-blech.jpg\",\"width\":1536,\"height\":1024},{\"@type\":\"BreadcrumbList\",\"@id\":\"https:\/\/www.leopoldaueralm.at\/fr\/shop\/tole-de-10-a-consommer-sur-place\/#breadcrumb\",\"itemListElement\":[{\"@type\":\"ListItem\",\"position\":1,\"name\":\"Startseite\",\"item\":\"https:\/\/www.leopoldaueralm.at\/fr\/page-daccueil\/\"},{\"@type\":\"ListItem\",\"position\":2,\"name\":\"Boutique\",\"item\":\"https:\/\/www.leopoldaueralm.at\/fr\/boutique\/\"},{\"@type\":\"ListItem\",\"position\":3,\"name\":\"\u00c9v\u00e9nement\",\"item\":\"https:\/\/www.leopoldaueralm.at\/fr\/product-category\/evenement\/\"},{\"@type\":\"ListItem\",\"position\":4,\"name\":\"Plaque de 10 (\u00e0 manger \u00e0 l&rsquo;alpage)\"}]},{\"@type\":\"WebSite\",\"@id\":\"https:\/\/www.leopoldaueralm.at\/fr\/#website\",\"url\":\"https:\/\/www.leopoldaueralm.at\/fr\/\",\"name\":\"XXL Restaurant Leopoldauer Alm\",\"description\":\"Das XXL Restaurant in Wien\",\"publisher\":{\"@id\":\"https:\/\/www.leopoldaueralm.at\/fr\/#organization\"},\"potentialAction\":[{\"@type\":\"SearchAction\",\"target\":{\"@type\":\"EntryPoint\",\"urlTemplate\":\"https:\/\/www.leopoldaueralm.at\/fr\/?s={search_term_string}\"},\"query-input\":{\"@type\":\"PropertyValueSpecification\",\"valueRequired\":true,\"valueName\":\"search_term_string\"}}],\"inLanguage\":\"fr-FR\"},{\"@type\":\"Organization\",\"@id\":\"https:\/\/www.leopoldaueralm.at\/fr\/#organization\",\"name\":\"XXL Restaurant Leopoldauer Alm\",\"url\":\"https:\/\/www.leopoldaueralm.at\/fr\/\",\"logo\":{\"@type\":\"ImageObject\",\"inLanguage\":\"fr-FR\",\"@id\":\"https:\/\/www.leopoldaueralm.at\/fr\/#\/schema\/logo\/image\/\",\"url\":\"https:\/\/www.leopoldaueralm.at\/wp-content\/uploads\/2019\/12\/leo-logo.png\",\"contentUrl\":\"https:\/\/www.leopoldaueralm.at\/wp-content\/uploads\/2019\/12\/leo-logo.png\",\"width\":250,\"height\":250,\"caption\":\"XXL Restaurant Leopoldauer Alm\"},\"image\":{\"@id\":\"https:\/\/www.leopoldaueralm.at\/fr\/#\/schema\/logo\/image\/\"},\"sameAs\":[\"https:\/\/www.facebook.com\/LeopoldauerAlm\"]}]}<\/script>\n<!-- \/ Yoast SEO plugin. -->","yoast_head_json":{"title":"Plaque de 10 (\u00e0 manger \u00e0 l'alpage) XXL Restaurant Leopoldauer Alm","robots":{"index":"index","follow":"follow","max-snippet":"max-snippet:-1","max-image-preview":"max-image-preview:large","max-video-preview":"max-video-preview:-1"},"canonical":"https:\/\/www.leopoldaueralm.at\/fr\/shop\/tole-de-10-a-consommer-sur-place\/","og_locale":"fr_FR","og_type":"article","og_title":"Plaque de 10 (\u00e0 manger \u00e0 l'alpage) XXL Restaurant Leopoldauer Alm","og_description":"Notre T\u00d4LE de 10 :Fourchette \u00e0 fumier pour 10\/12 personnes, avec tous les accompagnements (frites, wedges, salade de pommes de terre, salade de concombres, salade de chou, ainsi que toutes les sauces et beurre aux herbes) Assiette Bergbauern (r\u00f4ti de porc, viande fum\u00e9e paysanne, boudin noir frit, saucisses grill\u00e9es, ribs - pour 10-12 personnes avec accompagnements (quenelles, pommes de terre saut\u00e9es, choucroute, jus de r\u00f4ti, salade de pommes de terre, salade de concombres et salade de chou) Assortiment de Schnitzels pour 10 \u00e0 12 personnes. Schnitzels de porc et cordons bleus. Schnitzels enrob\u00e9s d'une panure croustillante aux graines de courge, avec tous les accompagnements (salade de pommes de terre, frites, wedges, salade de chou avec salade de concombres et toutes les sauces). Assortiment de Schnitzels \"Poulet\" pour 10 \u00e0 12 personnes, uniquement \u00e0 base de \"POULET\". Schnitzels de poulet et cordons bleus de poulet (jambon de dinde&nbsp;!!). Schnitzels de poulet enrob\u00e9s d'une panure croustillante aux graines de courge, avec tous les accompagnements (salade de pommes de terre, frites, wedges), salade de chou avec salade de concombres et toutes les sauces). Assiette de cochon de lait pour 10-12 personnes avec des morceaux de cochon de lait, schnitzel, spare ribs, avec tous les accompagnements (salade de pommes de terre, salade de chou, salade de concombres, choucroute, quenelles, quenelles de pommes de terre, jus de r\u00f4ti et petits pains pour 10\/12 personnes) Plateau v\u00e9g\u00e9tarien pour 10-12 personnes Burgers v\u00e9g\u00e9tariens, Eiernockerl, Sp\u00e4tzle au fromage Emmental pan\u00e9, l\u00e9gumes pan\u00e9s, pommes de terre persill\u00e9es, frites, rondelles d'oignons, salade de pommes de terre, salade de chou avec salade de concombres ainsi que toutes les sauces Stelzen Braterei pour vos f\u00eates et \u00e9v\u00e9nements : notre nouveau plateau de jarrets de porc \u00ab Stelzen Kirtag \u00bb pour au moins 10-12 personnes, comprenant salade de chou, salade de concombres, salade de pommes de terre, 6 grands jarrets de porc de 180\/200 dag de poids brut, l\u00e9gumes marin\u00e9s, raifort, moutarde, etc. 240,00 \u20ac Cette commande ne garantit que votre t\u00f4le de 10. Pour les r\u00e9servations de table, veuillez appeler au 01\/25 98 380 \u00e0 l'avance. LE PLATEAU POUR 10 DOIT \u00caTRE COMMAND\u00c9 AU MOINS 48 H \u00c0 LAVANCE ! LES ANNULATIONS NE SONT POSSIBLES QUE 24 H \u00c0 LAVANCE, SINON DES FRAIS SAPPLIQUENT. MERCI DE TA COMPR\u00c9HENSION.","og_url":"https:\/\/www.leopoldaueralm.at\/fr\/shop\/tole-de-10-a-consommer-sur-place\/","og_site_name":"XXL Restaurant Leopoldauer Alm","article_publisher":"https:\/\/www.facebook.com\/LeopoldauerAlm","article_modified_time":"2026-03-27T12:28:35+00:00","og_image":[{"width":1536,"height":1024,"url":"https:\/\/www.leopoldaueralm.at\/wp-content\/uploads\/2026\/01\/10er-blech.jpg","type":"image\/jpeg"}],"twitter_card":"summary_large_image","schema":{"@context":"https:\/\/schema.org","@graph":[{"@type":"WebPage","@id":"https:\/\/www.leopoldaueralm.at\/fr\/shop\/tole-de-10-a-consommer-sur-place\/","url":"https:\/\/www.leopoldaueralm.at\/fr\/shop\/tole-de-10-a-consommer-sur-place\/","name":"Plaque de 10 (\u00e0 manger \u00e0 l'alpage) XXL Restaurant Leopoldauer Alm","isPartOf":{"@id":"https:\/\/www.leopoldaueralm.at\/fr\/#website"},"primaryImageOfPage":{"@id":"https:\/\/www.leopoldaueralm.at\/fr\/shop\/tole-de-10-a-consommer-sur-place\/#primaryimage"},"image":{"@id":"https:\/\/www.leopoldaueralm.at\/fr\/shop\/tole-de-10-a-consommer-sur-place\/#primaryimage"},"thumbnailUrl":"https:\/\/www.leopoldaueralm.at\/wp-content\/uploads\/2026\/01\/10er-blech.jpg","datePublished":"2026-01-15T12:46:11+00:00","dateModified":"2026-03-27T12:28:35+00:00","breadcrumb":{"@id":"https:\/\/www.leopoldaueralm.at\/fr\/shop\/tole-de-10-a-consommer-sur-place\/#breadcrumb"},"inLanguage":"fr-FR","potentialAction":[{"@type":"ReadAction","target":["https:\/\/www.leopoldaueralm.at\/fr\/shop\/tole-de-10-a-consommer-sur-place\/"]}]},{"@type":"ImageObject","inLanguage":"fr-FR","@id":"https:\/\/www.leopoldaueralm.at\/fr\/shop\/tole-de-10-a-consommer-sur-place\/#primaryimage","url":"https:\/\/www.leopoldaueralm.at\/wp-content\/uploads\/2026\/01\/10er-blech.jpg","contentUrl":"https:\/\/www.leopoldaueralm.at\/wp-content\/uploads\/2026\/01\/10er-blech.jpg","width":1536,"height":1024},{"@type":"BreadcrumbList","@id":"https:\/\/www.leopoldaueralm.at\/fr\/shop\/tole-de-10-a-consommer-sur-place\/#breadcrumb","itemListElement":[{"@type":"ListItem","position":1,"name":"Startseite","item":"https:\/\/www.leopoldaueralm.at\/fr\/page-daccueil\/"},{"@type":"ListItem","position":2,"name":"Boutique","item":"https:\/\/www.leopoldaueralm.at\/fr\/boutique\/"},{"@type":"ListItem","position":3,"name":"\u00c9v\u00e9nement","item":"https:\/\/www.leopoldaueralm.at\/fr\/product-category\/evenement\/"},{"@type":"ListItem","position":4,"name":"Plaque de 10 (\u00e0 manger \u00e0 l&rsquo;alpage)"}]},{"@type":"WebSite","@id":"https:\/\/www.leopoldaueralm.at\/fr\/#website","url":"https:\/\/www.leopoldaueralm.at\/fr\/","name":"XXL Restaurant Leopoldauer Alm","description":"Das XXL Restaurant in Wien","publisher":{"@id":"https:\/\/www.leopoldaueralm.at\/fr\/#organization"},"potentialAction":[{"@type":"SearchAction","target":{"@type":"EntryPoint","urlTemplate":"https:\/\/www.leopoldaueralm.at\/fr\/?s={search_term_string}"},"query-input":{"@type":"PropertyValueSpecification","valueRequired":true,"valueName":"search_term_string"}}],"inLanguage":"fr-FR"},{"@type":"Organization","@id":"https:\/\/www.leopoldaueralm.at\/fr\/#organization","name":"XXL Restaurant Leopoldauer Alm","url":"https:\/\/www.leopoldaueralm.at\/fr\/","logo":{"@type":"ImageObject","inLanguage":"fr-FR","@id":"https:\/\/www.leopoldaueralm.at\/fr\/#\/schema\/logo\/image\/","url":"https:\/\/www.leopoldaueralm.at\/wp-content\/uploads\/2019\/12\/leo-logo.png","contentUrl":"https:\/\/www.leopoldaueralm.at\/wp-content\/uploads\/2019\/12\/leo-logo.png","width":250,"height":250,"caption":"XXL Restaurant Leopoldauer Alm"},"image":{"@id":"https:\/\/www.leopoldaueralm.at\/fr\/#\/schema\/logo\/image\/"},"sameAs":["https:\/\/www.facebook.com\/LeopoldauerAlm"]}]}},"wcpa_form_fields":null,"_links":{"self":[{"href":"https:\/\/www.leopoldaueralm.at\/fr\/wp-json\/wp\/v2\/product\/28696","targetHints":{"allow":["GET"]}}],"collection":[{"href":"https:\/\/www.leopoldaueralm.at\/fr\/wp-json\/wp\/v2\/product"}],"about":[{"href":"https:\/\/www.leopoldaueralm.at\/fr\/wp-json\/wp\/v2\/types\/product"}],"wp:featuredmedia":[{"embeddable":true,"href":"https:\/\/www.leopoldaueralm.at\/fr\/wp-json\/wp\/v2\/media\/28690"}],"wp:attachment":[{"href":"https:\/\/www.leopoldaueralm.at\/fr\/wp-json\/wp\/v2\/media?parent=28696"}],"wp:term":[{"taxonomy":"product_brand","embeddable":true,"href":"https:\/\/www.leopoldaueralm.at\/fr\/wp-json\/wp\/v2\/product_brand?post=28696"},{"taxonomy":"product_cat","embeddable":true,"href":"https:\/\/www.leopoldaueralm.at\/fr\/wp-json\/wp\/v2\/product_cat?post=28696"},{"taxonomy":"product_tag","embeddable":true,"href":"https:\/\/www.leopoldaueralm.at\/fr\/wp-json\/wp\/v2\/product_tag?post=28696"}],"curies":[{"name":"wp","href":"https:\/\/api.w.org\/{rel}","templated":true}]}}