{"id":29845,"date":"2026-03-10T09:19:26","date_gmt":"2026-03-10T08:19:26","guid":{"rendered":"https:\/\/www.leopoldaueralm.at\/shop\/big-papas-burger-pour-8-10-personnes-a-consommer-sur-place\/"},"modified":"2026-03-23T09:52:47","modified_gmt":"2026-03-23T08:52:47","slug":"big-papas-burger-pour-8-10-personnes-a-consommer-sur-place","status":"publish","type":"product","link":"https:\/\/www.leopoldaueralm.at\/fr\/shop\/big-papas-burger-pour-8-10-personnes-a-consommer-sur-place\/","title":{"rendered":"Big \u00ab\u00a0PAPAS\u00a0\u00bb Burger pour 8-10 personnes (\u00e0 consommer sur place)"},"content":{"rendered":"","protected":false},"excerpt":{"rendered":"<h3 class=\"public-DraftStyleDefault-block public-DraftStyleDefault-ltr\" data-offset-key=\"2n95n-0-0\"><span style=\"color: #339966;\">ATTENTION !!!<br \/>\n<span style=\"font-size: 16px;\">Uniquement sur pr\u00e9commande 24 h \u00e0 l\u2019avance !<\/span><\/span><\/h3>\n<p>Le plus grand BURGER DEUROPE !!!<\/p>\n<p>BIG PAPAS BURGER &#8211; avec 2 x 1\u202f500 g de B\u0152UF extra-pur, fabriqu spcialement pour nous (mlange 70\/30 % viande-graisse). Le burger est garni de cheddar  de lard fum, tomates, salade de concombres, oignons. En accompagnement : env. 2,5 kg de frites, rondelles doignons panes, sauces &#8211; sauce au fromage, sauce  lail, sauce BBQ, sauce sweet chilli. Suffit pour 8-10 personnes<\/p>\n<p><span style=\"color: #ff0000;\"><strong>Cette commande s\u00e9curise uniquement ton Big Papas Burger. Pour les r\u00e9servations de table, veuillez appeler au 01\/25 98 380 \u00e0 l&rsquo;avance. Le Big Papas Burger doit \u00eatre r\u00e9serv\u00e9 au moins 24 heures \u00e0 lavance ; les annulations ne sont plus possibles apr\u00e8s cela. Merci de votre compr\u00e9hension&nbsp;!<\/strong><\/span><\/p>\n","protected":false},"featured_media":30018,"template":"","meta":{"ocean_post_layout":"","ocean_both_sidebars_style":"","ocean_both_sidebars_content_width":0,"ocean_both_sidebars_sidebars_width":0,"ocean_sidebar":"0","ocean_second_sidebar":"0","ocean_disable_margins":"enable","ocean_add_body_class":"","ocean_shortcode_before_top_bar":"","ocean_shortcode_after_top_bar":"","ocean_shortcode_before_header":"","ocean_shortcode_after_header":"","ocean_has_shortcode":"","ocean_shortcode_after_title":"","ocean_shortcode_before_footer_widgets":"","ocean_shortcode_after_footer_widgets":"","ocean_shortcode_before_footer_bottom":"","ocean_shortcode_after_footer_bottom":"","ocean_display_top_bar":"default","ocean_display_header":"default","ocean_header_style":"","ocean_center_header_left_menu":"0","ocean_custom_header_template":"0","ocean_custom_logo":0,"ocean_custom_retina_logo":0,"ocean_custom_logo_max_width":0,"ocean_custom_logo_tablet_max_width":0,"ocean_custom_logo_mobile_max_width":0,"ocean_custom_logo_max_height":0,"ocean_custom_logo_tablet_max_height":0,"ocean_custom_logo_mobile_max_height":0,"ocean_header_custom_menu":"0","ocean_menu_typo_font_family":"0","ocean_menu_typo_font_subset":"","ocean_menu_typo_font_size":0,"ocean_menu_typo_font_size_tablet":0,"ocean_menu_typo_font_size_mobile":0,"ocean_menu_typo_font_size_unit":"px","ocean_menu_typo_font_weight":"","ocean_menu_typo_font_weight_tablet":"","ocean_menu_typo_font_weight_mobile":"","ocean_menu_typo_transform":"","ocean_menu_typo_transform_tablet":"","ocean_menu_typo_transform_mobile":"","ocean_menu_typo_line_height":0,"ocean_menu_typo_line_height_tablet":0,"ocean_menu_typo_line_height_mobile":0,"ocean_menu_typo_line_height_unit":"","ocean_menu_typo_spacing":0,"ocean_menu_typo_spacing_tablet":0,"ocean_menu_typo_spacing_mobile":0,"ocean_menu_typo_spacing_unit":"","ocean_menu_link_color":"","ocean_menu_link_color_hover":"","ocean_menu_link_color_active":"","ocean_menu_link_background":"","ocean_menu_link_hover_background":"","ocean_menu_link_active_background":"","ocean_menu_social_links_bg":"","ocean_menu_social_hover_links_bg":"","ocean_menu_social_links_color":"","ocean_menu_social_hover_links_color":"","ocean_disable_title":"default","ocean_disable_heading":"default","ocean_post_title":"","ocean_post_subheading":"","ocean_post_title_style":"","ocean_post_title_background_color":"","ocean_post_title_background":0,"ocean_post_title_bg_image_position":"","ocean_post_title_bg_image_attachment":"","ocean_post_title_bg_image_repeat":"","ocean_post_title_bg_image_size":"","ocean_post_title_height":0,"ocean_post_title_bg_overlay":0.5,"ocean_post_title_bg_overlay_color":"","ocean_disable_breadcrumbs":"default","ocean_breadcrumbs_color":"","ocean_breadcrumbs_separator_color":"","ocean_breadcrumbs_links_color":"","ocean_breadcrumbs_links_hover_color":"","ocean_display_footer_widgets":"default","ocean_display_footer_bottom":"default","ocean_custom_footer_template":"0","osh_disable_topbar_sticky":"default","osh_disable_header_sticky":"default","osh_sticky_header_style":"default","osh_sticky_header_effect":"","osh_custom_sticky_logo":0,"osh_custom_retina_sticky_logo":0,"osh_custom_sticky_logo_height":0,"osh_background_color":"","osh_links_color":"","osh_links_hover_color":"","osh_links_active_color":"","osh_links_bg_color":"","osh_links_hover_bg_color":"","osh_links_active_bg_color":"","osh_menu_social_links_color":"","osh_menu_social_hover_links_color":""},"product_brand":[],"product_cat":[517],"product_tag":[],"class_list":{"0":"post-29845","1":"product","2":"type-product","3":"status-publish","4":"has-post-thumbnail","6":"product_cat-evenement","7":"product_shipping_class-a-emporter-au-restaurant","9":"entry","10":"has-media","11":"wcpa_has_options","13":"first","14":"instock","15":"taxable","16":"shipping-taxable","17":"purchasable","18":"product-type-simple","19":"has-product-nav","20":"col","21":"span_1_of_3","22":"owp-content-center","23":"owp-thumbs-layout-horizontal","24":"owp-btn-normal","25":"owp-tabs-layout-horizontal","26":"has-no-thumbnails"},"group_of_quantity":0,"min_quantity":0,"max_quantity":"","exclude_order_quantity_value_rules":"no","exclude_category_quantity_rules":"no","combine_variations":"no","yoast_head":"<!-- This site is optimized with the Yoast SEO plugin v27.2 - https:\/\/yoast.com\/product\/yoast-seo-wordpress\/ -->\n<title>Big &quot;PAPAS&quot; Burger pour 8-10 personnes (\u00e0 consommer sur place) XXL Restaurant Leopoldauer Alm<\/title>\n<meta name=\"robots\" content=\"index, follow, max-snippet:-1, max-image-preview:large, max-video-preview:-1\" \/>\n<link rel=\"canonical\" href=\"https:\/\/www.leopoldaueralm.at\/fr\/shop\/big-papas-burger-pour-8-10-personnes-a-consommer-sur-place\/\" \/>\n<meta property=\"og:locale\" content=\"fr_FR\" \/>\n<meta property=\"og:type\" content=\"article\" \/>\n<meta property=\"og:title\" content=\"Big &quot;PAPAS&quot; Burger pour 8-10 personnes (\u00e0 consommer sur place) XXL Restaurant Leopoldauer Alm\" \/>\n<meta property=\"og:description\" content=\"ATTENTION !!! Uniquement sur pr\u00e9commande 24 h \u00e0 l\u2019avance ! Le plus grand BURGER DEUROPE !!! BIG PAPAS BURGER - avec 2 x 1\u202f500 g de B\u0152UF extra-pur, fabriqu spcialement pour nous (mlange 70\/30 % viande-graisse). Le burger est garni de cheddar de lard fum, tomates, salade de concombres, oignons. En accompagnement : env. 2,5 kg de frites, rondelles doignons panes, sauces - sauce au fromage, sauce lail, sauce BBQ, sauce sweet chilli. Suffit pour 8-10 personnes Cette commande s\u00e9curise uniquement ton Big Papas Burger. Pour les r\u00e9servations de table, veuillez appeler au 01\/25 98 380 \u00e0 l&#039;avance. Le Big Papas Burger doit \u00eatre r\u00e9serv\u00e9 au moins 24 heures \u00e0 lavance ; les annulations ne sont plus possibles apr\u00e8s cela. Merci de votre compr\u00e9hension&nbsp;!\" \/>\n<meta property=\"og:url\" content=\"https:\/\/www.leopoldaueralm.at\/fr\/shop\/big-papas-burger-pour-8-10-personnes-a-consommer-sur-place\/\" \/>\n<meta property=\"og:site_name\" content=\"XXL Restaurant Leopoldauer Alm\" \/>\n<meta property=\"article:publisher\" content=\"https:\/\/www.facebook.com\/LeopoldauerAlm\" \/>\n<meta property=\"article:modified_time\" content=\"2026-03-23T08:52:47+00:00\" \/>\n<meta property=\"og:image\" content=\"https:\/\/www.leopoldaueralm.at\/wp-content\/uploads\/2026\/03\/big-papas-burger-neu.jpg\" \/>\n\t<meta property=\"og:image:width\" content=\"480\" \/>\n\t<meta property=\"og:image:height\" content=\"640\" \/>\n\t<meta property=\"og:image:type\" content=\"image\/jpeg\" \/>\n<meta name=\"twitter:card\" content=\"summary_large_image\" \/>\n<script type=\"application\/ld+json\" class=\"yoast-schema-graph\">{\"@context\":\"https:\/\/schema.org\",\"@graph\":[{\"@type\":\"WebPage\",\"@id\":\"https:\/\/www.leopoldaueralm.at\/fr\/shop\/big-papas-burger-pour-8-10-personnes-a-consommer-sur-place\/\",\"url\":\"https:\/\/www.leopoldaueralm.at\/fr\/shop\/big-papas-burger-pour-8-10-personnes-a-consommer-sur-place\/\",\"name\":\"Big \\\"PAPAS\\\" Burger pour 8-10 personnes (\u00e0 consommer sur place) XXL Restaurant Leopoldauer Alm\",\"isPartOf\":{\"@id\":\"https:\/\/www.leopoldaueralm.at\/fr\/#website\"},\"primaryImageOfPage\":{\"@id\":\"https:\/\/www.leopoldaueralm.at\/fr\/shop\/big-papas-burger-pour-8-10-personnes-a-consommer-sur-place\/#primaryimage\"},\"image\":{\"@id\":\"https:\/\/www.leopoldaueralm.at\/fr\/shop\/big-papas-burger-pour-8-10-personnes-a-consommer-sur-place\/#primaryimage\"},\"thumbnailUrl\":\"https:\/\/www.leopoldaueralm.at\/wp-content\/uploads\/2026\/03\/big-papas-burger-neu.jpg\",\"datePublished\":\"2026-03-10T08:19:26+00:00\",\"dateModified\":\"2026-03-23T08:52:47+00:00\",\"breadcrumb\":{\"@id\":\"https:\/\/www.leopoldaueralm.at\/fr\/shop\/big-papas-burger-pour-8-10-personnes-a-consommer-sur-place\/#breadcrumb\"},\"inLanguage\":\"fr-FR\",\"potentialAction\":[{\"@type\":\"ReadAction\",\"target\":[\"https:\/\/www.leopoldaueralm.at\/fr\/shop\/big-papas-burger-pour-8-10-personnes-a-consommer-sur-place\/\"]}]},{\"@type\":\"ImageObject\",\"inLanguage\":\"fr-FR\",\"@id\":\"https:\/\/www.leopoldaueralm.at\/fr\/shop\/big-papas-burger-pour-8-10-personnes-a-consommer-sur-place\/#primaryimage\",\"url\":\"https:\/\/www.leopoldaueralm.at\/wp-content\/uploads\/2026\/03\/big-papas-burger-neu.jpg\",\"contentUrl\":\"https:\/\/www.leopoldaueralm.at\/wp-content\/uploads\/2026\/03\/big-papas-burger-neu.jpg\",\"width\":480,\"height\":640},{\"@type\":\"BreadcrumbList\",\"@id\":\"https:\/\/www.leopoldaueralm.at\/fr\/shop\/big-papas-burger-pour-8-10-personnes-a-consommer-sur-place\/#breadcrumb\",\"itemListElement\":[{\"@type\":\"ListItem\",\"position\":1,\"name\":\"Startseite\",\"item\":\"https:\/\/www.leopoldaueralm.at\/fr\/page-daccueil\/\"},{\"@type\":\"ListItem\",\"position\":2,\"name\":\"Boutique\",\"item\":\"https:\/\/www.leopoldaueralm.at\/fr\/boutique\/\"},{\"@type\":\"ListItem\",\"position\":3,\"name\":\"\u00c9v\u00e9nement\",\"item\":\"https:\/\/www.leopoldaueralm.at\/fr\/product-category\/evenement\/\"},{\"@type\":\"ListItem\",\"position\":4,\"name\":\"Big \u00ab\u00a0PAPAS\u00a0\u00bb Burger pour 8-10 personnes (\u00e0 consommer sur place)\"}]},{\"@type\":\"WebSite\",\"@id\":\"https:\/\/www.leopoldaueralm.at\/fr\/#website\",\"url\":\"https:\/\/www.leopoldaueralm.at\/fr\/\",\"name\":\"XXL Restaurant Leopoldauer Alm\",\"description\":\"Das XXL Restaurant in Wien\",\"publisher\":{\"@id\":\"https:\/\/www.leopoldaueralm.at\/fr\/#organization\"},\"potentialAction\":[{\"@type\":\"SearchAction\",\"target\":{\"@type\":\"EntryPoint\",\"urlTemplate\":\"https:\/\/www.leopoldaueralm.at\/fr\/?s={search_term_string}\"},\"query-input\":{\"@type\":\"PropertyValueSpecification\",\"valueRequired\":true,\"valueName\":\"search_term_string\"}}],\"inLanguage\":\"fr-FR\"},{\"@type\":\"Organization\",\"@id\":\"https:\/\/www.leopoldaueralm.at\/fr\/#organization\",\"name\":\"XXL Restaurant Leopoldauer Alm\",\"url\":\"https:\/\/www.leopoldaueralm.at\/fr\/\",\"logo\":{\"@type\":\"ImageObject\",\"inLanguage\":\"fr-FR\",\"@id\":\"https:\/\/www.leopoldaueralm.at\/fr\/#\/schema\/logo\/image\/\",\"url\":\"https:\/\/www.leopoldaueralm.at\/wp-content\/uploads\/2019\/12\/leo-logo.png\",\"contentUrl\":\"https:\/\/www.leopoldaueralm.at\/wp-content\/uploads\/2019\/12\/leo-logo.png\",\"width\":250,\"height\":250,\"caption\":\"XXL Restaurant Leopoldauer Alm\"},\"image\":{\"@id\":\"https:\/\/www.leopoldaueralm.at\/fr\/#\/schema\/logo\/image\/\"},\"sameAs\":[\"https:\/\/www.facebook.com\/LeopoldauerAlm\"]}]}<\/script>\n<!-- \/ Yoast SEO plugin. -->","yoast_head_json":{"title":"Big \"PAPAS\" Burger pour 8-10 personnes (\u00e0 consommer sur place) XXL Restaurant Leopoldauer Alm","robots":{"index":"index","follow":"follow","max-snippet":"max-snippet:-1","max-image-preview":"max-image-preview:large","max-video-preview":"max-video-preview:-1"},"canonical":"https:\/\/www.leopoldaueralm.at\/fr\/shop\/big-papas-burger-pour-8-10-personnes-a-consommer-sur-place\/","og_locale":"fr_FR","og_type":"article","og_title":"Big \"PAPAS\" Burger pour 8-10 personnes (\u00e0 consommer sur place) XXL Restaurant Leopoldauer Alm","og_description":"ATTENTION !!! Uniquement sur pr\u00e9commande 24 h \u00e0 l\u2019avance ! Le plus grand BURGER DEUROPE !!! BIG PAPAS BURGER - avec 2 x 1\u202f500 g de B\u0152UF extra-pur, fabriqu spcialement pour nous (mlange 70\/30 % viande-graisse). Le burger est garni de cheddar de lard fum, tomates, salade de concombres, oignons. En accompagnement : env. 2,5 kg de frites, rondelles doignons panes, sauces - sauce au fromage, sauce lail, sauce BBQ, sauce sweet chilli. Suffit pour 8-10 personnes Cette commande s\u00e9curise uniquement ton Big Papas Burger. Pour les r\u00e9servations de table, veuillez appeler au 01\/25 98 380 \u00e0 l'avance. Le Big Papas Burger doit \u00eatre r\u00e9serv\u00e9 au moins 24 heures \u00e0 lavance ; les annulations ne sont plus possibles apr\u00e8s cela. Merci de votre compr\u00e9hension&nbsp;!","og_url":"https:\/\/www.leopoldaueralm.at\/fr\/shop\/big-papas-burger-pour-8-10-personnes-a-consommer-sur-place\/","og_site_name":"XXL Restaurant Leopoldauer Alm","article_publisher":"https:\/\/www.facebook.com\/LeopoldauerAlm","article_modified_time":"2026-03-23T08:52:47+00:00","og_image":[{"width":480,"height":640,"url":"https:\/\/www.leopoldaueralm.at\/wp-content\/uploads\/2026\/03\/big-papas-burger-neu.jpg","type":"image\/jpeg"}],"twitter_card":"summary_large_image","schema":{"@context":"https:\/\/schema.org","@graph":[{"@type":"WebPage","@id":"https:\/\/www.leopoldaueralm.at\/fr\/shop\/big-papas-burger-pour-8-10-personnes-a-consommer-sur-place\/","url":"https:\/\/www.leopoldaueralm.at\/fr\/shop\/big-papas-burger-pour-8-10-personnes-a-consommer-sur-place\/","name":"Big \"PAPAS\" Burger pour 8-10 personnes (\u00e0 consommer sur place) XXL Restaurant Leopoldauer Alm","isPartOf":{"@id":"https:\/\/www.leopoldaueralm.at\/fr\/#website"},"primaryImageOfPage":{"@id":"https:\/\/www.leopoldaueralm.at\/fr\/shop\/big-papas-burger-pour-8-10-personnes-a-consommer-sur-place\/#primaryimage"},"image":{"@id":"https:\/\/www.leopoldaueralm.at\/fr\/shop\/big-papas-burger-pour-8-10-personnes-a-consommer-sur-place\/#primaryimage"},"thumbnailUrl":"https:\/\/www.leopoldaueralm.at\/wp-content\/uploads\/2026\/03\/big-papas-burger-neu.jpg","datePublished":"2026-03-10T08:19:26+00:00","dateModified":"2026-03-23T08:52:47+00:00","breadcrumb":{"@id":"https:\/\/www.leopoldaueralm.at\/fr\/shop\/big-papas-burger-pour-8-10-personnes-a-consommer-sur-place\/#breadcrumb"},"inLanguage":"fr-FR","potentialAction":[{"@type":"ReadAction","target":["https:\/\/www.leopoldaueralm.at\/fr\/shop\/big-papas-burger-pour-8-10-personnes-a-consommer-sur-place\/"]}]},{"@type":"ImageObject","inLanguage":"fr-FR","@id":"https:\/\/www.leopoldaueralm.at\/fr\/shop\/big-papas-burger-pour-8-10-personnes-a-consommer-sur-place\/#primaryimage","url":"https:\/\/www.leopoldaueralm.at\/wp-content\/uploads\/2026\/03\/big-papas-burger-neu.jpg","contentUrl":"https:\/\/www.leopoldaueralm.at\/wp-content\/uploads\/2026\/03\/big-papas-burger-neu.jpg","width":480,"height":640},{"@type":"BreadcrumbList","@id":"https:\/\/www.leopoldaueralm.at\/fr\/shop\/big-papas-burger-pour-8-10-personnes-a-consommer-sur-place\/#breadcrumb","itemListElement":[{"@type":"ListItem","position":1,"name":"Startseite","item":"https:\/\/www.leopoldaueralm.at\/fr\/page-daccueil\/"},{"@type":"ListItem","position":2,"name":"Boutique","item":"https:\/\/www.leopoldaueralm.at\/fr\/boutique\/"},{"@type":"ListItem","position":3,"name":"\u00c9v\u00e9nement","item":"https:\/\/www.leopoldaueralm.at\/fr\/product-category\/evenement\/"},{"@type":"ListItem","position":4,"name":"Big \u00ab\u00a0PAPAS\u00a0\u00bb Burger pour 8-10 personnes (\u00e0 consommer sur place)"}]},{"@type":"WebSite","@id":"https:\/\/www.leopoldaueralm.at\/fr\/#website","url":"https:\/\/www.leopoldaueralm.at\/fr\/","name":"XXL Restaurant Leopoldauer Alm","description":"Das XXL Restaurant in Wien","publisher":{"@id":"https:\/\/www.leopoldaueralm.at\/fr\/#organization"},"potentialAction":[{"@type":"SearchAction","target":{"@type":"EntryPoint","urlTemplate":"https:\/\/www.leopoldaueralm.at\/fr\/?s={search_term_string}"},"query-input":{"@type":"PropertyValueSpecification","valueRequired":true,"valueName":"search_term_string"}}],"inLanguage":"fr-FR"},{"@type":"Organization","@id":"https:\/\/www.leopoldaueralm.at\/fr\/#organization","name":"XXL Restaurant Leopoldauer Alm","url":"https:\/\/www.leopoldaueralm.at\/fr\/","logo":{"@type":"ImageObject","inLanguage":"fr-FR","@id":"https:\/\/www.leopoldaueralm.at\/fr\/#\/schema\/logo\/image\/","url":"https:\/\/www.leopoldaueralm.at\/wp-content\/uploads\/2019\/12\/leo-logo.png","contentUrl":"https:\/\/www.leopoldaueralm.at\/wp-content\/uploads\/2019\/12\/leo-logo.png","width":250,"height":250,"caption":"XXL Restaurant Leopoldauer Alm"},"image":{"@id":"https:\/\/www.leopoldaueralm.at\/fr\/#\/schema\/logo\/image\/"},"sameAs":["https:\/\/www.facebook.com\/LeopoldauerAlm"]}]}},"wcpa_form_fields":null,"_links":{"self":[{"href":"https:\/\/www.leopoldaueralm.at\/fr\/wp-json\/wp\/v2\/product\/29845","targetHints":{"allow":["GET"]}}],"collection":[{"href":"https:\/\/www.leopoldaueralm.at\/fr\/wp-json\/wp\/v2\/product"}],"about":[{"href":"https:\/\/www.leopoldaueralm.at\/fr\/wp-json\/wp\/v2\/types\/product"}],"wp:featuredmedia":[{"embeddable":true,"href":"https:\/\/www.leopoldaueralm.at\/fr\/wp-json\/wp\/v2\/media\/30018"}],"wp:attachment":[{"href":"https:\/\/www.leopoldaueralm.at\/fr\/wp-json\/wp\/v2\/media?parent=29845"}],"wp:term":[{"taxonomy":"product_brand","embeddable":true,"href":"https:\/\/www.leopoldaueralm.at\/fr\/wp-json\/wp\/v2\/product_brand?post=29845"},{"taxonomy":"product_cat","embeddable":true,"href":"https:\/\/www.leopoldaueralm.at\/fr\/wp-json\/wp\/v2\/product_cat?post=29845"},{"taxonomy":"product_tag","embeddable":true,"href":"https:\/\/www.leopoldaueralm.at\/fr\/wp-json\/wp\/v2\/product_tag?post=29845"}],"curies":[{"name":"wp","href":"https:\/\/api.w.org\/{rel}","templated":true}]}}