{"id":31108,"date":"2026-05-12T10:33:45","date_gmt":"2026-05-12T08:33:45","guid":{"rendered":"https:\/\/www.leopoldaueralm.at\/shop\/futterkrippe-a-emporter\/"},"modified":"2026-05-13T10:59:59","modified_gmt":"2026-05-13T08:59:59","slug":"futterkrippe-a-emporter","status":"publish","type":"product","link":"https:\/\/www.leopoldaueralm.at\/fr\/shop\/futterkrippe-a-emporter\/","title":{"rendered":"Futterkrippe (\u00e0 emporter)"},"content":{"rendered":"","protected":false},"excerpt":{"rendered":"<div class=\"RichTextEditor__block___2Vs_D RichTextEditor__paragraph___3NTf9\" data-block=\"true\" data-editor=\"85i1\" data-offset-key=\"2n95n-0-0\">\n<h3 class=\"public-DraftStyleDefault-block public-DraftStyleDefault-ltr\" data-offset-key=\"2n95n-0-0\">FUTTERKRIPPE pour 5-6 personnes (uniquement sur r\u00e9servation)<\/h3>\n<\/div>\n<p>Nouveau \u00e0 la Leopoldauer Alm : notre unique \u00ab FUTTERKRIPPE \u00bb pour 5-6 personnes !<br \/>\nLes plats pr\u00e9f\u00e9r\u00e9s des Autrichiens r\u00e9unis dans une \u00ab Futterkrippe \u00bb pour toute la famille : une MONDIALE !<\/p>\n<p>Dans la cr\u00e8che, tu trouveras les plats pr\u00e9f\u00e9r\u00e9s des Autrichiens : un d\u00e9licieux goulash de b\u0153uf, des Eiernockerl, du porc fum\u00e9 \u00e0 la paysanne et des escalopes. En accompagnement, nous servons du chou, des quenelles, du jus de r\u00f4ti, des frites, des p\u00e2tes saut\u00e9es et une g\u00e9n\u00e9reuse portion de salade de concombres et de pommes de terre. <\/p>\n<p>Seulement 94,00 \u20ac<\/p>\n<p>&nbsp;<\/p>\n<p><span style=\"color: #ff0000;\"><strong>Le retrait ne comprend pas la forme de cr\u00e8che ; les plats sont conditionn\u00e9s dans des contenants adapt\u00e9s.<\/strong><\/span><\/p>\n","protected":false},"featured_media":31029,"template":"","meta":{"ocean_post_layout":"","ocean_both_sidebars_style":"","ocean_both_sidebars_content_width":0,"ocean_both_sidebars_sidebars_width":0,"ocean_sidebar":"0","ocean_second_sidebar":"0","ocean_disable_margins":"enable","ocean_add_body_class":"","ocean_shortcode_before_top_bar":"","ocean_shortcode_after_top_bar":"","ocean_shortcode_before_header":"","ocean_shortcode_after_header":"","ocean_has_shortcode":"","ocean_shortcode_after_title":"","ocean_shortcode_before_footer_widgets":"","ocean_shortcode_after_footer_widgets":"","ocean_shortcode_before_footer_bottom":"","ocean_shortcode_after_footer_bottom":"","ocean_display_top_bar":"default","ocean_display_header":"default","ocean_header_style":"","ocean_center_header_left_menu":"0","ocean_custom_header_template":"0","ocean_custom_logo":0,"ocean_custom_retina_logo":0,"ocean_custom_logo_max_width":0,"ocean_custom_logo_tablet_max_width":0,"ocean_custom_logo_mobile_max_width":0,"ocean_custom_logo_max_height":0,"ocean_custom_logo_tablet_max_height":0,"ocean_custom_logo_mobile_max_height":0,"ocean_header_custom_menu":"0","ocean_menu_typo_font_family":"0","ocean_menu_typo_font_subset":"","ocean_menu_typo_font_size":0,"ocean_menu_typo_font_size_tablet":0,"ocean_menu_typo_font_size_mobile":0,"ocean_menu_typo_font_size_unit":"px","ocean_menu_typo_font_weight":"","ocean_menu_typo_font_weight_tablet":"","ocean_menu_typo_font_weight_mobile":"","ocean_menu_typo_transform":"","ocean_menu_typo_transform_tablet":"","ocean_menu_typo_transform_mobile":"","ocean_menu_typo_line_height":0,"ocean_menu_typo_line_height_tablet":0,"ocean_menu_typo_line_height_mobile":0,"ocean_menu_typo_line_height_unit":"","ocean_menu_typo_spacing":0,"ocean_menu_typo_spacing_tablet":0,"ocean_menu_typo_spacing_mobile":0,"ocean_menu_typo_spacing_unit":"","ocean_menu_link_color":"","ocean_menu_link_color_hover":"","ocean_menu_link_color_active":"","ocean_menu_link_background":"","ocean_menu_link_hover_background":"","ocean_menu_link_active_background":"","ocean_menu_social_links_bg":"","ocean_menu_social_hover_links_bg":"","ocean_menu_social_links_color":"","ocean_menu_social_hover_links_color":"","ocean_disable_title":"default","ocean_disable_heading":"default","ocean_post_title":"","ocean_post_subheading":"","ocean_post_title_style":"","ocean_post_title_background_color":"","ocean_post_title_background":0,"ocean_post_title_bg_image_position":"","ocean_post_title_bg_image_attachment":"","ocean_post_title_bg_image_repeat":"","ocean_post_title_bg_image_size":"","ocean_post_title_height":0,"ocean_post_title_bg_overlay":0.5,"ocean_post_title_bg_overlay_color":"","ocean_disable_breadcrumbs":"default","ocean_breadcrumbs_color":"","ocean_breadcrumbs_separator_color":"","ocean_breadcrumbs_links_color":"","ocean_breadcrumbs_links_hover_color":"","ocean_display_footer_widgets":"default","ocean_display_footer_bottom":"default","ocean_custom_footer_template":"0","osh_disable_topbar_sticky":"default","osh_disable_header_sticky":"default","osh_sticky_header_style":"default","osh_sticky_header_effect":"","osh_custom_sticky_logo":0,"osh_custom_retina_sticky_logo":0,"osh_custom_sticky_logo_height":0,"osh_background_color":"","osh_links_color":"","osh_links_hover_color":"","osh_links_active_color":"","osh_links_bg_color":"","osh_links_hover_bg_color":"","osh_links_active_bg_color":"","osh_menu_social_links_color":"","osh_menu_social_hover_links_color":""},"product_brand":[],"product_cat":[462,568],"product_tag":[],"class_list":{"0":"post-31108","1":"product","2":"type-product","3":"status-publish","4":"has-post-thumbnail","6":"product_cat-boutique-de-retrait","7":"product_cat-assiette-xxl","8":"product_shipping_class-uniquement-a-lalm","10":"entry","11":"has-media","13":"first","14":"instock","15":"taxable","16":"shipping-taxable","17":"purchasable","18":"product-type-simple","19":"has-product-nav","20":"col","21":"span_1_of_3","22":"owp-content-center","23":"owp-thumbs-layout-horizontal","24":"owp-btn-normal","25":"owp-tabs-layout-horizontal"},"group_of_quantity":0,"min_quantity":0,"max_quantity":"","exclude_order_quantity_value_rules":"no","exclude_category_quantity_rules":"no","combine_variations":"no","yoast_head":"<!-- This site is optimized with the Yoast SEO plugin v27.2 - https:\/\/yoast.com\/product\/yoast-seo-wordpress\/ -->\n<title>Futterkrippe (\u00e0 emporter) XXL Restaurant Leopoldauer Alm<\/title>\n<meta name=\"robots\" content=\"index, follow, max-snippet:-1, max-image-preview:large, max-video-preview:-1\" \/>\n<link rel=\"canonical\" href=\"https:\/\/www.leopoldaueralm.at\/fr\/shop\/futterkrippe-a-emporter\/\" \/>\n<meta property=\"og:locale\" content=\"fr_FR\" \/>\n<meta property=\"og:type\" content=\"article\" \/>\n<meta property=\"og:title\" content=\"Futterkrippe (\u00e0 emporter) XXL Restaurant Leopoldauer Alm\" \/>\n<meta property=\"og:description\" content=\"FUTTERKRIPPE pour 5-6 personnes (uniquement sur r\u00e9servation) Nouveau \u00e0 la Leopoldauer Alm : notre unique \u00ab FUTTERKRIPPE \u00bb pour 5-6 personnes ! Les plats pr\u00e9f\u00e9r\u00e9s des Autrichiens r\u00e9unis dans une \u00ab Futterkrippe \u00bb pour toute la famille : une MONDIALE ! Dans la cr\u00e8che, tu trouveras les plats pr\u00e9f\u00e9r\u00e9s des Autrichiens : un d\u00e9licieux goulash de b\u0153uf, des Eiernockerl, du porc fum\u00e9 \u00e0 la paysanne et des escalopes. En accompagnement, nous servons du chou, des quenelles, du jus de r\u00f4ti, des frites, des p\u00e2tes saut\u00e9es et une g\u00e9n\u00e9reuse portion de salade de concombres et de pommes de terre.  Seulement 94,00 \u20ac &nbsp; Le retrait ne comprend pas la forme de cr\u00e8che ; les plats sont conditionn\u00e9s dans des contenants adapt\u00e9s.\" \/>\n<meta property=\"og:url\" content=\"https:\/\/www.leopoldaueralm.at\/fr\/shop\/futterkrippe-a-emporter\/\" \/>\n<meta property=\"og:site_name\" content=\"XXL Restaurant Leopoldauer Alm\" \/>\n<meta property=\"article:publisher\" content=\"https:\/\/www.facebook.com\/LeopoldauerAlm\" \/>\n<meta property=\"article:modified_time\" content=\"2026-05-13T08:59:59+00:00\" \/>\n<meta property=\"og:image\" content=\"https:\/\/www.leopoldaueralm.at\/wp-content\/uploads\/2026\/05\/futterkrippe1.jpeg\" \/>\n\t<meta property=\"og:image:width\" content=\"480\" \/>\n\t<meta property=\"og:image:height\" content=\"640\" \/>\n\t<meta property=\"og:image:type\" content=\"image\/jpeg\" \/>\n<meta name=\"twitter:card\" content=\"summary_large_image\" \/>\n<script type=\"application\/ld+json\" class=\"yoast-schema-graph\">{\"@context\":\"https:\/\/schema.org\",\"@graph\":[{\"@type\":\"WebPage\",\"@id\":\"https:\/\/www.leopoldaueralm.at\/fr\/shop\/futterkrippe-a-emporter\/\",\"url\":\"https:\/\/www.leopoldaueralm.at\/fr\/shop\/futterkrippe-a-emporter\/\",\"name\":\"Futterkrippe (\u00e0 emporter) XXL Restaurant Leopoldauer Alm\",\"isPartOf\":{\"@id\":\"https:\/\/www.leopoldaueralm.at\/fr\/#website\"},\"primaryImageOfPage\":{\"@id\":\"https:\/\/www.leopoldaueralm.at\/fr\/shop\/futterkrippe-a-emporter\/#primaryimage\"},\"image\":{\"@id\":\"https:\/\/www.leopoldaueralm.at\/fr\/shop\/futterkrippe-a-emporter\/#primaryimage\"},\"thumbnailUrl\":\"https:\/\/www.leopoldaueralm.at\/wp-content\/uploads\/2026\/05\/futterkrippe1.jpeg\",\"datePublished\":\"2026-05-12T08:33:45+00:00\",\"dateModified\":\"2026-05-13T08:59:59+00:00\",\"breadcrumb\":{\"@id\":\"https:\/\/www.leopoldaueralm.at\/fr\/shop\/futterkrippe-a-emporter\/#breadcrumb\"},\"inLanguage\":\"fr-FR\",\"potentialAction\":[{\"@type\":\"ReadAction\",\"target\":[\"https:\/\/www.leopoldaueralm.at\/fr\/shop\/futterkrippe-a-emporter\/\"]}]},{\"@type\":\"ImageObject\",\"inLanguage\":\"fr-FR\",\"@id\":\"https:\/\/www.leopoldaueralm.at\/fr\/shop\/futterkrippe-a-emporter\/#primaryimage\",\"url\":\"https:\/\/www.leopoldaueralm.at\/wp-content\/uploads\/2026\/05\/futterkrippe1.jpeg\",\"contentUrl\":\"https:\/\/www.leopoldaueralm.at\/wp-content\/uploads\/2026\/05\/futterkrippe1.jpeg\",\"width\":480,\"height\":640},{\"@type\":\"BreadcrumbList\",\"@id\":\"https:\/\/www.leopoldaueralm.at\/fr\/shop\/futterkrippe-a-emporter\/#breadcrumb\",\"itemListElement\":[{\"@type\":\"ListItem\",\"position\":1,\"name\":\"Startseite\",\"item\":\"https:\/\/www.leopoldaueralm.at\/fr\/page-daccueil\/\"},{\"@type\":\"ListItem\",\"position\":2,\"name\":\"Boutique\",\"item\":\"https:\/\/www.leopoldaueralm.at\/fr\/boutique\/\"},{\"@type\":\"ListItem\",\"position\":3,\"name\":\"Assiette XXL\",\"item\":\"https:\/\/www.leopoldaueralm.at\/fr\/product-category\/assiette-xxl\/\"},{\"@type\":\"ListItem\",\"position\":4,\"name\":\"Futterkrippe (\u00e0 emporter)\"}]},{\"@type\":\"WebSite\",\"@id\":\"https:\/\/www.leopoldaueralm.at\/fr\/#website\",\"url\":\"https:\/\/www.leopoldaueralm.at\/fr\/\",\"name\":\"XXL Restaurant Leopoldauer Alm\",\"description\":\"Das XXL Restaurant in Wien\",\"publisher\":{\"@id\":\"https:\/\/www.leopoldaueralm.at\/fr\/#organization\"},\"potentialAction\":[{\"@type\":\"SearchAction\",\"target\":{\"@type\":\"EntryPoint\",\"urlTemplate\":\"https:\/\/www.leopoldaueralm.at\/fr\/?s={search_term_string}\"},\"query-input\":{\"@type\":\"PropertyValueSpecification\",\"valueRequired\":true,\"valueName\":\"search_term_string\"}}],\"inLanguage\":\"fr-FR\"},{\"@type\":\"Organization\",\"@id\":\"https:\/\/www.leopoldaueralm.at\/fr\/#organization\",\"name\":\"XXL Restaurant Leopoldauer Alm\",\"url\":\"https:\/\/www.leopoldaueralm.at\/fr\/\",\"logo\":{\"@type\":\"ImageObject\",\"inLanguage\":\"fr-FR\",\"@id\":\"https:\/\/www.leopoldaueralm.at\/fr\/#\/schema\/logo\/image\/\",\"url\":\"https:\/\/www.leopoldaueralm.at\/wp-content\/uploads\/2019\/12\/leo-logo.png\",\"contentUrl\":\"https:\/\/www.leopoldaueralm.at\/wp-content\/uploads\/2019\/12\/leo-logo.png\",\"width\":250,\"height\":250,\"caption\":\"XXL Restaurant Leopoldauer Alm\"},\"image\":{\"@id\":\"https:\/\/www.leopoldaueralm.at\/fr\/#\/schema\/logo\/image\/\"},\"sameAs\":[\"https:\/\/www.facebook.com\/LeopoldauerAlm\"]}]}<\/script>\n<!-- \/ Yoast SEO plugin. -->","yoast_head_json":{"title":"Futterkrippe (\u00e0 emporter) XXL Restaurant Leopoldauer Alm","robots":{"index":"index","follow":"follow","max-snippet":"max-snippet:-1","max-image-preview":"max-image-preview:large","max-video-preview":"max-video-preview:-1"},"canonical":"https:\/\/www.leopoldaueralm.at\/fr\/shop\/futterkrippe-a-emporter\/","og_locale":"fr_FR","og_type":"article","og_title":"Futterkrippe (\u00e0 emporter) XXL Restaurant Leopoldauer Alm","og_description":"FUTTERKRIPPE pour 5-6 personnes (uniquement sur r\u00e9servation) Nouveau \u00e0 la Leopoldauer Alm : notre unique \u00ab FUTTERKRIPPE \u00bb pour 5-6 personnes ! Les plats pr\u00e9f\u00e9r\u00e9s des Autrichiens r\u00e9unis dans une \u00ab Futterkrippe \u00bb pour toute la famille : une MONDIALE ! Dans la cr\u00e8che, tu trouveras les plats pr\u00e9f\u00e9r\u00e9s des Autrichiens : un d\u00e9licieux goulash de b\u0153uf, des Eiernockerl, du porc fum\u00e9 \u00e0 la paysanne et des escalopes. En accompagnement, nous servons du chou, des quenelles, du jus de r\u00f4ti, des frites, des p\u00e2tes saut\u00e9es et une g\u00e9n\u00e9reuse portion de salade de concombres et de pommes de terre.  Seulement 94,00 \u20ac &nbsp; Le retrait ne comprend pas la forme de cr\u00e8che ; les plats sont conditionn\u00e9s dans des contenants adapt\u00e9s.","og_url":"https:\/\/www.leopoldaueralm.at\/fr\/shop\/futterkrippe-a-emporter\/","og_site_name":"XXL Restaurant Leopoldauer Alm","article_publisher":"https:\/\/www.facebook.com\/LeopoldauerAlm","article_modified_time":"2026-05-13T08:59:59+00:00","og_image":[{"width":480,"height":640,"url":"https:\/\/www.leopoldaueralm.at\/wp-content\/uploads\/2026\/05\/futterkrippe1.jpeg","type":"image\/jpeg"}],"twitter_card":"summary_large_image","schema":{"@context":"https:\/\/schema.org","@graph":[{"@type":"WebPage","@id":"https:\/\/www.leopoldaueralm.at\/fr\/shop\/futterkrippe-a-emporter\/","url":"https:\/\/www.leopoldaueralm.at\/fr\/shop\/futterkrippe-a-emporter\/","name":"Futterkrippe (\u00e0 emporter) XXL Restaurant Leopoldauer Alm","isPartOf":{"@id":"https:\/\/www.leopoldaueralm.at\/fr\/#website"},"primaryImageOfPage":{"@id":"https:\/\/www.leopoldaueralm.at\/fr\/shop\/futterkrippe-a-emporter\/#primaryimage"},"image":{"@id":"https:\/\/www.leopoldaueralm.at\/fr\/shop\/futterkrippe-a-emporter\/#primaryimage"},"thumbnailUrl":"https:\/\/www.leopoldaueralm.at\/wp-content\/uploads\/2026\/05\/futterkrippe1.jpeg","datePublished":"2026-05-12T08:33:45+00:00","dateModified":"2026-05-13T08:59:59+00:00","breadcrumb":{"@id":"https:\/\/www.leopoldaueralm.at\/fr\/shop\/futterkrippe-a-emporter\/#breadcrumb"},"inLanguage":"fr-FR","potentialAction":[{"@type":"ReadAction","target":["https:\/\/www.leopoldaueralm.at\/fr\/shop\/futterkrippe-a-emporter\/"]}]},{"@type":"ImageObject","inLanguage":"fr-FR","@id":"https:\/\/www.leopoldaueralm.at\/fr\/shop\/futterkrippe-a-emporter\/#primaryimage","url":"https:\/\/www.leopoldaueralm.at\/wp-content\/uploads\/2026\/05\/futterkrippe1.jpeg","contentUrl":"https:\/\/www.leopoldaueralm.at\/wp-content\/uploads\/2026\/05\/futterkrippe1.jpeg","width":480,"height":640},{"@type":"BreadcrumbList","@id":"https:\/\/www.leopoldaueralm.at\/fr\/shop\/futterkrippe-a-emporter\/#breadcrumb","itemListElement":[{"@type":"ListItem","position":1,"name":"Startseite","item":"https:\/\/www.leopoldaueralm.at\/fr\/page-daccueil\/"},{"@type":"ListItem","position":2,"name":"Boutique","item":"https:\/\/www.leopoldaueralm.at\/fr\/boutique\/"},{"@type":"ListItem","position":3,"name":"Assiette XXL","item":"https:\/\/www.leopoldaueralm.at\/fr\/product-category\/assiette-xxl\/"},{"@type":"ListItem","position":4,"name":"Futterkrippe (\u00e0 emporter)"}]},{"@type":"WebSite","@id":"https:\/\/www.leopoldaueralm.at\/fr\/#website","url":"https:\/\/www.leopoldaueralm.at\/fr\/","name":"XXL Restaurant Leopoldauer Alm","description":"Das XXL Restaurant in Wien","publisher":{"@id":"https:\/\/www.leopoldaueralm.at\/fr\/#organization"},"potentialAction":[{"@type":"SearchAction","target":{"@type":"EntryPoint","urlTemplate":"https:\/\/www.leopoldaueralm.at\/fr\/?s={search_term_string}"},"query-input":{"@type":"PropertyValueSpecification","valueRequired":true,"valueName":"search_term_string"}}],"inLanguage":"fr-FR"},{"@type":"Organization","@id":"https:\/\/www.leopoldaueralm.at\/fr\/#organization","name":"XXL Restaurant Leopoldauer Alm","url":"https:\/\/www.leopoldaueralm.at\/fr\/","logo":{"@type":"ImageObject","inLanguage":"fr-FR","@id":"https:\/\/www.leopoldaueralm.at\/fr\/#\/schema\/logo\/image\/","url":"https:\/\/www.leopoldaueralm.at\/wp-content\/uploads\/2019\/12\/leo-logo.png","contentUrl":"https:\/\/www.leopoldaueralm.at\/wp-content\/uploads\/2019\/12\/leo-logo.png","width":250,"height":250,"caption":"XXL Restaurant Leopoldauer Alm"},"image":{"@id":"https:\/\/www.leopoldaueralm.at\/fr\/#\/schema\/logo\/image\/"},"sameAs":["https:\/\/www.facebook.com\/LeopoldauerAlm"]}]}},"wcpa_form_fields":null,"_links":{"self":[{"href":"https:\/\/www.leopoldaueralm.at\/fr\/wp-json\/wp\/v2\/product\/31108","targetHints":{"allow":["GET"]}}],"collection":[{"href":"https:\/\/www.leopoldaueralm.at\/fr\/wp-json\/wp\/v2\/product"}],"about":[{"href":"https:\/\/www.leopoldaueralm.at\/fr\/wp-json\/wp\/v2\/types\/product"}],"wp:featuredmedia":[{"embeddable":true,"href":"https:\/\/www.leopoldaueralm.at\/fr\/wp-json\/wp\/v2\/media\/31029"}],"wp:attachment":[{"href":"https:\/\/www.leopoldaueralm.at\/fr\/wp-json\/wp\/v2\/media?parent=31108"}],"wp:term":[{"taxonomy":"product_brand","embeddable":true,"href":"https:\/\/www.leopoldaueralm.at\/fr\/wp-json\/wp\/v2\/product_brand?post=31108"},{"taxonomy":"product_cat","embeddable":true,"href":"https:\/\/www.leopoldaueralm.at\/fr\/wp-json\/wp\/v2\/product_cat?post=31108"},{"taxonomy":"product_tag","embeddable":true,"href":"https:\/\/www.leopoldaueralm.at\/fr\/wp-json\/wp\/v2\/product_tag?post=31108"}],"curies":[{"name":"wp","href":"https:\/\/api.w.org\/{rel}","templated":true}]}}