{"id":20520,"date":"2024-12-16T08:24:56","date_gmt":"2024-12-16T07:24:56","guid":{"rendered":"https:\/\/www.leopoldaueralm.at\/informativa-sul-diritto-di-recesso\/"},"modified":"2024-12-16T08:24:56","modified_gmt":"2024-12-16T07:24:56","slug":"informativa-sul-diritto-di-recesso","status":"publish","type":"page","link":"https:\/\/www.leopoldaueralm.at\/it\/informativa-sul-diritto-di-recesso\/","title":{"rendered":"Informativa sul diritto di recesso"},"content":{"rendered":"<h3>Diritto di recesso per i consumatori<\/h3>\n<p>(Il consumatore \u00e8 qualsiasi persona fisica che conclude un negozio giuridico per scopi che non possono essere attribuiti prevalentemente n\u00e9 alla sua attivit\u00e0 commerciale n\u00e9 alla sua attivit\u00e0 professionale autonoma.)<\/p>\n<h1>Informativa sul diritto di recesso<\/h1>\n<h3>Diritto di recesso<\/h3>\n<p>Avete il diritto di recedere dal presente contratto entro quattordici giorni senza indicarne i motivi.<\/p>\n<p>Il periodo di recesso \u00e8 di quattordici giorni a partire dal giorno,<\/p>\n<ul>\n<li>in cui voi o un terzo da voi designato, che non sia il vettore, avete o ha preso possesso della merce, a condizione che abbiate ordinato uno o pi\u00f9 beni nell&#8217;ambito di un unico ordine e che questi vengano consegnati in un&#8217;unica soluzione, oppure<\/li>\n<li>in cui voi o un terzo da voi designato, che non sia il vettore, avete o ha preso possesso dell&#8217;ultima merce, a condizione che abbiate ordinato pi\u00f9 beni nell&#8217;ambito di un unico ordine e che questi vengano consegnati separatamente, oppure<\/li>\n<li>in cui voi o un terzo da voi designato, che non sia il vettore, avete o ha preso possesso dell&#8217;ultima spedizione parziale o dell&#8217;ultimo pezzo, a condizione che abbiate ordinato un bene che viene consegnato in pi\u00f9 spedizioni parziali o pezzi, oppure<\/li>\n<li>in cui voi o un terzo da voi designato, che non sia il vettore, avete o ha preso possesso del primo bene, a condizione che abbiate stipulato un contratto per la consegna regolare di beni per un periodo di tempo determinato.<\/li>\n<\/ul>\n<p>Per esercitare il vostro diritto di recesso, dovete informarci (\u201cLeopoldauer Alm\u201d Gastronomiebetriebsgesellschaft m.b.H., Wagramer Stra\u00dfe 205, 1210 Vienna, Austria, numero di telefono: +43 1 25 98 380, indirizzo e-mail: office@leopoldaueralm.at) mediante una dichiarazione inequivocabile (ad esempio, una lettera inviata per posta, e-mail) della vostra decisione di recedere dal presente contratto. Potete utilizzare il modulo di recesso allegato, che tuttavia non \u00e8 obbligatorio.<\/p>\n<p>Per rispettare il termine di recesso, \u00e8 sufficiente che inviate la comunicazione relativa all&#8217;esercizio del diritto di recesso prima della scadenza del periodo di recesso.<\/p>\n<h3>Conseguenze del recesso<\/h3>\n<p>Se recedete dal presente contratto, vi rimborseremo tutti i pagamenti che abbiamo ricevuto da voi, inclusi i costi di consegna (ad eccezione dei costi aggiuntivi derivanti dalla vostra scelta di un tipo di consegna diverso dalla consegna standard pi\u00f9 economica da noi offerta), senza indebito ritardo e in ogni caso non oltre quattordici giorni dal giorno in cui siamo stati informati della vostra decisione di recedere dal presente contratto. Per tale rimborso utilizzeremo lo stesso mezzo di pagamento da voi utilizzato per la transazione iniziale, salvo che non sia stato espressamente concordato diversamente; in nessun caso vi saranno addebitate spese per tale rimborso.<\/p>\n<p>Possiamo rifiutare il rimborso fino a quando non avremo ricevuto la merce o fino a quando non avrete fornito la prova di aver rispedito la merce, a seconda di quale situazione si verifichi prima.<\/p>\n<p>Dovete rispedire o consegnare la merce a noi senza indebito ritardo e in ogni caso non oltre quattordici giorni dal giorno in cui ci avete informato del vostro recesso dal presente contratto. Il termine \u00e8 rispettato se rispedite la merce prima della scadenza del periodo di quattordici giorni.<\/p>\n<p>Sosterremo i costi della restituzione della merce.<\/p>\n<p>Dovete rispondere di un&#8217;eventuale diminuzione del valore della merce solo se tale diminuzione del valore \u00e8 dovuta a una manipolazione della merce non necessaria per verificarne la natura, le caratteristiche e il funzionamento.<\/p>\n<h3>Esclusione del diritto di recesso<\/h3>\n<p>Il diritto di recesso non sussiste ai sensi del \u00a7 312g comma 2 del Codice Civile tedesco (BGB) in caso di:<\/p>\n<ul>\n<li>contratti per la fornitura di bevande alcoliche, il cui prezzo \u00e8 stato concordato al momento della conclusione del contratto, ma che possono essere consegnate non prima di 30 giorni dalla conclusione del contratto e il cui valore attuale dipende da fluttuazioni del mercato su cui l&#8217;imprenditore non ha alcuna influenza<\/li>\n<li>contratti per la fornitura di beni che possono deteriorarsi rapidamente o la cui data di scadenza verrebbe rapidamente superata<\/li>\n<\/ul>\n<h2>Modulo di recesso tipo<\/h2>\n<p>(Se desiderate recedere dal contratto, compilate e rispedite il presente modulo.)<\/p>\n<p>\u2013 A<\/p>\n<p>\u201cLeopoldauer Alm\u201d Gastronomiebetriebsgesellschaft m.b.H., Wagramer Stra\u00dfe 205, 1210 Vienna, Austria, numero di telefono: +43 1 25 98 380, indirizzo e-mail: office@leopoldaueralm.at<\/p>\n<p>\u2013 Con la presente io\/noi (*) revochiamo il contratto da me\/noi (*) concluso per l&#8217;acquisto dei seguenti beni (*)\/ la fornitura del seguente servizio (*)<\/p>\n<p>\u2013 Ordinato il (*)\/ricevuto il (*)<\/p>\n<p>\u2013 Nome del\/dei consumatore\/i<\/p>\n<p>\u2013 Indirizzo del\/dei consumatore\/i<\/p>\n<p>\u2013 Firma del\/dei consumatore\/i (solo in caso di comunicazione cartacea)<\/p>\n<p>\u2013 Data<\/p>\n<p>___________<br \/>\n(*) Cancellare la dicitura non pertinente.<\/p>\n","protected":false},"excerpt":{"rendered":"<p>Diritto di recesso per i consumatori (Il consumatore \u00e8 qualsiasi persona fisica che conclude un negozio giuridico per scopi che non possono essere attribuiti prevalentemente n\u00e9 alla sua attivit\u00e0 commerciale n\u00e9 alla sua attivit\u00e0 professionale autonoma.) Informativa sul diritto di recesso Diritto di recesso Avete il diritto di recedere dal presente contratto entro quattordici giorni [&hellip;]<\/p>\n","protected":false},"author":4,"featured_media":0,"parent":0,"menu_order":0,"comment_status":"closed","ping_status":"closed","template":"","meta":{"ocean_post_layout":"","ocean_both_sidebars_style":"","ocean_both_sidebars_content_width":0,"ocean_both_sidebars_sidebars_width":0,"ocean_sidebar":"","ocean_second_sidebar":"","ocean_disable_margins":"enable","ocean_add_body_class":"","ocean_shortcode_before_top_bar":"","ocean_shortcode_after_top_bar":"","ocean_shortcode_before_header":"","ocean_shortcode_after_header":"","ocean_has_shortcode":"","ocean_shortcode_after_title":"","ocean_shortcode_before_footer_widgets":"","ocean_shortcode_after_footer_widgets":"","ocean_shortcode_before_footer_bottom":"","ocean_shortcode_after_footer_bottom":"","ocean_display_top_bar":"default","ocean_display_header":"default","ocean_header_style":"","ocean_center_header_left_menu":"","ocean_custom_header_template":"","ocean_custom_logo":0,"ocean_custom_retina_logo":0,"ocean_custom_logo_max_width":0,"ocean_custom_logo_tablet_max_width":0,"ocean_custom_logo_mobile_max_width":0,"ocean_custom_logo_max_height":0,"ocean_custom_logo_tablet_max_height":0,"ocean_custom_logo_mobile_max_height":0,"ocean_header_custom_menu":"","ocean_menu_typo_font_family":"","ocean_menu_typo_font_subset":"","ocean_menu_typo_font_size":0,"ocean_menu_typo_font_size_tablet":0,"ocean_menu_typo_font_size_mobile":0,"ocean_menu_typo_font_size_unit":"px","ocean_menu_typo_font_weight":"","ocean_menu_typo_font_weight_tablet":"","ocean_menu_typo_font_weight_mobile":"","ocean_menu_typo_transform":"","ocean_menu_typo_transform_tablet":"","ocean_menu_typo_transform_mobile":"","ocean_menu_typo_line_height":0,"ocean_menu_typo_line_height_tablet":0,"ocean_menu_typo_line_height_mobile":0,"ocean_menu_typo_line_height_unit":"","ocean_menu_typo_spacing":0,"ocean_menu_typo_spacing_tablet":0,"ocean_menu_typo_spacing_mobile":0,"ocean_menu_typo_spacing_unit":"","ocean_menu_link_color":"","ocean_menu_link_color_hover":"","ocean_menu_link_color_active":"","ocean_menu_link_background":"","ocean_menu_link_hover_background":"","ocean_menu_link_active_background":"","ocean_menu_social_links_bg":"","ocean_menu_social_hover_links_bg":"","ocean_menu_social_links_color":"","ocean_menu_social_hover_links_color":"","ocean_disable_title":"default","ocean_disable_heading":"default","ocean_post_title":"","ocean_post_subheading":"","ocean_post_title_style":"","ocean_post_title_background_color":"","ocean_post_title_background":0,"ocean_post_title_bg_image_position":"","ocean_post_title_bg_image_attachment":"","ocean_post_title_bg_image_repeat":"","ocean_post_title_bg_image_size":"","ocean_post_title_height":0,"ocean_post_title_bg_overlay":0.5,"ocean_post_title_bg_overlay_color":"","ocean_disable_breadcrumbs":"default","ocean_breadcrumbs_color":"","ocean_breadcrumbs_separator_color":"","ocean_breadcrumbs_links_color":"","ocean_breadcrumbs_links_hover_color":"","ocean_display_footer_widgets":"default","ocean_display_footer_bottom":"default","ocean_custom_footer_template":"","osh_disable_topbar_sticky":"default","osh_disable_header_sticky":"default","osh_sticky_header_style":"default","osh_sticky_header_effect":"","osh_custom_sticky_logo":0,"osh_custom_retina_sticky_logo":0,"osh_custom_sticky_logo_height":0,"osh_background_color":"","osh_links_color":"","osh_links_hover_color":"","osh_links_active_color":"","osh_links_bg_color":"","osh_links_hover_bg_color":"","osh_links_active_bg_color":"","osh_menu_social_links_color":"","osh_menu_social_hover_links_color":"","footnotes":""},"class_list":["post-20520","page","type-page","status-publish","hentry","entry","owp-thumbs-layout-horizontal","owp-btn-normal","owp-tabs-layout-horizontal","has-no-thumbnails","has-product-nav"],"yoast_head":"<!-- This site is optimized with the Yoast SEO plugin v27.2 - https:\/\/yoast.com\/product\/yoast-seo-wordpress\/ -->\n<title>Informativa sul diritto di recesso - XXL Restaurant Leopoldauer Alm<\/title>\n<meta name=\"robots\" content=\"index, follow, max-snippet:-1, max-image-preview:large, max-video-preview:-1\" \/>\n<link rel=\"canonical\" href=\"https:\/\/www.leopoldaueralm.at\/it\/informativa-sul-diritto-di-recesso\/\" \/>\n<meta property=\"og:locale\" content=\"it_IT\" \/>\n<meta property=\"og:type\" content=\"article\" \/>\n<meta property=\"og:title\" content=\"Informativa sul diritto di recesso - XXL Restaurant Leopoldauer Alm\" \/>\n<meta property=\"og:description\" content=\"Diritto di recesso per i consumatori (Il consumatore \u00e8 qualsiasi persona fisica che conclude un negozio giuridico per scopi che non possono essere attribuiti prevalentemente n\u00e9 alla sua attivit\u00e0 commerciale n\u00e9 alla sua attivit\u00e0 professionale autonoma.) Informativa sul diritto di recesso Diritto di recesso Avete il diritto di recedere dal presente contratto entro quattordici giorni [&hellip;]\" \/>\n<meta property=\"og:url\" content=\"https:\/\/www.leopoldaueralm.at\/it\/informativa-sul-diritto-di-recesso\/\" \/>\n<meta property=\"og:site_name\" content=\"XXL Restaurant Leopoldauer Alm\" \/>\n<meta property=\"article:publisher\" content=\"https:\/\/www.facebook.com\/LeopoldauerAlm\" \/>\n<meta property=\"og:image\" content=\"https:\/\/www.leopoldaueralm.at\/wp-content\/uploads\/2019\/12\/20158035_10155839340550695_3329554186564426925_o_10155839340550695.jpg\" \/>\n\t<meta property=\"og:image:width\" content=\"1200\" \/>\n\t<meta property=\"og:image:height\" content=\"792\" \/>\n\t<meta property=\"og:image:type\" content=\"image\/jpeg\" \/>\n<meta name=\"twitter:card\" content=\"summary_large_image\" \/>\n<meta name=\"twitter:label1\" content=\"Tempo di lettura stimato\" \/>\n\t<meta name=\"twitter:data1\" content=\"4 minuti\" \/>\n<script type=\"application\/ld+json\" class=\"yoast-schema-graph\">{\"@context\":\"https:\/\/schema.org\",\"@graph\":[{\"@type\":\"WebPage\",\"@id\":\"https:\/\/www.leopoldaueralm.at\/it\/informativa-sul-diritto-di-recesso\/\",\"url\":\"https:\/\/www.leopoldaueralm.at\/it\/informativa-sul-diritto-di-recesso\/\",\"name\":\"Informativa sul diritto di recesso - XXL Restaurant Leopoldauer Alm\",\"isPartOf\":{\"@id\":\"https:\/\/www.leopoldaueralm.at\/it\/#website\"},\"datePublished\":\"2024-12-16T07:24:56+00:00\",\"breadcrumb\":{\"@id\":\"https:\/\/www.leopoldaueralm.at\/it\/informativa-sul-diritto-di-recesso\/#breadcrumb\"},\"inLanguage\":\"it-IT\",\"potentialAction\":[{\"@type\":\"ReadAction\",\"target\":[\"https:\/\/www.leopoldaueralm.at\/it\/informativa-sul-diritto-di-recesso\/\"]}]},{\"@type\":\"BreadcrumbList\",\"@id\":\"https:\/\/www.leopoldaueralm.at\/it\/informativa-sul-diritto-di-recesso\/#breadcrumb\",\"itemListElement\":[{\"@type\":\"ListItem\",\"position\":1,\"name\":\"Startseite\",\"item\":\"https:\/\/www.leopoldaueralm.at\/it\/homepage\/\"},{\"@type\":\"ListItem\",\"position\":2,\"name\":\"Informativa sul diritto di recesso\"}]},{\"@type\":\"WebSite\",\"@id\":\"https:\/\/www.leopoldaueralm.at\/it\/#website\",\"url\":\"https:\/\/www.leopoldaueralm.at\/it\/\",\"name\":\"XXL Restaurant Leopoldauer Alm\",\"description\":\"Das XXL Restaurant in Wien\",\"publisher\":{\"@id\":\"https:\/\/www.leopoldaueralm.at\/it\/#organization\"},\"potentialAction\":[{\"@type\":\"SearchAction\",\"target\":{\"@type\":\"EntryPoint\",\"urlTemplate\":\"https:\/\/www.leopoldaueralm.at\/it\/?s={search_term_string}\"},\"query-input\":{\"@type\":\"PropertyValueSpecification\",\"valueRequired\":true,\"valueName\":\"search_term_string\"}}],\"inLanguage\":\"it-IT\"},{\"@type\":\"Organization\",\"@id\":\"https:\/\/www.leopoldaueralm.at\/it\/#organization\",\"name\":\"XXL Restaurant Leopoldauer Alm\",\"url\":\"https:\/\/www.leopoldaueralm.at\/it\/\",\"logo\":{\"@type\":\"ImageObject\",\"inLanguage\":\"it-IT\",\"@id\":\"https:\/\/www.leopoldaueralm.at\/it\/#\/schema\/logo\/image\/\",\"url\":\"https:\/\/www.leopoldaueralm.at\/wp-content\/uploads\/2019\/12\/leo-logo.png\",\"contentUrl\":\"https:\/\/www.leopoldaueralm.at\/wp-content\/uploads\/2019\/12\/leo-logo.png\",\"width\":250,\"height\":250,\"caption\":\"XXL Restaurant Leopoldauer Alm\"},\"image\":{\"@id\":\"https:\/\/www.leopoldaueralm.at\/it\/#\/schema\/logo\/image\/\"},\"sameAs\":[\"https:\/\/www.facebook.com\/LeopoldauerAlm\"]}]}<\/script>\n<!-- \/ Yoast SEO plugin. -->","yoast_head_json":{"title":"Informativa sul diritto di recesso - XXL Restaurant Leopoldauer Alm","robots":{"index":"index","follow":"follow","max-snippet":"max-snippet:-1","max-image-preview":"max-image-preview:large","max-video-preview":"max-video-preview:-1"},"canonical":"https:\/\/www.leopoldaueralm.at\/it\/informativa-sul-diritto-di-recesso\/","og_locale":"it_IT","og_type":"article","og_title":"Informativa sul diritto di recesso - XXL Restaurant Leopoldauer Alm","og_description":"Diritto di recesso per i consumatori (Il consumatore \u00e8 qualsiasi persona fisica che conclude un negozio giuridico per scopi che non possono essere attribuiti prevalentemente n\u00e9 alla sua attivit\u00e0 commerciale n\u00e9 alla sua attivit\u00e0 professionale autonoma.) Informativa sul diritto di recesso Diritto di recesso Avete il diritto di recedere dal presente contratto entro quattordici giorni [&hellip;]","og_url":"https:\/\/www.leopoldaueralm.at\/it\/informativa-sul-diritto-di-recesso\/","og_site_name":"XXL Restaurant Leopoldauer Alm","article_publisher":"https:\/\/www.facebook.com\/LeopoldauerAlm","og_image":[{"width":1200,"height":792,"url":"https:\/\/www.leopoldaueralm.at\/wp-content\/uploads\/2019\/12\/20158035_10155839340550695_3329554186564426925_o_10155839340550695.jpg","type":"image\/jpeg"}],"twitter_card":"summary_large_image","twitter_misc":{"Tempo di lettura stimato":"4 minuti"},"schema":{"@context":"https:\/\/schema.org","@graph":[{"@type":"WebPage","@id":"https:\/\/www.leopoldaueralm.at\/it\/informativa-sul-diritto-di-recesso\/","url":"https:\/\/www.leopoldaueralm.at\/it\/informativa-sul-diritto-di-recesso\/","name":"Informativa sul diritto di recesso - XXL Restaurant Leopoldauer Alm","isPartOf":{"@id":"https:\/\/www.leopoldaueralm.at\/it\/#website"},"datePublished":"2024-12-16T07:24:56+00:00","breadcrumb":{"@id":"https:\/\/www.leopoldaueralm.at\/it\/informativa-sul-diritto-di-recesso\/#breadcrumb"},"inLanguage":"it-IT","potentialAction":[{"@type":"ReadAction","target":["https:\/\/www.leopoldaueralm.at\/it\/informativa-sul-diritto-di-recesso\/"]}]},{"@type":"BreadcrumbList","@id":"https:\/\/www.leopoldaueralm.at\/it\/informativa-sul-diritto-di-recesso\/#breadcrumb","itemListElement":[{"@type":"ListItem","position":1,"name":"Startseite","item":"https:\/\/www.leopoldaueralm.at\/it\/homepage\/"},{"@type":"ListItem","position":2,"name":"Informativa sul diritto di recesso"}]},{"@type":"WebSite","@id":"https:\/\/www.leopoldaueralm.at\/it\/#website","url":"https:\/\/www.leopoldaueralm.at\/it\/","name":"XXL Restaurant Leopoldauer Alm","description":"Das XXL Restaurant in Wien","publisher":{"@id":"https:\/\/www.leopoldaueralm.at\/it\/#organization"},"potentialAction":[{"@type":"SearchAction","target":{"@type":"EntryPoint","urlTemplate":"https:\/\/www.leopoldaueralm.at\/it\/?s={search_term_string}"},"query-input":{"@type":"PropertyValueSpecification","valueRequired":true,"valueName":"search_term_string"}}],"inLanguage":"it-IT"},{"@type":"Organization","@id":"https:\/\/www.leopoldaueralm.at\/it\/#organization","name":"XXL Restaurant Leopoldauer Alm","url":"https:\/\/www.leopoldaueralm.at\/it\/","logo":{"@type":"ImageObject","inLanguage":"it-IT","@id":"https:\/\/www.leopoldaueralm.at\/it\/#\/schema\/logo\/image\/","url":"https:\/\/www.leopoldaueralm.at\/wp-content\/uploads\/2019\/12\/leo-logo.png","contentUrl":"https:\/\/www.leopoldaueralm.at\/wp-content\/uploads\/2019\/12\/leo-logo.png","width":250,"height":250,"caption":"XXL Restaurant Leopoldauer Alm"},"image":{"@id":"https:\/\/www.leopoldaueralm.at\/it\/#\/schema\/logo\/image\/"},"sameAs":["https:\/\/www.facebook.com\/LeopoldauerAlm"]}]}},"_links":{"self":[{"href":"https:\/\/www.leopoldaueralm.at\/it\/wp-json\/wp\/v2\/pages\/20520","targetHints":{"allow":["GET"]}}],"collection":[{"href":"https:\/\/www.leopoldaueralm.at\/it\/wp-json\/wp\/v2\/pages"}],"about":[{"href":"https:\/\/www.leopoldaueralm.at\/it\/wp-json\/wp\/v2\/types\/page"}],"author":[{"embeddable":true,"href":"https:\/\/www.leopoldaueralm.at\/it\/wp-json\/wp\/v2\/users\/4"}],"replies":[{"embeddable":true,"href":"https:\/\/www.leopoldaueralm.at\/it\/wp-json\/wp\/v2\/comments?post=20520"}],"version-history":[{"count":0,"href":"https:\/\/www.leopoldaueralm.at\/it\/wp-json\/wp\/v2\/pages\/20520\/revisions"}],"wp:attachment":[{"href":"https:\/\/www.leopoldaueralm.at\/it\/wp-json\/wp\/v2\/media?parent=20520"}],"curies":[{"name":"wp","href":"https:\/\/api.w.org\/{rel}","templated":true}]}}