{"id":22550,"date":"2024-02-20T14:20:30","date_gmt":"2024-02-20T13:20:30","guid":{"rendered":"https:\/\/www.leopoldaueralm.at\/prenota-un-tavolo\/"},"modified":"2025-12-15T10:43:00","modified_gmt":"2025-12-15T09:43:00","slug":"prenota-un-tavolo","status":"publish","type":"page","link":"https:\/\/www.leopoldaueralm.at\/it\/prenota-un-tavolo\/","title":{"rendered":"Prenota un tavolo"},"content":{"rendered":"\t\t<div data-elementor-type=\"wp-post\" data-elementor-id=\"22550\" class=\"elementor elementor-22550 elementor-12848\" data-elementor-post-type=\"page\">\n\t\t\t\t\t\t<section class=\"elementor-section elementor-top-section elementor-element elementor-element-30fcd69 elementor-section-boxed elementor-section-height-default elementor-section-height-default\" data-id=\"30fcd69\" data-element_type=\"section\" data-e-type=\"section\" data-settings=\"{&quot;background_background&quot;:&quot;classic&quot;}\">\n\t\t\t\t\t\t<div class=\"elementor-container elementor-column-gap-default\">\n\t\t\t\t\t<div class=\"elementor-column elementor-col-100 elementor-top-column elementor-element elementor-element-f9f819a\" data-id=\"f9f819a\" data-element_type=\"column\" data-e-type=\"column\">\n\t\t\t<div class=\"elementor-widget-wrap elementor-element-populated\">\n\t\t\t\t\t\t<div class=\"elementor-element elementor-element-93596eb elementor-widget elementor-widget-heading\" data-id=\"93596eb\" data-element_type=\"widget\" data-e-type=\"widget\" data-widget_type=\"heading.default\">\n\t\t\t\t<div class=\"elementor-widget-container\">\n\t\t\t\t\t<h1 class=\"elementor-heading-title elementor-size-default\"><span style=\"color: #BC906B\">Prenota<\/span> un tavolo<\/h1>\t\t\t\t<\/div>\n\t\t\t\t<\/div>\n\t\t\t\t\t<\/div>\n\t\t<\/div>\n\t\t\t\t\t<\/div>\n\t\t<\/section>\n\t\t\t\t<section class=\"elementor-section elementor-top-section elementor-element elementor-element-521d7eb elementor-section-boxed elementor-section-height-default elementor-section-height-default\" data-id=\"521d7eb\" data-element_type=\"section\" data-e-type=\"section\">\n\t\t\t\t\t\t<div class=\"elementor-container elementor-column-gap-default\">\n\t\t\t\t\t<div class=\"elementor-column elementor-col-100 elementor-top-column elementor-element elementor-element-c3e414a\" data-id=\"c3e414a\" data-element_type=\"column\" data-e-type=\"column\">\n\t\t\t<div class=\"elementor-widget-wrap elementor-element-populated\">\n\t\t\t\t\t\t<div class=\"elementor-element elementor-element-9a8b481 elementor-widget elementor-widget-heading\" data-id=\"9a8b481\" data-element_type=\"widget\" data-e-type=\"widget\" data-widget_type=\"heading.default\">\n\t\t\t\t<div class=\"elementor-widget-container\">\n\t\t\t\t\t<h2 class=\"elementor-heading-title elementor-size-default\"> Prenota subito e facilmente un <span style=\"color: #BC906B\">tavolo<\/span><\/h2>\t\t\t\t<\/div>\n\t\t\t\t<\/div>\n\t\t\t\t<div class=\"elementor-element elementor-element-1790249 elementor-view-default elementor-widget elementor-widget-icon\" data-id=\"1790249\" data-element_type=\"widget\" data-e-type=\"widget\" data-widget_type=\"icon.default\">\n\t\t\t\t<div class=\"elementor-widget-container\">\n\t\t\t\t\t\t\t<div class=\"elementor-icon-wrapper\">\n\t\t\t<div class=\"elementor-icon\">\n\t\t\t<svg xmlns=\"http:\/\/www.w3.org\/2000\/svg\" id=\"Ebene_2\" data-name=\"Ebene 2\" viewBox=\"0 0 369.77 52.55\"><defs><style> .cls-1 { fill: #c6c6c6; } .cls-2 { fill: #f9f9f9; } .cls-3 { fill: #fafafa; } .cls-4 { fill: #f8f8f8; } .cls-5 { fill: #f5f5f5; } .cls-6 { fill: #f3f3f3; } .cls-7 { fill: #fcfcfc; } .cls-8 { fill: #fbfbfb; } <\/style><\/defs><g id=\"Ebene_1-2\" data-name=\"Ebene 1\"><g><path class=\"cls-1\" d=\"M188.25,16.64c2.23-1.64,2.92-4.87,4.82-7.02,4.28-4.85,6.2-2.73,5.76,3.08-.25,3.24-2.09,5.34-2.65,8.33,3.82-2.58,11.83-8.94,14.97-3.08l-16.74,13.58c4.24-.22,8.32-3.77,12.67-3.46,2,.14,9.97,2.68,6.7,4.77-1.45.93-14.2,3.62-17.84,5.04-4.01,1.57-7.65,3.94-11.51,5.79-3.93-2.45-8.39-4.98-12.71-6.66-3.11-1.21-16.41-3.93-16.98-4.6-.49-.58.08-2.27.88-3.06,4.03-3.94,14.48.53,18.5,3.07.24-1.78-1.49-2.87-2.62-3.95-3.33-3.18-8.7-6.16-11.78-9.31-.9-.92-1.9-1.07-1.45-2.93,3.06-5.09,13.86,5.96,14.97,4.8-1.51-4.76-4.47-8.62-3.52-14.01,6.83-.61,7.59,7.71,11.44,11.39-.25-6.63-.33-12.34,2.67-18.39,6.59,1.71,3.82,11.46,4.4,16.64Z\"><\/path><path class=\"cls-1\" d=\"M16.39,46.42l1.31,4.39c-3.85-2.33-5.73-5.48-11.01-4.38,8.84,10.72-1.99,1.16-6.62-.88-.89-1.24,7.12-6.06,8.38-7.01.61,2.98-2.46,3.96-3.52,6.12,4.47.4,7.54-2.26,11.01-4.38l-1.31,3.5c5.42.21,10.92-.24,16.34-.03,48.07,1.9,96.5.14,144.51.91l1.31,1.75H16.39Z\"><\/path><path class=\"cls-1\" d=\"M194.85,46.42c-.3-.08-1.35-1.19-1.32-1.74,10.15-.78,20.23-1.03,30.44-.92,43.03.46,86.38,1.52,129.56.96,3.11-.31,3.06-.78,2.17-3.55,2.58,1.42,4.58,4.12,7.92,3.5l-3.51-6.13,9.67,7.45-7.48,6.56c-1.67-2.68,2.3-4.08,3.09-6.12-1.66.26-4.69-.57-5.99.18-.93.54-5.28,9.35-3.71-.19h-160.84Z\"><\/path><path class=\"cls-7\" d=\"M181.18,29.78c-4.46-5.41-7.9-13.28-8.8-20.14,1.63,1.25,3.37,3.96,4.29,5.79,2.15,4.24,3.83,9.65,4.5,14.35Z\"><\/path><path class=\"cls-3\" d=\"M188.24,26.27c2.44-4.84,3.29-11.56,7.92-14.88.23,1.96-.39,3.68-1.11,5.46-.41,1.01-5.35,10.88-6.82,9.42Z\"><\/path><path class=\"cls-2\" d=\"M175.89,29.78l-14.09-12.25c5.05,1.65,13.11,6.78,14.09,12.25Z\"><\/path><path class=\"cls-8\" d=\"M185.6,19.71c-.12,1.34-1.7,3.62-.89,5.69h-.87s0-17.95,0-17.95c0-.42,1.08-2.69,1.76-2.19-.31,4.69.42,9.82,0,14.45Z\"><\/path><path class=\"cls-4\" d=\"M173.25,34.17l-2.68.48-10.53-3.98c5.42-.97,8.7,1.29,13.21,3.51Z\"><\/path><path class=\"cls-6\" d=\"M209.39,30.66l-6.12,2.22-4.44.39c.29-1.33,3.95-2.23,5.05-2.41,1.84-.31,3.67-.27,5.52-.2Z\"><\/path><path class=\"cls-5\" d=\"M203.22,20.15c.38.35-5.87,7.3-7.93,6.11l7.93-6.11Z\"><\/path><\/g><\/g><\/svg>\t\t\t<\/div>\n\t\t<\/div>\n\t\t\t\t\t\t<\/div>\n\t\t\t\t<\/div>\n\t\t\t\t\t<\/div>\n\t\t<\/div>\n\t\t\t\t\t<\/div>\n\t\t<\/section>\n\t\t\t\t<section class=\"elementor-section elementor-top-section elementor-element elementor-element-5b9d175 elementor-section-boxed elementor-section-height-default elementor-section-height-default\" data-id=\"5b9d175\" data-element_type=\"section\" data-e-type=\"section\">\n\t\t\t\t\t\t<div class=\"elementor-container elementor-column-gap-default\">\n\t\t\t\t\t<div class=\"elementor-column elementor-col-100 elementor-top-column elementor-element elementor-element-30d055d\" data-id=\"30d055d\" data-element_type=\"column\" data-e-type=\"column\">\n\t\t\t<div class=\"elementor-widget-wrap elementor-element-populated\">\n\t\t\t\t\t\t<div class=\"elementor-element elementor-element-152b4bb elementor-widget elementor-widget-wpforms\" data-id=\"152b4bb\" data-element_type=\"widget\" data-e-type=\"widget\" data-widget_type=\"wpforms.default\">\n\t\t\t\t<div class=\"elementor-widget-container\">\n\t\t\t\t\t<div class=\"wpforms-container wpforms-container-full wpforms-render-modern\" id=\"wpforms-19276\"><form id=\"wpforms-form-19276\" class=\"wpforms-validate wpforms-form wpforms-ajax-form\" data-formid=\"19276\" method=\"post\" enctype=\"multipart\/form-data\" action=\"\/it\/wp-json\/wp\/v2\/pages\/22550\" data-token=\"5ee1e0eb33fc8159313461c65895295f\" data-token-time=\"1778841469\"><noscript class=\"wpforms-error-noscript\">Abilita JavaScript nel browser per completare questo modulo.<\/noscript><div id=\"wpforms-error-noscript\" style=\"display: none;\">Abilita JavaScript nel browser per completare questo modulo.<\/div><div class=\"wpforms-field-container\"><div id=\"wpforms-19276-field_24-container\" class=\"wpforms-field wpforms-field-radio auswahl-agb wpforms-conditional-trigger\" data-field-id=\"24\"><fieldset><legend class=\"wpforms-field-label\">Per poter prenotare un tavolo, devi accettare i termini e le condizioni generali. <span class=\"wpforms-required-label\" aria-hidden=\"true\">*<\/span><\/legend><ul id=\"wpforms-19276-field_24\" class=\"wpforms-field-required\"><li class=\"choice-1 depth-1\"><input type=\"radio\" id=\"wpforms-19276-field_24_1\" name=\"wpforms[fields][24]\" value=\"S\u00ec, accetto i &lt;a href=&quot;https:\/\/leopoldaueralm.at\/agbs&quot; target=&quot;blank&quot;&gt;termini e le condizioni generali di Leopoldauer Alm GastronomiegesmbH&lt;\/a&gt;.\" aria-errormessage=\"wpforms-19276-field_24_1-error\" required ><label class=\"wpforms-field-label-inline\" for=\"wpforms-19276-field_24_1\">S\u00ec, accetto i <a href=\"https:\/\/leopoldaueralm.at\/agbs\" target=\"blank\">termini e le condizioni generali di Leopoldauer Alm GastronomiegesmbH<\/a>.<\/label><\/li><\/ul><\/fieldset><\/div><div id=\"wpforms-19276-field_25-container\" class=\"wpforms-field wpforms-field-html\" data-field-id=\"25\"><div id=\"wpforms-19276-field_25\" aria-errormessage=\"wpforms-19276-field_25-error\"><p>Qui trovi i termini e le condizioni generali anche come <a href=\"https:\/\/leopoldaueralm.at\/wp-content\/uploads\/2025\/01\/allgemeine-Geschaeftsbedingungen-2025-01-17.pdf\" target=\"blank\"\">Download<\/a><\/p><\/div><\/div>\t\t<div id=\"wpforms-19276-field_1-container\"\n\t\t\tclass=\"wpforms-field wpforms-field-text\"\n\t\t\tdata-field-type=\"text\"\n\t\t\tdata-field-id=\"1\"\n\t\t\t>\n\t\t\t<label class=\"wpforms-field-label\" for=\"wpforms-19276-field_1\" >le tavolo, accettare<\/label>\n\t\t\t<input type=\"text\" id=\"wpforms-19276-field_1\" class=\"wpforms-field-medium\" name=\"wpforms[fields][1]\" >\n\t\t<\/div>\n\t\t<div id=\"wpforms-19276-field_4-container\" class=\"wpforms-field wpforms-field-layout wpforms-conditional-field wpforms-conditional-show\" data-field-id=\"4\" style=\"display:none;\"><div class=\"wpforms-field-layout-rows wpforms-field-large\"><div class=\"wpforms-layout-row\"><div class=\"wpforms-layout-column wpforms-layout-column-100\"><div id=\"wpforms-19276-field_16-container\" class=\"wpforms-field wpforms-field-radio personenanzahl wpforms-list-2-columns wpforms-conditional-field wpforms-conditional-show wpforms-conditional-trigger\" data-field-id=\"16\" style=\"display:none;\"><fieldset><legend class=\"wpforms-field-label\">Numero di persone<\/legend><ul id=\"wpforms-19276-field_16\" class=\"wpforms-image-choices wpforms-image-choices-modern\"><li class=\"choice-1 depth-1 wpforms-image-choices-item\"><label class=\"wpforms-field-label-inline\" for=\"wpforms-19276-field_16_1\" tabindex=\"0\"><span class=\"wpforms-image-choices-image\"><img decoding=\"async\" src=\"https:\/\/www.leopoldaueralm.at\/wp-content\/uploads\/2024\/12\/kleine-reservierung-small.png\" alt=\"&lt;b&gt;Vorrei prenotare un tavolo per 1-60 persone.&lt;\/b&gt;\" title=\"&lt;b&gt;Vorrei prenotare un tavolo per 1-60 persone.&lt;\/b&gt;\"><\/span><input type=\"radio\" id=\"wpforms-19276-field_16_1\" class=\"wpforms-screen-reader-element\" name=\"wpforms[fields][16]\" value=\"&lt;b&gt;Vorrei prenotare un tavolo per 1-60 persone.&lt;\/b&gt;\" aria-errormessage=\"wpforms-19276-field_16_1-error\" tabindex=\"-1\"  ><span class=\"wpforms-image-choices-label\"><b>Vorrei prenotare un tavolo per 1-60 persone.<\/b><\/span><\/label><\/li><\/ul><\/fieldset><\/div><\/div><\/div><\/div><\/div><div id=\"wpforms-19276-field_8-container\" class=\"wpforms-field wpforms-field-html wpforms-conditional-field wpforms-conditional-show\" data-field-id=\"8\" style=\"display:none;\"><div id=\"wpforms-19276-field_8\" aria-errormessage=\"wpforms-19276-field_8-error\"> <div class=\"brlbs-cmpnt-container brlbs-cmpnt-content-blocker brlbs-cmpnt-with-individual-styles\" data-borlabs-cookie-content-blocker-id=\"default\" data-borlabs-cookie-content=\"PGlmcmFtZQ0KICAgICAgICBzcmM9Imh0dHBzOi8vd2lkZ2V0LnRoZWZvcmsuY29tLzQ5MzJlOTU4LTdkNGMtNDIzYy1hOWEzLWU2MDQ4OWE5MjZhZCINCiAgICAgICAgYWxsb3c9InBheW1lbnQgKiINCiAgICAgICAgc3R5bGU9IndpZHRoOiAxMDAlOyBtaW4taGVpZ2h0OjgwMHB4OyBib3JkZXI6bm9uZTsgb3ZlcmZsb3c6c2Nyb2xsOyI+PC9pZnJhbWU+\"><div class=\"brlbs-cmpnt-cb-preset-a\"> <p class=\"brlbs-cmpnt-cb-description\">Per accedere al contenuto vero e proprio, clicca sul pulsante qui sotto. Ti ricordiamo che in questo modo i dati verranno trasmessi a fornitori terzi.<\/p> <div class=\"brlbs-cmpnt-cb-buttons\"> <a class=\"brlbs-cmpnt-cb-btn\" href=\"#\" data-borlabs-cookie-unblock role=\"button\">Sblocca contenuto<\/a> <a class=\"brlbs-cmpnt-cb-btn\" href=\"#\" data-borlabs-cookie-accept-service role=\"button\" style=\"display: <m id=\"3\">&quot;&gt;Accetta il servizio richiesto e sblocca i contenuti<\/a> <\/div> <a class=\"brlbs-cmpnt-cb-provider-toggle\" href=\"#\" data-borlabs-cookie-show-provider-information role=\"button\">Ulteriori informazioni<\/a> <\/div><\/div><\/div><\/div><script>\n\t\t\t\t( function() {\n\t\t\t\t\tconst style = document.createElement( 'style' );\n\t\t\t\t\tstyle.appendChild( document.createTextNode( '#wpforms-19276-field_1-container { position: absolute !important; overflow: hidden !important; display: inline !important; height: 1px !important; width: 1px !important; z-index: -1000 !important; padding: 0 !important; } #wpforms-19276-field_1-container input { visibility: hidden; } #wpforms-conversational-form-page #wpforms-19276-field_1-container label { counter-increment: none; }' ) );\n\t\t\t\t\tdocument.head.appendChild( style );\n\t\t\t\t\tdocument.currentScript?.remove();\n\t\t\t\t} )();\n\t\t\t<\/script><\/div><!-- .wpforms-field-container --><div class=\"wpforms-submit-container\" ><input type=\"hidden\" name=\"wpforms[id]\" value=\"19276\"><input type=\"hidden\" name=\"page_title\" value=\"\"><input type=\"hidden\" name=\"page_url\" value=\"https:\/\/www.leopoldaueralm.at\/it\/wp-json\/wp\/v2\/pages\/22550\"><input type=\"hidden\" name=\"url_referer\" value=\"\"><button type=\"submit\" name=\"wpforms[submit]\" id=\"wpforms-submit-19276\" class=\"wpforms-submit hide-submit\" data-alt-text=\"Invio in corso\u2026\" data-submit-text=\"Invia\" aria-live=\"assertive\" value=\"wpforms-submit\">Invia<\/button><img decoding=\"async\" src=\"https:\/\/www.leopoldaueralm.at\/wp-content\/plugins\/wpforms\/assets\/images\/submit-spin.svg\" class=\"wpforms-submit-spinner\" style=\"display: none;\" width=\"26\" height=\"26\" alt=\"Caricamento\"><\/div><\/form><\/div>  <!-- .wpforms-container -->\t\t\t\t<\/div>\n\t\t\t\t<\/div>\n\t\t\t\t\t<\/div>\n\t\t<\/div>\n\t\t\t\t\t<\/div>\n\t\t<\/section>\n\t\t\t\t<\/div>\n\t\t","protected":false},"excerpt":{"rendered":"<p>Prenota un tavolo Prenota subito e facilmente un tavolo Bitte aktiviere JavaScript in deinem Browser, um dieses Formular fertigzustellen.Bitte aktiviere JavaScript in deinem Browser, um dieses Formular fertigzustellen. Tisch m\u00fcssen die Um einen Tisch reservieren zu k\u00f6nnen m\u00fcssen Sie die AGB akzeptieren. * Ja, ich akzeptiere die AGB der Leopoldauer Alm GastronomiegesmbH. Hier finden Sie [&hellip;]<\/p>\n","protected":false},"author":4,"featured_media":0,"parent":0,"menu_order":0,"comment_status":"closed","ping_status":"closed","template":"","meta":{"ocean_post_layout":"","ocean_both_sidebars_style":"","ocean_both_sidebars_content_width":0,"ocean_both_sidebars_sidebars_width":0,"ocean_sidebar":"","ocean_second_sidebar":"","ocean_disable_margins":"enable","ocean_add_body_class":"","ocean_shortcode_before_top_bar":"","ocean_shortcode_after_top_bar":"","ocean_shortcode_before_header":"","ocean_shortcode_after_header":"","ocean_has_shortcode":"","ocean_shortcode_after_title":"","ocean_shortcode_before_footer_widgets":"","ocean_shortcode_after_footer_widgets":"","ocean_shortcode_before_footer_bottom":"","ocean_shortcode_after_footer_bottom":"","ocean_display_top_bar":"default","ocean_display_header":"default","ocean_header_style":"","ocean_center_header_left_menu":"","ocean_custom_header_template":"","ocean_custom_logo":0,"ocean_custom_retina_logo":0,"ocean_custom_logo_max_width":0,"ocean_custom_logo_tablet_max_width":0,"ocean_custom_logo_mobile_max_width":0,"ocean_custom_logo_max_height":0,"ocean_custom_logo_tablet_max_height":0,"ocean_custom_logo_mobile_max_height":0,"ocean_header_custom_menu":"","ocean_menu_typo_font_family":"","ocean_menu_typo_font_subset":"","ocean_menu_typo_font_size":0,"ocean_menu_typo_font_size_tablet":0,"ocean_menu_typo_font_size_mobile":0,"ocean_menu_typo_font_size_unit":"px","ocean_menu_typo_font_weight":"","ocean_menu_typo_font_weight_tablet":"","ocean_menu_typo_font_weight_mobile":"","ocean_menu_typo_transform":"","ocean_menu_typo_transform_tablet":"","ocean_menu_typo_transform_mobile":"","ocean_menu_typo_line_height":0,"ocean_menu_typo_line_height_tablet":0,"ocean_menu_typo_line_height_mobile":0,"ocean_menu_typo_line_height_unit":"","ocean_menu_typo_spacing":0,"ocean_menu_typo_spacing_tablet":0,"ocean_menu_typo_spacing_mobile":0,"ocean_menu_typo_spacing_unit":"","ocean_menu_link_color":"","ocean_menu_link_color_hover":"","ocean_menu_link_color_active":"","ocean_menu_link_background":"","ocean_menu_link_hover_background":"","ocean_menu_link_active_background":"","ocean_menu_social_links_bg":"","ocean_menu_social_hover_links_bg":"","ocean_menu_social_links_color":"","ocean_menu_social_hover_links_color":"","ocean_disable_title":"default","ocean_disable_heading":"default","ocean_post_title":"","ocean_post_subheading":"","ocean_post_title_style":"","ocean_post_title_background_color":"","ocean_post_title_background":0,"ocean_post_title_bg_image_position":"","ocean_post_title_bg_image_attachment":"","ocean_post_title_bg_image_repeat":"","ocean_post_title_bg_image_size":"","ocean_post_title_height":0,"ocean_post_title_bg_overlay":0.5,"ocean_post_title_bg_overlay_color":"","ocean_disable_breadcrumbs":"default","ocean_breadcrumbs_color":"","ocean_breadcrumbs_separator_color":"","ocean_breadcrumbs_links_color":"","ocean_breadcrumbs_links_hover_color":"","ocean_display_footer_widgets":"default","ocean_display_footer_bottom":"default","ocean_custom_footer_template":"","osh_disable_topbar_sticky":"default","osh_disable_header_sticky":"default","osh_sticky_header_style":"default","osh_sticky_header_effect":"","osh_custom_sticky_logo":0,"osh_custom_retina_sticky_logo":0,"osh_custom_sticky_logo_height":0,"osh_background_color":"","osh_links_color":"","osh_links_hover_color":"","osh_links_active_color":"","osh_links_bg_color":"","osh_links_hover_bg_color":"","osh_links_active_bg_color":"","osh_menu_social_links_color":"","osh_menu_social_hover_links_color":"","footnotes":""},"class_list":["post-22550","page","type-page","status-publish","hentry","entry","owp-thumbs-layout-horizontal","owp-btn-normal","owp-tabs-layout-horizontal","has-no-thumbnails","has-product-nav"],"yoast_head":"<!-- This site is optimized with the Yoast SEO plugin v27.2 - https:\/\/yoast.com\/product\/yoast-seo-wordpress\/ -->\n<title>Prenota un tavolo - XXL Restaurant Leopoldauer Alm<\/title>\n<meta name=\"robots\" content=\"noindex, follow\" \/>\n<meta property=\"og:locale\" content=\"it_IT\" \/>\n<meta property=\"og:type\" content=\"article\" \/>\n<meta property=\"og:title\" content=\"Prenota un tavolo - XXL Restaurant Leopoldauer Alm\" \/>\n<meta property=\"og:description\" content=\"Prenota un tavolo Prenota subito e facilmente un tavolo Bitte aktiviere JavaScript in deinem Browser, um dieses Formular fertigzustellen.Bitte aktiviere JavaScript in deinem Browser, um dieses Formular fertigzustellen. Tisch m\u00fcssen die Um einen Tisch reservieren zu k\u00f6nnen m\u00fcssen Sie die AGB akzeptieren. * Ja, ich akzeptiere die AGB der Leopoldauer Alm GastronomiegesmbH. Hier finden Sie [&hellip;]\" \/>\n<meta property=\"og:url\" content=\"https:\/\/www.leopoldaueralm.at\/it\/prenota-un-tavolo\/\" \/>\n<meta property=\"og:site_name\" content=\"XXL Restaurant Leopoldauer Alm\" \/>\n<meta property=\"article:publisher\" content=\"https:\/\/www.facebook.com\/LeopoldauerAlm\" \/>\n<meta property=\"article:modified_time\" content=\"2025-12-15T09:43:00+00:00\" \/>\n<meta property=\"og:image\" content=\"https:\/\/www.leopoldaueralm.at\/wp-content\/uploads\/2024\/12\/kleine-reservierung-small.png\" \/>\n<meta name=\"twitter:card\" content=\"summary_large_image\" \/>\n<script type=\"application\/ld+json\" class=\"yoast-schema-graph\">{\"@context\":\"https:\/\/schema.org\",\"@graph\":[{\"@type\":\"WebPage\",\"@id\":\"https:\/\/www.leopoldaueralm.at\/it\/prenota-un-tavolo\/\",\"url\":\"https:\/\/www.leopoldaueralm.at\/it\/prenota-un-tavolo\/\",\"name\":\"Prenota un tavolo - XXL Restaurant Leopoldauer Alm\",\"isPartOf\":{\"@id\":\"https:\/\/www.leopoldaueralm.at\/it\/#website\"},\"primaryImageOfPage\":{\"@id\":\"https:\/\/www.leopoldaueralm.at\/it\/prenota-un-tavolo\/#primaryimage\"},\"image\":{\"@id\":\"https:\/\/www.leopoldaueralm.at\/it\/prenota-un-tavolo\/#primaryimage\"},\"thumbnailUrl\":\"https:\/\/www.leopoldaueralm.at\/wp-content\/uploads\/2024\/12\/kleine-reservierung-small.png\",\"datePublished\":\"2024-02-20T13:20:30+00:00\",\"dateModified\":\"2025-12-15T09:43:00+00:00\",\"breadcrumb\":{\"@id\":\"https:\/\/www.leopoldaueralm.at\/it\/prenota-un-tavolo\/#breadcrumb\"},\"inLanguage\":\"it-IT\",\"potentialAction\":[{\"@type\":\"ReadAction\",\"target\":[\"https:\/\/www.leopoldaueralm.at\/it\/prenota-un-tavolo\/\"]}]},{\"@type\":\"ImageObject\",\"inLanguage\":\"it-IT\",\"@id\":\"https:\/\/www.leopoldaueralm.at\/it\/prenota-un-tavolo\/#primaryimage\",\"url\":\"https:\/\/www.leopoldaueralm.at\/wp-content\/uploads\/2024\/12\/kleine-reservierung-small.png\",\"contentUrl\":\"https:\/\/www.leopoldaueralm.at\/wp-content\/uploads\/2024\/12\/kleine-reservierung-small.png\"},{\"@type\":\"BreadcrumbList\",\"@id\":\"https:\/\/www.leopoldaueralm.at\/it\/prenota-un-tavolo\/#breadcrumb\",\"itemListElement\":[{\"@type\":\"ListItem\",\"position\":1,\"name\":\"Startseite\",\"item\":\"https:\/\/www.leopoldaueralm.at\/it\/homepage\/\"},{\"@type\":\"ListItem\",\"position\":2,\"name\":\"Prenota un tavolo\"}]},{\"@type\":\"WebSite\",\"@id\":\"https:\/\/www.leopoldaueralm.at\/it\/#website\",\"url\":\"https:\/\/www.leopoldaueralm.at\/it\/\",\"name\":\"XXL Restaurant Leopoldauer Alm\",\"description\":\"Das XXL Restaurant in Wien\",\"publisher\":{\"@id\":\"https:\/\/www.leopoldaueralm.at\/it\/#organization\"},\"potentialAction\":[{\"@type\":\"SearchAction\",\"target\":{\"@type\":\"EntryPoint\",\"urlTemplate\":\"https:\/\/www.leopoldaueralm.at\/it\/?s={search_term_string}\"},\"query-input\":{\"@type\":\"PropertyValueSpecification\",\"valueRequired\":true,\"valueName\":\"search_term_string\"}}],\"inLanguage\":\"it-IT\"},{\"@type\":\"Organization\",\"@id\":\"https:\/\/www.leopoldaueralm.at\/it\/#organization\",\"name\":\"XXL Restaurant Leopoldauer Alm\",\"url\":\"https:\/\/www.leopoldaueralm.at\/it\/\",\"logo\":{\"@type\":\"ImageObject\",\"inLanguage\":\"it-IT\",\"@id\":\"https:\/\/www.leopoldaueralm.at\/it\/#\/schema\/logo\/image\/\",\"url\":\"https:\/\/www.leopoldaueralm.at\/wp-content\/uploads\/2019\/12\/leo-logo.png\",\"contentUrl\":\"https:\/\/www.leopoldaueralm.at\/wp-content\/uploads\/2019\/12\/leo-logo.png\",\"width\":250,\"height\":250,\"caption\":\"XXL Restaurant Leopoldauer Alm\"},\"image\":{\"@id\":\"https:\/\/www.leopoldaueralm.at\/it\/#\/schema\/logo\/image\/\"},\"sameAs\":[\"https:\/\/www.facebook.com\/LeopoldauerAlm\"]}]}<\/script>\n<!-- \/ Yoast SEO plugin. -->","yoast_head_json":{"title":"Prenota un tavolo - XXL Restaurant Leopoldauer Alm","robots":{"index":"noindex","follow":"follow"},"og_locale":"it_IT","og_type":"article","og_title":"Prenota un tavolo - XXL Restaurant Leopoldauer Alm","og_description":"Prenota un tavolo Prenota subito e facilmente un tavolo Bitte aktiviere JavaScript in deinem Browser, um dieses Formular fertigzustellen.Bitte aktiviere JavaScript in deinem Browser, um dieses Formular fertigzustellen. Tisch m\u00fcssen die Um einen Tisch reservieren zu k\u00f6nnen m\u00fcssen Sie die AGB akzeptieren. * Ja, ich akzeptiere die AGB der Leopoldauer Alm GastronomiegesmbH. Hier finden Sie [&hellip;]","og_url":"https:\/\/www.leopoldaueralm.at\/it\/prenota-un-tavolo\/","og_site_name":"XXL Restaurant Leopoldauer Alm","article_publisher":"https:\/\/www.facebook.com\/LeopoldauerAlm","article_modified_time":"2025-12-15T09:43:00+00:00","og_image":[{"url":"https:\/\/www.leopoldaueralm.at\/wp-content\/uploads\/2024\/12\/kleine-reservierung-small.png","type":"","width":"","height":""}],"twitter_card":"summary_large_image","schema":{"@context":"https:\/\/schema.org","@graph":[{"@type":"WebPage","@id":"https:\/\/www.leopoldaueralm.at\/it\/prenota-un-tavolo\/","url":"https:\/\/www.leopoldaueralm.at\/it\/prenota-un-tavolo\/","name":"Prenota un tavolo - XXL Restaurant Leopoldauer Alm","isPartOf":{"@id":"https:\/\/www.leopoldaueralm.at\/it\/#website"},"primaryImageOfPage":{"@id":"https:\/\/www.leopoldaueralm.at\/it\/prenota-un-tavolo\/#primaryimage"},"image":{"@id":"https:\/\/www.leopoldaueralm.at\/it\/prenota-un-tavolo\/#primaryimage"},"thumbnailUrl":"https:\/\/www.leopoldaueralm.at\/wp-content\/uploads\/2024\/12\/kleine-reservierung-small.png","datePublished":"2024-02-20T13:20:30+00:00","dateModified":"2025-12-15T09:43:00+00:00","breadcrumb":{"@id":"https:\/\/www.leopoldaueralm.at\/it\/prenota-un-tavolo\/#breadcrumb"},"inLanguage":"it-IT","potentialAction":[{"@type":"ReadAction","target":["https:\/\/www.leopoldaueralm.at\/it\/prenota-un-tavolo\/"]}]},{"@type":"ImageObject","inLanguage":"it-IT","@id":"https:\/\/www.leopoldaueralm.at\/it\/prenota-un-tavolo\/#primaryimage","url":"https:\/\/www.leopoldaueralm.at\/wp-content\/uploads\/2024\/12\/kleine-reservierung-small.png","contentUrl":"https:\/\/www.leopoldaueralm.at\/wp-content\/uploads\/2024\/12\/kleine-reservierung-small.png"},{"@type":"BreadcrumbList","@id":"https:\/\/www.leopoldaueralm.at\/it\/prenota-un-tavolo\/#breadcrumb","itemListElement":[{"@type":"ListItem","position":1,"name":"Startseite","item":"https:\/\/www.leopoldaueralm.at\/it\/homepage\/"},{"@type":"ListItem","position":2,"name":"Prenota un tavolo"}]},{"@type":"WebSite","@id":"https:\/\/www.leopoldaueralm.at\/it\/#website","url":"https:\/\/www.leopoldaueralm.at\/it\/","name":"XXL Restaurant Leopoldauer Alm","description":"Das XXL Restaurant in Wien","publisher":{"@id":"https:\/\/www.leopoldaueralm.at\/it\/#organization"},"potentialAction":[{"@type":"SearchAction","target":{"@type":"EntryPoint","urlTemplate":"https:\/\/www.leopoldaueralm.at\/it\/?s={search_term_string}"},"query-input":{"@type":"PropertyValueSpecification","valueRequired":true,"valueName":"search_term_string"}}],"inLanguage":"it-IT"},{"@type":"Organization","@id":"https:\/\/www.leopoldaueralm.at\/it\/#organization","name":"XXL Restaurant Leopoldauer Alm","url":"https:\/\/www.leopoldaueralm.at\/it\/","logo":{"@type":"ImageObject","inLanguage":"it-IT","@id":"https:\/\/www.leopoldaueralm.at\/it\/#\/schema\/logo\/image\/","url":"https:\/\/www.leopoldaueralm.at\/wp-content\/uploads\/2019\/12\/leo-logo.png","contentUrl":"https:\/\/www.leopoldaueralm.at\/wp-content\/uploads\/2019\/12\/leo-logo.png","width":250,"height":250,"caption":"XXL Restaurant Leopoldauer Alm"},"image":{"@id":"https:\/\/www.leopoldaueralm.at\/it\/#\/schema\/logo\/image\/"},"sameAs":["https:\/\/www.facebook.com\/LeopoldauerAlm"]}]}},"_links":{"self":[{"href":"https:\/\/www.leopoldaueralm.at\/it\/wp-json\/wp\/v2\/pages\/22550","targetHints":{"allow":["GET"]}}],"collection":[{"href":"https:\/\/www.leopoldaueralm.at\/it\/wp-json\/wp\/v2\/pages"}],"about":[{"href":"https:\/\/www.leopoldaueralm.at\/it\/wp-json\/wp\/v2\/types\/page"}],"author":[{"embeddable":true,"href":"https:\/\/www.leopoldaueralm.at\/it\/wp-json\/wp\/v2\/users\/4"}],"replies":[{"embeddable":true,"href":"https:\/\/www.leopoldaueralm.at\/it\/wp-json\/wp\/v2\/comments?post=22550"}],"version-history":[{"count":4,"href":"https:\/\/www.leopoldaueralm.at\/it\/wp-json\/wp\/v2\/pages\/22550\/revisions"}],"predecessor-version":[{"id":27379,"href":"https:\/\/www.leopoldaueralm.at\/it\/wp-json\/wp\/v2\/pages\/22550\/revisions\/27379"}],"wp:attachment":[{"href":"https:\/\/www.leopoldaueralm.at\/it\/wp-json\/wp\/v2\/media?parent=22550"}],"curies":[{"name":"wp","href":"https:\/\/api.w.org\/{rel}","templated":true}]}}