{"id":26083,"date":"2024-04-15T15:33:32","date_gmt":"2024-04-15T13:33:32","guid":{"rendered":"https:\/\/www.leopoldaueralm.at\/shop\/xxl-food-challenge\/"},"modified":"2026-02-20T11:33:59","modified_gmt":"2026-02-20T10:33:59","slug":"xxl-food-challenge","status":"publish","type":"product","link":"https:\/\/www.leopoldaueralm.at\/it\/shop\/xxl-food-challenge\/","title":{"rendered":"XXL Food Challenge"},"content":{"rendered":"<p>Ecco cosa ti aspetta:<\/p>\n<p><strong>Big &#8220;MAMAS&#8221; Burger per 4-5<\/strong><br \/>\nil burger pi\u00f9 grande d&#8217;Austria, circa 1,5 kg di puro patty di manzo al 100%, gratinato con formaggio Cheddar &amp; speck affumicato, farcito con pomodori, cetrioli, insalata croccante, cipolla rossa, servito con patatine fritte, salse e anelli di cipolla.<\/p>\n","protected":false},"excerpt":{"rendered":"<h3 class=\"public-DraftStyleDefault-block public-DraftStyleDefault-ltr\" data-offset-key=\"2n95n-0-0\"><span style=\"color: #339966;\">ATTENZIONE!!!<\/span><br \/>\n<span style=\"font-size: 16px; color: #339966;\">La XXL FOOD CHALLENGE \u00e8 momentaneamente in pausa e sar\u00e0 di nuovo disponibile a breve!<\/span><\/h3>\n<p>Vogliamo scommettere !?? <strong>\u00c8 TORNATA LA NOSTRA PAZZA SCOMMESSA SUL BURGER<\/strong> !<br \/>\nTu contro di me, l&#8217;oste XXL ???<\/p>\n<p>Allora, uomini di Flake, dove sono gli ammazza-orsi tra voi\u2026 scommetto che non riuscirete a divorare il nostro BIG MAMAS BURGER in 60 minuti (il cronometro \u00e8 in funzione)<\/p>\n<p>La <strong>quota di iscrizione \u00e8 di 75 \u20ac<\/strong> (questo \u00e8 il costo del &#8220;Big Mamas Burger&#8221;) \u2013 se finisci il burger, \u00e8 offerto dalla casa e<br \/>\nricevi un <strong>buono da 300 \u20ac<\/strong> dell&#8217;Alm!!!<\/p>\n<p>Se non ci riesci \u2013 paghi il burger e versi 20 \u20ac nella cassa delle donazioni per l&#8217;Ospedale Pediatrico St. Anna,<br \/>\ninoltre ricevi una <strong>T-shirt Winner o Looser della Leopoldauer ALM GRATIS<\/strong>!<\/p>\n<p>Allora, chi accetta la sfida \u201cquasi\u201d irrisolvibile !?<\/p>\n<p>Telefono per la scommessa sul burger: 01 25 98 380 <strong>(Si prega di annunciare la scommessa con 48 ore di anticipo)<\/strong><\/p>\n<p>&nbsp;<\/p>\n<p>*in caso di vincita della scommessa, la quota di iscrizione verr\u00e0 naturalmente rimborsata!<\/p>\n","protected":false},"featured_media":22140,"template":"","meta":{"ocean_post_layout":"","ocean_both_sidebars_style":"","ocean_both_sidebars_content_width":0,"ocean_both_sidebars_sidebars_width":0,"ocean_sidebar":"0","ocean_second_sidebar":"0","ocean_disable_margins":"enable","ocean_add_body_class":"","ocean_shortcode_before_top_bar":"","ocean_shortcode_after_top_bar":"","ocean_shortcode_before_header":"","ocean_shortcode_after_header":"","ocean_has_shortcode":"","ocean_shortcode_after_title":"","ocean_shortcode_before_footer_widgets":"","ocean_shortcode_after_footer_widgets":"","ocean_shortcode_before_footer_bottom":"","ocean_shortcode_after_footer_bottom":"","ocean_display_top_bar":"default","ocean_display_header":"default","ocean_header_style":"","ocean_center_header_left_menu":"0","ocean_custom_header_template":"0","ocean_custom_logo":0,"ocean_custom_retina_logo":0,"ocean_custom_logo_max_width":0,"ocean_custom_logo_tablet_max_width":0,"ocean_custom_logo_mobile_max_width":0,"ocean_custom_logo_max_height":0,"ocean_custom_logo_tablet_max_height":0,"ocean_custom_logo_mobile_max_height":0,"ocean_header_custom_menu":"0","ocean_menu_typo_font_family":"0","ocean_menu_typo_font_subset":"","ocean_menu_typo_font_size":0,"ocean_menu_typo_font_size_tablet":0,"ocean_menu_typo_font_size_mobile":0,"ocean_menu_typo_font_size_unit":"px","ocean_menu_typo_font_weight":"","ocean_menu_typo_font_weight_tablet":"","ocean_menu_typo_font_weight_mobile":"","ocean_menu_typo_transform":"","ocean_menu_typo_transform_tablet":"","ocean_menu_typo_transform_mobile":"","ocean_menu_typo_line_height":0,"ocean_menu_typo_line_height_tablet":0,"ocean_menu_typo_line_height_mobile":0,"ocean_menu_typo_line_height_unit":"","ocean_menu_typo_spacing":0,"ocean_menu_typo_spacing_tablet":0,"ocean_menu_typo_spacing_mobile":0,"ocean_menu_typo_spacing_unit":"","ocean_menu_link_color":"","ocean_menu_link_color_hover":"","ocean_menu_link_color_active":"","ocean_menu_link_background":"","ocean_menu_link_hover_background":"","ocean_menu_link_active_background":"","ocean_menu_social_links_bg":"","ocean_menu_social_hover_links_bg":"","ocean_menu_social_links_color":"","ocean_menu_social_hover_links_color":"","ocean_disable_title":"default","ocean_disable_heading":"default","ocean_post_title":"","ocean_post_subheading":"","ocean_post_title_style":"","ocean_post_title_background_color":"","ocean_post_title_background":0,"ocean_post_title_bg_image_position":"","ocean_post_title_bg_image_attachment":"","ocean_post_title_bg_image_repeat":"","ocean_post_title_bg_image_size":"","ocean_post_title_height":0,"ocean_post_title_bg_overlay":0.5,"ocean_post_title_bg_overlay_color":"","ocean_disable_breadcrumbs":"default","ocean_breadcrumbs_color":"","ocean_breadcrumbs_separator_color":"","ocean_breadcrumbs_links_color":"","ocean_breadcrumbs_links_hover_color":"","ocean_display_footer_widgets":"default","ocean_display_footer_bottom":"default","ocean_custom_footer_template":"0","osh_disable_topbar_sticky":"default","osh_disable_header_sticky":"default","osh_sticky_header_style":"default","osh_sticky_header_effect":"","osh_custom_sticky_logo":0,"osh_custom_retina_sticky_logo":0,"osh_custom_sticky_logo_height":0,"osh_background_color":"","osh_links_color":"","osh_links_hover_color":"","osh_links_active_color":"","osh_links_bg_color":"","osh_links_hover_bg_color":"","osh_links_active_bg_color":"","osh_menu_social_links_color":"","osh_menu_social_hover_links_color":""},"product_brand":[],"product_cat":[515],"product_tag":[605,606],"class_list":{"0":"post-26083","1":"product","2":"type-product","3":"status-publish","4":"has-post-thumbnail","6":"product_cat-evento","7":"product_tag-food-challenge","8":"product_tag-hamburger","9":"product_shipping_class-solo-nellalm","11":"entry","12":"has-media","13":"wcpa_has_options","15":"first","16":"outofstock","17":"taxable","18":"shipping-taxable","19":"purchasable","20":"product-type-simple","21":"has-product-nav","22":"col","23":"span_1_of_3","24":"owp-content-center","25":"owp-thumbs-layout-horizontal","26":"owp-btn-normal","27":"owp-tabs-layout-horizontal"},"group_of_quantity":0,"min_quantity":0,"max_quantity":"","exclude_order_quantity_value_rules":"no","exclude_category_quantity_rules":"no","combine_variations":"no","yoast_head":"<!-- This site is optimized with the Yoast SEO plugin v27.2 - https:\/\/yoast.com\/product\/yoast-seo-wordpress\/ -->\n<title>XXL Food Challenge XXL Restaurant Leopoldauer Alm<\/title>\n<meta name=\"robots\" content=\"index, follow, max-snippet:-1, max-image-preview:large, max-video-preview:-1\" \/>\n<link rel=\"canonical\" href=\"https:\/\/www.leopoldaueralm.at\/it\/shop\/xxl-food-challenge\/\" \/>\n<meta property=\"og:locale\" content=\"it_IT\" \/>\n<meta property=\"og:type\" content=\"article\" \/>\n<meta property=\"og:title\" content=\"XXL Food Challenge XXL Restaurant Leopoldauer Alm\" \/>\n<meta property=\"og:description\" content=\"ATTENZIONE!!! La XXL FOOD CHALLENGE \u00e8 momentaneamente in pausa e sar\u00e0 di nuovo disponibile a breve! Vogliamo scommettere !?? \u00c8 TORNATA LA NOSTRA PAZZA SCOMMESSA SUL BURGER ! Tu contro di me, l&#039;oste XXL ??? Allora, uomini di Flake, dove sono gli ammazza-orsi tra voi\u2026 scommetto che non riuscirete a divorare il nostro BIG MAMAS BURGER in 60 minuti (il cronometro \u00e8 in funzione) La quota di iscrizione \u00e8 di 75 \u20ac (questo \u00e8 il costo del &quot;Big Mamas Burger&quot;) \u2013 se finisci il burger, \u00e8 offerto dalla casa e ricevi un buono da 300 \u20ac dell&#039;Alm!!! Se non ci riesci \u2013 paghi il burger e versi 20 \u20ac nella cassa delle donazioni per l&#039;Ospedale Pediatrico St. Anna, inoltre ricevi una T-shirt Winner o Looser della Leopoldauer ALM GRATIS! Allora, chi accetta la sfida \u201cquasi\u201d irrisolvibile !? Telefono per la scommessa sul burger: 01 25 98 380 (Si prega di annunciare la scommessa con 48 ore di anticipo) &nbsp; *in caso di vincita della scommessa, la quota di iscrizione verr\u00e0 naturalmente rimborsata!\" \/>\n<meta property=\"og:url\" content=\"https:\/\/www.leopoldaueralm.at\/it\/shop\/xxl-food-challenge\/\" \/>\n<meta property=\"og:site_name\" content=\"XXL Restaurant Leopoldauer Alm\" \/>\n<meta property=\"article:publisher\" content=\"https:\/\/www.facebook.com\/LeopoldauerAlm\" \/>\n<meta property=\"article:modified_time\" content=\"2026-02-20T10:33:59+00:00\" \/>\n<meta property=\"og:image\" content=\"https:\/\/www.leopoldaueralm.at\/wp-content\/uploads\/2024\/04\/big-mama-burger.jpg\" \/>\n\t<meta property=\"og:image:width\" content=\"1363\" \/>\n\t<meta property=\"og:image:height\" content=\"1830\" \/>\n\t<meta property=\"og:image:type\" content=\"image\/jpeg\" \/>\n<meta name=\"twitter:card\" content=\"summary_large_image\" \/>\n<script type=\"application\/ld+json\" class=\"yoast-schema-graph\">{\"@context\":\"https:\/\/schema.org\",\"@graph\":[{\"@type\":\"WebPage\",\"@id\":\"https:\/\/www.leopoldaueralm.at\/it\/shop\/xxl-food-challenge\/\",\"url\":\"https:\/\/www.leopoldaueralm.at\/it\/shop\/xxl-food-challenge\/\",\"name\":\"XXL Food Challenge XXL Restaurant Leopoldauer Alm\",\"isPartOf\":{\"@id\":\"https:\/\/www.leopoldaueralm.at\/it\/#website\"},\"primaryImageOfPage\":{\"@id\":\"https:\/\/www.leopoldaueralm.at\/it\/shop\/xxl-food-challenge\/#primaryimage\"},\"image\":{\"@id\":\"https:\/\/www.leopoldaueralm.at\/it\/shop\/xxl-food-challenge\/#primaryimage\"},\"thumbnailUrl\":\"https:\/\/www.leopoldaueralm.at\/wp-content\/uploads\/2024\/04\/big-mama-burger.jpg\",\"datePublished\":\"2024-04-15T13:33:32+00:00\",\"dateModified\":\"2026-02-20T10:33:59+00:00\",\"breadcrumb\":{\"@id\":\"https:\/\/www.leopoldaueralm.at\/it\/shop\/xxl-food-challenge\/#breadcrumb\"},\"inLanguage\":\"it-IT\",\"potentialAction\":[{\"@type\":\"ReadAction\",\"target\":[\"https:\/\/www.leopoldaueralm.at\/it\/shop\/xxl-food-challenge\/\"]}]},{\"@type\":\"ImageObject\",\"inLanguage\":\"it-IT\",\"@id\":\"https:\/\/www.leopoldaueralm.at\/it\/shop\/xxl-food-challenge\/#primaryimage\",\"url\":\"https:\/\/www.leopoldaueralm.at\/wp-content\/uploads\/2024\/04\/big-mama-burger.jpg\",\"contentUrl\":\"https:\/\/www.leopoldaueralm.at\/wp-content\/uploads\/2024\/04\/big-mama-burger.jpg\",\"width\":1363,\"height\":1830},{\"@type\":\"BreadcrumbList\",\"@id\":\"https:\/\/www.leopoldaueralm.at\/it\/shop\/xxl-food-challenge\/#breadcrumb\",\"itemListElement\":[{\"@type\":\"ListItem\",\"position\":1,\"name\":\"Startseite\",\"item\":\"https:\/\/www.leopoldaueralm.at\/it\/homepage\/\"},{\"@type\":\"ListItem\",\"position\":2,\"name\":\"Shop\",\"item\":\"https:\/\/www.leopoldaueralm.at\/it\/shop\/\"},{\"@type\":\"ListItem\",\"position\":3,\"name\":\"Evento\",\"item\":\"https:\/\/www.leopoldaueralm.at\/it\/product-category\/evento\/\"},{\"@type\":\"ListItem\",\"position\":4,\"name\":\"XXL Food Challenge\"}]},{\"@type\":\"WebSite\",\"@id\":\"https:\/\/www.leopoldaueralm.at\/it\/#website\",\"url\":\"https:\/\/www.leopoldaueralm.at\/it\/\",\"name\":\"XXL Restaurant Leopoldauer Alm\",\"description\":\"Das XXL Restaurant in Wien\",\"publisher\":{\"@id\":\"https:\/\/www.leopoldaueralm.at\/it\/#organization\"},\"potentialAction\":[{\"@type\":\"SearchAction\",\"target\":{\"@type\":\"EntryPoint\",\"urlTemplate\":\"https:\/\/www.leopoldaueralm.at\/it\/?s={search_term_string}\"},\"query-input\":{\"@type\":\"PropertyValueSpecification\",\"valueRequired\":true,\"valueName\":\"search_term_string\"}}],\"inLanguage\":\"it-IT\"},{\"@type\":\"Organization\",\"@id\":\"https:\/\/www.leopoldaueralm.at\/it\/#organization\",\"name\":\"XXL Restaurant Leopoldauer Alm\",\"url\":\"https:\/\/www.leopoldaueralm.at\/it\/\",\"logo\":{\"@type\":\"ImageObject\",\"inLanguage\":\"it-IT\",\"@id\":\"https:\/\/www.leopoldaueralm.at\/it\/#\/schema\/logo\/image\/\",\"url\":\"https:\/\/www.leopoldaueralm.at\/wp-content\/uploads\/2019\/12\/leo-logo.png\",\"contentUrl\":\"https:\/\/www.leopoldaueralm.at\/wp-content\/uploads\/2019\/12\/leo-logo.png\",\"width\":250,\"height\":250,\"caption\":\"XXL Restaurant Leopoldauer Alm\"},\"image\":{\"@id\":\"https:\/\/www.leopoldaueralm.at\/it\/#\/schema\/logo\/image\/\"},\"sameAs\":[\"https:\/\/www.facebook.com\/LeopoldauerAlm\"]}]}<\/script>\n<!-- \/ Yoast SEO plugin. -->","yoast_head_json":{"title":"XXL Food Challenge XXL Restaurant Leopoldauer Alm","robots":{"index":"index","follow":"follow","max-snippet":"max-snippet:-1","max-image-preview":"max-image-preview:large","max-video-preview":"max-video-preview:-1"},"canonical":"https:\/\/www.leopoldaueralm.at\/it\/shop\/xxl-food-challenge\/","og_locale":"it_IT","og_type":"article","og_title":"XXL Food Challenge XXL Restaurant Leopoldauer Alm","og_description":"ATTENZIONE!!! La XXL FOOD CHALLENGE \u00e8 momentaneamente in pausa e sar\u00e0 di nuovo disponibile a breve! Vogliamo scommettere !?? \u00c8 TORNATA LA NOSTRA PAZZA SCOMMESSA SUL BURGER ! Tu contro di me, l'oste XXL ??? Allora, uomini di Flake, dove sono gli ammazza-orsi tra voi\u2026 scommetto che non riuscirete a divorare il nostro BIG MAMAS BURGER in 60 minuti (il cronometro \u00e8 in funzione) La quota di iscrizione \u00e8 di 75 \u20ac (questo \u00e8 il costo del \"Big Mamas Burger\") \u2013 se finisci il burger, \u00e8 offerto dalla casa e ricevi un buono da 300 \u20ac dell'Alm!!! Se non ci riesci \u2013 paghi il burger e versi 20 \u20ac nella cassa delle donazioni per l'Ospedale Pediatrico St. Anna, inoltre ricevi una T-shirt Winner o Looser della Leopoldauer ALM GRATIS! Allora, chi accetta la sfida \u201cquasi\u201d irrisolvibile !? Telefono per la scommessa sul burger: 01 25 98 380 (Si prega di annunciare la scommessa con 48 ore di anticipo) &nbsp; *in caso di vincita della scommessa, la quota di iscrizione verr\u00e0 naturalmente rimborsata!","og_url":"https:\/\/www.leopoldaueralm.at\/it\/shop\/xxl-food-challenge\/","og_site_name":"XXL Restaurant Leopoldauer Alm","article_publisher":"https:\/\/www.facebook.com\/LeopoldauerAlm","article_modified_time":"2026-02-20T10:33:59+00:00","og_image":[{"width":1363,"height":1830,"url":"https:\/\/www.leopoldaueralm.at\/wp-content\/uploads\/2024\/04\/big-mama-burger.jpg","type":"image\/jpeg"}],"twitter_card":"summary_large_image","schema":{"@context":"https:\/\/schema.org","@graph":[{"@type":"WebPage","@id":"https:\/\/www.leopoldaueralm.at\/it\/shop\/xxl-food-challenge\/","url":"https:\/\/www.leopoldaueralm.at\/it\/shop\/xxl-food-challenge\/","name":"XXL Food Challenge XXL Restaurant Leopoldauer Alm","isPartOf":{"@id":"https:\/\/www.leopoldaueralm.at\/it\/#website"},"primaryImageOfPage":{"@id":"https:\/\/www.leopoldaueralm.at\/it\/shop\/xxl-food-challenge\/#primaryimage"},"image":{"@id":"https:\/\/www.leopoldaueralm.at\/it\/shop\/xxl-food-challenge\/#primaryimage"},"thumbnailUrl":"https:\/\/www.leopoldaueralm.at\/wp-content\/uploads\/2024\/04\/big-mama-burger.jpg","datePublished":"2024-04-15T13:33:32+00:00","dateModified":"2026-02-20T10:33:59+00:00","breadcrumb":{"@id":"https:\/\/www.leopoldaueralm.at\/it\/shop\/xxl-food-challenge\/#breadcrumb"},"inLanguage":"it-IT","potentialAction":[{"@type":"ReadAction","target":["https:\/\/www.leopoldaueralm.at\/it\/shop\/xxl-food-challenge\/"]}]},{"@type":"ImageObject","inLanguage":"it-IT","@id":"https:\/\/www.leopoldaueralm.at\/it\/shop\/xxl-food-challenge\/#primaryimage","url":"https:\/\/www.leopoldaueralm.at\/wp-content\/uploads\/2024\/04\/big-mama-burger.jpg","contentUrl":"https:\/\/www.leopoldaueralm.at\/wp-content\/uploads\/2024\/04\/big-mama-burger.jpg","width":1363,"height":1830},{"@type":"BreadcrumbList","@id":"https:\/\/www.leopoldaueralm.at\/it\/shop\/xxl-food-challenge\/#breadcrumb","itemListElement":[{"@type":"ListItem","position":1,"name":"Startseite","item":"https:\/\/www.leopoldaueralm.at\/it\/homepage\/"},{"@type":"ListItem","position":2,"name":"Shop","item":"https:\/\/www.leopoldaueralm.at\/it\/shop\/"},{"@type":"ListItem","position":3,"name":"Evento","item":"https:\/\/www.leopoldaueralm.at\/it\/product-category\/evento\/"},{"@type":"ListItem","position":4,"name":"XXL Food Challenge"}]},{"@type":"WebSite","@id":"https:\/\/www.leopoldaueralm.at\/it\/#website","url":"https:\/\/www.leopoldaueralm.at\/it\/","name":"XXL Restaurant Leopoldauer Alm","description":"Das XXL Restaurant in Wien","publisher":{"@id":"https:\/\/www.leopoldaueralm.at\/it\/#organization"},"potentialAction":[{"@type":"SearchAction","target":{"@type":"EntryPoint","urlTemplate":"https:\/\/www.leopoldaueralm.at\/it\/?s={search_term_string}"},"query-input":{"@type":"PropertyValueSpecification","valueRequired":true,"valueName":"search_term_string"}}],"inLanguage":"it-IT"},{"@type":"Organization","@id":"https:\/\/www.leopoldaueralm.at\/it\/#organization","name":"XXL Restaurant Leopoldauer Alm","url":"https:\/\/www.leopoldaueralm.at\/it\/","logo":{"@type":"ImageObject","inLanguage":"it-IT","@id":"https:\/\/www.leopoldaueralm.at\/it\/#\/schema\/logo\/image\/","url":"https:\/\/www.leopoldaueralm.at\/wp-content\/uploads\/2019\/12\/leo-logo.png","contentUrl":"https:\/\/www.leopoldaueralm.at\/wp-content\/uploads\/2019\/12\/leo-logo.png","width":250,"height":250,"caption":"XXL Restaurant Leopoldauer Alm"},"image":{"@id":"https:\/\/www.leopoldaueralm.at\/it\/#\/schema\/logo\/image\/"},"sameAs":["https:\/\/www.facebook.com\/LeopoldauerAlm"]}]}},"wcpa_form_fields":null,"_links":{"self":[{"href":"https:\/\/www.leopoldaueralm.at\/it\/wp-json\/wp\/v2\/product\/26083","targetHints":{"allow":["GET"]}}],"collection":[{"href":"https:\/\/www.leopoldaueralm.at\/it\/wp-json\/wp\/v2\/product"}],"about":[{"href":"https:\/\/www.leopoldaueralm.at\/it\/wp-json\/wp\/v2\/types\/product"}],"wp:featuredmedia":[{"embeddable":true,"href":"https:\/\/www.leopoldaueralm.at\/it\/wp-json\/wp\/v2\/media\/22140"}],"wp:attachment":[{"href":"https:\/\/www.leopoldaueralm.at\/it\/wp-json\/wp\/v2\/media?parent=26083"}],"wp:term":[{"taxonomy":"product_brand","embeddable":true,"href":"https:\/\/www.leopoldaueralm.at\/it\/wp-json\/wp\/v2\/product_brand?post=26083"},{"taxonomy":"product_cat","embeddable":true,"href":"https:\/\/www.leopoldaueralm.at\/it\/wp-json\/wp\/v2\/product_cat?post=26083"},{"taxonomy":"product_tag","embeddable":true,"href":"https:\/\/www.leopoldaueralm.at\/it\/wp-json\/wp\/v2\/product_tag?post=26083"}],"curies":[{"name":"wp","href":"https:\/\/api.w.org\/{rel}","templated":true}]}}