{"id":26177,"date":"2024-01-18T07:40:56","date_gmt":"2024-01-18T06:40:56","guid":{"rendered":"https:\/\/www.leopoldaueralm.at\/shop\/festa-di-natale-2025\/"},"modified":"2026-02-02T08:05:08","modified_gmt":"2026-02-02T07:05:08","slug":"festa-di-natale-2025","status":"publish","type":"product","link":"https:\/\/www.leopoldaueralm.at\/it\/shop\/festa-di-natale-2025\/","title":{"rendered":"Festa di Natale 2026"},"content":{"rendered":"<p>&nbsp;<\/p>\n<p style=\"font-weight: 400;\"><strong>\ufe0f<\/strong><\/p>\n","protected":false},"excerpt":{"rendered":"<div class=\"elementor-element elementor-element-dee7631 elementor-widget elementor-widget-heading\" data-id=\"dee7631\" data-element_type=\"widget\" data-widget_type=\"heading.default\">\n<div class=\"elementor-widget-container\">\n<div><span style=\"font-size: large;\">Prolungamento pacchetto all&#8217;ora EUR 20,00<\/span><\/div>\n<div>\n<p>&nbsp;<\/p>\n<\/div>\n<\/div>\n<div><strong>EUR 69,00 a persona<\/strong><\/div>\n<div class=\"elementor-widget-container\">\n<p><strong>prenotabile a partire da 20 persone!<\/strong><\/p>\n<h3 class=\"section-title \">Festeggia la tua festa di Natale, ma XXL<\/h3>\n<\/div>\n<\/div>\n<div class=\"elementor-element elementor-element-12300a5 elementor-widget elementor-widget-wp-widget-text\" data-id=\"12300a5\" data-element_type=\"widget\" data-widget_type=\"wp-widget-text.default\">\n<div class=\"elementor-widget-container\">\n<div class=\"textwidget\">\n<p><strong>La tua festa di Natale 2026 nell&#8217;Alm, con il pacchetto migliore ed economico della citt\u00e0 in uno dei ristoranti pi\u00f9 belli di Vienna!<\/strong><\/p>\n<p>Locali disponibili fino a 280 persone!<\/p>\n<p><strong>5 ore di cibo e bevande a soli 69 \u20ac a persona!<\/strong><\/p>\n<\/div>\n<\/div>\n<\/div>\n<p>Tutte le bevande come vino, birra, Radler, birra mista Zwickl, birra scura, analcolici come Cola, Almdudler, succo di mela, succo d&#8217;arancia, soda, caff\u00e8, Hugo, Aperol ecc. incluso il Frizzante di benvenuto per voi! E men\u00f9 a 3 portate a vostra scelta o i nostri taglieri!  <\/p>\n<p><strong>L&#8217;intero pasto<\/strong> \u2013 piccolo men\u00f9 (men\u00f9 di Natale con antipasti, piatti principali e dessert) o i nostri taglieri XXL come &#8220;Mistgabel des Schreckens, Bergbauernplatte, Almh\u00fcttenschmaus o Spanferkelplatte&#8221; oppure mescoliamo tutto! Naturalmente anche taglieri o piatti per i vostri dipendenti musulmani o vegani!!! <\/p>\n<p style=\"font-weight: 400;\"><strong>Stand di vin brul\u00e9 natalizio<\/strong> davanti alla malga &amp; musica da party<br \/>\nDa gioved\u00ec a sabato dalle 16:00 alle 22:00<\/p>\n<p>In opzione potete anche prenotare un Babbo Natale con sassofono per portare l&#8217;atmosfera natalizia al massimo!<\/p>\n<p>Il numero esatto di persone per la vostra festa deve essere comunicato almeno 14 giorni prima della data prenotata, dopodich\u00e9 il numero di persone da voi prenotato verr\u00e0 addebitato al 100%!<br \/>\nLa mancia per i camerieri pu\u00f2 essere aggiunta volentieri al conto, grazie mille!<\/p>\n<div id='gallery-1' class='gallery galleryid-26177 gallery-columns-3 gallery-size-medium'><figure class='gallery-item'>\n\t\t\t<div class='gallery-icon portrait'>\n\t\t\t\t<a href='https:\/\/www.leopoldaueralm.at\/it\/?attachment_id=26190'><img fetchpriority=\"high\" width=\"244\" height=\"300\" src=\"https:\/\/www.leopoldaueralm.at\/wp-content\/uploads\/2024\/01\/weihnachtsmann-mit-saxophon-4-244x300.jpg\" class=\"attachment-medium size-medium\" alt=\"\" decoding=\"async\" srcset=\"https:\/\/www.leopoldaueralm.at\/wp-content\/uploads\/2024\/01\/weihnachtsmann-mit-saxophon-4-244x300.jpg 244w, https:\/\/www.leopoldaueralm.at\/wp-content\/uploads\/2024\/01\/weihnachtsmann-mit-saxophon-4-833x1024.jpg 833w, https:\/\/www.leopoldaueralm.at\/wp-content\/uploads\/2024\/01\/weihnachtsmann-mit-saxophon-4-768x944.jpg 768w, https:\/\/www.leopoldaueralm.at\/wp-content\/uploads\/2024\/01\/weihnachtsmann-mit-saxophon-4-600x738.jpg 600w, https:\/\/www.leopoldaueralm.at\/wp-content\/uploads\/2024\/01\/weihnachtsmann-mit-saxophon-4.jpg 1041w\" sizes=\"(max-width: 244px) 100vw, 244px\" \/><\/a>\n\t\t\t<\/div><\/figure><figure class='gallery-item'>\n\t\t\t<div class='gallery-icon landscape'>\n\t\t\t\t<a href='https:\/\/www.leopoldaueralm.at\/it\/?attachment_id=26189'><img width=\"300\" height=\"225\" src=\"https:\/\/www.leopoldaueralm.at\/wp-content\/uploads\/2024\/01\/weihnachtsmann-mit-saxophon-3-300x225.jpg\" class=\"attachment-medium size-medium\" alt=\"\" decoding=\"async\" srcset=\"https:\/\/www.leopoldaueralm.at\/wp-content\/uploads\/2024\/01\/weihnachtsmann-mit-saxophon-3-300x225.jpg 300w, https:\/\/www.leopoldaueralm.at\/wp-content\/uploads\/2024\/01\/weihnachtsmann-mit-saxophon-3-1024x768.jpg 1024w, https:\/\/www.leopoldaueralm.at\/wp-content\/uploads\/2024\/01\/weihnachtsmann-mit-saxophon-3-768x576.jpg 768w, https:\/\/www.leopoldaueralm.at\/wp-content\/uploads\/2024\/01\/weihnachtsmann-mit-saxophon-3-1536x1152.jpg 1536w, https:\/\/www.leopoldaueralm.at\/wp-content\/uploads\/2024\/01\/weihnachtsmann-mit-saxophon-3-600x450.jpg 600w, https:\/\/www.leopoldaueralm.at\/wp-content\/uploads\/2024\/01\/weihnachtsmann-mit-saxophon-3.jpg 1600w\" sizes=\"(max-width: 300px) 100vw, 300px\" \/><\/a>\n\t\t\t<\/div><\/figure><figure class='gallery-item'>\n\t\t\t<div class='gallery-icon portrait'>\n\t\t\t\t<a href='https:\/\/www.leopoldaueralm.at\/it\/?attachment_id=26188'><img width=\"228\" height=\"300\" src=\"https:\/\/www.leopoldaueralm.at\/wp-content\/uploads\/2024\/01\/weihnachtsmann-mit-saxophon-2-228x300.jpg\" class=\"attachment-medium size-medium\" alt=\"\" decoding=\"async\" srcset=\"https:\/\/www.leopoldaueralm.at\/wp-content\/uploads\/2024\/01\/weihnachtsmann-mit-saxophon-2-228x300.jpg 228w, https:\/\/www.leopoldaueralm.at\/wp-content\/uploads\/2024\/01\/weihnachtsmann-mit-saxophon-2-780x1024.jpg 780w, https:\/\/www.leopoldaueralm.at\/wp-content\/uploads\/2024\/01\/weihnachtsmann-mit-saxophon-2-768x1009.jpg 768w, https:\/\/www.leopoldaueralm.at\/wp-content\/uploads\/2024\/01\/weihnachtsmann-mit-saxophon-2-1169x1536.jpg 1169w, https:\/\/www.leopoldaueralm.at\/wp-content\/uploads\/2024\/01\/weihnachtsmann-mit-saxophon-2-600x788.jpg 600w, https:\/\/www.leopoldaueralm.at\/wp-content\/uploads\/2024\/01\/weihnachtsmann-mit-saxophon-2.jpg 1218w\" sizes=\"(max-width: 228px) 100vw, 228px\" \/><\/a>\n\t\t\t<\/div><\/figure>\n\t\t<\/div>\n\n<div id=\"audioigniter-18592\" class=\"audioigniter-root \" data-player-type=\"full\" data-tracks-url=\"https:\/\/www.leopoldaueralm.at\/it\/?audioigniter_playlist_id=18592\" data-display-track-no=\"true\" data-reverse-track-order=\"false\" data-display-tracklist-covers=\"false\" data-display-active-cover=\"false\" data-display-artist-names=\"false\" data-display-buy-buttons=\"true\" data-buy-buttons-target=\"false\" data-cycle-tracks=\"false\" data-display-credits=\"false\" data-display-tracklist=\"false\" data-allow-tracklist-toggle=\"true\" data-allow-tracklist-loop=\"false\" data-limit-tracklist-height=\"false\" data-volume=\"70\" data-tracklist-height=\"30\" ><\/div>\n<p><strong>Vuoi prenotare una festa di Natale aziendale?<br \/>\nQui trovi il modulo di richiesta:<\/strong><\/p>\n<p><a style=\"display: inline-block; background-color: #bc906b; color: #ffffff; padding: 8px 12px; text-decoration: none; font-size: 16px; font-weight: bold; border-radius: 3px; text-align: center; transition: background-color 0.3s ease;\" href=\"https:\/\/www.leopoldaueralm.at\/it\/festa-di-natale-per-aziende\/\">Festa di Natale per aziende<\/a><\/p>\n","protected":false},"featured_media":23867,"template":"","meta":{"ocean_post_layout":"","ocean_both_sidebars_style":"","ocean_both_sidebars_content_width":0,"ocean_both_sidebars_sidebars_width":0,"ocean_sidebar":"0","ocean_second_sidebar":"0","ocean_disable_margins":"enable","ocean_add_body_class":"","ocean_shortcode_before_top_bar":"","ocean_shortcode_after_top_bar":"","ocean_shortcode_before_header":"","ocean_shortcode_after_header":"","ocean_has_shortcode":"","ocean_shortcode_after_title":"","ocean_shortcode_before_footer_widgets":"","ocean_shortcode_after_footer_widgets":"","ocean_shortcode_before_footer_bottom":"","ocean_shortcode_after_footer_bottom":"","ocean_display_top_bar":"default","ocean_display_header":"default","ocean_header_style":"","ocean_center_header_left_menu":"0","ocean_custom_header_template":"0","ocean_custom_logo":0,"ocean_custom_retina_logo":0,"ocean_custom_logo_max_width":0,"ocean_custom_logo_tablet_max_width":0,"ocean_custom_logo_mobile_max_width":0,"ocean_custom_logo_max_height":0,"ocean_custom_logo_tablet_max_height":0,"ocean_custom_logo_mobile_max_height":0,"ocean_header_custom_menu":"0","ocean_menu_typo_font_family":"0","ocean_menu_typo_font_subset":"","ocean_menu_typo_font_size":0,"ocean_menu_typo_font_size_tablet":0,"ocean_menu_typo_font_size_mobile":0,"ocean_menu_typo_font_size_unit":"px","ocean_menu_typo_font_weight":"","ocean_menu_typo_font_weight_tablet":"","ocean_menu_typo_font_weight_mobile":"","ocean_menu_typo_transform":"","ocean_menu_typo_transform_tablet":"","ocean_menu_typo_transform_mobile":"","ocean_menu_typo_line_height":0,"ocean_menu_typo_line_height_tablet":0,"ocean_menu_typo_line_height_mobile":0,"ocean_menu_typo_line_height_unit":"","ocean_menu_typo_spacing":0,"ocean_menu_typo_spacing_tablet":0,"ocean_menu_typo_spacing_mobile":0,"ocean_menu_typo_spacing_unit":"","ocean_menu_link_color":"","ocean_menu_link_color_hover":"","ocean_menu_link_color_active":"","ocean_menu_link_background":"","ocean_menu_link_hover_background":"","ocean_menu_link_active_background":"","ocean_menu_social_links_bg":"","ocean_menu_social_hover_links_bg":"","ocean_menu_social_links_color":"","ocean_menu_social_hover_links_color":"","ocean_disable_title":"default","ocean_disable_heading":"default","ocean_post_title":"","ocean_post_subheading":"","ocean_post_title_style":"","ocean_post_title_background_color":"","ocean_post_title_background":0,"ocean_post_title_bg_image_position":"","ocean_post_title_bg_image_attachment":"","ocean_post_title_bg_image_repeat":"","ocean_post_title_bg_image_size":"","ocean_post_title_height":0,"ocean_post_title_bg_overlay":0.5,"ocean_post_title_bg_overlay_color":"","ocean_disable_breadcrumbs":"default","ocean_breadcrumbs_color":"","ocean_breadcrumbs_separator_color":"","ocean_breadcrumbs_links_color":"","ocean_breadcrumbs_links_hover_color":"","ocean_display_footer_widgets":"default","ocean_display_footer_bottom":"default","ocean_custom_footer_template":"0","osh_disable_topbar_sticky":"default","osh_disable_header_sticky":"default","osh_sticky_header_style":"default","osh_sticky_header_effect":"","osh_custom_sticky_logo":0,"osh_custom_retina_sticky_logo":0,"osh_custom_sticky_logo_height":0,"osh_background_color":"","osh_links_color":"","osh_links_hover_color":"","osh_links_active_color":"","osh_links_bg_color":"","osh_links_hover_bg_color":"","osh_links_active_bg_color":"","osh_menu_social_links_color":"","osh_menu_social_hover_links_color":""},"product_brand":[],"product_cat":[515],"product_tag":[642],"class_list":{"0":"post-26177","1":"product","2":"type-product","3":"status-publish","4":"has-post-thumbnail","6":"product_cat-evento","7":"product_tag-natale","8":"product_shipping_class-solo-nellalm","10":"entry","11":"has-media","12":"wcpa_has_options","14":"first","15":"instock","16":"taxable","17":"shipping-taxable","18":"purchasable","19":"product-type-simple","20":"has-product-nav","21":"col","22":"span_1_of_3","23":"owp-content-center","24":"owp-thumbs-layout-horizontal","25":"owp-btn-normal","26":"owp-tabs-layout-horizontal"},"group_of_quantity":0,"min_quantity":0,"max_quantity":"","exclude_order_quantity_value_rules":"no","exclude_category_quantity_rules":"no","combine_variations":"no","yoast_head":"<!-- This site is optimized with the Yoast SEO plugin v27.2 - https:\/\/yoast.com\/product\/yoast-seo-wordpress\/ -->\n<title>Festa di Natale 2026 XXL Restaurant Leopoldauer Alm<\/title>\n<meta name=\"robots\" content=\"index, follow, max-snippet:-1, max-image-preview:large, max-video-preview:-1\" \/>\n<link rel=\"canonical\" href=\"https:\/\/www.leopoldaueralm.at\/it\/shop\/festa-di-natale-2025\/\" \/>\n<meta property=\"og:locale\" content=\"it_IT\" \/>\n<meta property=\"og:type\" content=\"article\" \/>\n<meta property=\"og:title\" content=\"Festa di Natale 2026 XXL Restaurant Leopoldauer Alm\" \/>\n<meta property=\"og:description\" content=\"Prolungamento pacchetto all&#039;ora EUR 20,00  &nbsp;  EUR 69,00 a persona  prenotabile a partire da 20 persone! Festeggia la tua festa di Natale, ma XXL    La tua festa di Natale 2026 nell&#039;Alm, con il pacchetto migliore ed economico della citt\u00e0 in uno dei ristoranti pi\u00f9 belli di Vienna! Locali disponibili fino a 280 persone! 5 ore di cibo e bevande a soli 69 \u20ac a persona!   Tutte le bevande come vino, birra, Radler, birra mista Zwickl, birra scura, analcolici come Cola, Almdudler, succo di mela, succo d&#039;arancia, soda, caff\u00e8, Hugo, Aperol ecc. incluso il Frizzante di benvenuto per voi! E men\u00f9 a 3 portate a vostra scelta o i nostri taglieri!  L&#039;intero pasto \u2013 piccolo men\u00f9 (men\u00f9 di Natale con antipasti, piatti principali e dessert) o i nostri taglieri XXL come &quot;Mistgabel des Schreckens, Bergbauernplatte, Almh\u00fcttenschmaus o Spanferkelplatte&quot; oppure mescoliamo tutto! Naturalmente anche taglieri o piatti per i vostri dipendenti musulmani o vegani!!! Stand di vin brul\u00e9 natalizio davanti alla malga &amp; musica da party Da gioved\u00ec a sabato dalle 16:00 alle 22:00 In opzione potete anche prenotare un Babbo Natale con sassofono per portare l&#039;atmosfera natalizia al massimo! Il numero esatto di persone per la vostra festa deve essere comunicato almeno 14 giorni prima della data prenotata, dopodich\u00e9 il numero di persone da voi prenotato verr\u00e0 addebitato al 100%! La mancia per i camerieri pu\u00f2 essere aggiunta volentieri al conto, grazie mille!   Vuoi prenotare una festa di Natale aziendale? Qui trovi il modulo di richiesta: Festa di Natale per aziende\" \/>\n<meta property=\"og:url\" content=\"https:\/\/www.leopoldaueralm.at\/it\/shop\/festa-di-natale-2025\/\" \/>\n<meta property=\"og:site_name\" content=\"XXL Restaurant Leopoldauer Alm\" \/>\n<meta property=\"article:publisher\" content=\"https:\/\/www.facebook.com\/LeopoldauerAlm\" \/>\n<meta property=\"article:modified_time\" content=\"2026-02-02T07:05:08+00:00\" \/>\n<meta property=\"og:image\" content=\"https:\/\/www.leopoldaueralm.at\/wp-content\/uploads\/2023\/12\/pouring-champagne-group-cheerful-friends-celebrating-new-year-indoors-with-drinks-hands.jpg\" \/>\n\t<meta property=\"og:image:width\" content=\"1200\" \/>\n\t<meta property=\"og:image:height\" content=\"801\" \/>\n\t<meta property=\"og:image:type\" content=\"image\/jpeg\" \/>\n<meta name=\"twitter:card\" content=\"summary_large_image\" \/>\n<script type=\"application\/ld+json\" class=\"yoast-schema-graph\">{\"@context\":\"https:\/\/schema.org\",\"@graph\":[{\"@type\":\"WebPage\",\"@id\":\"https:\/\/www.leopoldaueralm.at\/it\/shop\/festa-di-natale-2025\/\",\"url\":\"https:\/\/www.leopoldaueralm.at\/it\/shop\/festa-di-natale-2025\/\",\"name\":\"Festa di Natale 2026 XXL Restaurant Leopoldauer Alm\",\"isPartOf\":{\"@id\":\"https:\/\/www.leopoldaueralm.at\/it\/#website\"},\"primaryImageOfPage\":{\"@id\":\"https:\/\/www.leopoldaueralm.at\/it\/shop\/festa-di-natale-2025\/#primaryimage\"},\"image\":{\"@id\":\"https:\/\/www.leopoldaueralm.at\/it\/shop\/festa-di-natale-2025\/#primaryimage\"},\"thumbnailUrl\":\"https:\/\/www.leopoldaueralm.at\/wp-content\/uploads\/2023\/12\/pouring-champagne-group-cheerful-friends-celebrating-new-year-indoors-with-drinks-hands.jpg\",\"datePublished\":\"2024-01-18T06:40:56+00:00\",\"dateModified\":\"2026-02-02T07:05:08+00:00\",\"breadcrumb\":{\"@id\":\"https:\/\/www.leopoldaueralm.at\/it\/shop\/festa-di-natale-2025\/#breadcrumb\"},\"inLanguage\":\"it-IT\",\"potentialAction\":[{\"@type\":\"ReadAction\",\"target\":[\"https:\/\/www.leopoldaueralm.at\/it\/shop\/festa-di-natale-2025\/\"]}]},{\"@type\":\"ImageObject\",\"inLanguage\":\"it-IT\",\"@id\":\"https:\/\/www.leopoldaueralm.at\/it\/shop\/festa-di-natale-2025\/#primaryimage\",\"url\":\"https:\/\/www.leopoldaueralm.at\/wp-content\/uploads\/2023\/12\/pouring-champagne-group-cheerful-friends-celebrating-new-year-indoors-with-drinks-hands.jpg\",\"contentUrl\":\"https:\/\/www.leopoldaueralm.at\/wp-content\/uploads\/2023\/12\/pouring-champagne-group-cheerful-friends-celebrating-new-year-indoors-with-drinks-hands.jpg\",\"width\":1200,\"height\":801},{\"@type\":\"BreadcrumbList\",\"@id\":\"https:\/\/www.leopoldaueralm.at\/it\/shop\/festa-di-natale-2025\/#breadcrumb\",\"itemListElement\":[{\"@type\":\"ListItem\",\"position\":1,\"name\":\"Startseite\",\"item\":\"https:\/\/www.leopoldaueralm.at\/it\/homepage\/\"},{\"@type\":\"ListItem\",\"position\":2,\"name\":\"Shop\",\"item\":\"https:\/\/www.leopoldaueralm.at\/it\/shop\/\"},{\"@type\":\"ListItem\",\"position\":3,\"name\":\"Evento\",\"item\":\"https:\/\/www.leopoldaueralm.at\/it\/product-category\/evento\/\"},{\"@type\":\"ListItem\",\"position\":4,\"name\":\"Festa di Natale 2026\"}]},{\"@type\":\"WebSite\",\"@id\":\"https:\/\/www.leopoldaueralm.at\/it\/#website\",\"url\":\"https:\/\/www.leopoldaueralm.at\/it\/\",\"name\":\"XXL Restaurant Leopoldauer Alm\",\"description\":\"Das XXL Restaurant in Wien\",\"publisher\":{\"@id\":\"https:\/\/www.leopoldaueralm.at\/it\/#organization\"},\"potentialAction\":[{\"@type\":\"SearchAction\",\"target\":{\"@type\":\"EntryPoint\",\"urlTemplate\":\"https:\/\/www.leopoldaueralm.at\/it\/?s={search_term_string}\"},\"query-input\":{\"@type\":\"PropertyValueSpecification\",\"valueRequired\":true,\"valueName\":\"search_term_string\"}}],\"inLanguage\":\"it-IT\"},{\"@type\":\"Organization\",\"@id\":\"https:\/\/www.leopoldaueralm.at\/it\/#organization\",\"name\":\"XXL Restaurant Leopoldauer Alm\",\"url\":\"https:\/\/www.leopoldaueralm.at\/it\/\",\"logo\":{\"@type\":\"ImageObject\",\"inLanguage\":\"it-IT\",\"@id\":\"https:\/\/www.leopoldaueralm.at\/it\/#\/schema\/logo\/image\/\",\"url\":\"https:\/\/www.leopoldaueralm.at\/wp-content\/uploads\/2019\/12\/leo-logo.png\",\"contentUrl\":\"https:\/\/www.leopoldaueralm.at\/wp-content\/uploads\/2019\/12\/leo-logo.png\",\"width\":250,\"height\":250,\"caption\":\"XXL Restaurant Leopoldauer Alm\"},\"image\":{\"@id\":\"https:\/\/www.leopoldaueralm.at\/it\/#\/schema\/logo\/image\/\"},\"sameAs\":[\"https:\/\/www.facebook.com\/LeopoldauerAlm\"]}]}<\/script>\n<!-- \/ Yoast SEO plugin. -->","yoast_head_json":{"title":"Festa di Natale 2026 XXL Restaurant Leopoldauer Alm","robots":{"index":"index","follow":"follow","max-snippet":"max-snippet:-1","max-image-preview":"max-image-preview:large","max-video-preview":"max-video-preview:-1"},"canonical":"https:\/\/www.leopoldaueralm.at\/it\/shop\/festa-di-natale-2025\/","og_locale":"it_IT","og_type":"article","og_title":"Festa di Natale 2026 XXL Restaurant Leopoldauer Alm","og_description":"Prolungamento pacchetto all'ora EUR 20,00  &nbsp;  EUR 69,00 a persona  prenotabile a partire da 20 persone! Festeggia la tua festa di Natale, ma XXL    La tua festa di Natale 2026 nell'Alm, con il pacchetto migliore ed economico della citt\u00e0 in uno dei ristoranti pi\u00f9 belli di Vienna! Locali disponibili fino a 280 persone! 5 ore di cibo e bevande a soli 69 \u20ac a persona!   Tutte le bevande come vino, birra, Radler, birra mista Zwickl, birra scura, analcolici come Cola, Almdudler, succo di mela, succo d'arancia, soda, caff\u00e8, Hugo, Aperol ecc. incluso il Frizzante di benvenuto per voi! E men\u00f9 a 3 portate a vostra scelta o i nostri taglieri!  L'intero pasto \u2013 piccolo men\u00f9 (men\u00f9 di Natale con antipasti, piatti principali e dessert) o i nostri taglieri XXL come \"Mistgabel des Schreckens, Bergbauernplatte, Almh\u00fcttenschmaus o Spanferkelplatte\" oppure mescoliamo tutto! Naturalmente anche taglieri o piatti per i vostri dipendenti musulmani o vegani!!! Stand di vin brul\u00e9 natalizio davanti alla malga &amp; musica da party Da gioved\u00ec a sabato dalle 16:00 alle 22:00 In opzione potete anche prenotare un Babbo Natale con sassofono per portare l'atmosfera natalizia al massimo! Il numero esatto di persone per la vostra festa deve essere comunicato almeno 14 giorni prima della data prenotata, dopodich\u00e9 il numero di persone da voi prenotato verr\u00e0 addebitato al 100%! La mancia per i camerieri pu\u00f2 essere aggiunta volentieri al conto, grazie mille!   Vuoi prenotare una festa di Natale aziendale? Qui trovi il modulo di richiesta: Festa di Natale per aziende","og_url":"https:\/\/www.leopoldaueralm.at\/it\/shop\/festa-di-natale-2025\/","og_site_name":"XXL Restaurant Leopoldauer Alm","article_publisher":"https:\/\/www.facebook.com\/LeopoldauerAlm","article_modified_time":"2026-02-02T07:05:08+00:00","og_image":[{"width":1200,"height":801,"url":"https:\/\/www.leopoldaueralm.at\/wp-content\/uploads\/2023\/12\/pouring-champagne-group-cheerful-friends-celebrating-new-year-indoors-with-drinks-hands.jpg","type":"image\/jpeg"}],"twitter_card":"summary_large_image","schema":{"@context":"https:\/\/schema.org","@graph":[{"@type":"WebPage","@id":"https:\/\/www.leopoldaueralm.at\/it\/shop\/festa-di-natale-2025\/","url":"https:\/\/www.leopoldaueralm.at\/it\/shop\/festa-di-natale-2025\/","name":"Festa di Natale 2026 XXL Restaurant Leopoldauer Alm","isPartOf":{"@id":"https:\/\/www.leopoldaueralm.at\/it\/#website"},"primaryImageOfPage":{"@id":"https:\/\/www.leopoldaueralm.at\/it\/shop\/festa-di-natale-2025\/#primaryimage"},"image":{"@id":"https:\/\/www.leopoldaueralm.at\/it\/shop\/festa-di-natale-2025\/#primaryimage"},"thumbnailUrl":"https:\/\/www.leopoldaueralm.at\/wp-content\/uploads\/2023\/12\/pouring-champagne-group-cheerful-friends-celebrating-new-year-indoors-with-drinks-hands.jpg","datePublished":"2024-01-18T06:40:56+00:00","dateModified":"2026-02-02T07:05:08+00:00","breadcrumb":{"@id":"https:\/\/www.leopoldaueralm.at\/it\/shop\/festa-di-natale-2025\/#breadcrumb"},"inLanguage":"it-IT","potentialAction":[{"@type":"ReadAction","target":["https:\/\/www.leopoldaueralm.at\/it\/shop\/festa-di-natale-2025\/"]}]},{"@type":"ImageObject","inLanguage":"it-IT","@id":"https:\/\/www.leopoldaueralm.at\/it\/shop\/festa-di-natale-2025\/#primaryimage","url":"https:\/\/www.leopoldaueralm.at\/wp-content\/uploads\/2023\/12\/pouring-champagne-group-cheerful-friends-celebrating-new-year-indoors-with-drinks-hands.jpg","contentUrl":"https:\/\/www.leopoldaueralm.at\/wp-content\/uploads\/2023\/12\/pouring-champagne-group-cheerful-friends-celebrating-new-year-indoors-with-drinks-hands.jpg","width":1200,"height":801},{"@type":"BreadcrumbList","@id":"https:\/\/www.leopoldaueralm.at\/it\/shop\/festa-di-natale-2025\/#breadcrumb","itemListElement":[{"@type":"ListItem","position":1,"name":"Startseite","item":"https:\/\/www.leopoldaueralm.at\/it\/homepage\/"},{"@type":"ListItem","position":2,"name":"Shop","item":"https:\/\/www.leopoldaueralm.at\/it\/shop\/"},{"@type":"ListItem","position":3,"name":"Evento","item":"https:\/\/www.leopoldaueralm.at\/it\/product-category\/evento\/"},{"@type":"ListItem","position":4,"name":"Festa di Natale 2026"}]},{"@type":"WebSite","@id":"https:\/\/www.leopoldaueralm.at\/it\/#website","url":"https:\/\/www.leopoldaueralm.at\/it\/","name":"XXL Restaurant Leopoldauer Alm","description":"Das XXL Restaurant in Wien","publisher":{"@id":"https:\/\/www.leopoldaueralm.at\/it\/#organization"},"potentialAction":[{"@type":"SearchAction","target":{"@type":"EntryPoint","urlTemplate":"https:\/\/www.leopoldaueralm.at\/it\/?s={search_term_string}"},"query-input":{"@type":"PropertyValueSpecification","valueRequired":true,"valueName":"search_term_string"}}],"inLanguage":"it-IT"},{"@type":"Organization","@id":"https:\/\/www.leopoldaueralm.at\/it\/#organization","name":"XXL Restaurant Leopoldauer Alm","url":"https:\/\/www.leopoldaueralm.at\/it\/","logo":{"@type":"ImageObject","inLanguage":"it-IT","@id":"https:\/\/www.leopoldaueralm.at\/it\/#\/schema\/logo\/image\/","url":"https:\/\/www.leopoldaueralm.at\/wp-content\/uploads\/2019\/12\/leo-logo.png","contentUrl":"https:\/\/www.leopoldaueralm.at\/wp-content\/uploads\/2019\/12\/leo-logo.png","width":250,"height":250,"caption":"XXL Restaurant Leopoldauer Alm"},"image":{"@id":"https:\/\/www.leopoldaueralm.at\/it\/#\/schema\/logo\/image\/"},"sameAs":["https:\/\/www.facebook.com\/LeopoldauerAlm"]}]}},"wcpa_form_fields":null,"_links":{"self":[{"href":"https:\/\/www.leopoldaueralm.at\/it\/wp-json\/wp\/v2\/product\/26177","targetHints":{"allow":["GET"]}}],"collection":[{"href":"https:\/\/www.leopoldaueralm.at\/it\/wp-json\/wp\/v2\/product"}],"about":[{"href":"https:\/\/www.leopoldaueralm.at\/it\/wp-json\/wp\/v2\/types\/product"}],"wp:featuredmedia":[{"embeddable":true,"href":"https:\/\/www.leopoldaueralm.at\/it\/wp-json\/wp\/v2\/media\/23867"}],"wp:attachment":[{"href":"https:\/\/www.leopoldaueralm.at\/it\/wp-json\/wp\/v2\/media?parent=26177"}],"wp:term":[{"taxonomy":"product_brand","embeddable":true,"href":"https:\/\/www.leopoldaueralm.at\/it\/wp-json\/wp\/v2\/product_brand?post=26177"},{"taxonomy":"product_cat","embeddable":true,"href":"https:\/\/www.leopoldaueralm.at\/it\/wp-json\/wp\/v2\/product_cat?post=26177"},{"taxonomy":"product_tag","embeddable":true,"href":"https:\/\/www.leopoldaueralm.at\/it\/wp-json\/wp\/v2\/product_tag?post=26177"}],"curies":[{"name":"wp","href":"https:\/\/api.w.org\/{rel}","templated":true}]}}